{"id":1762,"date":"2018-07-24T03:47:06","date_gmt":"2018-07-24T03:47:06","guid":{"rendered":"http:\/\/localhost\/biblioteca2\/?post_type=product&#038;p=1729"},"modified":"2024-08-08T23:26:27","modified_gmt":"2024-08-08T21:26:27","slug":"dario-aqui-y-ahora","status":"publish","type":"product","link":"https:\/\/www.mined.gob.ni\/biblioteca\/product\/dario-aqui-y-ahora\/","title":{"rendered":"Dar\u00edo Aqu\u00ed y Ahora"},"content":{"rendered":"<p><a href=\"https:\/\/play.google.com\/store\/apps\/details?id=com.mined.rubenaquiyahora\">Bajar app Dar\u00edo Aqu\u00ed y Ahora<\/a><\/p>\n<p>El Ministerio de Educaci\u00f3n de Nicaragua Celebra la trascendencia en el mundo literario de nuestro Poeta Universal Rub\u00e9n Dar\u00edo, con la creaci\u00f3n de la App Dar\u00edo Aqu\u00ed y Ahora, en Amor, Cari\u00f1o y Admiraci\u00f3n a nuestro gran Panida.<\/p>\n<p>La App Dar\u00edo Aqu\u00ed y Ahora, contiene : libro azul, biograf\u00eda, iconograf\u00eda, infograf\u00eda, datos relevantes y curiosidades del Pr\u00edncipe de las Letras Castellana. #Dar\u00edoAqu\u00edyAhora<\/p>\n<p>\u201cRub\u00e9n Dar\u00edo es un s\u00edmbolo de identidad para Nicaragua. Es un orgullo de los nicarag\u00fcenses. Es nuestra referencia a nivel internacional, y a trav\u00e9s de sus obras, poes\u00eda y cuentos fortalece el v\u00ednculo de todos los nicarag\u00fcenses.<br \/>\n\u201cy el Siempre se vuelve Ahora<br \/>\ny el M\u00e1s \u00e9s imperioso<br \/>\nel All\u00e1 \u00e9s Aqu\u00ed, Aqu\u00ed y Ahora<br \/>\ny Siempre M\u00e1s All\u00e1\u201d !<\/p>\n<p>&nbsp;<\/p>\n","protected":false},"excerpt":{"rendered":"<p>Bajar app Dar\u00edo Aqu\u00ed y Ahora El Ministerio de Educaci\u00f3n de Nicaragua Celebra la trascendencia en el mundo literario de nuestro Poeta Universal Rub\u00e9n Dar\u00edo, con la creaci\u00f3n de la App Dar\u00edo Aqu\u00ed y Ahora, en Amor, Cari\u00f1o y Admiraci\u00f3n a nuestro gran Panida. La App Dar\u00edo Aqu\u00ed y Ahora, contiene : libro azul, biograf\u00eda, [&hellip;]<\/p>\n","protected":false},"featured_media":5451,"template":"","meta":[],"product_cat":[102,81,103],"product_tag":[100,101],"class_list":["post-1762","product","type-product","status-publish","has-post-thumbnail","hentry","product_cat-aplicaciones","product_cat-libros-digitales","product_cat-ruben-dario","product_tag-aplicacion","product_tag-dario-aqui-y-ahora"],"_links":{"self":[{"href":"https:\/\/www.mined.gob.ni\/biblioteca\/wp-json\/wp\/v2\/product\/1762","targetHints":{"allow":["GET"]}}],"collection":[{"href":"https:\/\/www.mined.gob.ni\/biblioteca\/wp-json\/wp\/v2\/product"}],"about":[{"href":"https:\/\/www.mined.gob.ni\/biblioteca\/wp-json\/wp\/v2\/types\/product"}],"version-history":[{"count":1,"href":"https:\/\/www.mined.gob.ni\/biblioteca\/wp-json\/wp\/v2\/product\/1762\/revisions"}],"predecessor-version":[{"id":5452,"href":"https:\/\/www.mined.gob.ni\/biblioteca\/wp-json\/wp\/v2\/product\/1762\/revisions\/5452"}],"wp:featuredmedia":[{"embeddable":true,"href":"https:\/\/www.mined.gob.ni\/biblioteca\/wp-json\/wp\/v2\/media\/5451"}],"wp:attachment":[{"href":"https:\/\/www.mined.gob.ni\/biblioteca\/wp-json\/wp\/v2\/media?parent=1762"}],"wp:term":[{"taxonomy":"product_cat","embeddable":true,"href":"https:\/\/www.mined.gob.ni\/biblioteca\/wp-json\/wp\/v2\/product_cat?post=1762"},{"taxonomy":"product_tag","embeddable":true,"href":"https:\/\/www.mined.gob.ni\/biblioteca\/wp-json\/wp\/v2\/product_tag?post=1762"}],"curies":[{"name":"wp","href":"https:\/\/api.w.org\/{rel}","templated":true}]}}