{"id":1763,"date":"2018-07-24T04:07:23","date_gmt":"2018-07-24T04:07:23","guid":{"rendered":"http:\/\/localhost\/biblioteca2\/?post_type=product&#038;p=1731"},"modified":"2024-09-02T21:23:27","modified_gmt":"2024-09-02T19:23:27","slug":"nica-trivia","status":"publish","type":"product","link":"https:\/\/www.mined.gob.ni\/biblioteca\/product\/nica-trivia\/","title":{"rendered":"Nica Trivia"},"content":{"rendered":"<p>El Ministerio de Educaci\u00f3n ha creado esta aplicaci\u00f3n para los estudiantes y p\u00fablico en general prueven sus conocimientos en diferentes contenidos, con esta aplicacion podemos ir mejorando nuestros conocimientos.<\/p>\n<p><a href=\"https:\/\/play.google.com\/store\/apps\/details?id=com.nica.triviados\">BAJAR NICA TRIVIA<\/a><\/p>\n","protected":false},"excerpt":{"rendered":"<p>El Ministerio de Educaci\u00f3n ha creado esta aplicaci\u00f3n para los estudiantes y p\u00fablico en general prueven sus conocimientos en diferentes contenidos, con esta aplicacion podemos ir mejorando nuestros conocimientos. BAJAR NICA TRIVIA<\/p>\n","protected":false},"featured_media":5666,"template":"","meta":[],"product_cat":[102,106],"product_tag":[100,104,105],"class_list":["post-1763","product","type-product","status-publish","has-post-thumbnail","hentry","product_cat-aplicaciones","product_cat-trivia","product_tag-aplicacion","product_tag-nica-trivia","product_tag-preguntas"],"_links":{"self":[{"href":"https:\/\/www.mined.gob.ni\/biblioteca\/wp-json\/wp\/v2\/product\/1763","targetHints":{"allow":["GET"]}}],"collection":[{"href":"https:\/\/www.mined.gob.ni\/biblioteca\/wp-json\/wp\/v2\/product"}],"about":[{"href":"https:\/\/www.mined.gob.ni\/biblioteca\/wp-json\/wp\/v2\/types\/product"}],"version-history":[{"count":1,"href":"https:\/\/www.mined.gob.ni\/biblioteca\/wp-json\/wp\/v2\/product\/1763\/revisions"}],"predecessor-version":[{"id":5667,"href":"https:\/\/www.mined.gob.ni\/biblioteca\/wp-json\/wp\/v2\/product\/1763\/revisions\/5667"}],"wp:featuredmedia":[{"embeddable":true,"href":"https:\/\/www.mined.gob.ni\/biblioteca\/wp-json\/wp\/v2\/media\/5666"}],"wp:attachment":[{"href":"https:\/\/www.mined.gob.ni\/biblioteca\/wp-json\/wp\/v2\/media?parent=1763"}],"wp:term":[{"taxonomy":"product_cat","embeddable":true,"href":"https:\/\/www.mined.gob.ni\/biblioteca\/wp-json\/wp\/v2\/product_cat?post=1763"},{"taxonomy":"product_tag","embeddable":true,"href":"https:\/\/www.mined.gob.ni\/biblioteca\/wp-json\/wp\/v2\/product_tag?post=1763"}],"curies":[{"name":"wp","href":"https:\/\/api.w.org\/{rel}","templated":true}]}}