{"id":2146,"date":"2018-08-08T20:51:26","date_gmt":"2018-08-08T20:51:26","guid":{"rendered":"https:\/\/www.mined.gob.ni\/biblioteca\/?post_type=product&#038;p=2146"},"modified":"2024-07-16T23:38:27","modified_gmt":"2024-07-16T21:38:27","slug":"aprendiendo-a-emprender-2","status":"publish","type":"product","link":"https:\/\/www.mined.gob.ni\/biblioteca\/product\/aprendiendo-a-emprender-2\/","title":{"rendered":"Aprendiendo a Emprender 2"},"content":{"rendered":"<div class=\"_3d-flip-book  fb3d-fullscreen-mode full-size\" data-id=\"4670\" data-mode=\"fullscreen\" data-title=\"false\" data-template=\"short-white-book-view\" data-lightbox=\"dark\" data-urlparam=\"fb3d-page\" data-page-n=\"0\" data-pdf=\"\" data-tax=\"null\" data-thumbnail=\"\" data-cols=\"3\" data-query=\"\"><\/div><script type=\"text\/javascript\">window.FB3D_CLIENT_DATA = window.FB3D_CLIENT_DATA || [];window.FB3D_CLIENT_DATA.push('eyJwb3N0cyI6eyI0NjcwIjp7IklEIjo0NjcwLCJ0aXRsZSI6IkFwcmVuZGllbmRvIGEgRW1wcmVuZGVyIDIiLCJ0eXBlIjoicGRmIiwicmVhZHlfZnVuY3Rpb24iOiIiLCJib29rX3N0eWxlIjoiZmxhdCIsImRhdGEiOnsicG9zdF9JRCI6IjQ2NzIiLCJndWlkIjoiaHR0cHM6XC9cL3d3dy5taW5lZC5nb2IubmlcL2JpYmxpb3RlY2FcL3dwLWNvbnRlbnRcL3VwbG9hZHNcLzIwMjRcLzA3XC9BcHJlbmRpZW5kby1hLUVtcHJlbmRlci0yLnBkZiIsInBkZl9wYWdlcyI6Ijc2IiwicGFnZXNfY3VzdG9taXphdGlvbiI6Im5vbmUifSwidGh1bWJuYWlsIjp7ImRhdGEiOnsicG9zdF9JRCI6IjAifSwidHlwZSI6ImF1dG8ifSwicHJvcHMiOnsiY2FjaGVkUGFnZXMiOiJhdXRvIiwicmVuZGVySW5hY3RpdmVQYWdlcyI6ImF1dG8iLCJyZW5kZXJJbmFjdGl2ZVBhZ2VzT25Nb2JpbGUiOiJhdXRvIiwicmVuZGVyV2hpbGVGbGlwcGluZyI6ImF1dG8iLCJwcmVsb2FkUGFnZXMiOiJhdXRvIiwicnRsIjoiYXV0byIsImludGVyYWN0aXZlQ29ybmVycyI6ImF1dG8iLCJzaGVldCI6eyJzdGFydFZlbG9jaXR5IjoiYXV0byIsIndhdmUiOiJhdXRvIiwic2hhcGUiOiJhdXRvIiwid2lkdGhUZXhlbHMiOiJhdXRvIiwiY29sb3IiOiJhdXRvIiwic2lkZSI6ImF1dG8iLCJjb3JuZXJEZXZpYXRpb24iOiJhdXRvIiwiZmxleGliaWxpdHkiOiJhdXRvIiwiZmxleGlibGVDb3JuZXIiOiJhdXRvIiwiYmVuZGluZyI6ImF1dG8iLCJoZWlnaHRUZXhlbHMiOiJhdXRvIn0sImNvdmVyIjp7IndhdmUiOiJhdXRvIiwiY29sb3IiOiJhdXRvIiwiYmluZGVyVGV4dHVyZSI6ImF1dG8iLCJkZXB0aCI6ImF1dG8iLCJwYWRkaW5nIjoiYXV0byIsInN0YXJ0VmVsb2NpdHkiOiJhdXRvIiwiZmxleGliaWxpdHkiOiJhdXRvIiwiZmxleGlibGVDb3JuZXIiOiJhdXRvIiwiYmVuZGluZyI6ImF1dG8iLCJ3aWR0aFRleGVscyI6ImF1dG8iLCJoZWlnaHRUZXhlbHMiOiJhdXRvIiwibWFzcyI6ImF1dG8iLCJzaWRlIjoiYXV0byIsInNoYXBlIjoiYXV0byJ9LCJwYWdlIjp7IndhdmUiOiJhdXRvIiwiY29sb3IiOiJhdXRvIiwiZGVwdGgiOiJhdXRvIiwic3RhcnRWZWxvY2l0eSI6ImF1dG8iLCJmbGV4aWJpbGl0eSI6ImF1dG8iLCJmbGV4aWJsZUNvcm5lciI6ImF1dG8iLCJiZW5kaW5nIjoiYXV0byIsIndpZHRoVGV4ZWxzIjoiYXV0byIsImhlaWdodFRleGVscyI6ImF1dG8iLCJtYXNzIjoiYXV0byIsInNpZGUiOiJhdXRvIiwic2hhcGUiOiJhdXRvIn0sImhlaWdodCI6ImF1dG8iLCJ3aWR0aCI6ImF1dG8iLCJncmF2aXR5IjoiYXV0byIsInBhZ2VzRm9yUHJlZGljdGluZyI6ImF1dG8ifSwiY29udHJvbFByb3BzIjp7ImFjdGlvbnMiOnsiY21kU2F2ZSI6eyJlbmFibGVkIjoiYXV0byIsImVuYWJsZWRJbk5hcnJvdyI6ImF1dG8ifSwiY21kUHJpbnQiOnsiZW5hYmxlZCI6ImF1dG8iLCJlbmFibGVkSW5OYXJyb3ciOiJhdXRvIn0sImNtZFNpbmdsZVBhZ2UiOnsiZW5hYmxlZCI6ImF1dG8iLCJlbmFibGVkSW5OYXJyb3ciOiJhdXRvIiwiYWN0aXZlIjoiYXV0byIsImFjdGl2ZUZvck1vYmlsZSI6ImF1dG8ifX19LCJhdXRvVGh1bWJuYWlsIjoiaHR0cHM6XC9cL3d3dy5taW5lZC5nb2IubmlcL2JpYmxpb3RlY2FcL3dwLWNvbnRlbnRcL3VwbG9hZHNcLzNkLWZsaXAtYm9va1wvYXV0by10aHVtYm5haWxzXC80NjcwLnBuZyIsInBvc3RfbmFtZSI6ImFwcmVuZGllbmRvLWEtZW1wcmVuZGVyLTIiLCJwb3N0X3R5cGUiOiIzZC1mbGlwLWJvb2sifX0sInBhZ2VzIjpbXSwiZmlyc3RQYWdlcyI6W119');window.FB3D_CLIENT_LOCALE && window.FB3D_CLIENT_LOCALE.render();<\/script>\n","protected":false},"excerpt":{"rendered":"<div class=\"short-description\">\n<div class=\"short-description\">\n<div class=\"short-description\">\n<div class=\"short-description\">\n<div class=\"short-description\">\n<div class=\"short-description\">\n<div class=\"short-description\">\n<p>\u00c1rea Educativa: Direcci\u00f3n General de J\u00f3venes y Adultos<\/p>\n<p>Nombre del Libro: Aprendiendo a Emprender 2<\/p>\n<p>Dirigido a: Estudiantes de Educaci\u00f3n T\u00e9cnica<\/p>\n<p>Ver abajo libro digital.<\/p>\n<p>Derechos Reservados 2018 MINED<\/p>\n<\/div>\n<\/div>\n<\/div>\n<\/div>\n<\/div>\n<\/div>\n<\/div>\n","protected":false},"featured_media":4669,"template":"","meta":[],"product_cat":[127,137,194,81,132,140],"product_tag":[195,136],"class_list":["post-2146","product","type-product","status-publish","has-post-thumbnail","hentry","product_cat-alfabetizacion","product_cat-educacion-de-jovenes-y-adultos","product_cat-educacion-tecnica","product_cat-libros-digitales","product_cat-manual","product_cat-primaria-de-jovenes-y-adultos","product_tag-aprendiendo-a-emprender-2","product_tag-jovenes-y-adultos"],"_links":{"self":[{"href":"https:\/\/www.mined.gob.ni\/biblioteca\/wp-json\/wp\/v2\/product\/2146","targetHints":{"allow":["GET"]}}],"collection":[{"href":"https:\/\/www.mined.gob.ni\/biblioteca\/wp-json\/wp\/v2\/product"}],"about":[{"href":"https:\/\/www.mined.gob.ni\/biblioteca\/wp-json\/wp\/v2\/types\/product"}],"version-history":[{"count":2,"href":"https:\/\/www.mined.gob.ni\/biblioteca\/wp-json\/wp\/v2\/product\/2146\/revisions"}],"predecessor-version":[{"id":4673,"href":"https:\/\/www.mined.gob.ni\/biblioteca\/wp-json\/wp\/v2\/product\/2146\/revisions\/4673"}],"wp:featuredmedia":[{"embeddable":true,"href":"https:\/\/www.mined.gob.ni\/biblioteca\/wp-json\/wp\/v2\/media\/4669"}],"wp:attachment":[{"href":"https:\/\/www.mined.gob.ni\/biblioteca\/wp-json\/wp\/v2\/media?parent=2146"}],"wp:term":[{"taxonomy":"product_cat","embeddable":true,"href":"https:\/\/www.mined.gob.ni\/biblioteca\/wp-json\/wp\/v2\/product_cat?post=2146"},{"taxonomy":"product_tag","embeddable":true,"href":"https:\/\/www.mined.gob.ni\/biblioteca\/wp-json\/wp\/v2\/product_tag?post=2146"}],"curies":[{"name":"wp","href":"https:\/\/api.w.org\/{rel}","templated":true}]}}