{"id":2423,"date":"2021-04-16T08:26:02","date_gmt":"2021-04-16T08:26:02","guid":{"rendered":"https:\/\/www.mined.gob.ni\/biblioteca\/?post_type=product&#038;p=2423"},"modified":"2024-09-02T16:49:28","modified_gmt":"2024-09-02T14:49:28","slug":"educacion-dos","status":"publish","type":"product","link":"https:\/\/www.mined.gob.ni\/biblioteca\/product\/educacion-dos\/","title":{"rendered":"Educaci\u00f3n Dos"},"content":{"rendered":"<p>\u00c1rea Educativa: Primaria, Secundaria, Educacion de J\u00f3venes y Adultos y Secundaria a Distancia en el Campo<\/p>\n<p>Nombre de la aplicaci\u00f3n:\u00a0\u00a0 Educaci\u00f3n Dos<\/p>\n<p>Dirigido a: todos las y los estudiantes de las diferentes modalidades.<\/p>\n<p>Link de descarga de la aplicaci\u00f3n<\/p>\n<p><a href=\"https:\/\/play.google.com\/store\/apps\/details?id=com.mined.secundaria\">Descargar la aplicaci\u00f3n<\/a><\/p>\n<p><img fetchpriority=\"high\" decoding=\"async\" class=\"aligncenter size-full wp-image-5567\" src=\"https:\/\/www.mined.gob.ni\/biblioteca\/wp-content\/uploads\/2021\/04\/01.png\" alt=\"\" width=\"1481\" height=\"839\" srcset=\"https:\/\/www.mined.gob.ni\/biblioteca\/wp-content\/uploads\/2021\/04\/01.png 1481w, https:\/\/www.mined.gob.ni\/biblioteca\/wp-content\/uploads\/2021\/04\/01-470x266.png 470w, https:\/\/www.mined.gob.ni\/biblioteca\/wp-content\/uploads\/2021\/04\/01-768x435.png 768w, https:\/\/www.mined.gob.ni\/biblioteca\/wp-content\/uploads\/2021\/04\/01-570x323.png 570w, https:\/\/www.mined.gob.ni\/biblioteca\/wp-content\/uploads\/2021\/04\/01-64x36.png 64w\" sizes=\"(max-width: 1481px) 100vw, 1481px\" \/><\/p>\n","protected":false},"excerpt":{"rendered":"<p>&nbsp;<\/p>\n<p>&nbsp;<\/p>\n<p><img decoding=\"async\" class=\"aligncenter size-full wp-image-5569\" src=\"https:\/\/www.mined.gob.ni\/biblioteca\/wp-content\/uploads\/2021\/04\/03-1.png\" alt=\"\" width=\"1593\" height=\"903\" srcset=\"https:\/\/www.mined.gob.ni\/biblioteca\/wp-content\/uploads\/2021\/04\/03-1.png 1593w, https:\/\/www.mined.gob.ni\/biblioteca\/wp-content\/uploads\/2021\/04\/03-1-470x266.png 470w, https:\/\/www.mined.gob.ni\/biblioteca\/wp-content\/uploads\/2021\/04\/03-1-768x435.png 768w, https:\/\/www.mined.gob.ni\/biblioteca\/wp-content\/uploads\/2021\/04\/03-1-1536x871.png 1536w, https:\/\/www.mined.gob.ni\/biblioteca\/wp-content\/uploads\/2021\/04\/03-1-570x323.png 570w, https:\/\/www.mined.gob.ni\/biblioteca\/wp-content\/uploads\/2021\/04\/03-1-64x36.png 64w\" sizes=\"(max-width: 1593px) 100vw, 1593px\" \/><\/p>\n","protected":false},"featured_media":5566,"template":"","meta":[],"product_cat":[102,360,171,91,219,81,361,88,85,151,172,173,174,82,223,175,83,176,362,306],"product_tag":[357,358,334,78,359],"class_list":["post-2423","product","type-product","status-publish","has-post-thumbnail","hentry","product_cat-aplicaciones","product_cat-cuarto-grado-multigrado","product_cat-cuarto-grado","product_cat-decimo-grado","product_cat-estudiantes","product_cat-libros-digitales","product_cat-multigrado","product_cat-noveno-grado","product_cat-octavo-grado","product_cat-onceavo-grado","product_cat-primaria","product_cat-primer-grado","product_cat-quinto-grado","product_cat-secundaria","product_cat-secundaria-en-el-campo","product_cat-segundo-grado-primaria","product_cat-septimo-grado","product_cat-sexto-grado","product_cat-sexto-grado-multigrado","product_cat-tercer-grado","product_tag-edja","product_tag-educacion-dos","product_tag-primaria","product_tag-secundaria","product_tag-secundaria-a-distancia-en-el-campo"],"_links":{"self":[{"href":"https:\/\/www.mined.gob.ni\/biblioteca\/wp-json\/wp\/v2\/product\/2423","targetHints":{"allow":["GET"]}}],"collection":[{"href":"https:\/\/www.mined.gob.ni\/biblioteca\/wp-json\/wp\/v2\/product"}],"about":[{"href":"https:\/\/www.mined.gob.ni\/biblioteca\/wp-json\/wp\/v2\/types\/product"}],"version-history":[{"count":2,"href":"https:\/\/www.mined.gob.ni\/biblioteca\/wp-json\/wp\/v2\/product\/2423\/revisions"}],"predecessor-version":[{"id":5570,"href":"https:\/\/www.mined.gob.ni\/biblioteca\/wp-json\/wp\/v2\/product\/2423\/revisions\/5570"}],"wp:featuredmedia":[{"embeddable":true,"href":"https:\/\/www.mined.gob.ni\/biblioteca\/wp-json\/wp\/v2\/media\/5566"}],"wp:attachment":[{"href":"https:\/\/www.mined.gob.ni\/biblioteca\/wp-json\/wp\/v2\/media?parent=2423"}],"wp:term":[{"taxonomy":"product_cat","embeddable":true,"href":"https:\/\/www.mined.gob.ni\/biblioteca\/wp-json\/wp\/v2\/product_cat?post=2423"},{"taxonomy":"product_tag","embeddable":true,"href":"https:\/\/www.mined.gob.ni\/biblioteca\/wp-json\/wp\/v2\/product_tag?post=2423"}],"curies":[{"name":"wp","href":"https:\/\/api.w.org\/{rel}","templated":true}]}}