{"id":2653,"date":"2020-01-22T22:16:20","date_gmt":"2020-01-22T22:16:20","guid":{"rendered":"https:\/\/www.mined.gob.ni\/biblioteca\/?post_type=product&#038;p=2653"},"modified":"2024-08-08T23:37:19","modified_gmt":"2024-08-08T21:37:19","slug":"ruben-dario-en-la-biblioteca-nacional-de-espana","status":"publish","type":"product","link":"https:\/\/www.mined.gob.ni\/biblioteca\/product\/ruben-dario-en-la-biblioteca-nacional-de-espana\/","title":{"rendered":"Rub\u00e9n Dar\u00edo en La Biblioteca Nacional de Espa\u00f1a"},"content":{"rendered":"<div class=\"_3d-flip-book  fb3d-fullscreen-mode full-size\" data-id=\"5466\" data-mode=\"fullscreen\" data-title=\"false\" data-template=\"short-white-book-view\" data-lightbox=\"dark\" data-urlparam=\"fb3d-page\" data-page-n=\"0\" data-pdf=\"\" data-tax=\"null\" data-thumbnail=\"\" data-cols=\"3\" data-query=\"\"><\/div><script type=\"text\/javascript\">window.FB3D_CLIENT_DATA = window.FB3D_CLIENT_DATA || [];window.FB3D_CLIENT_DATA.push('eyJwb3N0cyI6eyI1NDY2Ijp7IklEIjo1NDY2LCJ0aXRsZSI6Ik5vLTQgUnViXHUwMGU5biBEYXJcdTAwZWRvIEVuIExhIEJpYmxpb3RlY2EgTmFjaW9uYWwgZGUgRXNwYVx1MDBmMWEiLCJ0eXBlIjoicGRmIiwicmVhZHlfZnVuY3Rpb24iOiIiLCJib29rX3N0eWxlIjoiZmxhdCIsImRhdGEiOnsicG9zdF9JRCI6IjU0NjciLCJndWlkIjoiaHR0cHM6XC9cL3d3dy5taW5lZC5nb2IubmlcL2JpYmxpb3RlY2FcL3dwLWNvbnRlbnRcL3VwbG9hZHNcLzIwMjRcLzA4XC9DUkRfLU5vLTQtUnViZW4tRGFyaW8tRW4tTGEtQmlibGlvdGVjYS1OYWNpb25hbC1EZS1Fc3BhbmEucGRmIiwicGRmX3BhZ2VzIjoiNTIiLCJwYWdlc19jdXN0b21pemF0aW9uIjoibm9uZSJ9LCJ0aHVtYm5haWwiOnsiZGF0YSI6eyJwb3N0X0lEIjoiMCJ9LCJ0eXBlIjoiYXV0byJ9LCJwcm9wcyI6eyJjYWNoZWRQYWdlcyI6ImF1dG8iLCJyZW5kZXJJbmFjdGl2ZVBhZ2VzIjoiYXV0byIsInJlbmRlckluYWN0aXZlUGFnZXNPbk1vYmlsZSI6ImF1dG8iLCJyZW5kZXJXaGlsZUZsaXBwaW5nIjoiYXV0byIsInByZWxvYWRQYWdlcyI6ImF1dG8iLCJydGwiOiJhdXRvIiwiaW50ZXJhY3RpdmVDb3JuZXJzIjoiYXV0byIsInNoZWV0Ijp7InN0YXJ0VmVsb2NpdHkiOiJhdXRvIiwid2F2ZSI6ImF1dG8iLCJzaGFwZSI6ImF1dG8iLCJ3aWR0aFRleGVscyI6ImF1dG8iLCJjb2xvciI6ImF1dG8iLCJzaWRlIjoiYXV0byIsImNvcm5lckRldmlhdGlvbiI6ImF1dG8iLCJmbGV4aWJpbGl0eSI6ImF1dG8iLCJmbGV4aWJsZUNvcm5lciI6ImF1dG8iLCJiZW5kaW5nIjoiYXV0byIsImhlaWdodFRleGVscyI6ImF1dG8ifSwiY292ZXIiOnsid2F2ZSI6ImF1dG8iLCJjb2xvciI6ImF1dG8iLCJiaW5kZXJUZXh0dXJlIjoiYXV0byIsImRlcHRoIjoiYXV0byIsInBhZGRpbmciOiJhdXRvIiwic3RhcnRWZWxvY2l0eSI6ImF1dG8iLCJmbGV4aWJpbGl0eSI6ImF1dG8iLCJmbGV4aWJsZUNvcm5lciI6ImF1dG8iLCJiZW5kaW5nIjoiYXV0byIsIndpZHRoVGV4ZWxzIjoiYXV0byIsImhlaWdodFRleGVscyI6ImF1dG8iLCJtYXNzIjoiYXV0byIsInNpZGUiOiJhdXRvIiwic2hhcGUiOiJhdXRvIn0sInBhZ2UiOnsid2F2ZSI6ImF1dG8iLCJjb2xvciI6ImF1dG8iLCJkZXB0aCI6ImF1dG8iLCJzdGFydFZlbG9jaXR5IjoiYXV0byIsImZsZXhpYmlsaXR5IjoiYXV0byIsImZsZXhpYmxlQ29ybmVyIjoiYXV0byIsImJlbmRpbmciOiJhdXRvIiwid2lkdGhUZXhlbHMiOiJhdXRvIiwiaGVpZ2h0VGV4ZWxzIjoiYXV0byIsIm1hc3MiOiJhdXRvIiwic2lkZSI6ImF1dG8iLCJzaGFwZSI6ImF1dG8ifSwiaGVpZ2h0IjoiYXV0byIsIndpZHRoIjoiYXV0byIsImdyYXZpdHkiOiJhdXRvIiwicGFnZXNGb3JQcmVkaWN0aW5nIjoiYXV0byJ9LCJjb250cm9sUHJvcHMiOnsiYWN0aW9ucyI6eyJjbWRTYXZlIjp7ImVuYWJsZWQiOiJhdXRvIiwiZW5hYmxlZEluTmFycm93IjoiYXV0byJ9LCJjbWRQcmludCI6eyJlbmFibGVkIjoiYXV0byIsImVuYWJsZWRJbk5hcnJvdyI6ImF1dG8ifSwiY21kU2luZ2xlUGFnZSI6eyJlbmFibGVkIjoiYXV0byIsImVuYWJsZWRJbk5hcnJvdyI6ImF1dG8iLCJhY3RpdmUiOiJhdXRvIiwiYWN0aXZlRm9yTW9iaWxlIjoiYXV0byJ9fX0sImF1dG9UaHVtYm5haWwiOiJodHRwczpcL1wvd3d3Lm1pbmVkLmdvYi5uaVwvYmlibGlvdGVjYVwvd3AtY29udGVudFwvdXBsb2Fkc1wvM2QtZmxpcC1ib29rXC9hdXRvLXRodW1ibmFpbHNcLzU0NjYucG5nIiwicG9zdF9uYW1lIjoibm8tNC1ydWJlbi1kYXJpby1lbi1sYS1iaWJsaW90ZWNhLW5hY2lvbmFsLWRlLWVzcGFuYSIsInBvc3RfdHlwZSI6IjNkLWZsaXAtYm9vayJ9fSwicGFnZXMiOltdLCJmaXJzdFBhZ2VzIjpbXX0=');window.FB3D_CLIENT_LOCALE && window.FB3D_CLIENT_LOCALE.render();<\/script>\n","protected":false},"excerpt":{"rendered":"<p>Rub\u00e9n Dar\u00edo En La Biblioteca Nacional De Espa\u00f1a<\/p>\n<p>LA ALCALD\u00cdA DEL PODER CIUDADANO colaborando con el Ministerio de Educaci\u00f3n de la Rep\u00fablica de Nicaragua. Una contribuci\u00f3n a la educaci\u00f3n de nuestros maestros y educandos.<br \/>\nCOLECCI\u00d3N RUB\u00c9N DAR\u00cdO No. 4, Enero del 2020, JORNADA DARIANA.<\/p>\n<p>Una producci\u00f3n de la Alcald\u00eda del Poder Ciudadano de Managua a trav\u00e9s de la Direcci\u00f3n de Cultura y Patrimonio HIst\u00f3rico municipal, adscrita a la Direcci\u00f3n General de Desarrollo Humano.<br \/>\nListado recopilado por: Arquitecta Marcela Lo\u00e1siga, funcionaria del Instituto Nicarag\u00fcense de Cultura (INC), pasante acad\u00e9mica en Espa\u00f1a en el a\u00f1o 2010, delegada por la Co-Direcci\u00f3n del INC en ese a\u00f1o.<\/p>\n<p>Supervisi\u00f3n editorial: Lic. Clemente Guido Mart\u00ednez.<\/p>\n<p>Arte y Dise\u00f1o: Octavio Morales S.<\/p>\n<p>Fotograf\u00edas: Oficiales de Biblioteca Nacional de Espa\u00f1a, portal digital: http:\/\/www.bne.es\/es\/Inicio\/index.html<\/p>\n<p>Portadas dise\u00f1o: MINED<\/p>\n","protected":false},"featured_media":5468,"template":"","meta":[],"product_cat":[266,81,190,103],"product_tag":[],"class_list":["post-2653","product","type-product","status-publish","has-post-thumbnail","hentry","product_cat-coleccion-cantos-de-vida-y-esperanza","product_cat-libros-digitales","product_cat-poetas","product_cat-ruben-dario"],"_links":{"self":[{"href":"https:\/\/www.mined.gob.ni\/biblioteca\/wp-json\/wp\/v2\/product\/2653","targetHints":{"allow":["GET"]}}],"collection":[{"href":"https:\/\/www.mined.gob.ni\/biblioteca\/wp-json\/wp\/v2\/product"}],"about":[{"href":"https:\/\/www.mined.gob.ni\/biblioteca\/wp-json\/wp\/v2\/types\/product"}],"version-history":[{"count":1,"href":"https:\/\/www.mined.gob.ni\/biblioteca\/wp-json\/wp\/v2\/product\/2653\/revisions"}],"predecessor-version":[{"id":5469,"href":"https:\/\/www.mined.gob.ni\/biblioteca\/wp-json\/wp\/v2\/product\/2653\/revisions\/5469"}],"wp:featuredmedia":[{"embeddable":true,"href":"https:\/\/www.mined.gob.ni\/biblioteca\/wp-json\/wp\/v2\/media\/5468"}],"wp:attachment":[{"href":"https:\/\/www.mined.gob.ni\/biblioteca\/wp-json\/wp\/v2\/media?parent=2653"}],"wp:term":[{"taxonomy":"product_cat","embeddable":true,"href":"https:\/\/www.mined.gob.ni\/biblioteca\/wp-json\/wp\/v2\/product_cat?post=2653"},{"taxonomy":"product_tag","embeddable":true,"href":"https:\/\/www.mined.gob.ni\/biblioteca\/wp-json\/wp\/v2\/product_tag?post=2653"}],"curies":[{"name":"wp","href":"https:\/\/api.w.org\/{rel}","templated":true}]}}