{"id":2655,"date":"2020-01-22T22:32:47","date_gmt":"2020-01-22T22:32:47","guid":{"rendered":"https:\/\/www.mined.gob.ni\/biblioteca\/?post_type=product&#038;p=2655"},"modified":"2024-08-08T23:46:05","modified_gmt":"2024-08-08T21:46:05","slug":"ruben-dario-y-la-biblioteca-nacional-de-panama","status":"publish","type":"product","link":"https:\/\/www.mined.gob.ni\/biblioteca\/product\/ruben-dario-y-la-biblioteca-nacional-de-panama\/","title":{"rendered":"Rub\u00e9n Dar\u00edo y La Biblioteca Nacional De Panam\u00e1"},"content":{"rendered":"<div class=\"_3d-flip-book  fb3d-fullscreen-mode full-size\" data-id=\"5476\" data-mode=\"fullscreen\" data-title=\"false\" data-template=\"short-white-book-view\" data-lightbox=\"dark\" data-urlparam=\"fb3d-page\" data-page-n=\"0\" data-pdf=\"\" data-tax=\"null\" data-thumbnail=\"\" data-cols=\"3\" data-query=\"\"><\/div><script type=\"text\/javascript\">window.FB3D_CLIENT_DATA = window.FB3D_CLIENT_DATA || [];window.FB3D_CLIENT_DATA.push('eyJwb3N0cyI6eyI1NDc2Ijp7IklEIjo1NDc2LCJ0aXRsZSI6Ik5vLTUtUnViZW4tRGFyaW8teS1MYS1CaWJsaW90ZWNhLU5hY2lvbmFsLURlLVBhbmFtYSIsInR5cGUiOiJwZGYiLCJyZWFkeV9mdW5jdGlvbiI6IiIsImJvb2tfc3R5bGUiOiJmbGF0IiwiZGF0YSI6eyJwb3N0X0lEIjoiNTQ3NyIsImd1aWQiOiJodHRwczpcL1wvd3d3Lm1pbmVkLmdvYi5uaVwvYmlibGlvdGVjYVwvd3AtY29udGVudFwvdXBsb2Fkc1wvMjAyNFwvMDhcL0NSRF8tTm8tNS1SdWJlbi1EYXJpby15LUxhLUJpYmxpb3RlY2EtTmFjaW9uYWwtRGUtUGFuYW1hLTEucGRmIiwicGRmX3BhZ2VzIjoiNDgiLCJwYWdlc19jdXN0b21pemF0aW9uIjoibm9uZSJ9LCJ0aHVtYm5haWwiOnsiZGF0YSI6eyJwb3N0X0lEIjoiMCJ9LCJ0eXBlIjoiYXV0byJ9LCJwcm9wcyI6eyJjYWNoZWRQYWdlcyI6ImF1dG8iLCJyZW5kZXJJbmFjdGl2ZVBhZ2VzIjoiYXV0byIsInJlbmRlckluYWN0aXZlUGFnZXNPbk1vYmlsZSI6ImF1dG8iLCJyZW5kZXJXaGlsZUZsaXBwaW5nIjoiYXV0byIsInByZWxvYWRQYWdlcyI6ImF1dG8iLCJydGwiOiJhdXRvIiwiaW50ZXJhY3RpdmVDb3JuZXJzIjoiYXV0byIsInNoZWV0Ijp7InN0YXJ0VmVsb2NpdHkiOiJhdXRvIiwid2F2ZSI6ImF1dG8iLCJzaGFwZSI6ImF1dG8iLCJ3aWR0aFRleGVscyI6ImF1dG8iLCJjb2xvciI6ImF1dG8iLCJzaWRlIjoiYXV0byIsImNvcm5lckRldmlhdGlvbiI6ImF1dG8iLCJmbGV4aWJpbGl0eSI6ImF1dG8iLCJmbGV4aWJsZUNvcm5lciI6ImF1dG8iLCJiZW5kaW5nIjoiYXV0byIsImhlaWdodFRleGVscyI6ImF1dG8ifSwiY292ZXIiOnsid2F2ZSI6ImF1dG8iLCJjb2xvciI6ImF1dG8iLCJiaW5kZXJUZXh0dXJlIjoiYXV0byIsImRlcHRoIjoiYXV0byIsInBhZGRpbmciOiJhdXRvIiwic3RhcnRWZWxvY2l0eSI6ImF1dG8iLCJmbGV4aWJpbGl0eSI6ImF1dG8iLCJmbGV4aWJsZUNvcm5lciI6ImF1dG8iLCJiZW5kaW5nIjoiYXV0byIsIndpZHRoVGV4ZWxzIjoiYXV0byIsImhlaWdodFRleGVscyI6ImF1dG8iLCJtYXNzIjoiYXV0byIsInNpZGUiOiJhdXRvIiwic2hhcGUiOiJhdXRvIn0sInBhZ2UiOnsid2F2ZSI6ImF1dG8iLCJjb2xvciI6ImF1dG8iLCJkZXB0aCI6ImF1dG8iLCJzdGFydFZlbG9jaXR5IjoiYXV0byIsImZsZXhpYmlsaXR5IjoiYXV0byIsImZsZXhpYmxlQ29ybmVyIjoiYXV0byIsImJlbmRpbmciOiJhdXRvIiwid2lkdGhUZXhlbHMiOiJhdXRvIiwiaGVpZ2h0VGV4ZWxzIjoiYXV0byIsIm1hc3MiOiJhdXRvIiwic2lkZSI6ImF1dG8iLCJzaGFwZSI6ImF1dG8ifSwiaGVpZ2h0IjoiYXV0byIsIndpZHRoIjoiYXV0byIsImdyYXZpdHkiOiJhdXRvIiwicGFnZXNGb3JQcmVkaWN0aW5nIjoiYXV0byJ9LCJjb250cm9sUHJvcHMiOnsiYWN0aW9ucyI6eyJjbWRTYXZlIjp7ImVuYWJsZWQiOiJhdXRvIiwiZW5hYmxlZEluTmFycm93IjoiYXV0byJ9LCJjbWRQcmludCI6eyJlbmFibGVkIjoiYXV0byIsImVuYWJsZWRJbk5hcnJvdyI6ImF1dG8ifSwiY21kU2luZ2xlUGFnZSI6eyJlbmFibGVkIjoiYXV0byIsImVuYWJsZWRJbk5hcnJvdyI6ImF1dG8iLCJhY3RpdmUiOiJhdXRvIiwiYWN0aXZlRm9yTW9iaWxlIjoiYXV0byJ9fX0sImF1dG9UaHVtYm5haWwiOiJodHRwczpcL1wvd3d3Lm1pbmVkLmdvYi5uaVwvYmlibGlvdGVjYVwvd3AtY29udGVudFwvdXBsb2Fkc1wvM2QtZmxpcC1ib29rXC9hdXRvLXRodW1ibmFpbHNcLzU0NzYucG5nIiwicG9zdF9uYW1lIjoibm8tNS1ydWJlbi1kYXJpby15LWxhLWJpYmxpb3RlY2EtbmFjaW9uYWwtZGUtcGFuYW1hIiwicG9zdF90eXBlIjoiM2QtZmxpcC1ib29rIn19LCJwYWdlcyI6W10sImZpcnN0UGFnZXMiOltdfQ==');window.FB3D_CLIENT_LOCALE && window.FB3D_CLIENT_LOCALE.render();<\/script>\n","protected":false},"excerpt":{"rendered":"<p>RUB\u00c9N DAR\u00cdO EN LA BIBLIOTECA NACIONAL DE PANAM\u00c1: BIBLIOGRAF\u00cdA.<\/p>\n<p>LA ALCALD\u00cdA DEL PODER CIUDADANO colaborando con el Ministerio de Educaci\u00f3n de la Rep\u00fablica de Nicaragua. Una contribuci\u00f3n a la educaci\u00f3n de nuestros maestros y educandos.<br \/>\nCOLECCI\u00d3N RUB\u00c9N DAR\u00cdO No. 5, Enero del 2020, JORNADA DARIANA.<\/p>\n<p>Autor de Art\u00edculo sobre Dar\u00edo Herrera y Rub\u00e9n Dar\u00edo: Victoriano King Colman (cortes\u00eda de Biblioteca Nacional de Panam\u00e1). La Alcald\u00eda del Poder Ciudadano de Managua, agradece<br \/>\na la Licda. Guadalupe G. de Rivera, Directora t\u00e9cnica de la Fundaci\u00f3n Biblioteca Nacional de Panam\u00e1, por su valiosa colaboraci\u00f3n al responder positivamente a la solicitud de la<br \/>\nDirecci\u00f3n de Cultura y Patrimonio Hist\u00f3rico Municipal, referente a la colecci\u00f3n Rubendariana que existe en la biblioteca Paname\u00f1a. Fraternalmente, desde Nicaragua. Lic. Clemente<br \/>\nGuido Mart\u00ednez.<br \/>\nDirector. Compilaci\u00f3n de: Licda. Guadalupe G. de Rivera Directora T\u00e9cnica<br \/>\nFundaci\u00f3n Biblioteca Nacional de Panam\u00e1<br \/>\nApartado Postal 0830-00547<br \/>\nPanam\u00e1. Rep. de Panam\u00e1<br \/>\nTel. 221-5965, 224-6855 Ext. 305<br \/>\nTelefax: 221-5965<br \/>\ngrivera@binal.ac.pa<br \/>\nwww.binal.ac.pa<br \/>\nPortada: https:\/\/www.flickr.com\/photos\/sulabatsu\/4390448420\/<br \/>\nlightbox\/<br \/>\nDise\u00f1o y diagramaci\u00f3n: Octavio Morales Serrano.<\/p>\n","protected":false},"featured_media":5479,"template":"","meta":[],"product_cat":[266,81,190,103],"product_tag":[188],"class_list":["post-2655","product","type-product","status-publish","has-post-thumbnail","hentry","product_cat-coleccion-cantos-de-vida-y-esperanza","product_cat-libros-digitales","product_cat-poetas","product_cat-ruben-dario","product_tag-ruben-dario"],"_links":{"self":[{"href":"https:\/\/www.mined.gob.ni\/biblioteca\/wp-json\/wp\/v2\/product\/2655","targetHints":{"allow":["GET"]}}],"collection":[{"href":"https:\/\/www.mined.gob.ni\/biblioteca\/wp-json\/wp\/v2\/product"}],"about":[{"href":"https:\/\/www.mined.gob.ni\/biblioteca\/wp-json\/wp\/v2\/types\/product"}],"version-history":[{"count":2,"href":"https:\/\/www.mined.gob.ni\/biblioteca\/wp-json\/wp\/v2\/product\/2655\/revisions"}],"predecessor-version":[{"id":5478,"href":"https:\/\/www.mined.gob.ni\/biblioteca\/wp-json\/wp\/v2\/product\/2655\/revisions\/5478"}],"wp:featuredmedia":[{"embeddable":true,"href":"https:\/\/www.mined.gob.ni\/biblioteca\/wp-json\/wp\/v2\/media\/5479"}],"wp:attachment":[{"href":"https:\/\/www.mined.gob.ni\/biblioteca\/wp-json\/wp\/v2\/media?parent=2655"}],"wp:term":[{"taxonomy":"product_cat","embeddable":true,"href":"https:\/\/www.mined.gob.ni\/biblioteca\/wp-json\/wp\/v2\/product_cat?post=2655"},{"taxonomy":"product_tag","embeddable":true,"href":"https:\/\/www.mined.gob.ni\/biblioteca\/wp-json\/wp\/v2\/product_tag?post=2655"}],"curies":[{"name":"wp","href":"https:\/\/api.w.org\/{rel}","templated":true}]}}