{"id":2719,"date":"2020-02-18T15:48:11","date_gmt":"2020-02-18T15:48:11","guid":{"rendered":"https:\/\/www.mined.gob.ni\/biblioteca\/?post_type=product&#038;p=2719"},"modified":"2024-09-04T20:59:16","modified_gmt":"2024-09-04T18:59:16","slug":"historia-del-asesinato-del-general-augusto-c-sandino","status":"publish","type":"product","link":"https:\/\/www.mined.gob.ni\/biblioteca\/product\/historia-del-asesinato-del-general-augusto-c-sandino\/","title":{"rendered":"Historia Del Asesinato Del General Augusto C. Sandino"},"content":{"rendered":"<div class=\"_3d-flip-book  fb3d-fullscreen-mode full-size\" data-id=\"6366\" data-mode=\"fullscreen\" data-title=\"false\" data-template=\"short-white-book-view\" data-lightbox=\"dark\" data-urlparam=\"fb3d-page\" data-page-n=\"0\" data-pdf=\"\" data-tax=\"null\" data-thumbnail=\"\" data-cols=\"3\" data-query=\"\"><\/div><script type=\"text\/javascript\">window.FB3D_CLIENT_DATA = window.FB3D_CLIENT_DATA || [];window.FB3D_CLIENT_DATA.push('eyJwb3N0cyI6eyI2MzY2Ijp7IklEIjo2MzY2LCJ0aXRsZSI6Ik5vLTEzLUhpc3RvcmlhLURlbC1Bc2VzaW5hdG8tRGVsLUdlbmVyYWwtQXVndXN0by1DLi1TYW5kaW5vIiwidHlwZSI6InBkZiIsInJlYWR5X2Z1bmN0aW9uIjoiIiwiYm9va19zdHlsZSI6ImZsYXQiLCJkYXRhIjp7InBvc3RfSUQiOiI2MzY3IiwiZ3VpZCI6Imh0dHBzOlwvXC93d3cubWluZWQuZ29iLm5pXC9iaWJsaW90ZWNhXC93cC1jb250ZW50XC91cGxvYWRzXC8yMDI0XC8wOVwvTm8tMTMtSGlzdG9yaWEtRGVsLUFzZXNpbmF0by1EZWwtR2VuZXJhbC1BdWd1c3RvLUMuLVNhbmRpbm8ucGRmIiwicGRmX3BhZ2VzIjoiNzciLCJwYWdlc19jdXN0b21pemF0aW9uIjoibm9uZSJ9LCJ0aHVtYm5haWwiOnsiZGF0YSI6eyJwb3N0X0lEIjoiMCJ9LCJ0eXBlIjoiYXV0byJ9LCJwcm9wcyI6eyJjYWNoZWRQYWdlcyI6ImF1dG8iLCJyZW5kZXJJbmFjdGl2ZVBhZ2VzIjoiYXV0byIsInJlbmRlckluYWN0aXZlUGFnZXNPbk1vYmlsZSI6ImF1dG8iLCJyZW5kZXJXaGlsZUZsaXBwaW5nIjoiYXV0byIsInByZWxvYWRQYWdlcyI6ImF1dG8iLCJydGwiOiJhdXRvIiwiaW50ZXJhY3RpdmVDb3JuZXJzIjoiYXV0byIsInNoZWV0Ijp7InN0YXJ0VmVsb2NpdHkiOiJhdXRvIiwid2F2ZSI6ImF1dG8iLCJzaGFwZSI6ImF1dG8iLCJ3aWR0aFRleGVscyI6ImF1dG8iLCJjb2xvciI6ImF1dG8iLCJzaWRlIjoiYXV0byIsImNvcm5lckRldmlhdGlvbiI6ImF1dG8iLCJmbGV4aWJpbGl0eSI6ImF1dG8iLCJmbGV4aWJsZUNvcm5lciI6ImF1dG8iLCJiZW5kaW5nIjoiYXV0byIsImhlaWdodFRleGVscyI6ImF1dG8ifSwiY292ZXIiOnsid2F2ZSI6ImF1dG8iLCJjb2xvciI6ImF1dG8iLCJiaW5kZXJUZXh0dXJlIjoiYXV0byIsImRlcHRoIjoiYXV0byIsInBhZGRpbmciOiJhdXRvIiwic3RhcnRWZWxvY2l0eSI6ImF1dG8iLCJmbGV4aWJpbGl0eSI6ImF1dG8iLCJmbGV4aWJsZUNvcm5lciI6ImF1dG8iLCJiZW5kaW5nIjoiYXV0byIsIndpZHRoVGV4ZWxzIjoiYXV0byIsImhlaWdodFRleGVscyI6ImF1dG8iLCJtYXNzIjoiYXV0byIsInNpZGUiOiJhdXRvIiwic2hhcGUiOiJhdXRvIn0sInBhZ2UiOnsid2F2ZSI6ImF1dG8iLCJjb2xvciI6ImF1dG8iLCJkZXB0aCI6ImF1dG8iLCJzdGFydFZlbG9jaXR5IjoiYXV0byIsImZsZXhpYmlsaXR5IjoiYXV0byIsImZsZXhpYmxlQ29ybmVyIjoiYXV0byIsImJlbmRpbmciOiJhdXRvIiwid2lkdGhUZXhlbHMiOiJhdXRvIiwiaGVpZ2h0VGV4ZWxzIjoiYXV0byIsIm1hc3MiOiJhdXRvIiwic2lkZSI6ImF1dG8iLCJzaGFwZSI6ImF1dG8ifSwiaGVpZ2h0IjoiYXV0byIsIndpZHRoIjoiYXV0byIsImdyYXZpdHkiOiJhdXRvIiwicGFnZXNGb3JQcmVkaWN0aW5nIjoiYXV0byJ9LCJjb250cm9sUHJvcHMiOnsiYWN0aW9ucyI6eyJjbWRTYXZlIjp7ImVuYWJsZWQiOiJhdXRvIiwiZW5hYmxlZEluTmFycm93IjoiYXV0byJ9LCJjbWRQcmludCI6eyJlbmFibGVkIjoiYXV0byIsImVuYWJsZWRJbk5hcnJvdyI6ImF1dG8ifSwiY21kU2luZ2xlUGFnZSI6eyJlbmFibGVkIjoiYXV0byIsImVuYWJsZWRJbk5hcnJvdyI6ImF1dG8iLCJhY3RpdmUiOiJhdXRvIiwiYWN0aXZlRm9yTW9iaWxlIjoiYXV0byJ9fX0sImF1dG9UaHVtYm5haWwiOiJodHRwczpcL1wvd3d3Lm1pbmVkLmdvYi5uaVwvYmlibGlvdGVjYVwvd3AtY29udGVudFwvdXBsb2Fkc1wvM2QtZmxpcC1ib29rXC9hdXRvLXRodW1ibmFpbHNcLzYzNjYucG5nIiwicG9zdF9uYW1lIjoibm8tMTMtaGlzdG9yaWEtZGVsLWFzZXNpbmF0by1kZWwtZ2VuZXJhbC1hdWd1c3RvLWMtc2FuZGlubyIsInBvc3RfdHlwZSI6IjNkLWZsaXAtYm9vayJ9fSwicGFnZXMiOltdLCJmaXJzdFBhZ2VzIjpbXX0=');window.FB3D_CLIENT_LOCALE && window.FB3D_CLIENT_LOCALE.render();<\/script>\n","protected":false},"excerpt":{"rendered":"<p>Cr\u00e9ditos<\/p>\n<p>Una producci\u00f3n de la Alcald\u00eda del Poder Ciudadano de Managua, febrero del 2020, en el 125 aniversario del natalicio del General Augusto C. Sandino, y el 86 aniversario de su paso a la inmortalidad.<\/p>\n<p>Autor: Lic. Clemente Guido Mart\u00ednez. Abogado y Notario P\u00fablico de Nicaragua. Miembro de n\u00famero de la Academia de Geograf\u00eda e Historia de Nicaragua (AGHN). Miembro Correspondiente de la Academia Salvadore\u00f1a de Historia.<\/p>\n<p>Compilaci\u00f3n Documental utilizada en toda la Colecci\u00f3n: Dr. Michael Schroeder Ph.D. Profesor de Historia de Lebanon Valley College, Annville, Pennsylvania PA. 17003 E.E.U.U. y miembro correspondiente de la Academia de Geograf\u00eda e Historia de Nicaragua (AGHN).<\/p>\n<p>Fotograf\u00edas usadas en toda la colecci\u00f3n:<br \/>\nArchivos personales de George F. Stockes, Carl P. Eldred, y Robert H. Dunlap, Manuscripts y Special Collections, Marine Corps Research Center, Quantico VA.<br \/>\nFotograf\u00edas de la Colecci\u00f3n del Cro. Walter Castillo Sandino (nieto del General Augusto C. Sandino).<br \/>\nFotograf\u00edas del Centro de Historia Militar del Ej\u00e9rcito de Nicaragua.<br \/>\nFotograf\u00edas del Instituto de Historia de Nicaragua y Centro Am\u00e9rica<br \/>\n(IHNCA).<br \/>\nFotograf\u00edas familiares de los descendientes de los miembros del EDSNN.<br \/>\nOtras fotograf\u00edas de fuentes y autores desconocidos.<\/p>\n<p>Levantados de textos de varios documentos utilizados: Cra. Dulce Mar\u00eda Pastr\u00e1n, Cra. Ana Mar\u00eda Zambrana, y Cra. Elsa Mar\u00eda Cuadra Silva. Cuerpo de Secretarias de la Direcci\u00f3n de Cultura y Patrimonio Hist\u00f3rico de la Alcald\u00eda de Managua.<\/p>\n<p>Traducciones del Ingl\u00e9s al Espa\u00f1ol de Documentos usados en la Colecci\u00f3n:<br \/>\nDra. Imara Gabuardi P\u00e9rez, Abogada y Notario P\u00fablico de la Rep\u00fablica de Nicaragua.<br \/>\nCuido Editorial: Direcci\u00f3n de Cultura y Patrimonio Hist\u00f3rico de la Alcald\u00eda de Managua, adscrita a la Direcci\u00f3n General de Desarrollo Humano.<\/p>\n<p>Arte y dise\u00f1o de la Colecci\u00f3n: Cro. Octavio Morales. Direcci\u00f3n de Cultura y Patrimonio Hist\u00f3rico. Biblioteca Digital. Departamento de Bibliotecas y Archivos Municipales Managua.<\/p>\n<p>Portada: MINED<\/p>\n<p>BIBLIOTECA DIGITAL, Febrero del 2020.<br \/>\nJORNADA SANDINO VIVE.<\/p>\n","protected":false},"featured_media":6369,"template":"","meta":[],"product_cat":[292,364],"product_tag":[291],"class_list":["post-2719","product","type-product","status-publish","has-post-thumbnail","hentry","product_cat-coleccion-sandino-vive","product_cat-consejerias-de-las-comunidades-educativas","product_tag-sandino-vive"],"_links":{"self":[{"href":"https:\/\/www.mined.gob.ni\/biblioteca\/wp-json\/wp\/v2\/product\/2719","targetHints":{"allow":["GET"]}}],"collection":[{"href":"https:\/\/www.mined.gob.ni\/biblioteca\/wp-json\/wp\/v2\/product"}],"about":[{"href":"https:\/\/www.mined.gob.ni\/biblioteca\/wp-json\/wp\/v2\/types\/product"}],"version-history":[{"count":2,"href":"https:\/\/www.mined.gob.ni\/biblioteca\/wp-json\/wp\/v2\/product\/2719\/revisions"}],"predecessor-version":[{"id":6370,"href":"https:\/\/www.mined.gob.ni\/biblioteca\/wp-json\/wp\/v2\/product\/2719\/revisions\/6370"}],"wp:featuredmedia":[{"embeddable":true,"href":"https:\/\/www.mined.gob.ni\/biblioteca\/wp-json\/wp\/v2\/media\/6369"}],"wp:attachment":[{"href":"https:\/\/www.mined.gob.ni\/biblioteca\/wp-json\/wp\/v2\/media?parent=2719"}],"wp:term":[{"taxonomy":"product_cat","embeddable":true,"href":"https:\/\/www.mined.gob.ni\/biblioteca\/wp-json\/wp\/v2\/product_cat?post=2719"},{"taxonomy":"product_tag","embeddable":true,"href":"https:\/\/www.mined.gob.ni\/biblioteca\/wp-json\/wp\/v2\/product_tag?post=2719"}],"curies":[{"name":"wp","href":"https:\/\/api.w.org\/{rel}","templated":true}]}}