{"id":3067,"date":"2020-08-25T16:28:22","date_gmt":"2020-08-25T16:28:22","guid":{"rendered":"https:\/\/www.mined.gob.ni\/biblioteca\/?post_type=product&#038;p=3067"},"modified":"2024-07-16T23:30:05","modified_gmt":"2024-07-16T21:30:05","slug":"40-aniversario-de-la-gran-cruzada-nacional-de-alfabetizacion","status":"publish","type":"product","link":"https:\/\/www.mined.gob.ni\/biblioteca\/product\/40-aniversario-de-la-gran-cruzada-nacional-de-alfabetizacion\/","title":{"rendered":"40 aniversario de la Gran Cruzada Nacional de Alfabetizaci\u00f3n"},"content":{"rendered":"<div class=\"_3d-flip-book  fb3d-fullscreen-mode full-size\" data-id=\"4666\" data-mode=\"fullscreen\" data-title=\"false\" data-template=\"short-white-book-view\" data-lightbox=\"dark\" data-urlparam=\"fb3d-page\" data-page-n=\"0\" data-pdf=\"\" data-tax=\"null\" data-thumbnail=\"\" data-cols=\"3\" data-query=\"\"><\/div><script type=\"text\/javascript\">window.FB3D_CLIENT_DATA = window.FB3D_CLIENT_DATA || [];window.FB3D_CLIENT_DATA.push('eyJwb3N0cyI6eyI0NjY2Ijp7IklEIjo0NjY2LCJ0aXRsZSI6Ik5vIDE1MCA0MCBhbml2ZXJzYXJpbyBkZSBsYSBHcmFuIENOQSIsInR5cGUiOiJwZGYiLCJyZWFkeV9mdW5jdGlvbiI6IiIsImJvb2tfc3R5bGUiOiJmbGF0IiwiZGF0YSI6eyJwb3N0X0lEIjoiNDY2NyIsImd1aWQiOiJodHRwczpcL1wvd3d3Lm1pbmVkLmdvYi5uaVwvYmlibGlvdGVjYVwvd3AtY29udGVudFwvdXBsb2Fkc1wvMjAyNFwvMDdcL05vLTE1MC00MC1hbml2ZXJzYXJpby1kZS1sYS1HcmFuLUNOQS5wZGYiLCJwZGZfcGFnZXMiOiIzOSIsInBhZ2VzX2N1c3RvbWl6YXRpb24iOiJub25lIn0sInRodW1ibmFpbCI6eyJkYXRhIjp7InBvc3RfSUQiOiIwIn0sInR5cGUiOiJhdXRvIn0sInByb3BzIjp7ImNhY2hlZFBhZ2VzIjoiYXV0byIsInJlbmRlckluYWN0aXZlUGFnZXMiOiJhdXRvIiwicmVuZGVySW5hY3RpdmVQYWdlc09uTW9iaWxlIjoiYXV0byIsInJlbmRlcldoaWxlRmxpcHBpbmciOiJhdXRvIiwicHJlbG9hZFBhZ2VzIjoiYXV0byIsInJ0bCI6ImF1dG8iLCJpbnRlcmFjdGl2ZUNvcm5lcnMiOiJhdXRvIiwic2hlZXQiOnsic3RhcnRWZWxvY2l0eSI6ImF1dG8iLCJ3YXZlIjoiYXV0byIsInNoYXBlIjoiYXV0byIsIndpZHRoVGV4ZWxzIjoiYXV0byIsImNvbG9yIjoiYXV0byIsInNpZGUiOiJhdXRvIiwiY29ybmVyRGV2aWF0aW9uIjoiYXV0byIsImZsZXhpYmlsaXR5IjoiYXV0byIsImZsZXhpYmxlQ29ybmVyIjoiYXV0byIsImJlbmRpbmciOiJhdXRvIiwiaGVpZ2h0VGV4ZWxzIjoiYXV0byJ9LCJjb3ZlciI6eyJ3YXZlIjoiYXV0byIsImNvbG9yIjoiYXV0byIsImJpbmRlclRleHR1cmUiOiJhdXRvIiwiZGVwdGgiOiJhdXRvIiwicGFkZGluZyI6ImF1dG8iLCJzdGFydFZlbG9jaXR5IjoiYXV0byIsImZsZXhpYmlsaXR5IjoiYXV0byIsImZsZXhpYmxlQ29ybmVyIjoiYXV0byIsImJlbmRpbmciOiJhdXRvIiwid2lkdGhUZXhlbHMiOiJhdXRvIiwiaGVpZ2h0VGV4ZWxzIjoiYXV0byIsIm1hc3MiOiJhdXRvIiwic2lkZSI6ImF1dG8iLCJzaGFwZSI6ImF1dG8ifSwicGFnZSI6eyJ3YXZlIjoiYXV0byIsImNvbG9yIjoiYXV0byIsImRlcHRoIjoiYXV0byIsInN0YXJ0VmVsb2NpdHkiOiJhdXRvIiwiZmxleGliaWxpdHkiOiJhdXRvIiwiZmxleGlibGVDb3JuZXIiOiJhdXRvIiwiYmVuZGluZyI6ImF1dG8iLCJ3aWR0aFRleGVscyI6ImF1dG8iLCJoZWlnaHRUZXhlbHMiOiJhdXRvIiwibWFzcyI6ImF1dG8iLCJzaWRlIjoiYXV0byIsInNoYXBlIjoiYXV0byJ9LCJoZWlnaHQiOiJhdXRvIiwid2lkdGgiOiJhdXRvIiwiZ3Jhdml0eSI6ImF1dG8iLCJwYWdlc0ZvclByZWRpY3RpbmciOiJhdXRvIn0sImNvbnRyb2xQcm9wcyI6eyJhY3Rpb25zIjp7ImNtZFNhdmUiOnsiZW5hYmxlZCI6ImF1dG8iLCJlbmFibGVkSW5OYXJyb3ciOiJhdXRvIn0sImNtZFByaW50Ijp7ImVuYWJsZWQiOiJhdXRvIiwiZW5hYmxlZEluTmFycm93IjoiYXV0byJ9LCJjbWRTaW5nbGVQYWdlIjp7ImVuYWJsZWQiOiJhdXRvIiwiZW5hYmxlZEluTmFycm93IjoiYXV0byIsImFjdGl2ZSI6ImF1dG8iLCJhY3RpdmVGb3JNb2JpbGUiOiJhdXRvIn19fSwiYXV0b1RodW1ibmFpbCI6Imh0dHBzOlwvXC93d3cubWluZWQuZ29iLm5pXC9iaWJsaW90ZWNhXC93cC1jb250ZW50XC91cGxvYWRzXC8zZC1mbGlwLWJvb2tcL2F1dG8tdGh1bWJuYWlsc1wvNDY2Ni5wbmciLCJwb3N0X25hbWUiOiJuby0xNTAtNDAtYW5pdmVyc2FyaW8tZGUtbGEtZ3Jhbi1jbmEiLCJwb3N0X3R5cGUiOiIzZC1mbGlwLWJvb2sifX0sInBhZ2VzIjpbXSwiZmlyc3RQYWdlcyI6W119');window.FB3D_CLIENT_LOCALE && window.FB3D_CLIENT_LOCALE.render();<\/script>\n","protected":false},"excerpt":{"rendered":"<p>Cr\u00e9ditos<br \/>\nLa revista \u201c40 aniversario de la Gran Cruzada Nacional de Alfabetizaci\u00f3n\u201d, es un homenaje que ofrece la Alcald\u00eda del Poder Ciudadano de Managua, a trav\u00e9s de su BIBLIOTECA DIGITAL, que administra la Direcci\u00f3n de Cultura y Patrimonio Hist\u00f3rico, a todos los alfabetizadores que dieron sus vidas por una Nicaragua sin analfabetismo en 1980 y a\u00f1os posteriores.<\/p>\n<p>Presentamos en esta segunda edici\u00f3n las celebraciones del 40 aniversario, y el diario que perteneci\u00f3 al joven Reynaldo Palaviccinni Mar\u00edn (1961-1981), que nos abandon\u00f3 prematuramente por un problema card\u00edaco, no sin antes dejar su estela de amor entre los campesinos de Muelle de los Bueyes, donde alfabetiz\u00f3.<\/p>\n<p><strong>Autor:<\/strong><br \/>\nReynaldo Palaviccinni Mar\u00edn (1961-1981).<br \/>\n<strong>Compilador documental:<\/strong><br \/>\nLic. Clemente Guido Mart\u00ednez.<br \/>\nMiembro de AGHN.<br \/>\n<strong>Levantado de Texto:<\/strong><br \/>\nSra. Elsa Mar\u00eda Cuadra Silva.<br \/>\n<strong>Arte y Dise\u00f1o:<\/strong><br \/>\nOctavio Morales.<\/p>\n<p>Biblioteca Digital No. 150,\u00a0 23 Agosto 2020,\u00a0 Alcald\u00eda del Poder Ciudadano<\/p>\n","protected":false},"featured_media":4665,"template":"","meta":[],"product_cat":[127,212,137,81],"product_tag":[325],"class_list":["post-3067","product","type-product","status-publish","has-post-thumbnail","hentry","product_cat-alfabetizacion","product_cat-cartillas","product_cat-educacion-de-jovenes-y-adultos","product_cat-libros-digitales","product_tag-cruzada-nacional-de-alfabetizacion"],"_links":{"self":[{"href":"https:\/\/www.mined.gob.ni\/biblioteca\/wp-json\/wp\/v2\/product\/3067","targetHints":{"allow":["GET"]}}],"collection":[{"href":"https:\/\/www.mined.gob.ni\/biblioteca\/wp-json\/wp\/v2\/product"}],"about":[{"href":"https:\/\/www.mined.gob.ni\/biblioteca\/wp-json\/wp\/v2\/types\/product"}],"version-history":[{"count":1,"href":"https:\/\/www.mined.gob.ni\/biblioteca\/wp-json\/wp\/v2\/product\/3067\/revisions"}],"predecessor-version":[{"id":4668,"href":"https:\/\/www.mined.gob.ni\/biblioteca\/wp-json\/wp\/v2\/product\/3067\/revisions\/4668"}],"wp:featuredmedia":[{"embeddable":true,"href":"https:\/\/www.mined.gob.ni\/biblioteca\/wp-json\/wp\/v2\/media\/4665"}],"wp:attachment":[{"href":"https:\/\/www.mined.gob.ni\/biblioteca\/wp-json\/wp\/v2\/media?parent=3067"}],"wp:term":[{"taxonomy":"product_cat","embeddable":true,"href":"https:\/\/www.mined.gob.ni\/biblioteca\/wp-json\/wp\/v2\/product_cat?post=3067"},{"taxonomy":"product_tag","embeddable":true,"href":"https:\/\/www.mined.gob.ni\/biblioteca\/wp-json\/wp\/v2\/product_tag?post=3067"}],"curies":[{"name":"wp","href":"https:\/\/api.w.org\/{rel}","templated":true}]}}