{"id":3097,"date":"2020-11-09T01:10:22","date_gmt":"2020-11-09T01:10:22","guid":{"rendered":"https:\/\/www.mined.gob.ni\/biblioteca\/?post_type=product&#038;p=3097"},"modified":"2024-09-03T23:03:32","modified_gmt":"2024-09-03T21:03:32","slug":"primera-prueba-vocacional-nicaragua-10c","status":"publish","type":"product","link":"https:\/\/www.mined.gob.ni\/biblioteca\/product\/primera-prueba-vocacional-nicaragua-10c\/","title":{"rendered":"Primera Prueba Vocacional Nicaragua 10C"},"content":{"rendered":"<p><strong>Introducci\u00f3n<\/strong><\/p>\n<p>El Ministerio de Educaci\u00f3n, a trav\u00e9s de la Direcci\u00f3n General de Educaci\u00f3n Secundaria, con el prop\u00f3sito de acompa\u00f1ar la continuidad educativa a estudiantes de und\u00e9cimo grado de Centros Educativos P\u00fablicos de las modalidades de Secundaria Regular y Secundaria a Distancia en el Campo, estar\u00e1 aplicando \u00a0Primera Prueba Vocacional Nicaragua 10C, que le permitir\u00e1 a los estudiantes \u00a0identificar sus fortalezas; as\u00ed mismo les brindar\u00e1 un abanico de informaci\u00f3n sobre las carreras t\u00e9cnicas y profesionales, de los Centros T\u00e9cnicos o Universidades que las ofrecen y la ubicaci\u00f3n de los mismos.<\/p>\n","protected":false},"excerpt":{"rendered":"<p>&nbsp;<\/p>\n<p><img fetchpriority=\"high\" decoding=\"async\" class=\"aligncenter size-full wp-image-6001\" src=\"https:\/\/www.mined.gob.ni\/biblioteca\/wp-content\/uploads\/2019\/08\/1419157.png\" alt=\"\" width=\"256\" height=\"256\" srcset=\"https:\/\/www.mined.gob.ni\/biblioteca\/wp-content\/uploads\/2019\/08\/1419157.png 256w, https:\/\/www.mined.gob.ni\/biblioteca\/wp-content\/uploads\/2019\/08\/1419157-100x100.png 100w, https:\/\/www.mined.gob.ni\/biblioteca\/wp-content\/uploads\/2019\/08\/1419157-64x64.png 64w\" sizes=\"(max-width: 256px) 100vw, 256px\" \/><\/p>\n<p style=\"text-align: center;\">Bajar desde la plataforma del MINED<\/p>\n<p style=\"text-align: center;\"><a href=\"https:\/\/play.google.com\/store\/apps\/details?id=ni.gob.mined.ni10c\">Bajar Aplicaci\u00f3n<\/a><\/p>\n","protected":false},"featured_media":6201,"template":"","meta":[],"product_cat":[102,82],"product_tag":[328,329,78],"class_list":["post-3097","product","type-product","status-publish","has-post-thumbnail","hentry","product_cat-aplicaciones","product_cat-secundaria","product_tag-nicaragua-10c","product_tag-prueba-vocacional","product_tag-secundaria"],"_links":{"self":[{"href":"https:\/\/www.mined.gob.ni\/biblioteca\/wp-json\/wp\/v2\/product\/3097","targetHints":{"allow":["GET"]}}],"collection":[{"href":"https:\/\/www.mined.gob.ni\/biblioteca\/wp-json\/wp\/v2\/product"}],"about":[{"href":"https:\/\/www.mined.gob.ni\/biblioteca\/wp-json\/wp\/v2\/types\/product"}],"version-history":[{"count":1,"href":"https:\/\/www.mined.gob.ni\/biblioteca\/wp-json\/wp\/v2\/product\/3097\/revisions"}],"predecessor-version":[{"id":6202,"href":"https:\/\/www.mined.gob.ni\/biblioteca\/wp-json\/wp\/v2\/product\/3097\/revisions\/6202"}],"wp:featuredmedia":[{"embeddable":true,"href":"https:\/\/www.mined.gob.ni\/biblioteca\/wp-json\/wp\/v2\/media\/6201"}],"wp:attachment":[{"href":"https:\/\/www.mined.gob.ni\/biblioteca\/wp-json\/wp\/v2\/media?parent=3097"}],"wp:term":[{"taxonomy":"product_cat","embeddable":true,"href":"https:\/\/www.mined.gob.ni\/biblioteca\/wp-json\/wp\/v2\/product_cat?post=3097"},{"taxonomy":"product_tag","embeddable":true,"href":"https:\/\/www.mined.gob.ni\/biblioteca\/wp-json\/wp\/v2\/product_tag?post=3097"}],"curies":[{"name":"wp","href":"https:\/\/api.w.org\/{rel}","templated":true}]}}