{"id":3208,"date":"2020-12-10T15:31:30","date_gmt":"2020-12-10T15:31:30","guid":{"rendered":"https:\/\/www.mined.gob.ni\/biblioteca\/?post_type=product&#038;p=3208"},"modified":"2024-07-23T17:06:56","modified_gmt":"2024-07-23T15:06:56","slug":"coros-y-orquestas-cantando-a-maria","status":"publish","type":"product","link":"https:\/\/www.mined.gob.ni\/biblioteca\/product\/coros-y-orquestas-cantando-a-maria\/","title":{"rendered":"Coros y Orquestas Estudiantiles Cantando a Mar\u00eda"},"content":{"rendered":"<!--[if lt IE 9]><script>document.createElement('audio');<\/script><![endif]-->\n<audio class=\"wp-audio-shortcode\" id=\"audio-3208-1\" preload=\"none\" style=\"width: 100%;\" controls=\"controls\"><source type=\"audio\/mpeg\" src=\"https:\/\/www.mined.gob.ni\/biblioteca\/wp-content\/uploads\/2020\/12\/01-Salve-Azucena-Divina.mp3?_=1\" \/><a href=\"https:\/\/www.mined.gob.ni\/biblioteca\/wp-content\/uploads\/2020\/12\/01-Salve-Azucena-Divina.mp3\">https:\/\/www.mined.gob.ni\/biblioteca\/wp-content\/uploads\/2020\/12\/01-Salve-Azucena-Divina.mp3<\/a><\/audio>\n<p><a href=\"https:\/\/www.mined.gob.ni\/biblioteca\/wp-content\/uploads\/2020\/12\/01-Salve-Azucena-Divina.mp3\" download=\"Canci\u00f3n\">01 Salve Azucena Divina &#8211; Descargar aqu\u00ed<\/a><\/p>\n<audio class=\"wp-audio-shortcode\" id=\"audio-3208-2\" preload=\"none\" style=\"width: 100%;\" controls=\"controls\"><source type=\"audio\/mpeg\" src=\"https:\/\/www.mined.gob.ni\/biblioteca\/wp-content\/uploads\/2020\/12\/02-Escuchad-Oh-tierna-Madre.mp3?_=2\" \/><a href=\"https:\/\/www.mined.gob.ni\/biblioteca\/wp-content\/uploads\/2020\/12\/02-Escuchad-Oh-tierna-Madre.mp3\">https:\/\/www.mined.gob.ni\/biblioteca\/wp-content\/uploads\/2020\/12\/02-Escuchad-Oh-tierna-Madre.mp3<\/a><\/audio>\n<p><a href=\"https:\/\/www.mined.gob.ni\/biblioteca\/wp-content\/uploads\/2020\/12\/02-Escuchad-Oh-tierna-Madre.mp3\" download=\"Canci\u00f3n\">02 Escuchad Oh tierna Madre &#8211; Descargar aqu\u00ed<\/a><\/p>\n<audio class=\"wp-audio-shortcode\" id=\"audio-3208-3\" preload=\"none\" style=\"width: 100%;\" controls=\"controls\"><source type=\"audio\/mpeg\" src=\"https:\/\/www.mined.gob.ni\/biblioteca\/wp-content\/uploads\/2020\/12\/03-Dulces-himnos.mp3?_=3\" \/><a href=\"https:\/\/www.mined.gob.ni\/biblioteca\/wp-content\/uploads\/2020\/12\/03-Dulces-himnos.mp3\">https:\/\/www.mined.gob.ni\/biblioteca\/wp-content\/uploads\/2020\/12\/03-Dulces-himnos.mp3<\/a><\/audio>\n<p><a href=\"https:\/\/www.mined.gob.ni\/biblioteca\/wp-content\/uploads\/2020\/12\/03-Dulces-himnos.mp3\" download=\"Canci\u00f3n\">03 Dulces himnos &#8211; Descargar aqu\u00ed<\/a><\/p>\n<audio class=\"wp-audio-shortcode\" id=\"audio-3208-4\" preload=\"none\" style=\"width: 100%;\" controls=\"controls\"><source type=\"audio\/mpeg\" src=\"https:\/\/www.mined.gob.ni\/biblioteca\/wp-content\/uploads\/2020\/12\/04-El-Ave-Mar\u00eda-Sagrada-Reina-del-cielo.mp3?_=4\" \/><a href=\"https:\/\/www.mined.gob.ni\/biblioteca\/wp-content\/uploads\/2020\/12\/04-El-Ave-Mar\u00eda-Sagrada-Reina-del-cielo.mp3\">https:\/\/www.mined.gob.ni\/biblioteca\/wp-content\/uploads\/2020\/12\/04-El-Ave-Mar\u00eda-Sagrada-Reina-del-cielo.mp3<\/a><\/audio>\n<p><a href=\"https:\/\/www.mined.gob.ni\/biblioteca\/wp-content\/uploads\/2020\/12\/04-El-Ave-Mar\u00eda-Sagrada-Reina-del-cielo.mp3\" download=\"Canci\u00f3n\">04 El Ave Mar\u00eda (Sagrada Reina del cielo) &#8211; Descargar aqu\u00ed<\/a><\/p>\n<audio class=\"wp-audio-shortcode\" id=\"audio-3208-5\" preload=\"none\" style=\"width: 100%;\" controls=\"controls\"><source type=\"audio\/mpeg\" src=\"https:\/\/www.mined.gob.ni\/biblioteca\/wp-content\/uploads\/2020\/12\/05-Oh-Virgen-de-Concepci\u00f3n.mp3?_=5\" \/><a href=\"https:\/\/www.mined.gob.ni\/biblioteca\/wp-content\/uploads\/2020\/12\/05-Oh-Virgen-de-Concepci\u00f3n.mp3\">https:\/\/www.mined.gob.ni\/biblioteca\/wp-content\/uploads\/2020\/12\/05-Oh-Virgen-de-Concepci\u00f3n.mp3<\/a><\/audio>\n<p><a href=\"https:\/\/www.mined.gob.ni\/biblioteca\/wp-content\/uploads\/2020\/12\/05-Oh-Virgen-de-Concepci\u00f3n.mp3\" download=\"Canci\u00f3n\">05 Oh Virgen de Concepci\u00f3n &#8211; Descargar aqu\u00ed<\/a><\/p>\n<audio class=\"wp-audio-shortcode\" id=\"audio-3208-6\" preload=\"none\" style=\"width: 100%;\" controls=\"controls\"><source type=\"audio\/mpeg\" src=\"https:\/\/www.mined.gob.ni\/biblioteca\/wp-content\/uploads\/2020\/12\/06-Por-eso-el-Cristianismo.mp3?_=6\" \/><a href=\"https:\/\/www.mined.gob.ni\/biblioteca\/wp-content\/uploads\/2020\/12\/06-Por-eso-el-Cristianismo.mp3\">https:\/\/www.mined.gob.ni\/biblioteca\/wp-content\/uploads\/2020\/12\/06-Por-eso-el-Cristianismo.mp3<\/a><\/audio>\n<p><a href=\"https:\/\/www.mined.gob.ni\/biblioteca\/wp-content\/uploads\/2020\/12\/06-Por-eso-el-Cristianismo.mp3\" download=\"Canci\u00f3n\">06 Por eso el Cristianismo &#8211; Descargar aqu\u00ed<\/a><\/p>\n<audio class=\"wp-audio-shortcode\" id=\"audio-3208-7\" preload=\"none\" style=\"width: 100%;\" controls=\"controls\"><source type=\"audio\/mpeg\" src=\"https:\/\/www.mined.gob.ni\/biblioteca\/wp-content\/uploads\/2020\/12\/07-Sale-al-mundo.mp3?_=7\" \/><a href=\"https:\/\/www.mined.gob.ni\/biblioteca\/wp-content\/uploads\/2020\/12\/07-Sale-al-mundo.mp3\">https:\/\/www.mined.gob.ni\/biblioteca\/wp-content\/uploads\/2020\/12\/07-Sale-al-mundo.mp3<\/a><\/audio>\n<p><a href=\"https:\/\/www.mined.gob.ni\/biblioteca\/wp-content\/uploads\/2020\/12\/07-Sale-al-mundo.mp3\" download=\"Canci\u00f3n\">07 Sale al mundo &#8211; Descargar aqu\u00ed<\/a><\/p>\n<audio class=\"wp-audio-shortcode\" id=\"audio-3208-8\" preload=\"none\" style=\"width: 100%;\" controls=\"controls\"><source type=\"audio\/mpeg\" src=\"https:\/\/www.mined.gob.ni\/biblioteca\/wp-content\/uploads\/2020\/12\/08-Pues-concebida.mp3?_=8\" \/><a href=\"https:\/\/www.mined.gob.ni\/biblioteca\/wp-content\/uploads\/2020\/12\/08-Pues-concebida.mp3\">https:\/\/www.mined.gob.ni\/biblioteca\/wp-content\/uploads\/2020\/12\/08-Pues-concebida.mp3<\/a><\/audio>\n<p><a href=\"https:\/\/www.mined.gob.ni\/biblioteca\/wp-content\/uploads\/2020\/12\/08-Pues-concebida.mp3\" download=\"Canci\u00f3n\">08 Pues concebida &#8211; Descargar aqu\u00ed<\/a><\/p>\n<audio class=\"wp-audio-shortcode\" id=\"audio-3208-9\" preload=\"none\" style=\"width: 100%;\" controls=\"controls\"><source type=\"audio\/mpeg\" src=\"https:\/\/www.mined.gob.ni\/biblioteca\/wp-content\/uploads\/2020\/12\/09-Eres-t\u00fa-Pastora.mp3?_=9\" \/><a href=\"https:\/\/www.mined.gob.ni\/biblioteca\/wp-content\/uploads\/2020\/12\/09-Eres-t\u00fa-Pastora.mp3\">https:\/\/www.mined.gob.ni\/biblioteca\/wp-content\/uploads\/2020\/12\/09-Eres-t\u00fa-Pastora.mp3<\/a><\/audio>\n<p><a href=\"https:\/\/www.mined.gob.ni\/biblioteca\/wp-content\/uploads\/2020\/12\/09-Eres-t\u00fa-Pastora.mp3\" download=\"Canci\u00f3n\">09 Eres t\u00fa Pastora &#8211; Descargar aqu\u00ed<\/a><\/p>\n<audio class=\"wp-audio-shortcode\" id=\"audio-3208-10\" preload=\"none\" style=\"width: 100%;\" controls=\"controls\"><source type=\"audio\/mpeg\" src=\"https:\/\/www.mined.gob.ni\/biblioteca\/wp-content\/uploads\/2020\/12\/10-Salve-Salve-cantando-a-Mar\u00eda.mp3?_=10\" \/><a href=\"https:\/\/www.mined.gob.ni\/biblioteca\/wp-content\/uploads\/2020\/12\/10-Salve-Salve-cantando-a-Mar\u00eda.mp3\">https:\/\/www.mined.gob.ni\/biblioteca\/wp-content\/uploads\/2020\/12\/10-Salve-Salve-cantando-a-Mar\u00eda.mp3<\/a><\/audio>\n<p><a href=\"https:\/\/www.mined.gob.ni\/biblioteca\/wp-content\/uploads\/2020\/12\/10-Salve-Salve-cantando-a-Mar\u00eda.mp3\" download=\"Canci\u00f3n\">10 Salve, Salve cantando a Mar\u00eda &#8211; Descargar aqu\u00ed<\/a><\/p>\n<audio class=\"wp-audio-shortcode\" id=\"audio-3208-11\" preload=\"none\" style=\"width: 100%;\" controls=\"controls\"><source type=\"audio\/mpeg\" src=\"https:\/\/www.mined.gob.ni\/biblioteca\/wp-content\/uploads\/2020\/12\/11-Del-cielo-ha-bajado-El-Ave-Mar\u00eda.mp3?_=11\" \/><a href=\"https:\/\/www.mined.gob.ni\/biblioteca\/wp-content\/uploads\/2020\/12\/11-Del-cielo-ha-bajado-El-Ave-Mar\u00eda.mp3\">https:\/\/www.mined.gob.ni\/biblioteca\/wp-content\/uploads\/2020\/12\/11-Del-cielo-ha-bajado-El-Ave-Mar\u00eda.mp3<\/a><\/audio>\n<p><a href=\"https:\/\/www.mined.gob.ni\/biblioteca\/wp-content\/uploads\/2020\/12\/11-Del-cielo-ha-bajado-El-Ave-Mar\u00eda.mp3\" download=\"Canci\u00f3n\">11 Del cielo ha bajado (El Ave Mar\u00eda) &#8211; Descargar aqu\u00ed<\/a><\/p>\n<audio class=\"wp-audio-shortcode\" id=\"audio-3208-12\" preload=\"none\" style=\"width: 100%;\" controls=\"controls\"><source type=\"audio\/mpeg\" src=\"https:\/\/www.mined.gob.ni\/biblioteca\/wp-content\/uploads\/2020\/12\/12-Virgencita-incomparable.mp3?_=12\" \/><a href=\"https:\/\/www.mined.gob.ni\/biblioteca\/wp-content\/uploads\/2020\/12\/12-Virgencita-incomparable.mp3\">https:\/\/www.mined.gob.ni\/biblioteca\/wp-content\/uploads\/2020\/12\/12-Virgencita-incomparable.mp3<\/a><\/audio>\n<p><a href=\"https:\/\/www.mined.gob.ni\/biblioteca\/wp-content\/uploads\/2020\/12\/12-Virgencita-incomparable.mp3\" download=\"Canci\u00f3n\">12 Virgencita incomparable &#8211; Descargar aqu\u00ed<\/a><\/p>\n<audio class=\"wp-audio-shortcode\" id=\"audio-3208-13\" preload=\"none\" style=\"width: 100%;\" controls=\"controls\"><source type=\"audio\/mpeg\" src=\"https:\/\/www.mined.gob.ni\/biblioteca\/wp-content\/uploads\/2020\/12\/13-Tu-gloria.mp3?_=13\" \/><a href=\"https:\/\/www.mined.gob.ni\/biblioteca\/wp-content\/uploads\/2020\/12\/13-Tu-gloria.mp3\">https:\/\/www.mined.gob.ni\/biblioteca\/wp-content\/uploads\/2020\/12\/13-Tu-gloria.mp3<\/a><\/audio>\n<p><a href=\"https:\/\/www.mined.gob.ni\/biblioteca\/wp-content\/uploads\/2020\/12\/13-Tu-gloria.mp3\" download=\"Canci\u00f3n\">13 Tu gloria &#8211; Descargar aqu\u00ed<\/a><\/p>\n<audio class=\"wp-audio-shortcode\" id=\"audio-3208-14\" preload=\"none\" style=\"width: 100%;\" controls=\"controls\"><source type=\"audio\/mpeg\" src=\"https:\/\/www.mined.gob.ni\/biblioteca\/wp-content\/uploads\/2020\/12\/14-Adi\u00f3s-Reina-del-cielo.mp3?_=14\" \/><a href=\"https:\/\/www.mined.gob.ni\/biblioteca\/wp-content\/uploads\/2020\/12\/14-Adi\u00f3s-Reina-del-cielo.mp3\">https:\/\/www.mined.gob.ni\/biblioteca\/wp-content\/uploads\/2020\/12\/14-Adi\u00f3s-Reina-del-cielo.mp3<\/a><\/audio>\n<p><a href=\"https:\/\/www.mined.gob.ni\/biblioteca\/wp-content\/uploads\/2020\/12\/14-Adi\u00f3s-Reina-del-cielo.mp3\" download=\"Canci\u00f3n\"> 14 Adi\u00f3s Reina del cielo &#8211; Descargar aqu\u00ed<\/a><\/p>\n<audio class=\"wp-audio-shortcode\" id=\"audio-3208-15\" preload=\"none\" style=\"width: 100%;\" controls=\"controls\"><source type=\"audio\/mpeg\" src=\"https:\/\/www.mined.gob.ni\/biblioteca\/wp-content\/uploads\/2020\/12\/15-Toda-hermosa.mp3?_=15\" \/><a href=\"https:\/\/www.mined.gob.ni\/biblioteca\/wp-content\/uploads\/2020\/12\/15-Toda-hermosa.mp3\">https:\/\/www.mined.gob.ni\/biblioteca\/wp-content\/uploads\/2020\/12\/15-Toda-hermosa.mp3<\/a><\/audio>\n<p><a href=\"https:\/\/www.mined.gob.ni\/biblioteca\/wp-content\/uploads\/2020\/12\/15-Toda-hermosa.mp3\" download=\"Canci\u00f3n\"> 15 Toda hermosa &#8211; Descargar aqu\u00ed<\/a><\/p>\n<audio class=\"wp-audio-shortcode\" id=\"audio-3208-16\" preload=\"none\" style=\"width: 100%;\" controls=\"controls\"><source type=\"audio\/mpeg\" src=\"https:\/\/www.mined.gob.ni\/biblioteca\/wp-content\/uploads\/2020\/12\/16-Alabado.mp3?_=16\" \/><a href=\"https:\/\/www.mined.gob.ni\/biblioteca\/wp-content\/uploads\/2020\/12\/16-Alabado.mp3\">https:\/\/www.mined.gob.ni\/biblioteca\/wp-content\/uploads\/2020\/12\/16-Alabado.mp3<\/a><\/audio>\n<p><a href=\"https:\/\/www.mined.gob.ni\/biblioteca\/wp-content\/uploads\/2020\/12\/16-Alabado.mp3\" download=\"Canci\u00f3n\"> 16 Alabado &#8211; Descargar aqu\u00ed<\/a><\/p>\n","protected":false},"excerpt":{"rendered":"<p>01 Salve Azucena Divina &#8211; Descargar aqu\u00ed 02 Escuchad Oh tierna Madre &#8211; Descargar aqu\u00ed 03 Dulces himnos &#8211; Descargar aqu\u00ed 04 El Ave Mar\u00eda (Sagrada Reina del cielo) &#8211; Descargar aqu\u00ed 05 Oh Virgen de Concepci\u00f3n &#8211; Descargar aqu\u00ed 06 Por eso el Cristianismo &#8211; Descargar aqu\u00ed 07 Sale al mundo &#8211; Descargar aqu\u00ed [&hellip;]<\/p>\n","protected":false},"featured_media":5067,"template":"","meta":[],"product_cat":[79,217,169],"product_tag":[],"class_list":["post-3208","product","type-product","status-publish","has-post-thumbnail","hentry","product_cat-asignatura","product_cat-audio","product_cat-oficina-de-educacion-artisitica-y-cultural"],"_links":{"self":[{"href":"https:\/\/www.mined.gob.ni\/biblioteca\/wp-json\/wp\/v2\/product\/3208","targetHints":{"allow":["GET"]}}],"collection":[{"href":"https:\/\/www.mined.gob.ni\/biblioteca\/wp-json\/wp\/v2\/product"}],"about":[{"href":"https:\/\/www.mined.gob.ni\/biblioteca\/wp-json\/wp\/v2\/types\/product"}],"version-history":[{"count":1,"href":"https:\/\/www.mined.gob.ni\/biblioteca\/wp-json\/wp\/v2\/product\/3208\/revisions"}],"predecessor-version":[{"id":5068,"href":"https:\/\/www.mined.gob.ni\/biblioteca\/wp-json\/wp\/v2\/product\/3208\/revisions\/5068"}],"wp:featuredmedia":[{"embeddable":true,"href":"https:\/\/www.mined.gob.ni\/biblioteca\/wp-json\/wp\/v2\/media\/5067"}],"wp:attachment":[{"href":"https:\/\/www.mined.gob.ni\/biblioteca\/wp-json\/wp\/v2\/media?parent=3208"}],"wp:term":[{"taxonomy":"product_cat","embeddable":true,"href":"https:\/\/www.mined.gob.ni\/biblioteca\/wp-json\/wp\/v2\/product_cat?post=3208"},{"taxonomy":"product_tag","embeddable":true,"href":"https:\/\/www.mined.gob.ni\/biblioteca\/wp-json\/wp\/v2\/product_tag?post=3208"}],"curies":[{"name":"wp","href":"https:\/\/api.w.org\/{rel}","templated":true}]}}