{"id":3390,"date":"2021-06-15T22:57:03","date_gmt":"2021-06-15T22:57:03","guid":{"rendered":"https:\/\/www.mined.gob.ni\/biblioteca\/?post_type=product&#038;p=3390"},"modified":"2024-08-06T17:04:53","modified_gmt":"2024-08-06T15:04:53","slug":"ensayos-historicos-y-culturales","status":"publish","type":"product","link":"https:\/\/www.mined.gob.ni\/biblioteca\/product\/ensayos-historicos-y-culturales\/","title":{"rendered":"Ensayos hist\u00f3ricos y culturales"},"content":{"rendered":"<div class=\"_3d-flip-book  fb3d-fullscreen-mode full-size\" data-id=\"5327\" data-mode=\"fullscreen\" data-title=\"false\" data-template=\"short-white-book-view\" data-lightbox=\"dark\" data-urlparam=\"fb3d-page\" data-page-n=\"0\" data-pdf=\"\" data-tax=\"null\" data-thumbnail=\"\" data-cols=\"3\" data-query=\"\"><\/div><script type=\"text\/javascript\">window.FB3D_CLIENT_DATA = window.FB3D_CLIENT_DATA || [];window.FB3D_CLIENT_DATA.push('eyJwb3N0cyI6eyI1MzI3Ijp7IklEIjo1MzI3LCJ0aXRsZSI6IkVuc2F5b3MtaGlzdG9yaWNvcy15LWN1bHR1cmFsZXMiLCJ0eXBlIjoicGRmIiwicmVhZHlfZnVuY3Rpb24iOiIiLCJib29rX3N0eWxlIjoiZmxhdCIsImRhdGEiOnsicG9zdF9JRCI6IjUzMjkiLCJndWlkIjoiaHR0cHM6XC9cL3d3dy5taW5lZC5nb2IubmlcL2JpYmxpb3RlY2FcL3dwLWNvbnRlbnRcL3VwbG9hZHNcLzIwMjRcLzA4XC9FbnNheW9zLWhpc3Rvcmljb3MteS1jdWx0dXJhbGVzLnBkZiIsInBkZl9wYWdlcyI6IjE1MCIsInBhZ2VzX2N1c3RvbWl6YXRpb24iOiJub25lIn0sInRodW1ibmFpbCI6eyJkYXRhIjp7InBvc3RfSUQiOiIwIn0sInR5cGUiOiJhdXRvIn0sInByb3BzIjp7ImNhY2hlZFBhZ2VzIjoiYXV0byIsInJlbmRlckluYWN0aXZlUGFnZXMiOiJhdXRvIiwicmVuZGVySW5hY3RpdmVQYWdlc09uTW9iaWxlIjoiYXV0byIsInJlbmRlcldoaWxlRmxpcHBpbmciOiJhdXRvIiwicHJlbG9hZFBhZ2VzIjoiYXV0byIsInJ0bCI6ImF1dG8iLCJpbnRlcmFjdGl2ZUNvcm5lcnMiOiJhdXRvIiwic2hlZXQiOnsic3RhcnRWZWxvY2l0eSI6ImF1dG8iLCJ3YXZlIjoiYXV0byIsInNoYXBlIjoiYXV0byIsIndpZHRoVGV4ZWxzIjoiYXV0byIsImNvbG9yIjoiYXV0byIsInNpZGUiOiJhdXRvIiwiY29ybmVyRGV2aWF0aW9uIjoiYXV0byIsImZsZXhpYmlsaXR5IjoiYXV0byIsImZsZXhpYmxlQ29ybmVyIjoiYXV0byIsImJlbmRpbmciOiJhdXRvIiwiaGVpZ2h0VGV4ZWxzIjoiYXV0byJ9LCJjb3ZlciI6eyJ3YXZlIjoiYXV0byIsImNvbG9yIjoiYXV0byIsImJpbmRlclRleHR1cmUiOiJhdXRvIiwiZGVwdGgiOiJhdXRvIiwicGFkZGluZyI6ImF1dG8iLCJzdGFydFZlbG9jaXR5IjoiYXV0byIsImZsZXhpYmlsaXR5IjoiYXV0byIsImZsZXhpYmxlQ29ybmVyIjoiYXV0byIsImJlbmRpbmciOiJhdXRvIiwid2lkdGhUZXhlbHMiOiJhdXRvIiwiaGVpZ2h0VGV4ZWxzIjoiYXV0byIsIm1hc3MiOiJhdXRvIiwic2lkZSI6ImF1dG8iLCJzaGFwZSI6ImF1dG8ifSwicGFnZSI6eyJ3YXZlIjoiYXV0byIsImNvbG9yIjoiYXV0byIsImRlcHRoIjoiYXV0byIsInN0YXJ0VmVsb2NpdHkiOiJhdXRvIiwiZmxleGliaWxpdHkiOiJhdXRvIiwiZmxleGlibGVDb3JuZXIiOiJhdXRvIiwiYmVuZGluZyI6ImF1dG8iLCJ3aWR0aFRleGVscyI6ImF1dG8iLCJoZWlnaHRUZXhlbHMiOiJhdXRvIiwibWFzcyI6ImF1dG8iLCJzaWRlIjoiYXV0byIsInNoYXBlIjoiYXV0byJ9LCJoZWlnaHQiOiJhdXRvIiwid2lkdGgiOiJhdXRvIiwiZ3Jhdml0eSI6ImF1dG8iLCJwYWdlc0ZvclByZWRpY3RpbmciOiJhdXRvIn0sImNvbnRyb2xQcm9wcyI6eyJhY3Rpb25zIjp7ImNtZFNhdmUiOnsiZW5hYmxlZCI6ImF1dG8iLCJlbmFibGVkSW5OYXJyb3ciOiJhdXRvIn0sImNtZFByaW50Ijp7ImVuYWJsZWQiOiJhdXRvIiwiZW5hYmxlZEluTmFycm93IjoiYXV0byJ9LCJjbWRTaW5nbGVQYWdlIjp7ImVuYWJsZWQiOiJhdXRvIiwiZW5hYmxlZEluTmFycm93IjoiYXV0byIsImFjdGl2ZSI6ImF1dG8iLCJhY3RpdmVGb3JNb2JpbGUiOiJhdXRvIn19fSwiYXV0b1RodW1ibmFpbCI6Imh0dHBzOlwvXC93d3cubWluZWQuZ29iLm5pXC9iaWJsaW90ZWNhXC93cC1jb250ZW50XC91cGxvYWRzXC8zZC1mbGlwLWJvb2tcL2F1dG8tdGh1bWJuYWlsc1wvNTMyNy5wbmciLCJwb3N0X25hbWUiOiJlbnNheW9zLWhpc3Rvcmljb3MteS1jdWx0dXJhbGVzIiwicG9zdF90eXBlIjoiM2QtZmxpcC1ib29rIn19LCJwYWdlcyI6W10sImZpcnN0UGFnZXMiOltdfQ==');window.FB3D_CLIENT_LOCALE && window.FB3D_CLIENT_LOCALE.render();<\/script>\n","protected":false},"excerpt":{"rendered":"<p><strong>Presentaci\u00f3n<\/strong><br \/>\nEstimados docentes, estudiantes, padres y madres de familia, ponemos en sus manos un nuevo libro, esta vez es de ensayos hist\u00f3ricos y culturales. Son esbozos biogr\u00e1ficos de personajes extraordinarios de la cultura y la educaci\u00f3n, temas variados de m\u00fasica, historia, arte p\u00fablico monumental y tradiciones religiosas populares. Entre los valiosos contenidos nos adentraremos al caribe por medio de su magistral palo de mayo y su herencia ancestral, conoceremos al compositor que venci\u00f3 el siglo; este a\u00f1o 2021, en febrero cumpli\u00f3 104 a\u00f1os y sigue erguido y campante.<br \/>\nEsta obra est\u00e1 conformada con temas cotidianos de inter\u00e9s para la comunidad educativa e historiadores, sus p\u00e1ginas son resultado del trabajo investigativo del maestro y promotor cultural Wilmor L\u00f3pez. Sumerj\u00e1monos en ensayos hist\u00f3ricos con temas como: La Marimba de Arco Ind\u00edgena de Nicaragua, el Son Nica, nuestra m\u00fasica identitaria, los cantos al General Sandino; La Revoluci\u00f3n del Ma\u00edz, las p\u00e1ginas de suerte con personajes destacados: Miss Lizzie Nelson la Reina del Folclor Caribe\u00f1o, el maestro Gabriel, Jorge Navas Cordonero Escultor Nacional, Philip Montalb\u00e1n la Voz del Caribe, Irene L\u00f3pez Maestra Insigne, Salvador C\u00e1rdenas y Ronald Abud Vivas. Como devotos de las artes, han dado lo mejor de s\u00ed mismos a la educaci\u00f3n, la danza, la tradici\u00f3n, el arte escult\u00f3rico y la m\u00fasica.<br \/>\nEl Ministerio de Educaci\u00f3n, MINED, avanza en caminos de formaci\u00f3n integral, desde Educaci\u00f3n Art\u00edstica y Cultural pone a disposici\u00f3n este material que aporta al conocimiento y Orgullo Patrio.<br \/>\nMinisterio de Educaci\u00f3n<br \/>\nJunio 2021.<\/p>\n","protected":false},"featured_media":5326,"template":"","meta":[],"product_cat":[243,219,81,361,169,172,82],"product_tag":[],"class_list":["post-3390","product","type-product","status-publish","has-post-thumbnail","hentry","product_cat-escritor","product_cat-estudiantes","product_cat-libros-digitales","product_cat-multigrado","product_cat-oficina-de-educacion-artisitica-y-cultural","product_cat-primaria","product_cat-secundaria"],"_links":{"self":[{"href":"https:\/\/www.mined.gob.ni\/biblioteca\/wp-json\/wp\/v2\/product\/3390","targetHints":{"allow":["GET"]}}],"collection":[{"href":"https:\/\/www.mined.gob.ni\/biblioteca\/wp-json\/wp\/v2\/product"}],"about":[{"href":"https:\/\/www.mined.gob.ni\/biblioteca\/wp-json\/wp\/v2\/types\/product"}],"version-history":[{"count":2,"href":"https:\/\/www.mined.gob.ni\/biblioteca\/wp-json\/wp\/v2\/product\/3390\/revisions"}],"predecessor-version":[{"id":5328,"href":"https:\/\/www.mined.gob.ni\/biblioteca\/wp-json\/wp\/v2\/product\/3390\/revisions\/5328"}],"wp:featuredmedia":[{"embeddable":true,"href":"https:\/\/www.mined.gob.ni\/biblioteca\/wp-json\/wp\/v2\/media\/5326"}],"wp:attachment":[{"href":"https:\/\/www.mined.gob.ni\/biblioteca\/wp-json\/wp\/v2\/media?parent=3390"}],"wp:term":[{"taxonomy":"product_cat","embeddable":true,"href":"https:\/\/www.mined.gob.ni\/biblioteca\/wp-json\/wp\/v2\/product_cat?post=3390"},{"taxonomy":"product_tag","embeddable":true,"href":"https:\/\/www.mined.gob.ni\/biblioteca\/wp-json\/wp\/v2\/product_tag?post=3390"}],"curies":[{"name":"wp","href":"https:\/\/api.w.org\/{rel}","templated":true}]}}