{"id":3671,"date":"2020-03-19T21:36:21","date_gmt":"2020-03-19T21:36:21","guid":{"rendered":"https:\/\/www.mined.gob.ni\/biblioteca\/?post_type=product&#038;p=2901"},"modified":"2024-09-02T23:26:23","modified_gmt":"2024-09-02T21:26:23","slug":"educacion-fisica-y-practica-deportiva","status":"publish","type":"product","link":"https:\/\/www.mined.gob.ni\/biblioteca\/product\/educacion-fisica-y-practica-deportiva\/","title":{"rendered":"Educaci\u00f3n F\u00edsica y Pr\u00e1ctica Deportiva"},"content":{"rendered":"<div class=\"_3d-flip-book  fb3d-fullscreen-mode full-size\" data-id=\"5855\" data-mode=\"fullscreen\" data-title=\"false\" data-template=\"short-white-book-view\" data-lightbox=\"dark\" data-urlparam=\"fb3d-page\" data-page-n=\"0\" data-pdf=\"\" data-tax=\"null\" data-thumbnail=\"\" data-cols=\"3\" data-query=\"\"><\/div><script type=\"text\/javascript\">window.FB3D_CLIENT_DATA = window.FB3D_CLIENT_DATA || [];window.FB3D_CLIENT_DATA.push('eyJwb3N0cyI6eyI1ODU1Ijp7IklEIjo1ODU1LCJ0aXRsZSI6IkUtRi1SLUQtNXRvLUJBSkEiLCJ0eXBlIjoicGRmIiwicmVhZHlfZnVuY3Rpb24iOiIiLCJib29rX3N0eWxlIjoiZmxhdCIsImRhdGEiOnsicG9zdF9JRCI6IjU4NTYiLCJndWlkIjoiaHR0cHM6XC9cL3d3dy5taW5lZC5nb2IubmlcL2JpYmxpb3RlY2FcL3dwLWNvbnRlbnRcL3VwbG9hZHNcLzIwMjRcLzA5XC9FLUYtUi1ELTV0by1CQUpBLnBkZiIsInBkZl9wYWdlcyI6IjI0NCIsInBhZ2VzX2N1c3RvbWl6YXRpb24iOiJub25lIn0sInRodW1ibmFpbCI6eyJkYXRhIjp7InBvc3RfSUQiOiIwIn0sInR5cGUiOiJhdXRvIn0sInByb3BzIjp7ImNhY2hlZFBhZ2VzIjoiYXV0byIsInJlbmRlckluYWN0aXZlUGFnZXMiOiJhdXRvIiwicmVuZGVySW5hY3RpdmVQYWdlc09uTW9iaWxlIjoiYXV0byIsInJlbmRlcldoaWxlRmxpcHBpbmciOiJhdXRvIiwicHJlbG9hZFBhZ2VzIjoiYXV0byIsInJ0bCI6ImF1dG8iLCJpbnRlcmFjdGl2ZUNvcm5lcnMiOiJhdXRvIiwic2hlZXQiOnsic3RhcnRWZWxvY2l0eSI6ImF1dG8iLCJ3YXZlIjoiYXV0byIsInNoYXBlIjoiYXV0byIsIndpZHRoVGV4ZWxzIjoiYXV0byIsImNvbG9yIjoiYXV0byIsInNpZGUiOiJhdXRvIiwiY29ybmVyRGV2aWF0aW9uIjoiYXV0byIsImZsZXhpYmlsaXR5IjoiYXV0byIsImZsZXhpYmxlQ29ybmVyIjoiYXV0byIsImJlbmRpbmciOiJhdXRvIiwiaGVpZ2h0VGV4ZWxzIjoiYXV0byJ9LCJjb3ZlciI6eyJ3YXZlIjoiYXV0byIsImNvbG9yIjoiYXV0byIsImJpbmRlclRleHR1cmUiOiJhdXRvIiwiZGVwdGgiOiJhdXRvIiwicGFkZGluZyI6ImF1dG8iLCJzdGFydFZlbG9jaXR5IjoiYXV0byIsImZsZXhpYmlsaXR5IjoiYXV0byIsImZsZXhpYmxlQ29ybmVyIjoiYXV0byIsImJlbmRpbmciOiJhdXRvIiwid2lkdGhUZXhlbHMiOiJhdXRvIiwiaGVpZ2h0VGV4ZWxzIjoiYXV0byIsIm1hc3MiOiJhdXRvIiwic2lkZSI6ImF1dG8iLCJzaGFwZSI6ImF1dG8ifSwicGFnZSI6eyJ3YXZlIjoiYXV0byIsImNvbG9yIjoiYXV0byIsImRlcHRoIjoiYXV0byIsInN0YXJ0VmVsb2NpdHkiOiJhdXRvIiwiZmxleGliaWxpdHkiOiJhdXRvIiwiZmxleGlibGVDb3JuZXIiOiJhdXRvIiwiYmVuZGluZyI6ImF1dG8iLCJ3aWR0aFRleGVscyI6ImF1dG8iLCJoZWlnaHRUZXhlbHMiOiJhdXRvIiwibWFzcyI6ImF1dG8iLCJzaWRlIjoiYXV0byIsInNoYXBlIjoiYXV0byJ9LCJoZWlnaHQiOiJhdXRvIiwid2lkdGgiOiJhdXRvIiwiZ3Jhdml0eSI6ImF1dG8iLCJwYWdlc0ZvclByZWRpY3RpbmciOiJhdXRvIn0sImNvbnRyb2xQcm9wcyI6eyJhY3Rpb25zIjp7ImNtZFNhdmUiOnsiZW5hYmxlZCI6ImF1dG8iLCJlbmFibGVkSW5OYXJyb3ciOiJhdXRvIn0sImNtZFByaW50Ijp7ImVuYWJsZWQiOiJhdXRvIiwiZW5hYmxlZEluTmFycm93IjoiYXV0byJ9LCJjbWRTaW5nbGVQYWdlIjp7ImVuYWJsZWQiOiJhdXRvIiwiZW5hYmxlZEluTmFycm93IjoiYXV0byIsImFjdGl2ZSI6ImF1dG8iLCJhY3RpdmVGb3JNb2JpbGUiOiJhdXRvIn19fSwiYXV0b1RodW1ibmFpbCI6Imh0dHBzOlwvXC93d3cubWluZWQuZ29iLm5pXC9iaWJsaW90ZWNhXC93cC1jb250ZW50XC91cGxvYWRzXC8zZC1mbGlwLWJvb2tcL2F1dG8tdGh1bWJuYWlsc1wvNTg1NS5wbmciLCJwb3N0X25hbWUiOiJlLWYtci1kLTV0by1iYWphIiwicG9zdF90eXBlIjoiM2QtZmxpcC1ib29rIn19LCJwYWdlcyI6W10sImZpcnN0UGFnZXMiOltdfQ==');window.FB3D_CLIENT_LOCALE && window.FB3D_CLIENT_LOCALE.render();<\/script>\n","protected":false},"excerpt":{"rendered":"<p>\u00c1rea Educativa: Primaria<\/p>\n<p>Nombre del Libro: Educaci\u00f3n F\u00edsica y Pr\u00e1ctica Deportiva<\/p>\n<p>Dirigido a: Estudiantes de Quinto Grado<\/p>\n<p>Ver abajo libro digital.<\/p>\n<p>Derechos Reservados 2020 Ministerio de Educaci\u00f3n.<\/p>\n<p>Este libro digital no se puede vender ni hacer ningun tipo de negocio.<\/p>\n","protected":false},"featured_media":5857,"template":"","meta":[],"product_cat":[219,81,172,174],"product_tag":[295,312],"class_list":["post-3671","product","type-product","status-publish","has-post-thumbnail","hentry","product_cat-estudiantes","product_cat-libros-digitales","product_cat-primaria","product_cat-quinto-grado","product_tag-educacion-fisica","product_tag-quinto-grado"],"_links":{"self":[{"href":"https:\/\/www.mined.gob.ni\/biblioteca\/wp-json\/wp\/v2\/product\/3671","targetHints":{"allow":["GET"]}}],"collection":[{"href":"https:\/\/www.mined.gob.ni\/biblioteca\/wp-json\/wp\/v2\/product"}],"about":[{"href":"https:\/\/www.mined.gob.ni\/biblioteca\/wp-json\/wp\/v2\/types\/product"}],"version-history":[{"count":2,"href":"https:\/\/www.mined.gob.ni\/biblioteca\/wp-json\/wp\/v2\/product\/3671\/revisions"}],"predecessor-version":[{"id":5854,"href":"https:\/\/www.mined.gob.ni\/biblioteca\/wp-json\/wp\/v2\/product\/3671\/revisions\/5854"}],"wp:featuredmedia":[{"embeddable":true,"href":"https:\/\/www.mined.gob.ni\/biblioteca\/wp-json\/wp\/v2\/media\/5857"}],"wp:attachment":[{"href":"https:\/\/www.mined.gob.ni\/biblioteca\/wp-json\/wp\/v2\/media?parent=3671"}],"wp:term":[{"taxonomy":"product_cat","embeddable":true,"href":"https:\/\/www.mined.gob.ni\/biblioteca\/wp-json\/wp\/v2\/product_cat?post=3671"},{"taxonomy":"product_tag","embeddable":true,"href":"https:\/\/www.mined.gob.ni\/biblioteca\/wp-json\/wp\/v2\/product_tag?post=3671"}],"curies":[{"name":"wp","href":"https:\/\/api.w.org\/{rel}","templated":true}]}}