{"id":3731,"date":"2022-03-23T20:48:15","date_gmt":"2022-03-23T20:48:15","guid":{"rendered":"https:\/\/www.mined.gob.ni\/biblioteca\/?post_type=product&#038;p=3731"},"modified":"2024-08-06T17:03:00","modified_gmt":"2024-08-06T15:03:00","slug":"mejoramiento-y-equipamiento-de-preescolares-a-nivel-nacional-aulas-de-referencia","status":"publish","type":"product","link":"https:\/\/www.mined.gob.ni\/biblioteca\/product\/mejoramiento-y-equipamiento-de-preescolares-a-nivel-nacional-aulas-de-referencia\/","title":{"rendered":"Planes de Gesti\u00f3n Ambiental y Social para el Mejoramiento y Equipamiento de Preescolares con Aulas de Referencia a Nivel Nacional"},"content":{"rendered":"<p>\u2022 LPN N\u00b01 del FA \u2013 AME<\/p>\n<table width=\"595\">\n<tbody>\n<tr>\n<td width=\"74\"><strong>N\u00b0<\/strong><\/td>\n<td width=\"144\"><strong>Departamentos<\/strong><\/td>\n<td width=\"132\"><strong>Municipios <\/strong><\/td>\n<td width=\"161\"><strong>Nombre del preescolar que es el aula de referencia<\/strong><\/td>\n<td width=\"85\"><strong>C\u00f3digo \u00fanico<\/strong><\/td>\n<\/tr>\n<tr>\n<td width=\"74\">1<\/td>\n<td width=\"144\">CHINANDEGA<\/td>\n<td width=\"132\">El Realejo<\/td>\n<td width=\"161\">El Porvenir<\/td>\n<td width=\"85\">28080 [pvfw-link viewer_id=&#8221;3746 &#8221; text=&#8221;Abrir PDF&#8221; class=&#8221;pdf-viewer-link-single&#8221; target=&#8221;_parent&#8221;]<\/td>\n<\/tr>\n<tr>\n<td width=\"74\">2<\/td>\n<td width=\"144\">CHINANDEGA<\/td>\n<td width=\"132\">Puerto Moraz\u00e1n<\/td>\n<td width=\"161\">Hermanas Mercedarias<\/td>\n<td width=\"85\">11817 [pvfw-link viewer_id=&#8221; 3744&#8243; text=&#8221;Abrir PDF&#8221; class=&#8221;pdf-viewer-link-single&#8221; target=&#8221;_parent&#8221;]<\/td>\n<\/tr>\n<tr>\n<td width=\"74\">3<\/td>\n<td width=\"144\">CHINANDEGA<\/td>\n<td width=\"132\">San Pedro<\/td>\n<td width=\"161\">Polvaz\u00f3n<\/td>\n<td width=\"85\">11991 [pvfw-link viewer_id=&#8221; 3750&#8243; text=&#8221;Abrir PDF&#8221; class=&#8221;pdf-viewer-link-single&#8221; target=&#8221;_parent&#8221;]<\/td>\n<\/tr>\n<tr>\n<td width=\"74\">4<\/td>\n<td width=\"144\">CHINANDEGA<\/td>\n<td width=\"132\">Villanueva<\/td>\n<td width=\"161\">Andres Castro\/Pinocho<\/td>\n<td width=\"85\">12050 [pvfw-link viewer_id=&#8221;3748 &#8221; text=&#8221;Abrir PDF&#8221; class=&#8221;pdf-viewer-link-single&#8221; target=&#8221;_parent&#8221;]<\/td>\n<\/tr>\n<tr>\n<td width=\"74\">5<\/td>\n<td width=\"144\">JINOTEGA<\/td>\n<td width=\"132\">Jinotega<\/td>\n<td width=\"161\">Rub\u00e9n Dar\u00edo, Las Lomas<\/td>\n<td width=\"85\">18224 [pvfw-link viewer_id=&#8221;3754 &#8221; text=&#8221;Abrir PDF&#8221; class=&#8221;pdf-viewer-link-single&#8221; target=&#8221;_parent&#8221;]<\/td>\n<\/tr>\n<tr>\n<td width=\"74\">6<\/td>\n<td width=\"144\">MADRIZ<\/td>\n<td width=\"132\">Somoto<\/td>\n<td width=\"161\">Comandante Daniel Ortega Saavedra<\/td>\n<td width=\"85\">32247 [pvfw-link viewer_id=&#8221;3742 &#8221; text=&#8221;Abrir PDF&#8221; class=&#8221;pdf-viewer-link-single&#8221; target=&#8221;_parent&#8221;]<\/td>\n<\/tr>\n<tr>\n<td width=\"74\">7<\/td>\n<td width=\"144\">MADRIZ<\/td>\n<td width=\"132\">Yalag\u00fcina<\/td>\n<td width=\"161\">Cristo Rey<\/td>\n<td width=\"85\">10854 [pvfw-link viewer_id=&#8221; 3740&#8243; text=&#8221;Abrir PDF&#8221; class=&#8221;pdf-viewer-link-single&#8221; target=&#8221;_parent&#8221;]<\/td>\n<\/tr>\n<tr>\n<td width=\"74\">8<\/td>\n<td width=\"144\">MANAGUA &#8211; MUNICIPIOS<\/td>\n<td width=\"132\">El Crucero<\/td>\n<td width=\"161\">Sim\u00f3n Bol\u00edvar<\/td>\n<td width=\"85\">22484 [pvfw-link viewer_id=&#8221;3752 &#8221; text=&#8221;Abrir PDF&#8221; class=&#8221;pdf-viewer-link-single&#8221; target=&#8221;_parent&#8221;]<\/td>\n<\/tr>\n<tr>\n<td width=\"74\">9<\/td>\n<td width=\"144\">NUEVA SEGOVIA<\/td>\n<td width=\"132\">Santa Mar\u00eda<\/td>\n<td width=\"161\">Sof\u00eda Mocada<\/td>\n<td width=\"85\">10111 [pvfw-link viewer_id=&#8221; 3738&#8243; text=&#8221;Abrir PDF&#8221; class=&#8221;pdf-viewer-link-single&#8221; target=&#8221;_parent&#8221;]<\/td>\n<\/tr>\n<tr>\n<td width=\"74\">10<\/td>\n<td width=\"144\">NUEVA SEGOVIA<\/td>\n<td width=\"132\">Wiwil\u00ed &#8211; Nueva Segovia<\/td>\n<td width=\"161\">Martha Quezada<\/td>\n<td width=\"85\">30097 [pvfw-link viewer_id=&#8221;3736 &#8221; text=&#8221;Abrir PDF&#8221; class=&#8221;pdf-viewer-link-single&#8221; target=&#8221;_parent&#8221;]<\/td>\n<\/tr>\n<\/tbody>\n<\/table>\n<table width=\"813\">\n<tbody>\n<tr>\n<td colspan=\"5\" width=\"813\">LPN N\u00b02 del FA \u2013 AME<\/td>\n<\/tr>\n<tr>\n<td colspan=\"5\">Mejoramiento y Equipamiento de Preescolares a Nivel Nacional Aulas de Referencia<\/td>\n<\/tr>\n<tr>\n<td>N\u00b0<\/td>\n<td>Departamentos<\/td>\n<td>Municipios<\/td>\n<td>C\u00f3digo \u00fanico<\/td>\n<td>Centro Escolar con Aula de Referencia<\/td>\n<\/tr>\n<tr>\n<td>1<\/td>\n<td>CHONTALES<\/td>\n<td>Acoyapa<\/td>\n<td>17220 [pvfw-link viewer_id=&#8221;3822&#8243; text=&#8221;Abrir PDF&#8221; class=&#8221;pdf-viewer-link-single&#8221; target=&#8221;_parent&#8221;]<\/td>\n<td>Instituto Nacional San Sebasti\u00e1n<\/td>\n<\/tr>\n<tr>\n<td>2<\/td>\n<td>MADRIZ<\/td>\n<td>San Lucas<\/td>\n<td>10912 [pvfw-link viewer_id=&#8221;3824&#8243; text=&#8221;Abrir PDF&#8221; class=&#8221;pdf-viewer-link-single&#8221; target=&#8221;_parent&#8221;]<\/td>\n<td>Cristo Rey<\/td>\n<\/tr>\n<tr>\n<td>3<\/td>\n<td>NUEVA SEGOVIA<\/td>\n<td>Dipilto<\/td>\n<td>10159 [pvfw-link viewer_id=&#8221;3826&#8243; text=&#8221;Abrir PDF&#8221; class=&#8221;pdf-viewer-link-single&#8221; target=&#8221;_parent&#8221;]<\/td>\n<td>Centro Enmanuel Mongalo y Rubio<\/td>\n<\/tr>\n<tr>\n<td>4<\/td>\n<td>NUEVA SEGOVIA<\/td>\n<td>El J\u00edcaro<\/td>\n<td>10240 [pvfw-link viewer_id=&#8221;3828&#8243; text=&#8221;Abrir PDF&#8221; class=&#8221;pdf-viewer-link-single&#8221; target=&#8221;_parent&#8221;]<\/td>\n<td>Raul Zavala<\/td>\n<\/tr>\n<tr>\n<td>5<\/td>\n<td>RIO SAN JUAN<\/td>\n<td>San Carlos<\/td>\n<td>21899 [pvfw-link viewer_id=&#8221;3830&#8243; text=&#8221;Abrir PDF&#8221; class=&#8221;pdf-viewer-link-single&#8221; target=&#8221;_parent&#8221;]<\/td>\n<td>San Ram\u00f3n<\/td>\n<\/tr>\n<tr>\n<td>6<\/td>\n<td>RIO SAN JUAN<\/td>\n<td>San Carlos<\/td>\n<td>21862 [pvfw-link viewer_id=&#8221;3832&#8243; text=&#8221;Abrir PDF&#8221; class=&#8221;pdf-viewer-link-single&#8221; target=&#8221;_parent&#8221;]<\/td>\n<td>San Mart\u00edn<\/td>\n<\/tr>\n<tr>\n<td>7<\/td>\n<td>RIO SAN JUAN<\/td>\n<td>San Carlos<\/td>\n<td>21890 [pvfw-link viewer_id=&#8221;3832&#8243; text=&#8221;Abrir PDF&#8221; class=&#8221;pdf-viewer-link-single&#8221; target=&#8221;_parent&#8221;]<\/td>\n<td>Andr\u00e9s Castro<\/td>\n<\/tr>\n<tr>\n<td>8<\/td>\n<td>RACCN<\/td>\n<td>Siuna<\/td>\n<td>20640 [pvfw-link viewer_id=&#8221;3834&#8243; text=&#8221;Abrir PDF&#8221; class=&#8221;pdf-viewer-link-single&#8221; target=&#8221;_parent&#8221;]<\/td>\n<td>Denis Martinez<\/td>\n<\/tr>\n<tr>\n<td>9<\/td>\n<td>RACCS<\/td>\n<td>Muelle de los Bueyes<\/td>\n<td>21144 [pvfw-link viewer_id=&#8221;3836&#8243; text=&#8221;Abrir PDF&#8221; class=&#8221;pdf-viewer-link-single&#8221; target=&#8221;_parent&#8221;]<\/td>\n<td>Madre Teresa de Calcuta<\/td>\n<\/tr>\n<tr>\n<td>10<\/td>\n<td>RACCS<\/td>\n<td>Nueva Guinea<\/td>\n<td>21282 [pvfw-link viewer_id=&#8221;3840&#8243; text=&#8221;Abrir PDF&#8221; class=&#8221;pdf-viewer-link-single&#8221; target=&#8221;_parent&#8221;]<\/td>\n<td>Marianela Callejas<\/td>\n<\/tr>\n<tr>\n<td>1<\/td>\n<td>CHINANDEGA<\/td>\n<td>Cinco Pinos<\/td>\n<td>11969 [pvfw-link viewer_id=&#8221;3842&#8243; text=&#8221;Abrir PDF&#8221; class=&#8221;pdf-viewer-link-single&#8221; target=&#8221;_parent&#8221;]<\/td>\n<td>El Zacat\u00f3n<\/td>\n<\/tr>\n<tr>\n<td>2<\/td>\n<td>CHONTALES<\/td>\n<td>Comalapa<\/td>\n<td>16715 [pvfw-link viewer_id=&#8221;3844&#8243; text=&#8221;Abrir PDF&#8221; class=&#8221;pdf-viewer-link-single&#8221; target=&#8221;_parent&#8221;]<\/td>\n<td>Francisco Ruiz Arana<\/td>\n<\/tr>\n<tr>\n<td>3<\/td>\n<td>RIO SAN JUAN<\/td>\n<td>San Carlos<\/td>\n<td>21897 [pvfw-link viewer_id=&#8221;3846&#8243; text=&#8221;Abrir PDF&#8221; class=&#8221;pdf-viewer-link-single&#8221; target=&#8221;_parent&#8221;]<\/td>\n<td>Carlos Fonseca Amador<\/td>\n<\/tr>\n<tr>\n<td>4<\/td>\n<td>RACCN<\/td>\n<td>Puerto Cabezas<\/td>\n<td>41048 [pvfw-link viewer_id=&#8221;3848&#8243; text=&#8221;Abrir PDF&#8221; class=&#8221;pdf-viewer-link-single&#8221; target=&#8221;_parent&#8221;]<\/td>\n<td>Coraz\u00f3n de Rosario Murillo<\/td>\n<\/tr>\n<tr>\n<td>5<\/td>\n<td>RACCN<\/td>\n<td>Puerto Cabezas<\/td>\n<td>20233 [pvfw-link viewer_id=&#8221;3853&#8243; text=&#8221;Abrir PDF&#8221; class=&#8221;pdf-viewer-link-single&#8221; target=&#8221;_parent&#8221;]<\/td>\n<td>Julio Bucardo Mendoza<\/td>\n<\/tr>\n<\/tbody>\n<\/table>\n","protected":false},"excerpt":{"rendered":"<p align=\"justify\">Como parte de su proceso de mejora continua, el Ministerio de Educaci\u00f3n se encuentra desarrollando l\u00edneas estrat\u00e9gicas dirigidas a incrementar el acceso a la educaci\u00f3n en sus distintos programas y modalidades, entre ellas la Educaci\u00f3n Inicial del segundo ciclo preescolar, entre estos lineamientos se encuentran actividades dirigidas a la realizaci\u00f3n de \u00a0mejoras en las condiciones de infraestructura escolar existentes, para contribuir a la calidad de la educaci\u00f3n, el bienestar y la salud en los procesos de aprendizaje.<\/p>\n<p align=\"justify\">Desde el a\u00f1o 2017, el Ministerio de Educaci\u00f3n se encuentra desarrollando el proyecto Alianza para la Calidad Educativa ACE, el cual tiene dentro de uno de sus objetivos el poder Mejorar las condiciones de los ambientes pedag\u00f3gicos adecuados para el aprendizaje de escuelas seleccionadas y en el a\u00f1o 2020 se recibi\u00f3 un Financiamiento Adicional de la Alianza Mundial para la Educaci\u00f3n que se alineaba a los objetivos del proyecto ACE, contribuyendo esta adici\u00f3n a poder incrementar los recursos financieros para atender Centros Escolares que cuenten con aulas de referencia para la educaci\u00f3n inicial preescolar.<\/p>\n<p align=\"justify\">Con este financiamiento adicional, el Ministerio de Educaci\u00f3n tiene programado atender 25 Centros Escolares que cuenten con educaci\u00f3n inicial preescolar, financiando el mejoramiento de la infraestructura f\u00edsica de educaci\u00f3n inicial y equipamiento con mobiliario b\u00e1sico, a fin de crear ambientes con calidad que sirvan como medio de apoyo al docente y educadora comunitaria, en donde loa aprendizajes est\u00e9n orientados al Desarrollo Integral de la ni\u00f1a y el ni\u00f1o, como contribuci\u00f3n a propiciar la asistencia y retenci\u00f3n escolar, facilitando la transici\u00f3n de modalidades como uno de los ejes en la continuidad educativa.<\/p>\n<p align=\"justify\">Como parte de los expedientes que el MINED elabora en la gesti\u00f3n de estos proyectos, se est\u00e1n formulando los Planes de Gesti\u00f3n Ambiental y Social (PGAS), para cada uno de los 25 Centros Pre escolares seleccionados, en donde se realizar\u00e1n las obras de mejoramiento a la infraestructura. Los documentos de este Plan de Gesti\u00f3n Ambiental y Social (PGAS) constituyen herramientas para la gesti\u00f3n y el monitoreo ambiental y social, con el fin de minimizar los impactos que se generen en la etapa de construcci\u00f3n y la sostenibilidad de las inversiones.<\/p>\n<p align=\"justify\">Asimismo, contienen informaci\u00f3n social y ambiental relevante para cada sub proyecto, presentan los resultados de la consulta realizada con las comunidades educativas de cada centro escolar y contienen medidas basadas en las Pol\u00edticas Operativas del Banco Mundial y la legislaci\u00f3n nacional nicarag\u00fcense.<\/p>\n<p align=\"justify\">Para acceder a este primer bloque de diez (10) Planes de Gesti\u00f3n Ambiental y Social (PGAS) puede seleccionar el v\u00ednculo correspondiente en el nombre del Centro Escolar, en la siguiente lista:<\/p>\n","protected":false},"featured_media":5324,"template":"","meta":[],"product_cat":[120,121],"product_tag":[],"class_list":["post-3731","product","type-product","status-publish","has-post-thumbnail","hentry","product_cat-area-institucional","product_cat-mined-ace"],"_links":{"self":[{"href":"https:\/\/www.mined.gob.ni\/biblioteca\/wp-json\/wp\/v2\/product\/3731","targetHints":{"allow":["GET"]}}],"collection":[{"href":"https:\/\/www.mined.gob.ni\/biblioteca\/wp-json\/wp\/v2\/product"}],"about":[{"href":"https:\/\/www.mined.gob.ni\/biblioteca\/wp-json\/wp\/v2\/types\/product"}],"version-history":[{"count":1,"href":"https:\/\/www.mined.gob.ni\/biblioteca\/wp-json\/wp\/v2\/product\/3731\/revisions"}],"predecessor-version":[{"id":5325,"href":"https:\/\/www.mined.gob.ni\/biblioteca\/wp-json\/wp\/v2\/product\/3731\/revisions\/5325"}],"wp:featuredmedia":[{"embeddable":true,"href":"https:\/\/www.mined.gob.ni\/biblioteca\/wp-json\/wp\/v2\/media\/5324"}],"wp:attachment":[{"href":"https:\/\/www.mined.gob.ni\/biblioteca\/wp-json\/wp\/v2\/media?parent=3731"}],"wp:term":[{"taxonomy":"product_cat","embeddable":true,"href":"https:\/\/www.mined.gob.ni\/biblioteca\/wp-json\/wp\/v2\/product_cat?post=3731"},{"taxonomy":"product_tag","embeddable":true,"href":"https:\/\/www.mined.gob.ni\/biblioteca\/wp-json\/wp\/v2\/product_tag?post=3731"}],"curies":[{"name":"wp","href":"https:\/\/api.w.org\/{rel}","templated":true}]}}