{"id":4083,"date":"2022-11-18T21:41:38","date_gmt":"2022-11-18T21:41:38","guid":{"rendered":"https:\/\/www.mined.gob.ni\/biblioteca\/?post_type=product&#038;p=4083"},"modified":"2024-07-23T17:52:34","modified_gmt":"2024-07-23T15:52:34","slug":"cartilla-pedagogica-educacion-integral-de-la-sexualidad-10-mo-y-11-vo-grado-de-educacion-secundaria-8","status":"publish","type":"product","link":"https:\/\/www.mined.gob.ni\/biblioteca\/product\/cartilla-pedagogica-educacion-integral-de-la-sexualidad-10-mo-y-11-vo-grado-de-educacion-secundaria-8\/","title":{"rendered":"Cartilla Pedag\u00f3gica Educaci\u00f3n Integral de la Sexualidad 10 mo y 11 vo Grado de Educaci\u00f3n Secundaria 8"},"content":{"rendered":"<p>Cartilla-8-secundaria-10-a-11.<\/p>\n","protected":false},"excerpt":{"rendered":"<p>Cartilla Pedag\u00f3gica Educaci\u00f3n Integral de la Sexualidad 10 mo y 11 vo Grado de Educaci\u00f3n Secundaria 8<\/p>\n","protected":false},"featured_media":5084,"template":"","meta":[],"product_cat":[212,321,364,91,151,82],"product_tag":[363,78],"class_list":["post-4083","product","type-product","status-publish","has-post-thumbnail","hentry","product_cat-cartillas","product_cat-consejeria-de-las-comunidades-educativas","product_cat-consejerias-de-las-comunidades-educativas","product_cat-decimo-grado","product_cat-onceavo-grado","product_cat-secundaria","product_tag-consejeria-de-las-comunidades-educativas","product_tag-secundaria"],"_links":{"self":[{"href":"https:\/\/www.mined.gob.ni\/biblioteca\/wp-json\/wp\/v2\/product\/4083","targetHints":{"allow":["GET"]}}],"collection":[{"href":"https:\/\/www.mined.gob.ni\/biblioteca\/wp-json\/wp\/v2\/product"}],"about":[{"href":"https:\/\/www.mined.gob.ni\/biblioteca\/wp-json\/wp\/v2\/types\/product"}],"version-history":[{"count":2,"href":"https:\/\/www.mined.gob.ni\/biblioteca\/wp-json\/wp\/v2\/product\/4083\/revisions"}],"predecessor-version":[{"id":5085,"href":"https:\/\/www.mined.gob.ni\/biblioteca\/wp-json\/wp\/v2\/product\/4083\/revisions\/5085"}],"wp:featuredmedia":[{"embeddable":true,"href":"https:\/\/www.mined.gob.ni\/biblioteca\/wp-json\/wp\/v2\/media\/5084"}],"wp:attachment":[{"href":"https:\/\/www.mined.gob.ni\/biblioteca\/wp-json\/wp\/v2\/media?parent=4083"}],"wp:term":[{"taxonomy":"product_cat","embeddable":true,"href":"https:\/\/www.mined.gob.ni\/biblioteca\/wp-json\/wp\/v2\/product_cat?post=4083"},{"taxonomy":"product_tag","embeddable":true,"href":"https:\/\/www.mined.gob.ni\/biblioteca\/wp-json\/wp\/v2\/product_tag?post=4083"}],"curies":[{"name":"wp","href":"https:\/\/api.w.org\/{rel}","templated":true}]}}