{"id":6850,"date":"2025-10-31T20:48:46","date_gmt":"2025-10-31T19:48:46","guid":{"rendered":"https:\/\/www.mined.gob.ni\/biblioteca\/?post_type=product&#038;p=6850"},"modified":"2025-10-31T20:53:29","modified_gmt":"2025-10-31T19:53:29","slug":"ensayos-historicos-y-culturales-volumen-iii","status":"publish","type":"product","link":"https:\/\/www.mined.gob.ni\/biblioteca\/product\/ensayos-historicos-y-culturales-volumen-iii\/","title":{"rendered":"Ensayos Hist\u00f3ricos y Culturales Volumen-III"},"content":{"rendered":"<div class=\"_3d-flip-book  fb3d-fullscreen-mode full-size\" data-id=\"6848\" data-mode=\"fullscreen\" data-title=\"false\" data-template=\"short-white-book-view\" data-lightbox=\"dark\" data-urlparam=\"fb3d-page\" data-page-n=\"0\" data-pdf=\"\" data-tax=\"null\" data-thumbnail=\"\" data-cols=\"3\" data-query=\"\"><\/div><script type=\"text\/javascript\">window.FB3D_CLIENT_DATA = window.FB3D_CLIENT_DATA || [];window.FB3D_CLIENT_DATA.push('eyJwb3N0cyI6eyI2ODQ4Ijp7IklEIjo2ODQ4LCJ0aXRsZSI6IkVuc2F5b3MgaGlzdFx1MDBmM3JpY29zIHkgY3VsdHVyYWxlcyB2b2x1bWVuLUlJSSIsInR5cGUiOiJwZGYiLCJyZWFkeV9mdW5jdGlvbiI6IiIsImJvb2tfc3R5bGUiOiJmbGF0IiwiZGF0YSI6eyJwb3N0X0lEIjoiNjg0OSIsImd1aWQiOiJodHRwczpcL1wvd3d3Lm1pbmVkLmdvYi5uaVwvYmlibGlvdGVjYVwvd3AtY29udGVudFwvdXBsb2Fkc1wvMjAyNVwvMTBcL0VESVRfRW5zYXlvcy1oaXN0b3JpY29zLXktY3VsdHVyYWxlcy12b2x1bWVuLUlJSS5wZGYiLCJwZGZfcGFnZXMiOiIyMDAiLCJwYWdlc19jdXN0b21pemF0aW9uIjoibm9uZSJ9LCJ0aHVtYm5haWwiOnsiZGF0YSI6eyJwb3N0X0lEIjoiMCJ9LCJ0eXBlIjoiYXV0byJ9LCJwcm9wcyI6eyJjYWNoZWRQYWdlcyI6ImF1dG8iLCJyZW5kZXJJbmFjdGl2ZVBhZ2VzIjoiYXV0byIsInJlbmRlckluYWN0aXZlUGFnZXNPbk1vYmlsZSI6ImF1dG8iLCJyZW5kZXJXaGlsZUZsaXBwaW5nIjoiYXV0byIsInByZWxvYWRQYWdlcyI6ImF1dG8iLCJydGwiOiJhdXRvIiwiaW50ZXJhY3RpdmVDb3JuZXJzIjoiYXV0byIsInNoZWV0Ijp7InN0YXJ0VmVsb2NpdHkiOiJhdXRvIiwid2F2ZSI6ImF1dG8iLCJzaGFwZSI6ImF1dG8iLCJ3aWR0aFRleGVscyI6ImF1dG8iLCJjb2xvciI6ImF1dG8iLCJzaWRlIjoiYXV0byIsImNvcm5lckRldmlhdGlvbiI6ImF1dG8iLCJmbGV4aWJpbGl0eSI6ImF1dG8iLCJmbGV4aWJsZUNvcm5lciI6ImF1dG8iLCJiZW5kaW5nIjoiYXV0byIsImhlaWdodFRleGVscyI6ImF1dG8ifSwiY292ZXIiOnsid2F2ZSI6ImF1dG8iLCJjb2xvciI6ImF1dG8iLCJiaW5kZXJUZXh0dXJlIjoiYXV0byIsImRlcHRoIjoiYXV0byIsInBhZGRpbmciOiJhdXRvIiwic3RhcnRWZWxvY2l0eSI6ImF1dG8iLCJmbGV4aWJpbGl0eSI6ImF1dG8iLCJmbGV4aWJsZUNvcm5lciI6ImF1dG8iLCJiZW5kaW5nIjoiYXV0byIsIndpZHRoVGV4ZWxzIjoiYXV0byIsImhlaWdodFRleGVscyI6ImF1dG8iLCJtYXNzIjoiYXV0byIsInNpZGUiOiJhdXRvIiwic2hhcGUiOiJhdXRvIn0sInBhZ2UiOnsid2F2ZSI6ImF1dG8iLCJjb2xvciI6ImF1dG8iLCJkZXB0aCI6ImF1dG8iLCJzdGFydFZlbG9jaXR5IjoiYXV0byIsImZsZXhpYmlsaXR5IjoiYXV0byIsImZsZXhpYmxlQ29ybmVyIjoiYXV0byIsImJlbmRpbmciOiJhdXRvIiwid2lkdGhUZXhlbHMiOiJhdXRvIiwiaGVpZ2h0VGV4ZWxzIjoiYXV0byIsIm1hc3MiOiJhdXRvIiwic2lkZSI6ImF1dG8iLCJzaGFwZSI6ImF1dG8ifSwiaGVpZ2h0IjoiYXV0byIsIndpZHRoIjoiYXV0byIsImdyYXZpdHkiOiJhdXRvIiwicGFnZXNGb3JQcmVkaWN0aW5nIjoiYXV0byJ9LCJjb250cm9sUHJvcHMiOnsiYWN0aW9ucyI6eyJjbWRTYXZlIjp7ImVuYWJsZWQiOiJhdXRvIiwiZW5hYmxlZEluTmFycm93IjoiYXV0byJ9LCJjbWRQcmludCI6eyJlbmFibGVkIjoiYXV0byIsImVuYWJsZWRJbk5hcnJvdyI6ImF1dG8ifSwiY21kU2luZ2xlUGFnZSI6eyJlbmFibGVkIjoiYXV0byIsImVuYWJsZWRJbk5hcnJvdyI6ImF1dG8iLCJhY3RpdmUiOiJhdXRvIiwiYWN0aXZlRm9yTW9iaWxlIjoiYXV0byJ9fX0sImF1dG9UaHVtYm5haWwiOiJodHRwczpcL1wvd3d3Lm1pbmVkLmdvYi5uaVwvYmlibGlvdGVjYVwvd3AtY29udGVudFwvdXBsb2Fkc1wvM2QtZmxpcC1ib29rXC9hdXRvLXRodW1ibmFpbHNcLzY4NDgucG5nIiwicG9zdF9uYW1lIjoiZW5zYXlvcy1oaXN0b3JpY29zLXktY3VsdHVyYWxlcy12b2x1bWVuLWlpaSIsInBvc3RfdHlwZSI6IjNkLWZsaXAtYm9vayJ9fSwicGFnZXMiOltdLCJmaXJzdFBhZ2VzIjpbXX0=');window.FB3D_CLIENT_LOCALE && window.FB3D_CLIENT_LOCALE.render();<\/script>\n","protected":false},"excerpt":{"rendered":"<p>Presentaci\u00f3n<br \/>\nEsta vez la comunidad educativa recibe el tercer volumen de Ensayos hist\u00f3ricos y culturales, por primera vez se da a conocer el trabajo cultural investigativo de don Salvador Cardenal Arg\u00fcello: el texto de su \u00e1lbum recopilatorio NICARAGUA: M\u00daSICA Y CANTO. En el cap\u00edtulo P\u00e1ginas de suerte, encontrar\u00e1n entrevistas con personajes que han entregado su talento para enaltecer nuestra Patria: Diamantina Mercado conocida como Diamante, descubri\u00f3 la danza ancestral de los Zompopos de la Isla de Ometepe, cre\u00f3 un montaje coreogr\u00e1fico y la proyect\u00f3 a nivel nacional, actualmente esta danza es parte de la identidad rivense, una leyenda en el arte es don Justo Castillo (q.e.p.d), le dio vida y movimiento con el cimbrar de su marimba al baile tradicional El Viejo y La Vieja de la ciudad de Diriamba, fue un \u201chacedor\u201d de marimbas, tanto en su modalidad crom\u00e1tica como diat\u00f3nica. Otro personaje es la Profesora Mar\u00eda Berr\u00edos Mayorga (q.e.p.d), autora de los libros Juegos Nicarag\u00fcenses de Ayer y de Hoy y la Adivinanza en Nicaragua.<\/p>\n<p>Recordaremos al poeta e investigador cultural Francisco P\u00e9rez Estrada, sus palabras sin ambages, evoca sus experiencias como investigador de nuestras ra\u00edces, nos revela la importancia de preservar y estudiar a fondo El G\u00fceg\u00fcense una obra primigenia de nuestra literatura cuya sinergia incrementa la acci\u00f3n cultural.<\/p>\n<p>El libro Ensayos Hist\u00f3ricos y Culturales volumen III, contiene la vida y obra del escultor del arte sacro Jorge Norori de San Jos\u00e9 de Masatepe, tambi\u00e9n a las hermanas Martha y F\u00e1tima Toribio, herederas de la tradici\u00f3n del Torovenado del Malinche, el teatro callejero m\u00e1s destacado del barrio de Monimb\u00f3, hoy recorre los departamentos de Nicaragua convertido en un estandarte del folklore de Masaya.<br \/>\nEsta vez la Pluma invitada es la del Dariano Guillermo Flores con su trabajo Rub\u00e9n Dar\u00edo y sus detalles personales, datos curiosos y desconocidos del Poeta Rub\u00e9n. As\u00ed mismo las tradiciones decembrinas, objeto de estos ensayos culturales, tanto la Griter\u00eda y las Pastorelas, con cantos, comidas, bebidas, pases y bailes.<\/p>\n<p>El libro, contiene una recopilaci\u00f3n ling\u00fc\u00edstica: palabras N\u00e1huatl, Sutiavas, Matagalpas, Miskitas, Mayagnas, Ramas, Guatusos, entre otras lenguas. Son palabras que forman parte de nuestra identidad, de nuestra historia, flora y fauna. Son nombres aut\u00f3ctonos, que se mantienen hasta nuestros d\u00edas y que forman parte de nuestra vida cotidiana, como salidas de un huacal ancestral. Con ellas subimos a los cerros, a los volcanes, nadamos en las lagunas, paseamos por nuestros caser\u00edos, pueblos y ciudades. Nuestra habla es historia, cada nombre<br \/>\nnos conduce a un estudio que revela or\u00edgenes y acontecimientos.<\/p>\n<p>Este trabajo es resultado de una labor recopilatoria del profesor y promotor cultural Wilmor L\u00f3pez, quien seleccion\u00f3 a especialistas en ling\u00fc\u00edstica, como Carlos M\u00e1ntica, Alfonso Valle, Alejandro D\u00e1vila Bola\u00f1os, Fernando Silva, Jaime Incer Barquero, Bayardo G\u00e1mez y Eddy K\u00fchl, para poner a disposici\u00f3n de toda la comunidad educativa, la historia y significado de nuestras toponimias. Desde la Direcci\u00f3n de Educaci\u00f3n Art\u00edstica y Cultural, el Ministerio de Educaci\u00f3n se afianza en la formaci\u00f3n profesional de la Comunidad Educativa, sean bienvenidos todos y todas a navegar por el mar del aprendizaje, \u00a1\u00a1\u00a1SIEMPRE M\u00c1S ALL\u00c1, AVANZANDO EN LA REVOLUCI\u00d3N!!!<\/p>\n<p>Ministerio de Educaci\u00f3n 2025<\/p>\n","protected":false},"featured_media":6851,"template":"","meta":[],"product_cat":[169],"product_tag":[447],"class_list":["post-6850","product","type-product","status-publish","has-post-thumbnail","hentry","product_cat-oficina-de-educacion-artisitica-y-cultural","product_tag-ensayos-historicos-y-culturales-volumen-iii"],"_links":{"self":[{"href":"https:\/\/www.mined.gob.ni\/biblioteca\/wp-json\/wp\/v2\/product\/6850","targetHints":{"allow":["GET"]}}],"collection":[{"href":"https:\/\/www.mined.gob.ni\/biblioteca\/wp-json\/wp\/v2\/product"}],"about":[{"href":"https:\/\/www.mined.gob.ni\/biblioteca\/wp-json\/wp\/v2\/types\/product"}],"version-history":[{"count":2,"href":"https:\/\/www.mined.gob.ni\/biblioteca\/wp-json\/wp\/v2\/product\/6850\/revisions"}],"predecessor-version":[{"id":6853,"href":"https:\/\/www.mined.gob.ni\/biblioteca\/wp-json\/wp\/v2\/product\/6850\/revisions\/6853"}],"wp:featuredmedia":[{"embeddable":true,"href":"https:\/\/www.mined.gob.ni\/biblioteca\/wp-json\/wp\/v2\/media\/6851"}],"wp:attachment":[{"href":"https:\/\/www.mined.gob.ni\/biblioteca\/wp-json\/wp\/v2\/media?parent=6850"}],"wp:term":[{"taxonomy":"product_cat","embeddable":true,"href":"https:\/\/www.mined.gob.ni\/biblioteca\/wp-json\/wp\/v2\/product_cat?post=6850"},{"taxonomy":"product_tag","embeddable":true,"href":"https:\/\/www.mined.gob.ni\/biblioteca\/wp-json\/wp\/v2\/product_tag?post=6850"}],"curies":[{"name":"wp","href":"https:\/\/api.w.org\/{rel}","templated":true}]}}