{"id":6960,"date":"2025-11-13T20:00:14","date_gmt":"2025-11-13T19:00:14","guid":{"rendered":"https:\/\/www.mined.gob.ni\/biblioteca\/?post_type=product&#038;p=6960"},"modified":"2025-11-13T20:00:15","modified_gmt":"2025-11-13T19:00:15","slug":"protocolo-de-interaccion-de-maestras-maestros-y-educadoras-comunitarias-con-las-familias-de-ninas-y-ninos-de-educacion-inicial","status":"publish","type":"product","link":"https:\/\/www.mined.gob.ni\/biblioteca\/product\/protocolo-de-interaccion-de-maestras-maestros-y-educadoras-comunitarias-con-las-familias-de-ninas-y-ninos-de-educacion-inicial\/","title":{"rendered":"Protocolo de Interacci\u00f3n de Maestras, Maestros y Educadoras Comunitarias con las Familias de ni\u00f1as y ni\u00f1os de Educaci\u00f3n Inicial"},"content":{"rendered":"<div class=\"_3d-flip-book  fb3d-fullscreen-mode full-size\" data-id=\"6958\" data-mode=\"fullscreen\" data-title=\"false\" data-template=\"short-white-book-view\" data-lightbox=\"dark\" data-urlparam=\"fb3d-page\" data-page-n=\"0\" data-pdf=\"\" data-tax=\"null\" data-thumbnail=\"\" data-cols=\"3\" data-query=\"\"><\/div><script type=\"text\/javascript\">window.FB3D_CLIENT_DATA = window.FB3D_CLIENT_DATA || [];window.FB3D_CLIENT_DATA.push('eyJwb3N0cyI6eyI2OTU4Ijp7IklEIjo2OTU4LCJ0aXRsZSI6IlByb3RvY29sbyBkZSBJbnRlcmFjY2lcdTAwZjNuIGRlIE1hZXN0cmFzLCBNYWVzdHJvcyB5IEVkdWNhZG9yYXMgQ29tdW5pdGFyaWFzIGNvbiBsYXMgRmFtaWxpYXMgZGUgbmlcdTAwZjFhcyB5IG5pXHUwMGYxb3MgZGUgRWR1Y2FjaVx1MDBmM24gSW5pY2lhbCIsInR5cGUiOiJwZGYiLCJyZWFkeV9mdW5jdGlvbiI6IiIsImJvb2tfc3R5bGUiOiJmbGF0IiwiZGF0YSI6eyJwb3N0X0lEIjoiNjk1OSIsImd1aWQiOiJodHRwczpcL1wvd3d3Lm1pbmVkLmdvYi5uaVwvYmlibGlvdGVjYVwvd3AtY29udGVudFwvdXBsb2Fkc1wvMjAyNVwvMTFcL1Byb3RvY29sby1kZS1JbnRlcmFjY2lvbi1kZS1NYWVzdHJhcy1jb24tbGFzLUZhbWlsaWFzLTIwMjUtMS5wZGYiLCJwZGZfcGFnZXMiOiIxNiIsInBhZ2VzX2N1c3RvbWl6YXRpb24iOiJub25lIn0sInRodW1ibmFpbCI6eyJkYXRhIjp7InBvc3RfSUQiOiIwIn0sInR5cGUiOiJhdXRvIn0sInByb3BzIjp7ImNhY2hlZFBhZ2VzIjoiYXV0byIsInJlbmRlckluYWN0aXZlUGFnZXMiOiJhdXRvIiwicmVuZGVySW5hY3RpdmVQYWdlc09uTW9iaWxlIjoiYXV0byIsInJlbmRlcldoaWxlRmxpcHBpbmciOiJhdXRvIiwicHJlbG9hZFBhZ2VzIjoiYXV0byIsInJ0bCI6ImF1dG8iLCJpbnRlcmFjdGl2ZUNvcm5lcnMiOiJhdXRvIiwic2hlZXQiOnsic3RhcnRWZWxvY2l0eSI6ImF1dG8iLCJ3YXZlIjoiYXV0byIsInNoYXBlIjoiYXV0byIsIndpZHRoVGV4ZWxzIjoiYXV0byIsImNvbG9yIjoiYXV0byIsInNpZGUiOiJhdXRvIiwiY29ybmVyRGV2aWF0aW9uIjoiYXV0byIsImZsZXhpYmlsaXR5IjoiYXV0byIsImZsZXhpYmxlQ29ybmVyIjoiYXV0byIsImJlbmRpbmciOiJhdXRvIiwiaGVpZ2h0VGV4ZWxzIjoiYXV0byJ9LCJjb3ZlciI6eyJ3YXZlIjoiYXV0byIsImNvbG9yIjoiYXV0byIsImJpbmRlclRleHR1cmUiOiJhdXRvIiwiZGVwdGgiOiJhdXRvIiwicGFkZGluZyI6ImF1dG8iLCJzdGFydFZlbG9jaXR5IjoiYXV0byIsImZsZXhpYmlsaXR5IjoiYXV0byIsImZsZXhpYmxlQ29ybmVyIjoiYXV0byIsImJlbmRpbmciOiJhdXRvIiwid2lkdGhUZXhlbHMiOiJhdXRvIiwiaGVpZ2h0VGV4ZWxzIjoiYXV0byIsIm1hc3MiOiJhdXRvIiwic2lkZSI6ImF1dG8iLCJzaGFwZSI6ImF1dG8ifSwicGFnZSI6eyJ3YXZlIjoiYXV0byIsImNvbG9yIjoiYXV0byIsImRlcHRoIjoiYXV0byIsInN0YXJ0VmVsb2NpdHkiOiJhdXRvIiwiZmxleGliaWxpdHkiOiJhdXRvIiwiZmxleGlibGVDb3JuZXIiOiJhdXRvIiwiYmVuZGluZyI6ImF1dG8iLCJ3aWR0aFRleGVscyI6ImF1dG8iLCJoZWlnaHRUZXhlbHMiOiJhdXRvIiwibWFzcyI6ImF1dG8iLCJzaWRlIjoiYXV0byIsInNoYXBlIjoiYXV0byJ9LCJoZWlnaHQiOiJhdXRvIiwid2lkdGgiOiJhdXRvIiwiZ3Jhdml0eSI6ImF1dG8iLCJwYWdlc0ZvclByZWRpY3RpbmciOiJhdXRvIn0sImNvbnRyb2xQcm9wcyI6eyJhY3Rpb25zIjp7ImNtZFNhdmUiOnsiZW5hYmxlZCI6ImF1dG8iLCJlbmFibGVkSW5OYXJyb3ciOiJhdXRvIn0sImNtZFByaW50Ijp7ImVuYWJsZWQiOiJhdXRvIiwiZW5hYmxlZEluTmFycm93IjoiYXV0byJ9LCJjbWRTaW5nbGVQYWdlIjp7ImVuYWJsZWQiOiJhdXRvIiwiZW5hYmxlZEluTmFycm93IjoiYXV0byIsImFjdGl2ZSI6ImF1dG8iLCJhY3RpdmVGb3JNb2JpbGUiOiJhdXRvIn19fSwiYXV0b1RodW1ibmFpbCI6Imh0dHBzOlwvXC93d3cubWluZWQuZ29iLm5pXC9iaWJsaW90ZWNhXC93cC1jb250ZW50XC91cGxvYWRzXC8zZC1mbGlwLWJvb2tcL2F1dG8tdGh1bWJuYWlsc1wvNjk1OC5wbmciLCJwb3N0X25hbWUiOiJwcm90b2NvbG8tZGUtaW50ZXJhY2Npb24tZGUtbWFlc3RyYXMtbWFlc3Ryb3MteS1lZHVjYWRvcmFzLWNvbXVuaXRhcmlhcy1jb24tbGFzLWZhbWlsaWFzLWRlLW5pbmFzLXktbmlub3MtZGUtZWR1Y2FjaW9uLWluaWNpYWwiLCJwb3N0X3R5cGUiOiIzZC1mbGlwLWJvb2sifX0sInBhZ2VzIjpbXSwiZmlyc3RQYWdlcyI6W119');window.FB3D_CLIENT_LOCALE && window.FB3D_CLIENT_LOCALE.render();<\/script>\n","protected":false},"excerpt":{"rendered":"<p>Protocolo de Interacci\u00f3n de Maestras, Maestros y Educadoras Comunitarias con las Familias de ni\u00f1as y ni\u00f1os de Educaci\u00f3n Inicial<\/p>\n","protected":false},"featured_media":6961,"template":"","meta":[],"product_cat":[448,99],"product_tag":[184],"class_list":["post-6960","product","type-product","status-publish","has-post-thumbnail","hentry","product_cat-educacion-inicial","product_cat-preescolar","product_tag-educacion-inicial"],"_links":{"self":[{"href":"https:\/\/www.mined.gob.ni\/biblioteca\/wp-json\/wp\/v2\/product\/6960","targetHints":{"allow":["GET"]}}],"collection":[{"href":"https:\/\/www.mined.gob.ni\/biblioteca\/wp-json\/wp\/v2\/product"}],"about":[{"href":"https:\/\/www.mined.gob.ni\/biblioteca\/wp-json\/wp\/v2\/types\/product"}],"version-history":[{"count":2,"href":"https:\/\/www.mined.gob.ni\/biblioteca\/wp-json\/wp\/v2\/product\/6960\/revisions"}],"predecessor-version":[{"id":6963,"href":"https:\/\/www.mined.gob.ni\/biblioteca\/wp-json\/wp\/v2\/product\/6960\/revisions\/6963"}],"wp:featuredmedia":[{"embeddable":true,"href":"https:\/\/www.mined.gob.ni\/biblioteca\/wp-json\/wp\/v2\/media\/6961"}],"wp:attachment":[{"href":"https:\/\/www.mined.gob.ni\/biblioteca\/wp-json\/wp\/v2\/media?parent=6960"}],"wp:term":[{"taxonomy":"product_cat","embeddable":true,"href":"https:\/\/www.mined.gob.ni\/biblioteca\/wp-json\/wp\/v2\/product_cat?post=6960"},{"taxonomy":"product_tag","embeddable":true,"href":"https:\/\/www.mined.gob.ni\/biblioteca\/wp-json\/wp\/v2\/product_tag?post=6960"}],"curies":[{"name":"wp","href":"https:\/\/api.w.org\/{rel}","templated":true}]}}