{"id":6972,"date":"2025-11-13T20:04:44","date_gmt":"2025-11-13T19:04:44","guid":{"rendered":"https:\/\/www.mined.gob.ni\/biblioteca\/?post_type=product&#038;p=6972"},"modified":"2025-11-13T20:04:45","modified_gmt":"2025-11-13T19:04:45","slug":"normas-criterios-y-parametros-para-la-planificacion-diseno-y-construccion-de-espacios-educativos-y-edificios-publicos-educativos-epe","status":"publish","type":"product","link":"https:\/\/www.mined.gob.ni\/biblioteca\/product\/normas-criterios-y-parametros-para-la-planificacion-diseno-y-construccion-de-espacios-educativos-y-edificios-publicos-educativos-epe\/","title":{"rendered":"NORMAS, CRITERIOS Y PAR\u00c1METROS PARA LA PLANIFICACI\u00d3N, DISE\u00d1O Y CONSTRUCCI\u00d3N DE ESPACIOS EDUCATIVOS Y EDIFICIOS P\u00daBLICOS EDUCATIVOS (EPE)"},"content":{"rendered":"<div class=\"_3d-flip-book  fb3d-fullscreen-mode full-size\" data-id=\"6970\" data-mode=\"fullscreen\" data-title=\"false\" data-template=\"short-white-book-view\" data-lightbox=\"dark\" data-urlparam=\"fb3d-page\" data-page-n=\"0\" data-pdf=\"\" data-tax=\"null\" data-thumbnail=\"\" data-cols=\"3\" data-query=\"\"><\/div><script type=\"text\/javascript\">window.FB3D_CLIENT_DATA = window.FB3D_CLIENT_DATA || [];window.FB3D_CLIENT_DATA.push('eyJwb3N0cyI6eyI2OTcwIjp7IklEIjo2OTcwLCJ0aXRsZSI6Ik5PUk1BUywgQ1JJVEVSSU9TIFkgUEFSXHUwMGMxTUVUUk9TIFBBUkEgTEEgUExBTklGSUNBQ0lcdTAwZDNOLCBESVNFXHUwMGQxTyBZIENPTlNUUlVDQ0lcdTAwZDNOIERFIEVTUEFDSU9TIEVEVUNBVElWT1MgWSBFRElGSUNJT1MgUFx1MDBkYUJMSUNPUyBFRFVDQVRJVk9TIChFUEUpIiwidHlwZSI6InBkZiIsInJlYWR5X2Z1bmN0aW9uIjoiIiwiYm9va19zdHlsZSI6ImZsYXQiLCJkYXRhIjp7InBvc3RfSUQiOiI2OTcxIiwiZ3VpZCI6Imh0dHBzOlwvXC93d3cubWluZWQuZ29iLm5pXC9iaWJsaW90ZWNhXC93cC1jb250ZW50XC91cGxvYWRzXC8yMDI1XC8xMVwvMi4yLU5vcm1hcy1Dcml0ZXJpb3MteS1QYXJhbWV0cm9zLnBkZiIsInBkZl9wYWdlcyI6IjEyMiIsInBhZ2VzX2N1c3RvbWl6YXRpb24iOiJub25lIn0sInRodW1ibmFpbCI6eyJkYXRhIjp7InBvc3RfSUQiOiIwIn0sInR5cGUiOiJhdXRvIn0sInByb3BzIjp7ImNhY2hlZFBhZ2VzIjoiYXV0byIsInJlbmRlckluYWN0aXZlUGFnZXMiOiJhdXRvIiwicmVuZGVySW5hY3RpdmVQYWdlc09uTW9iaWxlIjoiYXV0byIsInJlbmRlcldoaWxlRmxpcHBpbmciOiJhdXRvIiwicHJlbG9hZFBhZ2VzIjoiYXV0byIsInJ0bCI6ImF1dG8iLCJpbnRlcmFjdGl2ZUNvcm5lcnMiOiJhdXRvIiwic2hlZXQiOnsic3RhcnRWZWxvY2l0eSI6ImF1dG8iLCJ3YXZlIjoiYXV0byIsInNoYXBlIjoiYXV0byIsIndpZHRoVGV4ZWxzIjoiYXV0byIsImNvbG9yIjoiYXV0byIsInNpZGUiOiJhdXRvIiwiY29ybmVyRGV2aWF0aW9uIjoiYXV0byIsImZsZXhpYmlsaXR5IjoiYXV0byIsImZsZXhpYmxlQ29ybmVyIjoiYXV0byIsImJlbmRpbmciOiJhdXRvIiwiaGVpZ2h0VGV4ZWxzIjoiYXV0byJ9LCJjb3ZlciI6eyJ3YXZlIjoiYXV0byIsImNvbG9yIjoiYXV0byIsImJpbmRlclRleHR1cmUiOiJhdXRvIiwiZGVwdGgiOiJhdXRvIiwicGFkZGluZyI6ImF1dG8iLCJzdGFydFZlbG9jaXR5IjoiYXV0byIsImZsZXhpYmlsaXR5IjoiYXV0byIsImZsZXhpYmxlQ29ybmVyIjoiYXV0byIsImJlbmRpbmciOiJhdXRvIiwid2lkdGhUZXhlbHMiOiJhdXRvIiwiaGVpZ2h0VGV4ZWxzIjoiYXV0byIsIm1hc3MiOiJhdXRvIiwic2lkZSI6ImF1dG8iLCJzaGFwZSI6ImF1dG8ifSwicGFnZSI6eyJ3YXZlIjoiYXV0byIsImNvbG9yIjoiYXV0byIsImRlcHRoIjoiYXV0byIsInN0YXJ0VmVsb2NpdHkiOiJhdXRvIiwiZmxleGliaWxpdHkiOiJhdXRvIiwiZmxleGlibGVDb3JuZXIiOiJhdXRvIiwiYmVuZGluZyI6ImF1dG8iLCJ3aWR0aFRleGVscyI6ImF1dG8iLCJoZWlnaHRUZXhlbHMiOiJhdXRvIiwibWFzcyI6ImF1dG8iLCJzaWRlIjoiYXV0byIsInNoYXBlIjoiYXV0byJ9LCJoZWlnaHQiOiJhdXRvIiwid2lkdGgiOiJhdXRvIiwiZ3Jhdml0eSI6ImF1dG8iLCJwYWdlc0ZvclByZWRpY3RpbmciOiJhdXRvIn0sImNvbnRyb2xQcm9wcyI6eyJhY3Rpb25zIjp7ImNtZFNhdmUiOnsiZW5hYmxlZCI6ImF1dG8iLCJlbmFibGVkSW5OYXJyb3ciOiJhdXRvIn0sImNtZFByaW50Ijp7ImVuYWJsZWQiOiJhdXRvIiwiZW5hYmxlZEluTmFycm93IjoiYXV0byJ9LCJjbWRTaW5nbGVQYWdlIjp7ImVuYWJsZWQiOiJhdXRvIiwiZW5hYmxlZEluTmFycm93IjoiYXV0byIsImFjdGl2ZSI6ImF1dG8iLCJhY3RpdmVGb3JNb2JpbGUiOiJhdXRvIn19fSwiYXV0b1RodW1ibmFpbCI6Imh0dHBzOlwvXC93d3cubWluZWQuZ29iLm5pXC9iaWJsaW90ZWNhXC93cC1jb250ZW50XC91cGxvYWRzXC8zZC1mbGlwLWJvb2tcL2F1dG8tdGh1bWJuYWlsc1wvNjk3MC5wbmciLCJwb3N0X25hbWUiOiJub3JtYXMtY3JpdGVyaW9zLXktcGFyYW1ldHJvcy1wYXJhLWxhLXBsYW5pZmljYWNpb24tZGlzZW5vLXktY29uc3RydWNjaW9uLWRlLWVzcGFjaW9zLWVkdWNhdGl2b3MteS1lZGlmaWNpb3MtcHVibGljb3MtZWR1Y2F0aXZvcy1lcGUiLCJwb3N0X3R5cGUiOiIzZC1mbGlwLWJvb2sifX0sInBhZ2VzIjpbXSwiZmlyc3RQYWdlcyI6W119');window.FB3D_CLIENT_LOCALE && window.FB3D_CLIENT_LOCALE.render();<\/script>\n","protected":false},"excerpt":{"rendered":"","protected":false},"featured_media":6973,"template":"","meta":[],"product_cat":[448,99],"product_tag":[184],"class_list":["post-6972","product","type-product","status-publish","has-post-thumbnail","hentry","product_cat-educacion-inicial","product_cat-preescolar","product_tag-educacion-inicial"],"_links":{"self":[{"href":"https:\/\/www.mined.gob.ni\/biblioteca\/wp-json\/wp\/v2\/product\/6972","targetHints":{"allow":["GET"]}}],"collection":[{"href":"https:\/\/www.mined.gob.ni\/biblioteca\/wp-json\/wp\/v2\/product"}],"about":[{"href":"https:\/\/www.mined.gob.ni\/biblioteca\/wp-json\/wp\/v2\/types\/product"}],"version-history":[{"count":1,"href":"https:\/\/www.mined.gob.ni\/biblioteca\/wp-json\/wp\/v2\/product\/6972\/revisions"}],"predecessor-version":[{"id":6974,"href":"https:\/\/www.mined.gob.ni\/biblioteca\/wp-json\/wp\/v2\/product\/6972\/revisions\/6974"}],"wp:featuredmedia":[{"embeddable":true,"href":"https:\/\/www.mined.gob.ni\/biblioteca\/wp-json\/wp\/v2\/media\/6973"}],"wp:attachment":[{"href":"https:\/\/www.mined.gob.ni\/biblioteca\/wp-json\/wp\/v2\/media?parent=6972"}],"wp:term":[{"taxonomy":"product_cat","embeddable":true,"href":"https:\/\/www.mined.gob.ni\/biblioteca\/wp-json\/wp\/v2\/product_cat?post=6972"},{"taxonomy":"product_tag","embeddable":true,"href":"https:\/\/www.mined.gob.ni\/biblioteca\/wp-json\/wp\/v2\/product_tag?post=6972"}],"curies":[{"name":"wp","href":"https:\/\/api.w.org\/{rel}","templated":true}]}}