{"id":7036,"date":"2025-11-20T16:51:55","date_gmt":"2025-11-20T15:51:55","guid":{"rendered":"https:\/\/www.mined.gob.ni\/biblioteca\/?post_type=product&#038;p=7036"},"modified":"2025-11-24T23:54:30","modified_gmt":"2025-11-24T22:54:30","slug":"guia-metodologica-matematica-5to-grado-2025","status":"publish","type":"product","link":"https:\/\/www.mined.gob.ni\/biblioteca\/product\/guia-metodologica-matematica-5to-grado-2025\/","title":{"rendered":"Gu\u00eda Metodol\u00f3gica Matem\u00e1tica 5to Grado 2025"},"content":{"rendered":"<div class=\"_3d-flip-book  fb3d-fullscreen-mode full-size\" data-id=\"7037\" data-mode=\"fullscreen\" data-title=\"false\" data-template=\"short-white-book-view\" data-lightbox=\"dark\" data-urlparam=\"fb3d-page\" data-page-n=\"0\" data-pdf=\"\" data-tax=\"null\" data-thumbnail=\"\" data-cols=\"3\" data-query=\"\"><\/div><script type=\"text\/javascript\">window.FB3D_CLIENT_DATA = window.FB3D_CLIENT_DATA || [];window.FB3D_CLIENT_DATA.push('eyJwb3N0cyI6eyI3MDM3Ijp7IklEIjo3MDM3LCJ0aXRsZSI6Ikd1XHUwMGVkYSBNZXRvZG9sXHUwMGYzZ2ljYSBNYXRlbVx1MDBlMXRpY2EgNXRvIEdyYWRvIDIwMjUiLCJ0eXBlIjoicGRmIiwicmVhZHlfZnVuY3Rpb24iOiIiLCJib29rX3N0eWxlIjoiZmxhdCIsImRhdGEiOnsicG9zdF9JRCI6IjcwNDIiLCJndWlkIjoiaHR0cHM6XC9cL3d3dy5taW5lZC5nb2IubmlcL2JpYmxpb3RlY2FcL3dwLWNvbnRlbnRcL3VwbG9hZHNcLzIwMjVcLzExXC9HdWlhLU1ldG9kb2xvZ2ljYS1NYXRlbWF0aWNhXzV0by1HcmFkb18yMDI1MTAyNy0xLnBkZiIsInBkZl9wYWdlcyI6IjI1NiIsInBhZ2VzX2N1c3RvbWl6YXRpb24iOiJub25lIn0sInRodW1ibmFpbCI6eyJkYXRhIjp7InBvc3RfSUQiOiIwIn0sInR5cGUiOiJhdXRvIn0sInByb3BzIjp7ImNhY2hlZFBhZ2VzIjoiYXV0byIsInJlbmRlckluYWN0aXZlUGFnZXMiOiJhdXRvIiwicmVuZGVySW5hY3RpdmVQYWdlc09uTW9iaWxlIjoiYXV0byIsInJlbmRlcldoaWxlRmxpcHBpbmciOiJhdXRvIiwicHJlbG9hZFBhZ2VzIjoiYXV0byIsInJ0bCI6ImF1dG8iLCJpbnRlcmFjdGl2ZUNvcm5lcnMiOiJhdXRvIiwic2hlZXQiOnsic3RhcnRWZWxvY2l0eSI6ImF1dG8iLCJ3YXZlIjoiYXV0byIsInNoYXBlIjoiYXV0byIsIndpZHRoVGV4ZWxzIjoiYXV0byIsImNvbG9yIjoiYXV0byIsInNpZGUiOiJhdXRvIiwiY29ybmVyRGV2aWF0aW9uIjoiYXV0byIsImZsZXhpYmlsaXR5IjoiYXV0byIsImZsZXhpYmxlQ29ybmVyIjoiYXV0byIsImJlbmRpbmciOiJhdXRvIiwiaGVpZ2h0VGV4ZWxzIjoiYXV0byJ9LCJjb3ZlciI6eyJ3YXZlIjoiYXV0byIsImNvbG9yIjoiYXV0byIsImJpbmRlclRleHR1cmUiOiJhdXRvIiwiZGVwdGgiOiJhdXRvIiwicGFkZGluZyI6ImF1dG8iLCJzdGFydFZlbG9jaXR5IjoiYXV0byIsImZsZXhpYmlsaXR5IjoiYXV0byIsImZsZXhpYmxlQ29ybmVyIjoiYXV0byIsImJlbmRpbmciOiJhdXRvIiwid2lkdGhUZXhlbHMiOiJhdXRvIiwiaGVpZ2h0VGV4ZWxzIjoiYXV0byIsIm1hc3MiOiJhdXRvIiwic2lkZSI6ImF1dG8iLCJzaGFwZSI6ImF1dG8ifSwicGFnZSI6eyJ3YXZlIjoiYXV0byIsImNvbG9yIjoiYXV0byIsImRlcHRoIjoiYXV0byIsInN0YXJ0VmVsb2NpdHkiOiJhdXRvIiwiZmxleGliaWxpdHkiOiJhdXRvIiwiZmxleGlibGVDb3JuZXIiOiJhdXRvIiwiYmVuZGluZyI6ImF1dG8iLCJ3aWR0aFRleGVscyI6ImF1dG8iLCJoZWlnaHRUZXhlbHMiOiJhdXRvIiwibWFzcyI6ImF1dG8iLCJzaWRlIjoiYXV0byIsInNoYXBlIjoiYXV0byJ9LCJoZWlnaHQiOiJhdXRvIiwid2lkdGgiOiJhdXRvIiwiZ3Jhdml0eSI6ImF1dG8iLCJwYWdlc0ZvclByZWRpY3RpbmciOiJhdXRvIn0sImNvbnRyb2xQcm9wcyI6eyJhY3Rpb25zIjp7ImNtZFNhdmUiOnsiZW5hYmxlZCI6ImF1dG8iLCJlbmFibGVkSW5OYXJyb3ciOiJhdXRvIn0sImNtZFByaW50Ijp7ImVuYWJsZWQiOiJhdXRvIiwiZW5hYmxlZEluTmFycm93IjoiYXV0byJ9LCJjbWRTaW5nbGVQYWdlIjp7ImVuYWJsZWQiOiJhdXRvIiwiZW5hYmxlZEluTmFycm93IjoiYXV0byIsImFjdGl2ZSI6ImF1dG8iLCJhY3RpdmVGb3JNb2JpbGUiOiJhdXRvIn19fSwiYXV0b1RodW1ibmFpbCI6bnVsbCwicG9zdF9uYW1lIjoiZ3VpYS1tZXRvZG9sb2dpY2EtbWF0ZW1hdGljYS01dG8tZ3JhZG8tMjAyNSIsInBvc3RfdHlwZSI6IjNkLWZsaXAtYm9vayJ9fSwicGFnZXMiOltdLCJmaXJzdFBhZ2VzIjpbXX0=');window.FB3D_CLIENT_LOCALE && window.FB3D_CLIENT_LOCALE.render();<\/script>\n","protected":false},"excerpt":{"rendered":"","protected":false},"featured_media":7039,"template":"","meta":[],"product_cat":[186,403,386,172,174],"product_tag":[450],"class_list":["post-7036","product","type-product","status-publish","has-post-thumbnail","hentry","product_cat-guia","product_cat-guias-metodologica-gm","product_cat-nicamate-2","product_cat-primaria","product_cat-quinto-grado","product_tag-matematica-5to-grado"],"_links":{"self":[{"href":"https:\/\/www.mined.gob.ni\/biblioteca\/wp-json\/wp\/v2\/product\/7036","targetHints":{"allow":["GET"]}}],"collection":[{"href":"https:\/\/www.mined.gob.ni\/biblioteca\/wp-json\/wp\/v2\/product"}],"about":[{"href":"https:\/\/www.mined.gob.ni\/biblioteca\/wp-json\/wp\/v2\/types\/product"}],"version-history":[{"count":2,"href":"https:\/\/www.mined.gob.ni\/biblioteca\/wp-json\/wp\/v2\/product\/7036\/revisions"}],"predecessor-version":[{"id":7043,"href":"https:\/\/www.mined.gob.ni\/biblioteca\/wp-json\/wp\/v2\/product\/7036\/revisions\/7043"}],"wp:featuredmedia":[{"embeddable":true,"href":"https:\/\/www.mined.gob.ni\/biblioteca\/wp-json\/wp\/v2\/media\/7039"}],"wp:attachment":[{"href":"https:\/\/www.mined.gob.ni\/biblioteca\/wp-json\/wp\/v2\/media?parent=7036"}],"wp:term":[{"taxonomy":"product_cat","embeddable":true,"href":"https:\/\/www.mined.gob.ni\/biblioteca\/wp-json\/wp\/v2\/product_cat?post=7036"},{"taxonomy":"product_tag","embeddable":true,"href":"https:\/\/www.mined.gob.ni\/biblioteca\/wp-json\/wp\/v2\/product_tag?post=7036"}],"curies":[{"name":"wp","href":"https:\/\/api.w.org\/{rel}","templated":true}]}}