{"id":7142,"date":"2026-04-22T21:11:24","date_gmt":"2026-04-22T19:11:24","guid":{"rendered":"https:\/\/www.mined.gob.ni\/biblioteca\/?post_type=product&#038;p=7142"},"modified":"2026-04-22T21:11:50","modified_gmt":"2026-04-22T19:11:50","slug":"registros-y-huellas-pedagogicas-transformacion-de-las-escuelas-en-la-ciudad-de-mexico","status":"publish","type":"product","link":"https:\/\/www.mined.gob.ni\/biblioteca\/product\/registros-y-huellas-pedagogicas-transformacion-de-las-escuelas-en-la-ciudad-de-mexico\/","title":{"rendered":"Registros y huellas pedag\u00f3gicas: Transformaci\u00f3n de las escuelas en la Ciudad de M\u00e9xico"},"content":{"rendered":"<p><img fetchpriority=\"high\" decoding=\"async\" class=\"aligncenter wp-image-7144 size-full\" src=\"https:\/\/www.mined.gob.ni\/biblioteca\/wp-content\/uploads\/2026\/04\/Presentacio\ufffdR\ufffdn_Repositoro-scaled.png\" alt=\"\" width=\"2560\" height=\"1440\" srcset=\"https:\/\/www.mined.gob.ni\/biblioteca\/wp-content\/uploads\/2026\/04\/Presentacio\ufffdR\ufffdn_Repositoro-scaled.png 2560w, https:\/\/www.mined.gob.ni\/biblioteca\/wp-content\/uploads\/2026\/04\/Presentacio\ufffdR\ufffdn_Repositoro-470x264.png 470w, https:\/\/www.mined.gob.ni\/biblioteca\/wp-content\/uploads\/2026\/04\/Presentacio\ufffdR\ufffdn_Repositoro-768x432.png 768w, https:\/\/www.mined.gob.ni\/biblioteca\/wp-content\/uploads\/2026\/04\/Presentacio\ufffdR\ufffdn_Repositoro-1536x864.png 1536w, https:\/\/www.mined.gob.ni\/biblioteca\/wp-content\/uploads\/2026\/04\/Presentacio\ufffdR\ufffdn_Repositoro-2048x1152.png 2048w, https:\/\/www.mined.gob.ni\/biblioteca\/wp-content\/uploads\/2026\/04\/Presentacio\ufffdR\ufffdn_Repositoro-570x321.png 570w, https:\/\/www.mined.gob.ni\/biblioteca\/wp-content\/uploads\/2026\/04\/Presentacio\ufffdR\ufffdn_Repositoro-64x36.png 64w\" sizes=\"(max-width: 2560px) 100vw, 2560px\" \/><\/p>\n<p style=\"text-align: center;\">Escanear QR para ver el documento completo.<\/p>\n","protected":false},"excerpt":{"rendered":"<p>Escanear QR para ver el documento completo.<\/p>\n","protected":false},"featured_media":7143,"template":"","meta":[],"product_cat":[96],"product_tag":[463,464,462],"class_list":["post-7142","product","type-product","status-publish","has-post-thumbnail","hentry","product_cat-formacion-docente","product_tag-escuelas","product_tag-mexico","product_tag-transformacion"],"_links":{"self":[{"href":"https:\/\/www.mined.gob.ni\/biblioteca\/wp-json\/wp\/v2\/product\/7142","targetHints":{"allow":["GET"]}}],"collection":[{"href":"https:\/\/www.mined.gob.ni\/biblioteca\/wp-json\/wp\/v2\/product"}],"about":[{"href":"https:\/\/www.mined.gob.ni\/biblioteca\/wp-json\/wp\/v2\/types\/product"}],"version-history":[{"count":3,"href":"https:\/\/www.mined.gob.ni\/biblioteca\/wp-json\/wp\/v2\/product\/7142\/revisions"}],"predecessor-version":[{"id":7147,"href":"https:\/\/www.mined.gob.ni\/biblioteca\/wp-json\/wp\/v2\/product\/7142\/revisions\/7147"}],"wp:featuredmedia":[{"embeddable":true,"href":"https:\/\/www.mined.gob.ni\/biblioteca\/wp-json\/wp\/v2\/media\/7143"}],"wp:attachment":[{"href":"https:\/\/www.mined.gob.ni\/biblioteca\/wp-json\/wp\/v2\/media?parent=7142"}],"wp:term":[{"taxonomy":"product_cat","embeddable":true,"href":"https:\/\/www.mined.gob.ni\/biblioteca\/wp-json\/wp\/v2\/product_cat?post=7142"},{"taxonomy":"product_tag","embeddable":true,"href":"https:\/\/www.mined.gob.ni\/biblioteca\/wp-json\/wp\/v2\/product_tag?post=7142"}],"curies":[{"name":"wp","href":"https:\/\/api.w.org\/{rel}","templated":true}]}}