{"id":1563,"date":"2024-05-23T07:01:49","date_gmt":"2024-05-23T07:01:49","guid":{"rendered":"https:\/\/wordpress.themeholy.com\/eveni\/?page_id=1563"},"modified":"2025-09-15T20:35:58","modified_gmt":"2025-09-15T18:35:58","slug":"home-digital-event-conference","status":"publish","type":"page","link":"https:\/\/www.mined.gob.ni\/fiestas-patrias\/","title":{"rendered":"Inicio"},"content":{"rendered":"\t\t<div data-elementor-type=\"wp-page\" data-elementor-id=\"1563\" class=\"elementor elementor-1563\">\n\t\t\t\t<div class=\"elementor-element elementor-element-73399f3 e-con-full e-flex e-con e-parent\" data-id=\"73399f3\" data-element_type=\"container\">\n\t\t\r\n\t\t<div class=\"elementor-element elementor-element-63d4316 elementor-widget elementor-widget-slider_revolution\" data-id=\"63d4316\" data-element_type=\"widget\" data-widget_type=\"slider_revolution.default\">\n\t\t\t\t<div class=\"elementor-widget-container\">\n\t\t\t\n\t\t<div class=\"wp-block-themepunch-revslider\">\n\t\t\t\t<p class=\"rs-p-wp-fix\"><\/p>\n\t\t\t\t<sr7-module data-alias=\"slider-3\" data-id=\"1\" id=\"SR7_1_1\" class=\"rs-ov-hidden\" data-version=\"6.7.13\">\n\t\t\t\t\t<sr7-adjuster><\/sr7-adjuster>\n\t\t\t\t\t<sr7-content>\n\t\t\t\t\t\t<sr7-slide id=\"SR7_1_1-3\" data-key=\"3\">\n\t\t\t\t\t\t\t<sr7-bg id=\"SR7_1_1-3-3\" class=\"sr7-layer\"><noscript><img decoding=\"async\" src=\"https:\/\/www.mined.gob.ni\/fiestas-patrias\/wp-content\/uploads\/2025\/08\/banner-FIESTAS-PATRIAS.png\" alt=\"\" title=\"banner FIESTAS PATRIAS\"><\/noscript><\/sr7-bg>\n\t\t\t\t\t\t<\/sr7-slide>\n\t\t\t\t\t\t<sr7-slide id=\"SR7_1_1-1\" data-key=\"1\">\n\t\t\t\t\t\t\t<sr7-bg id=\"SR7_1_1-1-13\" class=\"sr7-layer\"><noscript><img decoding=\"async\" src=\"https:\/\/www.mined.gob.ni\/fiestas-patrias\/wp-content\/uploads\/2024\/06\/portada.png\" alt=\"\" title=\"portada\"><\/noscript><\/sr7-bg>\n\t\t\t\t\t\t\t<sr7-txt id=\"SR7_1_1-1-5\" class=\"sr7-layer\"> <br \/>\n<\/sr7-txt>\n\t\t\t\t\t\t\t<sr7-txt id=\"SR7_1_1-1-6\" class=\"sr7-layer\"> <\/sr7-txt>\n\t\t\t\t\t\t\t<a id=\"SR7_1_1-1-7\" class=\"sr7-layer\" href=\"\/about-us\/\" target=\"_self\" rel=\"nofollow\"> <\/a>\n\t\t\t\t\t\t<\/sr7-slide>\n\t\t\t\t\t\t<sr7-slide id=\"SR7_1_1-4\" data-key=\"4\">\n\t\t\t\t\t\t<\/sr7-slide>\n\t\t\t\t\t<\/sr7-content>\n\t\t\t\t\t<image_lists style=\"display:none\">\n\t\t\t\t\t\t<img data-src=\"\/\/www.mined.gob.ni\/fiestas-patrias\/wp-content\/uploads\/2024\/06\/portada.png\" data-libid=\"2386\" data-lib=\"medialibrary\" title=\"portada\" width=\"0\" height=\"0\" data-dbsrc=\"Ly93d3cubWluZWQuZ29iLm5pL2ZpZXN0YXMtcGF0cmlhcy93cC1jb250ZW50L3VwbG9hZHMvMjAyNC8wNi9wb3J0YWRhLnBuZw==\"\/>\n\t\t\t\t\t\t<img data-src=\"\/\/www.mined.gob.ni\/fiestas-patrias\/wp-content\/uploads\/2024\/09\/antorcha-banner.webp\" data-libid=\"2846\" data-lib=\"medialibrary\" title=\"antorcha-banner\" width=\"0\" height=\"0\" data-dbsrc=\"Ly93d3cubWluZWQuZ29iLm5pL2ZpZXN0YXMtcGF0cmlhcy93cC1jb250ZW50L3VwbG9hZHMvMjAyNC8wOS9hbnRvcmNoYS1iYW5uZXIud2VicA==\"\/>\n\t\t\t\t\t\t<img data-src=\"\/\/www.mined.gob.ni\/fiestas-patrias\/wp-content\/uploads\/2025\/08\/banner-FIESTAS-PATRIAS.png\" data-libid=\"3934\" data-lib=\"medialibrary\" title=\"banner FIESTAS PATRIAS\" width=\"0\" height=\"0\" data-dbsrc=\"Ly93d3cubWluZWQuZ29iLm5pL2ZpZXN0YXMtcGF0cmlhcy93cC1jb250ZW50L3VwbG9hZHMvMjAyNS8wOC9iYW5uZXItRklFU1RBUy1QQVRSSUFTLnBuZw==\"\/>\n\t\t\t\t\t<\/image_lists>\n\t\t\t\t<\/sr7-module>\n\t\t\t\t<script>\n\t\t\t\t\tSR7.PMH ??={}; SR7.PMH[\"SR7_1_1\"] = {cn:0,state:false,fn: function() { if (_tpt!==undefined && _tpt.prepareModuleHeight !== undefined) {  _tpt.prepareModuleHeight({id:\"SR7_1_1\",el:[880,880,468,600,600],type:'standard',shdw:'0',gh:[880,880,468,356,220],gw:[1920,1920,1023,777,480],vpt:['100px&#039;,&#039;100px&#039;,&#039;100px&#039;,&#039;100px&#039;,&#039;100px'],size:{fullWidth:false, fullHeight:false},mh:'0',onh:0,onw:0,bg:{color:'{\"orig\":\"transparent\",\"type\":\"solid\",\"string\":\"transparent\"}'}});   SR7.PMH[\"SR7_1_1\"].state=true;} else if((SR7.PMH[\"SR7_1_1\"].cn++)<100)\tsetTimeout( SR7.PMH[\"SR7_1_1\"].fn,19);}};SR7.PMH[\"SR7_1_1\" ].fn();\n\t\t\t\t<\/script>\n<\/div>\n\n\t\t\t\t<\/div>\n\t\t\t\t<\/div>\n\t\t\t\t<\/div>\n\t\t<div class=\"elementor-element elementor-element-b19c94e e-flex e-con-boxed e-con e-parent\" data-id=\"b19c94e\" data-element_type=\"container\">\n\t\t\t\t\t<div class=\"e-con-inner\">\n\t\t\t\t<div class=\"elementor-element elementor-element-a198d58 elementor-widget elementor-widget-heading\" data-id=\"a198d58\" data-element_type=\"widget\" data-widget_type=\"heading.default\">\n\t\t\t\t<div class=\"elementor-widget-container\">\n\t\t\t<style>\/*! elementor - v3.23.0 - 23-07-2024 *\/\n.elementor-heading-title{padding:0;margin:0;line-height:1}.elementor-widget-heading .elementor-heading-title[class*=elementor-size-]>a{color:inherit;font-size:inherit;line-height:inherit}.elementor-widget-heading .elementor-heading-title.elementor-size-small{font-size:15px}.elementor-widget-heading .elementor-heading-title.elementor-size-medium{font-size:19px}.elementor-widget-heading .elementor-heading-title.elementor-size-large{font-size:29px}.elementor-widget-heading .elementor-heading-title.elementor-size-xl{font-size:39px}.elementor-widget-heading .elementor-heading-title.elementor-size-xxl{font-size:59px}<\/style><h3 class=\"elementor-heading-title elementor-size-default\">BIENVENIDOS\n<\/h3>\t\t<\/div>\n\t\t\t\t<\/div>\n\t\t\t\t\t<\/div>\n\t\t\t\t<\/div>\n\t\t<div class=\"elementor-element elementor-element-2c3ed5c dark-theme e-con-full e-flex e-con e-parent\" data-id=\"2c3ed5c\" data-element_type=\"container\" data-settings=\"{&quot;background_background&quot;:&quot;classic&quot;}\">\n\t\t<div class=\"elementor-element elementor-element-30fc778 e-con-full e-flex e-con e-child\" data-id=\"30fc778\" data-element_type=\"container\">\n\t\t<div class=\"elementor-element elementor-element-a6ea58c e-con-full gallery-slider3 e-flex e-con e-child\" data-id=\"a6ea58c\" data-element_type=\"container\">\n\t\t\t\t<div class=\"elementor-element elementor-element-8092a53 elementor-widget__width-initial elementor-widget elementor-widget-evenisectiontitle\" data-id=\"8092a53\" data-element_type=\"widget\" data-widget_type=\"evenisectiontitle.default\">\n\t\t\t\t<div class=\"elementor-widget-container\">\n\t\t\t\t\t<div class=\"title-area text-center \">\r\n\t\t\t<span class=\"sub-title2 text-theme2\"><span class=\"text\"> <\/span><\/span><h4 class=\"sec-title \">Acto de recibimiento de la Antorcha de la Uni\u00f3n Centroamericana.<\/h4>\t\t<\/div>\r\n\r\n\t\t\t<\/div>\n\t\t\t\t<\/div>\n\t\t\t\t<div class=\"elementor-element elementor-element-8ba0c55 elementor-widget elementor-widget-video\" data-id=\"8ba0c55\" data-element_type=\"widget\" data-settings=\"{&quot;youtube_url&quot;:&quot;https:\\\/\\\/www.youtube.com\\\/watch?v=Y6_zZ4N-7Po&quot;,&quot;video_type&quot;:&quot;youtube&quot;,&quot;controls&quot;:&quot;yes&quot;}\" data-widget_type=\"video.default\">\n\t\t\t\t<div class=\"elementor-widget-container\">\n\t\t\t<style>\/*! elementor - v3.23.0 - 23-07-2024 *\/\n.elementor-widget-video .elementor-widget-container{overflow:hidden;transform:translateZ(0)}.elementor-widget-video .elementor-wrapper{aspect-ratio:var(--video-aspect-ratio)}.elementor-widget-video .elementor-wrapper iframe,.elementor-widget-video .elementor-wrapper video{height:100%;width:100%;display:flex;border:none;background-color:#000}@supports not (aspect-ratio:1\/1){.elementor-widget-video .elementor-wrapper{position:relative;overflow:hidden;height:0;padding-bottom:calc(100% \/ var(--video-aspect-ratio))}.elementor-widget-video .elementor-wrapper iframe,.elementor-widget-video .elementor-wrapper video{position:absolute;top:0;right:0;bottom:0;left:0}}.elementor-widget-video .elementor-open-inline .elementor-custom-embed-image-overlay{position:absolute;top:0;right:0;bottom:0;left:0;background-size:cover;background-position:50%}.elementor-widget-video .elementor-custom-embed-image-overlay{cursor:pointer;text-align:center}.elementor-widget-video .elementor-custom-embed-image-overlay:hover .elementor-custom-embed-play i{opacity:1}.elementor-widget-video .elementor-custom-embed-image-overlay img{display:block;width:100%;aspect-ratio:var(--video-aspect-ratio);-o-object-fit:cover;object-fit:cover;-o-object-position:center center;object-position:center center}@supports not (aspect-ratio:1\/1){.elementor-widget-video .elementor-custom-embed-image-overlay{position:relative;overflow:hidden;height:0;padding-bottom:calc(100% \/ var(--video-aspect-ratio))}.elementor-widget-video .elementor-custom-embed-image-overlay img{position:absolute;top:0;right:0;bottom:0;left:0}}.elementor-widget-video .e-hosted-video .elementor-video{-o-object-fit:cover;object-fit:cover}.e-con-inner>.elementor-widget-video,.e-con>.elementor-widget-video{width:var(--container-widget-width);--flex-grow:var(--container-widget-flex-grow)}<\/style>\t\t<div class=\"elementor-wrapper elementor-open-inline\">\n\t\t\t<div class=\"elementor-video\"><\/div>\t\t<\/div>\n\t\t\t\t<\/div>\n\t\t\t\t<\/div>\n\t\t\t\t<div class=\"elementor-element elementor-element-04e3d5e elementor-widget__width-initial elementor-widget elementor-widget-evenisectiontitle\" data-id=\"04e3d5e\" data-element_type=\"widget\" data-widget_type=\"evenisectiontitle.default\">\n\t\t\t\t<div class=\"elementor-widget-container\">\n\t\t\t\t\t<div class=\"title-area text-center \">\r\n\t\t\t<span class=\"sub-title2 text-theme2\"><span class=\"text\"> <\/span><\/span><h4 class=\"sec-title \">Galer\u00eda Fotogr\u00e1fica | Estudiantes, maestros y maestras, junto a padres y madres de familia de todo el pa\u00eds, participaron en el  Desfile Escolar 2025 \u00a1Todos San Jacinto! <\/h4>\t\t<\/div>\r\n\r\n\t\t\t<\/div>\n\t\t\t\t<\/div>\n\t\t\t\t<div class=\"elementor-element elementor-element-db64c09 elementor-widget elementor-widget-evenigallery\" data-id=\"db64c09\" data-element_type=\"widget\" data-widget_type=\"evenigallery.default\">\n\t\t\t\t<div class=\"elementor-widget-container\">\n\t\t\t<div class=\"row gy-30 filter-active overlay-direction\"><div class=\"col-xxl-3 col-lg-4 col-md-6 filter-item\"><div class=\"gallery-card\"><a class=\"box-img popup-image\" href=\"https:\/\/www.mined.gob.ni\/fiestas-patrias\/wp-content\/uploads\/2025\/08\/532862735_1204329561725320_6704252698139806190_n.jpg\"><img decoding=\"async\" src=\"https:\/\/www.mined.gob.ni\/fiestas-patrias\/wp-content\/uploads\/2025\/08\/532862735_1204329561725320_6704252698139806190_n.jpg\" alt=\"532862735_1204329561725320_6704252698139806190_n\"  \/><\/a><\/div><\/div><div class=\"col-xxl-3 col-lg-4 col-md-6 filter-item\"><div class=\"gallery-card\"><a class=\"box-img popup-image\" href=\"https:\/\/www.mined.gob.ni\/fiestas-patrias\/wp-content\/uploads\/2025\/08\/533091627_1204329771725299_1817065791038776683_n.jpg\"><img decoding=\"async\" src=\"https:\/\/www.mined.gob.ni\/fiestas-patrias\/wp-content\/uploads\/2025\/08\/533091627_1204329771725299_1817065791038776683_n.jpg\" alt=\"533091627_1204329771725299_1817065791038776683_n\"  \/><\/a><\/div><\/div><div class=\"col-xxl-3 col-lg-4 col-md-6 filter-item\"><div class=\"gallery-card\"><a class=\"box-img popup-image\" href=\"https:\/\/www.mined.gob.ni\/fiestas-patrias\/wp-content\/uploads\/2025\/08\/533175619_1204329961725280_3789810459671293784_n.jpg\"><img decoding=\"async\" src=\"https:\/\/www.mined.gob.ni\/fiestas-patrias\/wp-content\/uploads\/2025\/08\/533175619_1204329961725280_3789810459671293784_n.jpg\" alt=\"533175619_1204329961725280_3789810459671293784_n\"  \/><\/a><\/div><\/div><div class=\"col-xxl-3 col-lg-4 col-md-6 filter-item\"><div class=\"gallery-card\"><a class=\"box-img popup-image\" href=\"https:\/\/www.mined.gob.ni\/fiestas-patrias\/wp-content\/uploads\/2025\/08\/533248038_1204407761717500_5456286585712400347_n.jpg\"><img decoding=\"async\" src=\"https:\/\/www.mined.gob.ni\/fiestas-patrias\/wp-content\/uploads\/2025\/08\/533248038_1204407761717500_5456286585712400347_n.jpg\" alt=\"533248038_1204407761717500_5456286585712400347_n\"  \/><\/a><\/div><\/div><div class=\"col-xxl-3 col-lg-4 col-md-6 filter-item\"><div class=\"gallery-card\"><a class=\"box-img popup-image\" href=\"https:\/\/www.mined.gob.ni\/fiestas-patrias\/wp-content\/uploads\/2025\/08\/533260213_1204329748391968_1507582593306480943_n.jpg\"><img decoding=\"async\" src=\"https:\/\/www.mined.gob.ni\/fiestas-patrias\/wp-content\/uploads\/2025\/08\/533260213_1204329748391968_1507582593306480943_n.jpg\" alt=\"533260213_1204329748391968_1507582593306480943_n\"  \/><\/a><\/div><\/div><div class=\"col-xxl-3 col-lg-4 col-md-6 filter-item\"><div class=\"gallery-card\"><a class=\"box-img popup-image\" href=\"https:\/\/www.mined.gob.ni\/fiestas-patrias\/wp-content\/uploads\/2025\/08\/533383891_1204329685058641_582950363364778643_n.jpg\"><img decoding=\"async\" src=\"https:\/\/www.mined.gob.ni\/fiestas-patrias\/wp-content\/uploads\/2025\/08\/533383891_1204329685058641_582950363364778643_n.jpg\" alt=\"533383891_1204329685058641_582950363364778643_n\"  \/><\/a><\/div><\/div><div class=\"col-xxl-3 col-lg-4 col-md-6 filter-item\"><div class=\"gallery-card\"><a class=\"box-img popup-image\" href=\"https:\/\/www.mined.gob.ni\/fiestas-patrias\/wp-content\/uploads\/2025\/08\/533483370_1204329731725303_7218501538017542350_n.jpg\"><img decoding=\"async\" src=\"https:\/\/www.mined.gob.ni\/fiestas-patrias\/wp-content\/uploads\/2025\/08\/533483370_1204329731725303_7218501538017542350_n.jpg\" alt=\"533483370_1204329731725303_7218501538017542350_n\"  \/><\/a><\/div><\/div><div class=\"col-xxl-3 col-lg-4 col-md-6 filter-item\"><div class=\"gallery-card\"><a class=\"box-img popup-image\" href=\"https:\/\/www.mined.gob.ni\/fiestas-patrias\/wp-content\/uploads\/2025\/08\/533530848_1204329818391961_4382837379430477650_n.jpg\"><img decoding=\"async\" src=\"https:\/\/www.mined.gob.ni\/fiestas-patrias\/wp-content\/uploads\/2025\/08\/533530848_1204329818391961_4382837379430477650_n.jpg\" alt=\"533530848_1204329818391961_4382837379430477650_n\"  \/><\/a><\/div><\/div><div class=\"col-xxl-3 col-lg-4 col-md-6 filter-item\"><div class=\"gallery-card\"><a class=\"box-img popup-image\" href=\"https:\/\/www.mined.gob.ni\/fiestas-patrias\/wp-content\/uploads\/2025\/08\/533592276_1204329631725313_1812317395810612327_n-1.jpg\"><img decoding=\"async\" src=\"https:\/\/www.mined.gob.ni\/fiestas-patrias\/wp-content\/uploads\/2025\/08\/533592276_1204329631725313_1812317395810612327_n-1.jpg\" alt=\"533592276_1204329631725313_1812317395810612327_n 1\"  \/><\/a><\/div><\/div><div class=\"col-xxl-3 col-lg-4 col-md-6 filter-item\"><div class=\"gallery-card\"><a class=\"box-img popup-image\" href=\"https:\/\/www.mined.gob.ni\/fiestas-patrias\/wp-content\/uploads\/2025\/08\/533713523_1204329475058662_1920157781908821794_n.jpg\"><img decoding=\"async\" src=\"https:\/\/www.mined.gob.ni\/fiestas-patrias\/wp-content\/uploads\/2025\/08\/533713523_1204329475058662_1920157781908821794_n.jpg\" alt=\"533713523_1204329475058662_1920157781908821794_n\"  \/><\/a><\/div><\/div><div class=\"col-xxl-3 col-lg-4 col-md-6 filter-item\"><div class=\"gallery-card\"><a class=\"box-img popup-image\" href=\"https:\/\/www.mined.gob.ni\/fiestas-patrias\/wp-content\/uploads\/2025\/08\/533811886_1204329785058631_722915886336567801_n.jpg\"><img decoding=\"async\" src=\"https:\/\/www.mined.gob.ni\/fiestas-patrias\/wp-content\/uploads\/2025\/08\/533811886_1204329785058631_722915886336567801_n.jpg\" alt=\"533811886_1204329785058631_722915886336567801_n\"  \/><\/a><\/div><\/div><div class=\"col-xxl-3 col-lg-4 col-md-6 filter-item\"><div class=\"gallery-card\"><a class=\"box-img popup-image\" href=\"https:\/\/www.mined.gob.ni\/fiestas-patrias\/wp-content\/uploads\/2025\/08\/534408879_1204329851725291_8997323716521755009_n.jpg\"><img decoding=\"async\" src=\"https:\/\/www.mined.gob.ni\/fiestas-patrias\/wp-content\/uploads\/2025\/08\/534408879_1204329851725291_8997323716521755009_n.jpg\" alt=\"534408879_1204329851725291_8997323716521755009_n\"  \/><\/a><\/div><\/div><div class=\"col-xxl-3 col-lg-4 col-md-6 filter-item\"><div class=\"gallery-card\"><a class=\"box-img popup-image\" href=\"https:\/\/www.mined.gob.ni\/fiestas-patrias\/wp-content\/uploads\/2025\/08\/534183011_1204329811725295_4628107855699483834_n.jpg\"><img decoding=\"async\" src=\"https:\/\/www.mined.gob.ni\/fiestas-patrias\/wp-content\/uploads\/2025\/08\/534183011_1204329811725295_4628107855699483834_n.jpg\" alt=\"534183011_1204329811725295_4628107855699483834_n\"  \/><\/a><\/div><\/div><div class=\"col-xxl-3 col-lg-4 col-md-6 filter-item\"><div class=\"gallery-card\"><a class=\"box-img popup-image\" href=\"https:\/\/www.mined.gob.ni\/fiestas-patrias\/wp-content\/uploads\/2025\/08\/534428904_1204329445058665_1726471875976638847_n.jpg\"><img decoding=\"async\" src=\"https:\/\/www.mined.gob.ni\/fiestas-patrias\/wp-content\/uploads\/2025\/08\/534428904_1204329445058665_1726471875976638847_n.jpg\" alt=\"534428904_1204329445058665_1726471875976638847_n\"  \/><\/a><\/div><\/div><div class=\"col-xxl-3 col-lg-4 col-md-6 filter-item\"><div class=\"gallery-card\"><a class=\"box-img popup-image\" href=\"https:\/\/www.mined.gob.ni\/fiestas-patrias\/wp-content\/uploads\/2025\/08\/534519918_1204329861725290_5403616758006513280_n.jpg\"><img decoding=\"async\" src=\"https:\/\/www.mined.gob.ni\/fiestas-patrias\/wp-content\/uploads\/2025\/08\/534519918_1204329861725290_5403616758006513280_n.jpg\" alt=\"534519918_1204329861725290_5403616758006513280_n\"  \/><\/a><\/div><\/div><div class=\"col-xxl-3 col-lg-4 col-md-6 filter-item\"><div class=\"gallery-card\"><a class=\"box-img popup-image\" href=\"https:\/\/www.mined.gob.ni\/fiestas-patrias\/wp-content\/uploads\/2025\/08\/534523872_1204329541725322_8784365062675663751_n.jpg\"><img decoding=\"async\" src=\"https:\/\/www.mined.gob.ni\/fiestas-patrias\/wp-content\/uploads\/2025\/08\/534523872_1204329541725322_8784365062675663751_n.jpg\" alt=\"534523872_1204329541725322_8784365062675663751_n\"  \/><\/a><\/div><\/div><div class=\"col-xxl-3 col-lg-4 col-md-6 filter-item\"><div class=\"gallery-card\"><a class=\"box-img popup-image\" href=\"https:\/\/www.mined.gob.ni\/fiestas-patrias\/wp-content\/uploads\/2025\/08\/534561588_1204329935058616_4145041774490021186_n.jpg\"><img decoding=\"async\" src=\"https:\/\/www.mined.gob.ni\/fiestas-patrias\/wp-content\/uploads\/2025\/08\/534561588_1204329935058616_4145041774490021186_n.jpg\" alt=\"534561588_1204329935058616_4145041774490021186_n\"  \/><\/a><\/div><\/div><div class=\"col-xxl-3 col-lg-4 col-md-6 filter-item\"><div class=\"gallery-card\"><a class=\"box-img popup-image\" href=\"https:\/\/www.mined.gob.ni\/fiestas-patrias\/wp-content\/uploads\/2025\/08\/534940227_1204329698391973_1686910035871605822_n.jpg\"><img decoding=\"async\" src=\"https:\/\/www.mined.gob.ni\/fiestas-patrias\/wp-content\/uploads\/2025\/08\/534940227_1204329698391973_1686910035871605822_n.jpg\" alt=\"534940227_1204329698391973_1686910035871605822_n\"  \/><\/a><\/div><\/div><div class=\"col-xxl-3 col-lg-4 col-md-6 filter-item\"><div class=\"gallery-card\"><a class=\"box-img popup-image\" href=\"https:\/\/www.mined.gob.ni\/fiestas-patrias\/wp-content\/uploads\/2025\/08\/535029962_1204329908391952_7351822343335957926_n.jpg\"><img decoding=\"async\" src=\"https:\/\/www.mined.gob.ni\/fiestas-patrias\/wp-content\/uploads\/2025\/08\/535029962_1204329908391952_7351822343335957926_n.jpg\" alt=\"535029962_1204329908391952_7351822343335957926_n\"  \/><\/a><\/div><\/div><div class=\"col-xxl-3 col-lg-4 col-md-6 filter-item\"><div class=\"gallery-card\"><a class=\"box-img popup-image\" href=\"https:\/\/www.mined.gob.ni\/fiestas-patrias\/wp-content\/uploads\/2025\/08\/535059510_1204407725050837_6272036036680849724_n.jpg\"><img decoding=\"async\" src=\"https:\/\/www.mined.gob.ni\/fiestas-patrias\/wp-content\/uploads\/2025\/08\/535059510_1204407725050837_6272036036680849724_n.jpg\" alt=\"535059510_1204407725050837_6272036036680849724_n\"  \/><\/a><\/div><\/div><div class=\"col-xxl-3 col-lg-4 col-md-6 filter-item\"><div class=\"gallery-card\"><a class=\"box-img popup-image\" href=\"https:\/\/www.mined.gob.ni\/fiestas-patrias\/wp-content\/uploads\/2025\/08\/535157707_1204329621725314_883797930755225987_n.jpg\"><img decoding=\"async\" src=\"https:\/\/www.mined.gob.ni\/fiestas-patrias\/wp-content\/uploads\/2025\/08\/535157707_1204329621725314_883797930755225987_n.jpg\" alt=\"535157707_1204329621725314_883797930755225987_n\"  \/><\/a><\/div><\/div><div class=\"col-xxl-3 col-lg-4 col-md-6 filter-item\"><div class=\"gallery-card\"><a class=\"box-img popup-image\" href=\"https:\/\/www.mined.gob.ni\/fiestas-patrias\/wp-content\/uploads\/2025\/08\/535358172_1204329645058645_4056811932671505839_n.jpg\"><img decoding=\"async\" src=\"https:\/\/www.mined.gob.ni\/fiestas-patrias\/wp-content\/uploads\/2025\/08\/535358172_1204329645058645_4056811932671505839_n.jpg\" alt=\"535358172_1204329645058645_4056811932671505839_n\"  \/><\/a><\/div><\/div><div class=\"col-xxl-3 col-lg-4 col-md-6 filter-item\"><div class=\"gallery-card\"><a class=\"box-img popup-image\" href=\"https:\/\/www.mined.gob.ni\/fiestas-patrias\/wp-content\/uploads\/2025\/08\/536128263_1204329665058643_5714737477306789667_n.jpg\"><img decoding=\"async\" src=\"https:\/\/www.mined.gob.ni\/fiestas-patrias\/wp-content\/uploads\/2025\/08\/536128263_1204329665058643_5714737477306789667_n.jpg\" alt=\"536128263_1204329665058643_5714737477306789667_n\"  \/><\/a><\/div><\/div><\/div>\t\t<\/div>\n\t\t\t\t<\/div>\n\t\t\t\t<\/div>\n\t\t\t\t<\/div>\n\t\t\t\t<\/div>\n\t\t\t\t<\/div>\n\t\t","protected":false},"excerpt":{"rendered":"<p>BIENVENIDOS Acto de recibimiento de la Antorcha de la Uni\u00f3n Centroamericana. https:\/\/www.youtube.com\/watch?v=Y6_zZ4N-7Po Galer\u00eda Fotogr\u00e1fica | Estudiantes, maestros y maestras, junto a padres y madres de familia de todo el pa\u00eds, participaron en el Desfile Escolar 2025 \u00a1Todos San Jacinto!<\/p>\n","protected":false},"author":1,"featured_media":0,"parent":0,"menu_order":0,"comment_status":"closed","ping_status":"closed","template":"","meta":{"footnotes":""},"class_list":["post-1563","page","type-page","status-publish","hentry"],"_links":{"self":[{"href":"https:\/\/www.mined.gob.ni\/fiestas-patrias\/wp-json\/wp\/v2\/pages\/1563"}],"collection":[{"href":"https:\/\/www.mined.gob.ni\/fiestas-patrias\/wp-json\/wp\/v2\/pages"}],"about":[{"href":"https:\/\/www.mined.gob.ni\/fiestas-patrias\/wp-json\/wp\/v2\/types\/page"}],"author":[{"embeddable":true,"href":"https:\/\/www.mined.gob.ni\/fiestas-patrias\/wp-json\/wp\/v2\/users\/1"}],"replies":[{"embeddable":true,"href":"https:\/\/www.mined.gob.ni\/fiestas-patrias\/wp-json\/wp\/v2\/comments?post=1563"}],"version-history":[{"count":188,"href":"https:\/\/www.mined.gob.ni\/fiestas-patrias\/wp-json\/wp\/v2\/pages\/1563\/revisions"}],"predecessor-version":[{"id":4179,"href":"https:\/\/www.mined.gob.ni\/fiestas-patrias\/wp-json\/wp\/v2\/pages\/1563\/revisions\/4179"}],"wp:attachment":[{"href":"https:\/\/www.mined.gob.ni\/fiestas-patrias\/wp-json\/wp\/v2\/media?parent=1563"}],"curies":[{"name":"wp","href":"https:\/\/api.w.org\/{rel}","templated":true}]}}