{"id":1098,"date":"2023-02-23T01:28:30","date_gmt":"2023-02-23T01:28:30","guid":{"rendered":"https:\/\/gaviaspreview.com\/wp\/conult\/cf-listing-page\/"},"modified":"2023-05-11T23:00:16","modified_gmt":"2023-05-11T23:00:16","slug":"programa-de-vocacion-productiva-para-el-trabajo-y-la-vida","status":"publish","type":"page","link":"https:\/\/www.mined.gob.ni\/mapadelaeducacion\/programa-de-vocacion-productiva-para-el-trabajo-y-la-vida\/","title":{"rendered":"Programa de Vocaci\u00f3n Productiva para el Trabajo y la Vida"},"content":{"rendered":"\t\t<div data-elementor-type=\"wp-page\" data-elementor-id=\"1098\" class=\"elementor elementor-1098\">\n\t\t\t\t\t\t\t\t\t<section class=\"elementor-section elementor-top-section elementor-element elementor-element-7b014088 elementor-section-boxed elementor-section-height-default elementor-section-height-default\" data-id=\"7b014088\" data-element_type=\"section\" data-settings=\"{&quot;background_background&quot;:&quot;slideshow&quot;,&quot;background_slideshow_gallery&quot;:[{&quot;id&quot;:1962,&quot;url&quot;:&quot;https:\\\/\\\/www.mined.gob.ni\\\/mapadelaeducacion\\\/wp-content\\\/uploads\\\/2023\\\/04\\\/educacion-en-el-campo.png&quot;},{&quot;id&quot;:1964,&quot;url&quot;:&quot;https:\\\/\\\/www.mined.gob.ni\\\/mapadelaeducacion\\\/wp-content\\\/uploads\\\/2023\\\/04\\\/educacion-en-el-campo-dos.png&quot;}],&quot;background_slideshow_ken_burns&quot;:&quot;yes&quot;,&quot;background_slideshow_loop&quot;:&quot;yes&quot;,&quot;background_slideshow_slide_duration&quot;:5000,&quot;background_slideshow_slide_transition&quot;:&quot;fade&quot;,&quot;background_slideshow_transition_duration&quot;:500,&quot;background_slideshow_ken_burns_zoom_direction&quot;:&quot;in&quot;}\">\n\t\t\t\t\t\t<div class=\"elementor-container elementor-column-gap-default\">\n\t\t\t\t\t<div class=\"elementor-column elementor-col-100 elementor-top-column elementor-element elementor-element-55c39226\" data-id=\"55c39226\" data-element_type=\"column\">\n\t\t\t<div class=\"elementor-widget-wrap elementor-element-populated\">\n\t\t\t\t\t\t\t\t<div class=\"elementor-element elementor-element-6a3d914b elementor-widget elementor-widget-gva-heading-block\" data-id=\"6a3d914b\" data-element_type=\"widget\" data-widget_type=\"gva-heading-block.default\">\n\t\t\t\t<div class=\"elementor-widget-container\">\n\t\t\t<div class=\"gva-element-gva-heading-block gva-element\">   <div class=\"align-center style-1 widget gsc-heading box-align-left auto-responsive\">\r\n      <div class=\"content-inner\">\r\n         \r\n         \r\n         \r\n           \r\n         \r\n                  \r\n         \r\n      <\/div>\r\n   <\/div>\r\n<\/div>\t\t<\/div>\n\t\t\t\t<\/div>\n\t\t\t\t\t<\/div>\n\t\t<\/div>\n\t\t\t\t\t\t\t<\/div>\n\t\t<\/section>\n\t\t\t\t<section class=\"elementor-section elementor-top-section elementor-element elementor-element-5bca3c12 elementor-section-boxed elementor-section-height-default elementor-section-height-default\" data-id=\"5bca3c12\" data-element_type=\"section\">\n\t\t\t\t\t\t<div class=\"elementor-container elementor-column-gap-default\">\n\t\t\t\t\t<div class=\"elementor-column elementor-col-50 elementor-top-column elementor-element elementor-element-72416ac4\" data-id=\"72416ac4\" data-element_type=\"column\">\n\t\t\t<div class=\"elementor-widget-wrap elementor-element-populated\">\n\t\t\t\t\t\t\t\t<div class=\"elementor-element elementor-element-0ee3049 elementor-widget elementor-widget-image\" data-id=\"0ee3049\" data-element_type=\"widget\" data-widget_type=\"image.default\">\n\t\t\t\t<div class=\"elementor-widget-container\">\n\t\t\t<style>\/*! elementor - v3.12.1 - 02-04-2023 *\/\n.elementor-widget-image{text-align:center}.elementor-widget-image a{display:inline-block}.elementor-widget-image a img[src$=\".svg\"]{width:48px}.elementor-widget-image img{vertical-align:middle;display:inline-block}<\/style>\t\t\t\t\t\t\t\t\t\t\t\t<img loading=\"lazy\" decoding=\"async\" width=\"404\" height=\"253\" src=\"https:\/\/www.mined.gob.ni\/mapadelaeducacion\/wp-content\/uploads\/2023\/04\/vamos-ADELANTE.png\" class=\"attachment-large size-large wp-image-1813\" alt=\"\" \/>\t\t\t\t\t\t\t\t\t\t\t\t\t\t\t<\/div>\n\t\t\t\t<\/div>\n\t\t\t\t<div class=\"elementor-element elementor-element-276231d elementor-widget elementor-widget-wp-widget-nav_menu\" data-id=\"276231d\" data-element_type=\"widget\" data-widget_type=\"wp-widget-nav_menu.default\">\n\t\t\t\t<div class=\"elementor-widget-container\">\n\t\t\t<div class=\"menu-services-container\"><ul id=\"menu-services\" class=\"menu\"><li id=\"menu-item-1307\" class=\"menu-item menu-item-type-post_type menu-item-object-page menu-item-1307\"><a href=\"https:\/\/www.mined.gob.ni\/mapadelaeducacion\/direccion-de-educacion-artistica-y-cultural-mined\/\">Educaci\u00f3n Art\u00edstica y Cultural MINED<\/a><\/li>\n<li id=\"menu-item-1308\" class=\"menu-item menu-item-type-post_type menu-item-object-page menu-item-1308\"><a href=\"https:\/\/www.mined.gob.ni\/mapadelaeducacion\/programa-de-vocacion-productiva-para-el-trabajo-y-la-vida\/\">Vocaci\u00f3n Productiva para el Trabajo y la Vida<\/a><\/li>\n<li id=\"menu-item-1312\" class=\"menu-item menu-item-type-post_type menu-item-object-page menu-item-1312\"><a href=\"https:\/\/www.mined.gob.ni\/mapadelaeducacion\/merienda-escolar-mined\/\">Merienda Escolar PINE<\/a><\/li>\n<li id=\"menu-item-1309\" class=\"menu-item menu-item-type-post_type menu-item-object-page menu-item-1309\"><a href=\"https:\/\/www.mined.gob.ni\/mapadelaeducacion\/inversion-social\/\">Inversi\u00f3n Social<\/a><\/li>\n<li id=\"menu-item-1311\" class=\"menu-item menu-item-type-post_type menu-item-object-page menu-item-1311\"><a href=\"https:\/\/www.mined.gob.ni\/mapadelaeducacion\/infraestructura-escolar\/\">Infraestructura Escolar<\/a><\/li>\n<li id=\"menu-item-2180\" class=\"menu-item menu-item-type-post_type menu-item-object-page menu-item-2180\"><a href=\"https:\/\/www.mined.gob.ni\/mapadelaeducacion\/tecnologia-educativa\/\">Tecnolog\u00eda Educativa<\/a><\/li>\n<li id=\"menu-item-2205\" class=\"menu-item menu-item-type-post_type menu-item-object-page menu-item-2205\"><a href=\"https:\/\/www.mined.gob.ni\/mapadelaeducacion\/bono-complementario\/\">Bono Complementario<\/a><\/li>\n<li id=\"menu-item-2704\" class=\"menu-item menu-item-type-post_type menu-item-object-page menu-item-2704\"><a href=\"https:\/\/www.mined.gob.ni\/mapadelaeducacion\/direccion-general-de-educacion-de-jovenes-y-adultos\/\">Educaci\u00f3n de J\u00f3venes y Adultos<\/a><\/li>\n<li id=\"menu-item-2705\" class=\"menu-item menu-item-type-post_type menu-item-object-page menu-item-2705\"><a href=\"https:\/\/www.mined.gob.ni\/mapadelaeducacion\/consejeria-de-las-comunidades-educativas\/\">Consejer\u00eda de las Comunidades Educativas<\/a><\/li>\n<li id=\"menu-item-2834\" class=\"menu-item menu-item-type-post_type menu-item-object-page menu-item-2834\"><a href=\"https:\/\/www.mined.gob.ni\/mapadelaeducacion\/educacion-fisica-y-deportes-escolares\/\">Educaci\u00f3n F\u00edsica y Deportes Escolares<\/a><\/li>\n<li id=\"menu-item-3045\" class=\"menu-item menu-item-type-post_type menu-item-object-page menu-item-3045\"><a href=\"https:\/\/www.mined.gob.ni\/mapadelaeducacion\/escuelas-normales-de-formacion-superior\/\">Escuelas Normales de Formaci\u00f3n Superior<\/a><\/li>\n<\/ul><\/div>\t\t<\/div>\n\t\t\t\t<\/div>\n\t\t\t\t<div class=\"elementor-element elementor-element-60bdb04 elementor-widget elementor-widget-image\" data-id=\"60bdb04\" data-element_type=\"widget\" data-widget_type=\"image.default\">\n\t\t\t\t<div class=\"elementor-widget-container\">\n\t\t\t\t\t\t\t\t\t\t\t\t\t\t\t\t<a href=\"https:\/\/serviciosenlinea.mined.gob.ni\/mapa-de-la-educacion\/index.aspx\">\n\t\t\t\t\t\t\t<img loading=\"lazy\" decoding=\"async\" width=\"404\" height=\"384\" src=\"https:\/\/www.mined.gob.ni\/mapadelaeducacion\/wp-content\/uploads\/2021\/08\/mapa.png\" class=\"attachment-large size-large wp-image-1805\" alt=\"\" \/>\t\t\t\t\t\t\t\t<\/a>\n\t\t\t\t\t\t\t\t\t\t\t\t\t\t\t<\/div>\n\t\t\t\t<\/div>\n\t\t\t\t\t<\/div>\n\t\t<\/div>\n\t\t\t\t<div class=\"elementor-column elementor-col-50 elementor-top-column elementor-element elementor-element-7ce3ed0a\" data-id=\"7ce3ed0a\" data-element_type=\"column\">\n\t\t\t<div class=\"elementor-widget-wrap elementor-element-populated\">\n\t\t\t\t\t\t\t\t<div class=\"elementor-element elementor-element-7d2c5dd4 elementor-widget elementor-widget-gva-gallery\" data-id=\"7d2c5dd4\" data-element_type=\"widget\" data-widget_type=\"gva-gallery.default\">\n\t\t\t\t<div class=\"elementor-widget-container\">\n\t\t\t<div class=\"gva-element-gva-gallery gva-element\">\r\n<div class=\"gva-gallery-carousel swiper-slider-wrapper style-1 \">\r\n\t<div class=\"swiper-content-inner\">\r\n   \t<div class=\"init-carousel-swiper swiper\" data-carousel=\"{&quot;items&quot;:1,&quot;items_lg&quot;:1,&quot;items_md&quot;:1,&quot;items_sm&quot;:1,&quot;items_xs&quot;:1,&quot;items_xx&quot;:1,&quot;effect&quot;:&quot;slide&quot;,&quot;space_between&quot;:30,&quot;loop&quot;:1,&quot;speed&quot;:600,&quot;autoplay&quot;:1,&quot;autoplay_delay&quot;:4500,&quot;autoplay_hover&quot;:1,&quot;navigation&quot;:1,&quot;pagination&quot;:0,&quot;dynamic_bullets&quot;:0,&quot;pagination_type&quot;:&quot;bullets&quot;}\">\r\n      \t<div class=\"swiper-wrapper\">\r\n\t\t\t\t<div class=\"swiper-slide item\">\r\n<div class=\"gallery-item\">\r\n\r\n               <div class=\"image\">\r\n            <img decoding=\"async\" src=\"https:\/\/www.mined.gob.ni\/mapadelaeducacion\/wp-content\/uploads\/2023\/05\/12.png\" alt=\"\" \/>  \r\n         <\/div>\r\n         <a class=\"photo-gallery\" href=\"https:\/\/www.mined.gob.ni\/mapadelaeducacion\/wp-content\/uploads\/2023\/05\/12.png\" data-elementor-lightbox-slideshow=\"gallery-l3th\"><\/a>\r\n      \r\n      <div class=\"image-content\">\r\n         <div class=\"content-inner\">\r\n                                 <\/div>   \r\n      <\/div>\r\n\r\n   <\/div>\r\n<\/div><div class=\"swiper-slide item\">\r\n<div class=\"gallery-item\">\r\n\r\n               <div class=\"image\">\r\n            <img decoding=\"async\" src=\"https:\/\/www.mined.gob.ni\/mapadelaeducacion\/wp-content\/uploads\/2023\/05\/11.png\" alt=\"\" \/>  \r\n         <\/div>\r\n         <a class=\"photo-gallery\" href=\"https:\/\/www.mined.gob.ni\/mapadelaeducacion\/wp-content\/uploads\/2023\/05\/11.png\" data-elementor-lightbox-slideshow=\"gallery-l3th\"><\/a>\r\n      \r\n      <div class=\"image-content\">\r\n         <div class=\"content-inner\">\r\n                                 <\/div>   \r\n      <\/div>\r\n\r\n   <\/div>\r\n<\/div><div class=\"swiper-slide item\">\r\n<div class=\"gallery-item\">\r\n\r\n               <div class=\"image\">\r\n            <img decoding=\"async\" src=\"https:\/\/www.mined.gob.ni\/mapadelaeducacion\/wp-content\/uploads\/2023\/05\/10.png\" alt=\"Educaci\u00f3n Primaria en el Campo\" \/>  \r\n         <\/div>\r\n         <a class=\"photo-gallery\" href=\"https:\/\/www.mined.gob.ni\/mapadelaeducacion\/wp-content\/uploads\/2023\/05\/10.png\" data-elementor-lightbox-slideshow=\"gallery-l3th\"><\/a>\r\n      \r\n      <div class=\"image-content\">\r\n         <div class=\"content-inner\">\r\n                           <h3 class=\"title\">Educaci\u00f3n Primaria en el Campo<\/h3>\r\n                                 <\/div>   \r\n      <\/div>\r\n\r\n   <\/div>\r\n<\/div><div class=\"swiper-slide item\">\r\n<div class=\"gallery-item\">\r\n\r\n               <div class=\"image\">\r\n            <img decoding=\"async\" src=\"https:\/\/www.mined.gob.ni\/mapadelaeducacion\/wp-content\/uploads\/2023\/05\/08.png\" alt=\"Educaci\u00f3n Primaria en el Campo\" \/>  \r\n         <\/div>\r\n         <a class=\"photo-gallery\" href=\"https:\/\/www.mined.gob.ni\/mapadelaeducacion\/wp-content\/uploads\/2023\/05\/08.png\" data-elementor-lightbox-slideshow=\"gallery-l3th\"><\/a>\r\n      \r\n      <div class=\"image-content\">\r\n         <div class=\"content-inner\">\r\n                           <h3 class=\"title\">Educaci\u00f3n Primaria en el Campo<\/h3>\r\n                                 <\/div>   \r\n      <\/div>\r\n\r\n   <\/div>\r\n<\/div><div class=\"swiper-slide item\">\r\n<div class=\"gallery-item\">\r\n\r\n               <div class=\"image\">\r\n            <img decoding=\"async\" src=\"https:\/\/www.mined.gob.ni\/mapadelaeducacion\/wp-content\/uploads\/2023\/05\/07.png\" alt=\"Educaci\u00f3n Primaria en el Campo\" \/>  \r\n         <\/div>\r\n         <a class=\"photo-gallery\" href=\"https:\/\/www.mined.gob.ni\/mapadelaeducacion\/wp-content\/uploads\/2023\/05\/07.png\" data-elementor-lightbox-slideshow=\"gallery-l3th\"><\/a>\r\n      \r\n      <div class=\"image-content\">\r\n         <div class=\"content-inner\">\r\n                           <h3 class=\"title\">Educaci\u00f3n Primaria en el Campo<\/h3>\r\n                                 <\/div>   \r\n      <\/div>\r\n\r\n   <\/div>\r\n<\/div><div class=\"swiper-slide item\">\r\n<div class=\"gallery-item\">\r\n\r\n               <div class=\"image\">\r\n            <img decoding=\"async\" src=\"https:\/\/www.mined.gob.ni\/mapadelaeducacion\/wp-content\/uploads\/2023\/05\/06-1.png\" alt=\"Educaci\u00f3n Primaria en el Campo\" \/>  \r\n         <\/div>\r\n         <a class=\"photo-gallery\" href=\"https:\/\/www.mined.gob.ni\/mapadelaeducacion\/wp-content\/uploads\/2023\/05\/06-1.png\" data-elementor-lightbox-slideshow=\"gallery-l3th\"><\/a>\r\n      \r\n      <div class=\"image-content\">\r\n         <div class=\"content-inner\">\r\n                           <h3 class=\"title\">Educaci\u00f3n Primaria en el Campo<\/h3>\r\n                                 <\/div>   \r\n      <\/div>\r\n\r\n   <\/div>\r\n<\/div><div class=\"swiper-slide item\">\r\n<div class=\"gallery-item\">\r\n\r\n               <div class=\"image\">\r\n            <img decoding=\"async\" src=\"https:\/\/www.mined.gob.ni\/mapadelaeducacion\/wp-content\/uploads\/2023\/05\/04-2.png\" alt=\"Educaci\u00f3n Primaria en el Campo\" \/>  \r\n         <\/div>\r\n         <a class=\"photo-gallery\" href=\"https:\/\/www.mined.gob.ni\/mapadelaeducacion\/wp-content\/uploads\/2023\/05\/04-2.png\" data-elementor-lightbox-slideshow=\"gallery-l3th\"><\/a>\r\n      \r\n      <div class=\"image-content\">\r\n         <div class=\"content-inner\">\r\n                           <h3 class=\"title\">Educaci\u00f3n Primaria en el Campo<\/h3>\r\n                                 <\/div>   \r\n      <\/div>\r\n\r\n   <\/div>\r\n<\/div><div class=\"swiper-slide item\">\r\n<div class=\"gallery-item\">\r\n\r\n               <div class=\"image\">\r\n            <img decoding=\"async\" src=\"https:\/\/www.mined.gob.ni\/mapadelaeducacion\/wp-content\/uploads\/2023\/05\/03-2.png\" alt=\"Educaci\u00f3n Primaria en el Campo\" \/>  \r\n         <\/div>\r\n         <a class=\"photo-gallery\" href=\"https:\/\/www.mined.gob.ni\/mapadelaeducacion\/wp-content\/uploads\/2023\/05\/03-2.png\" data-elementor-lightbox-slideshow=\"gallery-l3th\"><\/a>\r\n      \r\n      <div class=\"image-content\">\r\n         <div class=\"content-inner\">\r\n                           <h3 class=\"title\">Educaci\u00f3n Primaria en el Campo<\/h3>\r\n                                 <\/div>   \r\n      <\/div>\r\n\r\n   <\/div>\r\n<\/div><div class=\"swiper-slide item\">\r\n<div class=\"gallery-item\">\r\n\r\n               <div class=\"image\">\r\n            <img decoding=\"async\" src=\"https:\/\/www.mined.gob.ni\/mapadelaeducacion\/wp-content\/uploads\/2023\/05\/02-2.png\" alt=\"Educaci\u00f3n Primaria en el Campo\" \/>  \r\n         <\/div>\r\n         <a class=\"photo-gallery\" href=\"https:\/\/www.mined.gob.ni\/mapadelaeducacion\/wp-content\/uploads\/2023\/05\/02-2.png\" data-elementor-lightbox-slideshow=\"gallery-l3th\"><\/a>\r\n      \r\n      <div class=\"image-content\">\r\n         <div class=\"content-inner\">\r\n                           <h3 class=\"title\">Educaci\u00f3n Primaria en el Campo<\/h3>\r\n                                 <\/div>   \r\n      <\/div>\r\n\r\n   <\/div>\r\n<\/div><div class=\"swiper-slide item\">\r\n<div class=\"gallery-item\">\r\n\r\n               <div class=\"image\">\r\n            <img decoding=\"async\" src=\"https:\/\/www.mined.gob.ni\/mapadelaeducacion\/wp-content\/uploads\/2023\/05\/01-2.png\" alt=\"Educaci\u00f3n Primaria en el Campo\" \/>  \r\n         <\/div>\r\n         <a class=\"photo-gallery\" href=\"https:\/\/www.mined.gob.ni\/mapadelaeducacion\/wp-content\/uploads\/2023\/05\/01-2.png\" data-elementor-lightbox-slideshow=\"gallery-l3th\"><\/a>\r\n      \r\n      <div class=\"image-content\">\r\n         <div class=\"content-inner\">\r\n                           <h3 class=\"title\">Educaci\u00f3n Primaria en el Campo<\/h3>\r\n                                 <\/div>   \r\n      <\/div>\r\n\r\n   <\/div>\r\n<\/div>\t\t\t<\/div>\r\n\t\t<\/div>\r\n\t<\/div>\r\n\t<div class=\"swiper-pagination\"><\/div>   <div class=\"swiper-nav-next\"><\/div><div class=\"swiper-nav-prev\"><\/div><\/div>\r\n<\/div>\t\t<\/div>\n\t\t\t\t<\/div>\n\t\t\t\t<div class=\"elementor-element elementor-element-0f338a5 elementor-widget elementor-widget-heading\" data-id=\"0f338a5\" data-element_type=\"widget\" data-widget_type=\"heading.default\">\n\t\t\t\t<div class=\"elementor-widget-container\">\n\t\t\t<style>\/*! elementor - v3.12.1 - 02-04-2023 *\/\n.elementor-heading-title{padding:0;margin:0;line-height:1}.elementor-widget-heading .elementor-heading-title[class*=elementor-size-]>a{color:inherit;font-size:inherit;line-height:inherit}.elementor-widget-heading .elementor-heading-title.elementor-size-small{font-size:15px}.elementor-widget-heading .elementor-heading-title.elementor-size-medium{font-size:19px}.elementor-widget-heading .elementor-heading-title.elementor-size-large{font-size:29px}.elementor-widget-heading .elementor-heading-title.elementor-size-xl{font-size:39px}.elementor-widget-heading .elementor-heading-title.elementor-size-xxl{font-size:59px}<\/style><h2 class=\"elementor-heading-title elementor-size-default\">El Programa de Vocaci\u00f3n Productiva para el Trabajo y la Vida en la Educaci\u00f3n Secundaria a Distancia en el campo<\/h2>\t\t<\/div>\n\t\t\t\t<\/div>\n\t\t\t\t<div class=\"elementor-element elementor-element-334f6ad elementor-widget elementor-widget-spacer\" data-id=\"334f6ad\" data-element_type=\"widget\" data-widget_type=\"spacer.default\">\n\t\t\t\t<div class=\"elementor-widget-container\">\n\t\t\t<style>\/*! elementor - v3.12.1 - 02-04-2023 *\/\n.elementor-column .elementor-spacer-inner{height:var(--spacer-size)}.e-con{--container-widget-width:100%}.e-con-inner>.elementor-widget-spacer,.e-con>.elementor-widget-spacer{width:var(--container-widget-width,var(--spacer-size));--align-self:var(--container-widget-align-self,initial);--flex-shrink:0}.e-con-inner>.elementor-widget-spacer>.elementor-widget-container,.e-con-inner>.elementor-widget-spacer>.elementor-widget-container>.elementor-spacer,.e-con>.elementor-widget-spacer>.elementor-widget-container,.e-con>.elementor-widget-spacer>.elementor-widget-container>.elementor-spacer{height:100%}.e-con-inner>.elementor-widget-spacer>.elementor-widget-container>.elementor-spacer>.elementor-spacer-inner,.e-con>.elementor-widget-spacer>.elementor-widget-container>.elementor-spacer>.elementor-spacer-inner{height:var(--container-widget-height,var(--spacer-size))}<\/style>\t\t<div class=\"elementor-spacer\">\n\t\t\t<div class=\"elementor-spacer-inner\"><\/div>\n\t\t<\/div>\n\t\t\t\t<\/div>\n\t\t\t\t<\/div>\n\t\t\t\t<div class=\"elementor-element elementor-element-5021570f elementor-widget elementor-widget-text-editor\" data-id=\"5021570f\" data-element_type=\"widget\" data-widget_type=\"text-editor.default\">\n\t\t\t\t<div class=\"elementor-widget-container\">\n\t\t\t<style>\/*! elementor - v3.12.1 - 02-04-2023 *\/\n.elementor-widget-text-editor.elementor-drop-cap-view-stacked .elementor-drop-cap{background-color:#69727d;color:#fff}.elementor-widget-text-editor.elementor-drop-cap-view-framed .elementor-drop-cap{color:#69727d;border:3px solid;background-color:transparent}.elementor-widget-text-editor:not(.elementor-drop-cap-view-default) .elementor-drop-cap{margin-top:8px}.elementor-widget-text-editor:not(.elementor-drop-cap-view-default) .elementor-drop-cap-letter{width:1em;height:1em}.elementor-widget-text-editor .elementor-drop-cap{float:left;text-align:center;line-height:1;font-size:50px}.elementor-widget-text-editor .elementor-drop-cap-letter{display:inline-block}<\/style>\t\t\t\t<p style=\"text-align: justify;\">La modalidad de Secundaria a Distancia en el Campo se implement\u00f3 a partir del a\u00f1o 2,014 en 447 centros educativos de 17 departamentos del pa\u00eds, incorporando a estudiantes que egresan de Educaci\u00f3n Primaria, principalmente de escuelas multigrado. En el 2,018 egresan, en primera promoci\u00f3n de la modalidad 8,528 bachilleres.<\/p><p style=\"text-align: justify;\">En el a\u00f1o 2023, se atienden 703 centros educativos, de los cuales 169 fueron trasladados de la modalidad de Educaci\u00f3n de J\u00f3venes y Adultos, debido a que su poblaci\u00f3n estudiantil est\u00e1 en edad escolar, incrementando su matr\u00edcula hasta 79,861 estudiantes.<\/p><p style=\"text-align: justify;\">La modalidad de Secundaria a Distancia en el Campo tiene procesos educativos orientados a rescatar la cultura y costumbres de la vida en el \u00e1rea rural, incorporando las experiencias familiares, comunitarias y productivas, como pre-saberes en las distintas asignaturas del curr\u00edculo, fortaleciendo habilidades, actitudes y valores en los protagonistas.<\/p><p style=\"text-align: justify;\">A partir del segundo semestre del a\u00f1o 2022, se implementa la modalidad <strong>Programa de Vocaci\u00f3n Productiva para el Trabajo y la Vida<\/strong> presentando una oportunidad para la formaci\u00f3n y desarrollo de capacidades y habilidades en estudiantes de las zonas rurales del pa\u00eds.<\/p><p style=\"text-align: justify;\">El programa, se crea con el prop\u00f3sito de:<\/p><ul><li>Promover expresiones pr\u00e1cticas que aporten al desarrollo de capacidades, habilidades y vocaci\u00f3n productiva en Estudiantes del Campo.<\/li><li>Reconocer la riqueza natural y productiva que se cuenta en el pa\u00eds para el trabajo, cultura local y amor al campo.<\/li><li>Desarrollar habilidades y destrezas en temas de productividad del \u00e1mbito agropecuario.<\/li><li>Fortalecer la vocaci\u00f3n productiva y las iniciativas emprendedoras.<\/li><li>Aplicar procesos tecnol\u00f3gicos en la producci\u00f3n familiar y comunitaria para mejorar los rendimientos y la calidad de los productos.<\/li><\/ul><p style=\"text-align: justify;\">Para el desarrollo del programa se implementan metodolog\u00edas de aprendizaje activo, haciendo uso de recursos del entorno<br \/>y pr\u00e1cticas para aplicar conocimientos en parcelas locales y se incorporan t\u00e9cnicas y tecnolog\u00edas innovadoras que permitan motivaci\u00f3n e inter\u00e9s de estudiantes en el desarrollo de los contenidos formativos.<\/p><p style=\"text-align: justify;\">Con el objetivo de garantizar la calidad de los aprendizajes se entregan materiales escolares (cartillas, manuales y gu\u00edas t\u00e9cnicas), se hace uso de audiovisuales, teleclases y programas educativos y plataformas digitales, adem\u00e1s de realizar visitas de intercambios, giras de campo a unidades productivas, expo\u2013tecnolog\u00edas, talleres vivenciales y demostraciones pr\u00e1cticas.<\/p><p style=\"text-align: justify;\">En la asignatura de Vocaci\u00f3n Productiva para impartir los cursos vocacionales utilizan los documentos curriculares siguientes:<\/p><ul><li>Aprovechamiento de la diversidad agroecol\u00f3gica en la comunidad<\/li><li>Producci\u00f3n de granos b\u00e1sicos<\/li><li>Producci\u00f3n de hortalizas, producci\u00f3n de ra\u00edces y tub\u00e9rculos<\/li><li>Crianza y manejo de gallinas y cerdos<\/li><li>Crianza y manejo de bovinos caprinos y ovinos<\/li><\/ul><p style=\"text-align: justify;\">El programa tambi\u00e9n oferta 27 cursos especializados para las poblaciones de las comunidades de procedencia de los estudiantes incluyendo pr\u00e1cticas educativas.<\/p><p style=\"text-align: justify;\">En el a\u00f1o 2022, el programa se desarroll\u00f3 en 126 centros educativos, con una cobertura de 19,886 estudiantes, los cuales recibieron sus respectivos certificados de participaci\u00f3n en los cursos que realizaron.<\/p><p style=\"text-align: justify;\">Este a\u00f1o 243 docentes de Secundaria a Distancia en el Campo, fueron certificados como T\u00e9cnicos de Campo, por el INATEC.<\/p><p style=\"text-align: justify;\">Durante el a\u00f1o 2023, se implementa el programa de Vocaci\u00f3n Productiva para el Trabajo y la Vida en 234 escuelas con un total 28,637 estudiantes lo que representa el 101 % de la meta propuesta para el primer semestre.<\/p><p style=\"text-align: justify;\">Para el desarrollo de los cursos se han entregado 17,082 cartillas a los protagonistas y 1,170 m\u00f3dulos formativos y gu\u00edas did\u00e1cticas para los facilitadores y docentes.<\/p><p style=\"text-align: justify;\">En este programa se cuenta con la cooperaci\u00f3n de INATEC, CNU, INTA, MEFCCA, MARENA, IPSA, MAG e INAFOR.<\/p>\t\t\t\t\t\t<\/div>\n\t\t\t\t<\/div>\n\t\t\t\t\t<\/div>\n\t\t<\/div>\n\t\t\t\t\t\t\t<\/div>\n\t\t<\/section>\n\t\t\t\t\t\t\t<\/div>\n\t\t","protected":false},"excerpt":{"rendered":"<p>Educaci\u00f3n Primaria en el Campo Educaci\u00f3n Primaria en el Campo Educaci\u00f3n Primaria en el Campo Educaci\u00f3n Primaria en el Campo Educaci\u00f3n Primaria en el Campo Educaci\u00f3n Primaria en el Campo Educaci\u00f3n Primaria en el Campo Educaci\u00f3n Primaria en el Campo El Programa de Vocaci\u00f3n Productiva para el Trabajo y la Vida en la Educaci\u00f3n Secundaria [&hellip;]<\/p>\n","protected":false},"author":1,"featured_media":0,"parent":0,"menu_order":0,"comment_status":"closed","ping_status":"closed","template":"","meta":{"footnotes":""},"class_list":["post-1098","page","type-page","status-publish","hentry"],"_links":{"self":[{"href":"https:\/\/www.mined.gob.ni\/mapadelaeducacion\/wp-json\/wp\/v2\/pages\/1098","targetHints":{"allow":["GET"]}}],"collection":[{"href":"https:\/\/www.mined.gob.ni\/mapadelaeducacion\/wp-json\/wp\/v2\/pages"}],"about":[{"href":"https:\/\/www.mined.gob.ni\/mapadelaeducacion\/wp-json\/wp\/v2\/types\/page"}],"author":[{"embeddable":true,"href":"https:\/\/www.mined.gob.ni\/mapadelaeducacion\/wp-json\/wp\/v2\/users\/1"}],"replies":[{"embeddable":true,"href":"https:\/\/www.mined.gob.ni\/mapadelaeducacion\/wp-json\/wp\/v2\/comments?post=1098"}],"version-history":[{"count":88,"href":"https:\/\/www.mined.gob.ni\/mapadelaeducacion\/wp-json\/wp\/v2\/pages\/1098\/revisions"}],"predecessor-version":[{"id":3485,"href":"https:\/\/www.mined.gob.ni\/mapadelaeducacion\/wp-json\/wp\/v2\/pages\/1098\/revisions\/3485"}],"wp:attachment":[{"href":"https:\/\/www.mined.gob.ni\/mapadelaeducacion\/wp-json\/wp\/v2\/media?parent=1098"}],"curies":[{"name":"wp","href":"https:\/\/api.w.org\/{rel}","templated":true}]}}