{"id":2583,"date":"2023-05-08T14:50:01","date_gmt":"2023-05-08T14:50:01","guid":{"rendered":"https:\/\/www.mined.gob.ni\/mapadelaeducacion\/?page_id=2583"},"modified":"2023-05-16T22:16:45","modified_gmt":"2023-05-16T22:16:45","slug":"consejeria-de-las-comunidades-educativas","status":"publish","type":"page","link":"https:\/\/www.mined.gob.ni\/mapadelaeducacion\/consejeria-de-las-comunidades-educativas\/","title":{"rendered":"Consejer\u00eda de las Comunidades Educativas"},"content":{"rendered":"\t\t<div data-elementor-type=\"wp-page\" data-elementor-id=\"2583\" class=\"elementor elementor-2583\">\n\t\t\t\t\t\t\t\t\t<section class=\"elementor-section elementor-top-section elementor-element elementor-element-53c3e142 elementor-section-boxed elementor-section-height-default elementor-section-height-default\" data-id=\"53c3e142\" data-element_type=\"section\" data-settings=\"{&quot;background_background&quot;:&quot;slideshow&quot;,&quot;background_slideshow_gallery&quot;:[{&quot;id&quot;:2676,&quot;url&quot;:&quot;https:\\\/\\\/www.mined.gob.ni\\\/mapadelaeducacion\\\/wp-content\\\/uploads\\\/2023\\\/05\\\/consejeria-de-las-comunidades-banner-mode.png&quot;},{&quot;id&quot;:2677,&quot;url&quot;:&quot;https:\\\/\\\/www.mined.gob.ni\\\/mapadelaeducacion\\\/wp-content\\\/uploads\\\/2023\\\/05\\\/consejeria-de-las-comunidades-banner-mode-1.png&quot;}],&quot;background_slideshow_ken_burns&quot;:&quot;yes&quot;,&quot;background_slideshow_lazyload&quot;:&quot;yes&quot;,&quot;background_slideshow_ken_burns_zoom_direction&quot;:&quot;out&quot;,&quot;background_slideshow_loop&quot;:&quot;yes&quot;,&quot;background_slideshow_slide_duration&quot;:5000,&quot;background_slideshow_slide_transition&quot;:&quot;fade&quot;,&quot;background_slideshow_transition_duration&quot;:500}\">\n\t\t\t\t\t\t<div class=\"elementor-container elementor-column-gap-default\">\n\t\t\t\t\t<div class=\"elementor-column elementor-col-100 elementor-top-column elementor-element elementor-element-38bed32b\" data-id=\"38bed32b\" data-element_type=\"column\">\n\t\t\t<div class=\"elementor-widget-wrap elementor-element-populated\">\n\t\t\t\t\t\t\t\t<div class=\"elementor-element elementor-element-2d0aa3f5 elementor-widget elementor-widget-gva-heading-block\" data-id=\"2d0aa3f5\" data-element_type=\"widget\" data-widget_type=\"gva-heading-block.default\">\n\t\t\t\t<div class=\"elementor-widget-container\">\n\t\t\t<div class=\"gva-element-gva-heading-block gva-element\">   <div class=\"align-center style-2 widget gsc-heading box-align-left auto-responsive\">\r\n      <div class=\"content-inner\">\r\n         \r\n         \r\n         \r\n           \r\n         \r\n                  \r\n         \r\n      <\/div>\r\n   <\/div>\r\n<\/div>\t\t<\/div>\n\t\t\t\t<\/div>\n\t\t\t\t\t<\/div>\n\t\t<\/div>\n\t\t\t\t\t\t\t<\/div>\n\t\t<\/section>\n\t\t\t\t<section class=\"elementor-section elementor-top-section elementor-element elementor-element-38edb95f elementor-section-boxed elementor-section-height-default elementor-section-height-default\" data-id=\"38edb95f\" data-element_type=\"section\">\n\t\t\t\t\t\t<div class=\"elementor-container elementor-column-gap-default\">\n\t\t\t\t\t<div class=\"elementor-column elementor-col-50 elementor-top-column elementor-element elementor-element-14f5ca1a\" data-id=\"14f5ca1a\" data-element_type=\"column\">\n\t\t\t<div class=\"elementor-widget-wrap elementor-element-populated\">\n\t\t\t\t\t\t\t\t<div class=\"elementor-element elementor-element-73569f72 elementor-widget elementor-widget-image\" data-id=\"73569f72\" data-element_type=\"widget\" data-widget_type=\"image.default\">\n\t\t\t\t<div class=\"elementor-widget-container\">\n\t\t\t<style>\/*! elementor - v3.12.1 - 02-04-2023 *\/\n.elementor-widget-image{text-align:center}.elementor-widget-image a{display:inline-block}.elementor-widget-image a img[src$=\".svg\"]{width:48px}.elementor-widget-image img{vertical-align:middle;display:inline-block}<\/style>\t\t\t\t\t\t\t\t\t\t\t\t<img loading=\"lazy\" decoding=\"async\" width=\"404\" height=\"253\" src=\"https:\/\/www.mined.gob.ni\/mapadelaeducacion\/wp-content\/uploads\/2023\/04\/vamos-ADELANTE.png\" class=\"attachment-large size-large wp-image-1813\" alt=\"\" \/>\t\t\t\t\t\t\t\t\t\t\t\t\t\t\t<\/div>\n\t\t\t\t<\/div>\n\t\t\t\t<div class=\"elementor-element elementor-element-7968e2b2 elementor-widget elementor-widget-wp-widget-nav_menu\" data-id=\"7968e2b2\" data-element_type=\"widget\" data-widget_type=\"wp-widget-nav_menu.default\">\n\t\t\t\t<div class=\"elementor-widget-container\">\n\t\t\t<div class=\"menu-services-container\"><ul id=\"menu-services\" class=\"menu\"><li id=\"menu-item-1307\" class=\"menu-item menu-item-type-post_type menu-item-object-page menu-item-1307\"><a href=\"https:\/\/www.mined.gob.ni\/mapadelaeducacion\/direccion-de-educacion-artistica-y-cultural-mined\/\">Educaci\u00f3n Art\u00edstica y Cultural MINED<\/a><\/li>\n<li id=\"menu-item-1308\" class=\"menu-item menu-item-type-post_type menu-item-object-page menu-item-1308\"><a href=\"https:\/\/www.mined.gob.ni\/mapadelaeducacion\/programa-de-vocacion-productiva-para-el-trabajo-y-la-vida\/\">Vocaci\u00f3n Productiva para el Trabajo y la Vida<\/a><\/li>\n<li id=\"menu-item-1312\" class=\"menu-item menu-item-type-post_type menu-item-object-page menu-item-1312\"><a href=\"https:\/\/www.mined.gob.ni\/mapadelaeducacion\/merienda-escolar-mined\/\">Merienda Escolar PINE<\/a><\/li>\n<li id=\"menu-item-1309\" class=\"menu-item menu-item-type-post_type menu-item-object-page menu-item-1309\"><a href=\"https:\/\/www.mined.gob.ni\/mapadelaeducacion\/inversion-social\/\">Inversi\u00f3n Social<\/a><\/li>\n<li id=\"menu-item-1311\" class=\"menu-item menu-item-type-post_type menu-item-object-page menu-item-1311\"><a href=\"https:\/\/www.mined.gob.ni\/mapadelaeducacion\/infraestructura-escolar\/\">Infraestructura Escolar<\/a><\/li>\n<li id=\"menu-item-2180\" class=\"menu-item menu-item-type-post_type menu-item-object-page menu-item-2180\"><a href=\"https:\/\/www.mined.gob.ni\/mapadelaeducacion\/tecnologia-educativa\/\">Tecnolog\u00eda Educativa<\/a><\/li>\n<li id=\"menu-item-2205\" class=\"menu-item menu-item-type-post_type menu-item-object-page menu-item-2205\"><a href=\"https:\/\/www.mined.gob.ni\/mapadelaeducacion\/bono-complementario\/\">Bono Complementario<\/a><\/li>\n<li id=\"menu-item-2704\" class=\"menu-item menu-item-type-post_type menu-item-object-page menu-item-2704\"><a href=\"https:\/\/www.mined.gob.ni\/mapadelaeducacion\/direccion-general-de-educacion-de-jovenes-y-adultos\/\">Educaci\u00f3n de J\u00f3venes y Adultos<\/a><\/li>\n<li id=\"menu-item-2705\" class=\"menu-item menu-item-type-post_type menu-item-object-page menu-item-2705\"><a href=\"https:\/\/www.mined.gob.ni\/mapadelaeducacion\/consejeria-de-las-comunidades-educativas\/\">Consejer\u00eda de las Comunidades Educativas<\/a><\/li>\n<li id=\"menu-item-2834\" class=\"menu-item menu-item-type-post_type menu-item-object-page menu-item-2834\"><a href=\"https:\/\/www.mined.gob.ni\/mapadelaeducacion\/educacion-fisica-y-deportes-escolares\/\">Educaci\u00f3n F\u00edsica y Deportes Escolares<\/a><\/li>\n<li id=\"menu-item-3045\" class=\"menu-item menu-item-type-post_type menu-item-object-page menu-item-3045\"><a href=\"https:\/\/www.mined.gob.ni\/mapadelaeducacion\/escuelas-normales-de-formacion-superior\/\">Escuelas Normales de Formaci\u00f3n Superior<\/a><\/li>\n<\/ul><\/div>\t\t<\/div>\n\t\t\t\t<\/div>\n\t\t\t\t<div class=\"elementor-element elementor-element-25e0e28d elementor-widget elementor-widget-image\" data-id=\"25e0e28d\" data-element_type=\"widget\" data-widget_type=\"image.default\">\n\t\t\t\t<div class=\"elementor-widget-container\">\n\t\t\t\t\t\t\t\t\t\t\t\t\t\t\t\t<a href=\"https:\/\/serviciosenlinea.mined.gob.ni\/mapa-de-la-educacion\/index.aspx\">\n\t\t\t\t\t\t\t<img loading=\"lazy\" decoding=\"async\" width=\"404\" height=\"384\" src=\"https:\/\/www.mined.gob.ni\/mapadelaeducacion\/wp-content\/uploads\/2021\/08\/mapa.png\" class=\"attachment-large size-large wp-image-1805\" alt=\"\" \/>\t\t\t\t\t\t\t\t<\/a>\n\t\t\t\t\t\t\t\t\t\t\t\t\t\t\t<\/div>\n\t\t\t\t<\/div>\n\t\t\t\t\t<\/div>\n\t\t<\/div>\n\t\t\t\t<div class=\"elementor-column elementor-col-50 elementor-top-column elementor-element elementor-element-68e3d55d\" data-id=\"68e3d55d\" data-element_type=\"column\">\n\t\t\t<div class=\"elementor-widget-wrap elementor-element-populated\">\n\t\t\t\t\t\t\t\t<div class=\"elementor-element elementor-element-c2f1bb7 elementor-widget elementor-widget-gva-gallery\" data-id=\"c2f1bb7\" data-element_type=\"widget\" data-widget_type=\"gva-gallery.default\">\n\t\t\t\t<div class=\"elementor-widget-container\">\n\t\t\t<div class=\"gva-element-gva-gallery gva-element\">\r\n<div class=\"gva-gallery-carousel swiper-slider-wrapper style-1 \">\r\n\t<div class=\"swiper-content-inner\">\r\n   \t<div class=\"init-carousel-swiper swiper\" data-carousel=\"{&quot;items&quot;:1,&quot;items_lg&quot;:1,&quot;items_md&quot;:1,&quot;items_sm&quot;:1,&quot;items_xs&quot;:1,&quot;items_xx&quot;:1,&quot;effect&quot;:&quot;slide&quot;,&quot;space_between&quot;:30,&quot;loop&quot;:1,&quot;speed&quot;:600,&quot;autoplay&quot;:1,&quot;autoplay_delay&quot;:4000,&quot;autoplay_hover&quot;:1,&quot;navigation&quot;:1,&quot;pagination&quot;:0,&quot;dynamic_bullets&quot;:0,&quot;pagination_type&quot;:&quot;bullets&quot;}\">\r\n      \t<div class=\"swiper-wrapper\">\r\n\t\t\t\t<div class=\"swiper-slide item\">\r\n<div class=\"gallery-item\">\r\n\r\n               <div class=\"image\">\r\n            <img decoding=\"async\" src=\"https:\/\/www.mined.gob.ni\/mapadelaeducacion\/wp-content\/uploads\/2023\/05\/consejeria-de-las-comunidades-01.png\" alt=\"\" \/>  \r\n         <\/div>\r\n         <a class=\"photo-gallery\" href=\"https:\/\/www.mined.gob.ni\/mapadelaeducacion\/wp-content\/uploads\/2023\/05\/consejeria-de-las-comunidades-01.png\" data-elementor-lightbox-slideshow=\"gallery-hrer\"><\/a>\r\n      \r\n      <div class=\"image-content\">\r\n         <div class=\"content-inner\">\r\n                                 <\/div>   \r\n      <\/div>\r\n\r\n   <\/div>\r\n<\/div><div class=\"swiper-slide item\">\r\n<div class=\"gallery-item\">\r\n\r\n               <div class=\"image\">\r\n            <img decoding=\"async\" src=\"https:\/\/www.mined.gob.ni\/mapadelaeducacion\/wp-content\/uploads\/2023\/05\/consejeria-de-las-comunidades-02.png\" alt=\"\" \/>  \r\n         <\/div>\r\n         <a class=\"photo-gallery\" href=\"https:\/\/www.mined.gob.ni\/mapadelaeducacion\/wp-content\/uploads\/2023\/05\/consejeria-de-las-comunidades-02.png\" data-elementor-lightbox-slideshow=\"gallery-hrer\"><\/a>\r\n      \r\n      <div class=\"image-content\">\r\n         <div class=\"content-inner\">\r\n                                 <\/div>   \r\n      <\/div>\r\n\r\n   <\/div>\r\n<\/div><div class=\"swiper-slide item\">\r\n<div class=\"gallery-item\">\r\n\r\n               <div class=\"image\">\r\n            <img decoding=\"async\" src=\"https:\/\/www.mined.gob.ni\/mapadelaeducacion\/wp-content\/uploads\/2023\/05\/consejeria-de-las-comunidades-03.png\" alt=\"\" \/>  \r\n         <\/div>\r\n         <a class=\"photo-gallery\" href=\"https:\/\/www.mined.gob.ni\/mapadelaeducacion\/wp-content\/uploads\/2023\/05\/consejeria-de-las-comunidades-03.png\" data-elementor-lightbox-slideshow=\"gallery-hrer\"><\/a>\r\n      \r\n      <div class=\"image-content\">\r\n         <div class=\"content-inner\">\r\n                                 <\/div>   \r\n      <\/div>\r\n\r\n   <\/div>\r\n<\/div><div class=\"swiper-slide item\">\r\n<div class=\"gallery-item\">\r\n\r\n               <div class=\"image\">\r\n            <img decoding=\"async\" src=\"https:\/\/www.mined.gob.ni\/mapadelaeducacion\/wp-content\/uploads\/2023\/05\/consejeria-de-las-comunidades-04.png\" alt=\"\" \/>  \r\n         <\/div>\r\n         <a class=\"photo-gallery\" href=\"https:\/\/www.mined.gob.ni\/mapadelaeducacion\/wp-content\/uploads\/2023\/05\/consejeria-de-las-comunidades-04.png\" data-elementor-lightbox-slideshow=\"gallery-hrer\"><\/a>\r\n      \r\n      <div class=\"image-content\">\r\n         <div class=\"content-inner\">\r\n                                 <\/div>   \r\n      <\/div>\r\n\r\n   <\/div>\r\n<\/div><div class=\"swiper-slide item\">\r\n<div class=\"gallery-item\">\r\n\r\n               <div class=\"image\">\r\n            <img decoding=\"async\" src=\"https:\/\/www.mined.gob.ni\/mapadelaeducacion\/wp-content\/uploads\/2023\/05\/consejeria-de-las-comunidades-05.png\" alt=\"\" \/>  \r\n         <\/div>\r\n         <a class=\"photo-gallery\" href=\"https:\/\/www.mined.gob.ni\/mapadelaeducacion\/wp-content\/uploads\/2023\/05\/consejeria-de-las-comunidades-05.png\" data-elementor-lightbox-slideshow=\"gallery-hrer\"><\/a>\r\n      \r\n      <div class=\"image-content\">\r\n         <div class=\"content-inner\">\r\n                                 <\/div>   \r\n      <\/div>\r\n\r\n   <\/div>\r\n<\/div><div class=\"swiper-slide item\">\r\n<div class=\"gallery-item\">\r\n\r\n               <div class=\"image\">\r\n            <img decoding=\"async\" src=\"https:\/\/www.mined.gob.ni\/mapadelaeducacion\/wp-content\/uploads\/2023\/05\/consejeria-de-las-comunidades-06.png\" alt=\"\" \/>  \r\n         <\/div>\r\n         <a class=\"photo-gallery\" href=\"https:\/\/www.mined.gob.ni\/mapadelaeducacion\/wp-content\/uploads\/2023\/05\/consejeria-de-las-comunidades-06.png\" data-elementor-lightbox-slideshow=\"gallery-hrer\"><\/a>\r\n      \r\n      <div class=\"image-content\">\r\n         <div class=\"content-inner\">\r\n                                 <\/div>   \r\n      <\/div>\r\n\r\n   <\/div>\r\n<\/div><div class=\"swiper-slide item\">\r\n<div class=\"gallery-item\">\r\n\r\n               <div class=\"image\">\r\n            <img decoding=\"async\" src=\"https:\/\/www.mined.gob.ni\/mapadelaeducacion\/wp-content\/uploads\/2023\/05\/consejeria-de-las-comunidades-08.png\" alt=\"\" \/>  \r\n         <\/div>\r\n         <a class=\"photo-gallery\" href=\"https:\/\/www.mined.gob.ni\/mapadelaeducacion\/wp-content\/uploads\/2023\/05\/consejeria-de-las-comunidades-08.png\" data-elementor-lightbox-slideshow=\"gallery-hrer\"><\/a>\r\n      \r\n      <div class=\"image-content\">\r\n         <div class=\"content-inner\">\r\n                                 <\/div>   \r\n      <\/div>\r\n\r\n   <\/div>\r\n<\/div><div class=\"swiper-slide item\">\r\n<div class=\"gallery-item\">\r\n\r\n               <div class=\"image\">\r\n            <img decoding=\"async\" src=\"https:\/\/www.mined.gob.ni\/mapadelaeducacion\/wp-content\/uploads\/2023\/05\/consejeria-de-las-comunidades-07.png\" alt=\"\" \/>  \r\n         <\/div>\r\n         <a class=\"photo-gallery\" href=\"https:\/\/www.mined.gob.ni\/mapadelaeducacion\/wp-content\/uploads\/2023\/05\/consejeria-de-las-comunidades-07.png\" data-elementor-lightbox-slideshow=\"gallery-hrer\"><\/a>\r\n      \r\n      <div class=\"image-content\">\r\n         <div class=\"content-inner\">\r\n                                 <\/div>   \r\n      <\/div>\r\n\r\n   <\/div>\r\n<\/div>\t\t\t<\/div>\r\n\t\t<\/div>\r\n\t<\/div>\r\n\t<div class=\"swiper-pagination\"><\/div>   <div class=\"swiper-nav-next\"><\/div><div class=\"swiper-nav-prev\"><\/div><\/div>\r\n<\/div>\t\t<\/div>\n\t\t\t\t<\/div>\n\t\t\t\t<div class=\"elementor-element elementor-element-6181ebf4 elementor-widget elementor-widget-heading\" data-id=\"6181ebf4\" data-element_type=\"widget\" data-widget_type=\"heading.default\">\n\t\t\t\t<div class=\"elementor-widget-container\">\n\t\t\t<style>\/*! elementor - v3.12.1 - 02-04-2023 *\/\n.elementor-heading-title{padding:0;margin:0;line-height:1}.elementor-widget-heading .elementor-heading-title[class*=elementor-size-]>a{color:inherit;font-size:inherit;line-height:inherit}.elementor-widget-heading .elementor-heading-title.elementor-size-small{font-size:15px}.elementor-widget-heading .elementor-heading-title.elementor-size-medium{font-size:19px}.elementor-widget-heading .elementor-heading-title.elementor-size-large{font-size:29px}.elementor-widget-heading .elementor-heading-title.elementor-size-xl{font-size:39px}.elementor-widget-heading .elementor-heading-title.elementor-size-xxl{font-size:59px}<\/style><h2 class=\"elementor-heading-title elementor-size-default\">Consejer\u00eda de las Comunidades Educativas<\/h2>\t\t<\/div>\n\t\t\t\t<\/div>\n\t\t\t\t<div class=\"elementor-element elementor-element-542a19c7 elementor-widget elementor-widget-spacer\" data-id=\"542a19c7\" data-element_type=\"widget\" data-widget_type=\"spacer.default\">\n\t\t\t\t<div class=\"elementor-widget-container\">\n\t\t\t<style>\/*! elementor - v3.12.1 - 02-04-2023 *\/\n.elementor-column .elementor-spacer-inner{height:var(--spacer-size)}.e-con{--container-widget-width:100%}.e-con-inner>.elementor-widget-spacer,.e-con>.elementor-widget-spacer{width:var(--container-widget-width,var(--spacer-size));--align-self:var(--container-widget-align-self,initial);--flex-shrink:0}.e-con-inner>.elementor-widget-spacer>.elementor-widget-container,.e-con-inner>.elementor-widget-spacer>.elementor-widget-container>.elementor-spacer,.e-con>.elementor-widget-spacer>.elementor-widget-container,.e-con>.elementor-widget-spacer>.elementor-widget-container>.elementor-spacer{height:100%}.e-con-inner>.elementor-widget-spacer>.elementor-widget-container>.elementor-spacer>.elementor-spacer-inner,.e-con>.elementor-widget-spacer>.elementor-widget-container>.elementor-spacer>.elementor-spacer-inner{height:var(--container-widget-height,var(--spacer-size))}<\/style>\t\t<div class=\"elementor-spacer\">\n\t\t\t<div class=\"elementor-spacer-inner\"><\/div>\n\t\t<\/div>\n\t\t\t\t<\/div>\n\t\t\t\t<\/div>\n\t\t\t\t<div class=\"elementor-element elementor-element-5c46797c elementor-widget elementor-widget-text-editor\" data-id=\"5c46797c\" data-element_type=\"widget\" data-widget_type=\"text-editor.default\">\n\t\t\t\t<div class=\"elementor-widget-container\">\n\t\t\t<style>\/*! elementor - v3.12.1 - 02-04-2023 *\/\n.elementor-widget-text-editor.elementor-drop-cap-view-stacked .elementor-drop-cap{background-color:#69727d;color:#fff}.elementor-widget-text-editor.elementor-drop-cap-view-framed .elementor-drop-cap{color:#69727d;border:3px solid;background-color:transparent}.elementor-widget-text-editor:not(.elementor-drop-cap-view-default) .elementor-drop-cap{margin-top:8px}.elementor-widget-text-editor:not(.elementor-drop-cap-view-default) .elementor-drop-cap-letter{width:1em;height:1em}.elementor-widget-text-editor .elementor-drop-cap{float:left;text-align:center;line-height:1;font-size:50px}.elementor-widget-text-editor .elementor-drop-cap-letter{display:inline-block}<\/style>\t\t\t\t<p style=\"text-align: justify;\">El programa de Consejer\u00eda de las Comunidades Educativas es una estrategia que ha contribuido en la formaci\u00f3n integral de estudiantes y el protagonismo activo de la comunidad educativa, desarrollando acciones de prevenci\u00f3n desde el fomento de valores, actitudes y comportamientos individuales y colectivos que conlleven a cambios de pensamientos, actitudes y comportamientos saludables para el cuido de la vida en ni\u00f1as, ni\u00f1os, adolescentes, j\u00f3venes, madres, padres de familia y docentes de centros educativos.<\/p><p>Acciones estrat\u00e9gicas:<\/p><ul><li><p style=\"text-align: justify;\">Se brinda<strong> acompa\u00f1amiento socioemocional <\/strong>a ni\u00f1os, ni\u00f1as, adolescentes, j\u00f3venes y sus familias, que se encuentran en situaciones de riesgos, tales como; adicciones, acoso escolar, abuso sexual, desentendimientos familiares, embarazo en adolescente, ideas, intentos suicidas, suicidio u otras situaciones que afecten su tranquilidad, para contribuir a su bienestar y aportar a la permanencia y continuidad educativa.<\/p><\/li><li><p style=\"text-align: justify;\">Encuentros semanales; Creciendo en valores, espacio que se implementa todos los mi\u00e9rcoles a primera hora con estudiantes de Educaci\u00f3n Inicial, Primaria y Secundaria.<\/p><\/li><\/ul><ul><li><p style=\"text-align: justify;\">Voluntariado amplio de la Comunidad Educativa: se ha promovido un amplio voluntariado de madres, padres de familia, estudiantes y docentes, en la implementaci\u00f3n de acciones preventivas de manera creativa en talleres, encuentros deportivos, espacios art\u00edsticos, campa\u00f1as comunicacionales.<\/p><\/li><\/ul><ul><li><p style=\"text-align: justify;\">Encuentros de Crecimiento Personal: estos han contribuido al fortalecimiento de los conocimientos, habilidades y pr\u00e1cticas de docentes para la promoci\u00f3n de valores, la resiliencia ante situaciones de vulnerabilidad, cuidado del planeta, estilos de vida saludable, cuido de la salud, igualdad de g\u00e9nero, inclusividad, prevenci\u00f3n de la violencia, derechos humanos, diversidad cultural, habilidades socioemocionales y cultura de paz.<\/p><\/li><\/ul><ul><li><p style=\"text-align: justify;\">Encuentros con madres y padres de familia: se ha logrado un involucramiento y acercamiento fraterno entre la escuela y la familia, fortaleciendo sus conocimientos, habilidades y compromisos en el proceso de aprendizajes de sus hijas e hijos, para acompa\u00f1arlos de manera responsable.<\/p><\/li><\/ul><p style=\"text-align: justify;\">Todos estos programas son parte del quehacer de las Consejer\u00edas de las Comunidades Educativas, por lo que se continuar\u00e1n implementando de manera din\u00e1mica y evolucionando en sus contenidos, metodolog\u00edas, enfoques como respuesta al contexto y realidad de nuestro pa\u00eds.<\/p><p>Por lo que tenemos previsto:<\/p><ul><li><p style=\"text-align: justify;\">Continuar desarrollando encuentros de madres y padres de familia, y otros cuidadores primarios, a fin de que establezcan mejores relaciones familiares con sus hijos e hijas, al aplicar conocimientos, t\u00e9cnicas, estrategias de crianza positiva.<\/p><\/li><li><p style=\"text-align: justify;\">Continuar fortaleciendo el aprendizaje socioemocional en estudiantes de Educaci\u00f3n Inicial, Primaria, Secundaria y Escuelas Normales para favorecer su bienestar emocional y contribuir a las relaciones armoniosas.<\/p><\/li><\/ul>\t\t\t\t\t\t<\/div>\n\t\t\t\t<\/div>\n\t\t\t\t\t<\/div>\n\t\t<\/div>\n\t\t\t\t\t\t\t<\/div>\n\t\t<\/section>\n\t\t\t\t\t\t\t<\/div>\n\t\t","protected":false},"excerpt":{"rendered":"<p>Consejer\u00eda de las Comunidades Educativas El programa de Consejer\u00eda de las Comunidades Educativas es una estrategia que ha contribuido en la formaci\u00f3n integral de estudiantes y el protagonismo activo de la comunidad educativa, desarrollando acciones de prevenci\u00f3n desde el fomento de valores, actitudes y comportamientos individuales y colectivos que conlleven a cambios de pensamientos, actitudes [&hellip;]<\/p>\n","protected":false},"author":1,"featured_media":0,"parent":0,"menu_order":0,"comment_status":"closed","ping_status":"closed","template":"","meta":{"footnotes":""},"class_list":["post-2583","page","type-page","status-publish","hentry"],"_links":{"self":[{"href":"https:\/\/www.mined.gob.ni\/mapadelaeducacion\/wp-json\/wp\/v2\/pages\/2583","targetHints":{"allow":["GET"]}}],"collection":[{"href":"https:\/\/www.mined.gob.ni\/mapadelaeducacion\/wp-json\/wp\/v2\/pages"}],"about":[{"href":"https:\/\/www.mined.gob.ni\/mapadelaeducacion\/wp-json\/wp\/v2\/types\/page"}],"author":[{"embeddable":true,"href":"https:\/\/www.mined.gob.ni\/mapadelaeducacion\/wp-json\/wp\/v2\/users\/1"}],"replies":[{"embeddable":true,"href":"https:\/\/www.mined.gob.ni\/mapadelaeducacion\/wp-json\/wp\/v2\/comments?post=2583"}],"version-history":[{"count":62,"href":"https:\/\/www.mined.gob.ni\/mapadelaeducacion\/wp-json\/wp\/v2\/pages\/2583\/revisions"}],"predecessor-version":[{"id":3670,"href":"https:\/\/www.mined.gob.ni\/mapadelaeducacion\/wp-json\/wp\/v2\/pages\/2583\/revisions\/3670"}],"wp:attachment":[{"href":"https:\/\/www.mined.gob.ni\/mapadelaeducacion\/wp-json\/wp\/v2\/media?parent=2583"}],"curies":[{"name":"wp","href":"https:\/\/api.w.org\/{rel}","templated":true}]}}