{"id":3009,"date":"2023-05-09T19:31:01","date_gmt":"2023-05-09T19:31:01","guid":{"rendered":"https:\/\/www.mined.gob.ni\/mapadelaeducacion\/?page_id=3009"},"modified":"2023-06-16T15:11:14","modified_gmt":"2023-06-16T15:11:14","slug":"escuelas-normales-de-formacion-superior","status":"publish","type":"page","link":"https:\/\/www.mined.gob.ni\/mapadelaeducacion\/escuelas-normales-de-formacion-superior\/","title":{"rendered":"Escuelas Normales de Formaci\u00f3n Superior"},"content":{"rendered":"\t\t<div data-elementor-type=\"wp-page\" data-elementor-id=\"3009\" class=\"elementor elementor-3009\">\n\t\t\t\t\t\t\t\t\t<section class=\"elementor-section elementor-top-section elementor-element elementor-element-75477906 elementor-section-boxed elementor-section-height-default elementor-section-height-default\" data-id=\"75477906\" data-element_type=\"section\" data-settings=\"{&quot;background_background&quot;:&quot;slideshow&quot;,&quot;background_slideshow_gallery&quot;:[{&quot;id&quot;:3034,&quot;url&quot;:&quot;https:\\\/\\\/www.mined.gob.ni\\\/mapadelaeducacion\\\/wp-content\\\/uploads\\\/2023\\\/05\\\/formacion-docente-mode-101.jpg&quot;},{&quot;id&quot;:3035,&quot;url&quot;:&quot;https:\\\/\\\/www.mined.gob.ni\\\/mapadelaeducacion\\\/wp-content\\\/uploads\\\/2023\\\/05\\\/formacion-docente-mode-101-1.jpg&quot;}],&quot;background_slideshow_ken_burns&quot;:&quot;yes&quot;,&quot;background_slideshow_lazyload&quot;:&quot;yes&quot;,&quot;background_slideshow_ken_burns_zoom_direction&quot;:&quot;out&quot;,&quot;background_slideshow_loop&quot;:&quot;yes&quot;,&quot;background_slideshow_slide_duration&quot;:5000,&quot;background_slideshow_slide_transition&quot;:&quot;fade&quot;,&quot;background_slideshow_transition_duration&quot;:500}\">\n\t\t\t\t\t\t<div class=\"elementor-container elementor-column-gap-default\">\n\t\t\t\t\t<div class=\"elementor-column elementor-col-100 elementor-top-column elementor-element elementor-element-3b41e04a\" data-id=\"3b41e04a\" data-element_type=\"column\">\n\t\t\t<div class=\"elementor-widget-wrap elementor-element-populated\">\n\t\t\t\t\t\t\t\t<div class=\"elementor-element elementor-element-691f75d5 elementor-widget elementor-widget-gva-heading-block\" data-id=\"691f75d5\" data-element_type=\"widget\" data-widget_type=\"gva-heading-block.default\">\n\t\t\t\t<div class=\"elementor-widget-container\">\n\t\t\t<div class=\"gva-element-gva-heading-block gva-element\">   <div class=\"align-center style-2 widget gsc-heading box-align-left auto-responsive\">\r\n      <div class=\"content-inner\">\r\n         \r\n         \r\n         \r\n           \r\n         \r\n                  \r\n         \r\n      <\/div>\r\n   <\/div>\r\n<\/div>\t\t<\/div>\n\t\t\t\t<\/div>\n\t\t\t\t\t<\/div>\n\t\t<\/div>\n\t\t\t\t\t\t\t<\/div>\n\t\t<\/section>\n\t\t\t\t<section class=\"elementor-section elementor-top-section elementor-element elementor-element-19dd40b2 elementor-section-boxed elementor-section-height-default elementor-section-height-default\" data-id=\"19dd40b2\" data-element_type=\"section\">\n\t\t\t\t\t\t<div class=\"elementor-container elementor-column-gap-default\">\n\t\t\t\t\t<div class=\"elementor-column elementor-col-50 elementor-top-column elementor-element elementor-element-7896a2a2\" data-id=\"7896a2a2\" data-element_type=\"column\">\n\t\t\t<div class=\"elementor-widget-wrap elementor-element-populated\">\n\t\t\t\t\t\t\t\t<div class=\"elementor-element elementor-element-3e53463b elementor-widget elementor-widget-image\" data-id=\"3e53463b\" data-element_type=\"widget\" data-widget_type=\"image.default\">\n\t\t\t\t<div class=\"elementor-widget-container\">\n\t\t\t<style>\/*! elementor - v3.12.1 - 02-04-2023 *\/\n.elementor-widget-image{text-align:center}.elementor-widget-image a{display:inline-block}.elementor-widget-image a img[src$=\".svg\"]{width:48px}.elementor-widget-image img{vertical-align:middle;display:inline-block}<\/style>\t\t\t\t\t\t\t\t\t\t\t\t<img loading=\"lazy\" decoding=\"async\" width=\"404\" height=\"253\" src=\"https:\/\/www.mined.gob.ni\/mapadelaeducacion\/wp-content\/uploads\/2023\/04\/vamos-ADELANTE.png\" class=\"attachment-large size-large wp-image-1813\" alt=\"\" \/>\t\t\t\t\t\t\t\t\t\t\t\t\t\t\t<\/div>\n\t\t\t\t<\/div>\n\t\t\t\t<div class=\"elementor-element elementor-element-e94b09f elementor-widget elementor-widget-wp-widget-nav_menu\" data-id=\"e94b09f\" data-element_type=\"widget\" data-widget_type=\"wp-widget-nav_menu.default\">\n\t\t\t\t<div class=\"elementor-widget-container\">\n\t\t\t<div class=\"menu-services-container\"><ul id=\"menu-services\" class=\"menu\"><li id=\"menu-item-1307\" class=\"menu-item menu-item-type-post_type menu-item-object-page menu-item-1307\"><a href=\"https:\/\/www.mined.gob.ni\/mapadelaeducacion\/direccion-de-educacion-artistica-y-cultural-mined\/\">Educaci\u00f3n Art\u00edstica y Cultural MINED<\/a><\/li>\n<li id=\"menu-item-1308\" class=\"menu-item menu-item-type-post_type menu-item-object-page menu-item-1308\"><a href=\"https:\/\/www.mined.gob.ni\/mapadelaeducacion\/programa-de-vocacion-productiva-para-el-trabajo-y-la-vida\/\">Vocaci\u00f3n Productiva para el Trabajo y la Vida<\/a><\/li>\n<li id=\"menu-item-1312\" class=\"menu-item menu-item-type-post_type menu-item-object-page menu-item-1312\"><a href=\"https:\/\/www.mined.gob.ni\/mapadelaeducacion\/merienda-escolar-mined\/\">Merienda Escolar PINE<\/a><\/li>\n<li id=\"menu-item-1309\" class=\"menu-item menu-item-type-post_type menu-item-object-page menu-item-1309\"><a href=\"https:\/\/www.mined.gob.ni\/mapadelaeducacion\/inversion-social\/\">Inversi\u00f3n Social<\/a><\/li>\n<li id=\"menu-item-1311\" class=\"menu-item menu-item-type-post_type menu-item-object-page menu-item-1311\"><a href=\"https:\/\/www.mined.gob.ni\/mapadelaeducacion\/infraestructura-escolar\/\">Infraestructura Escolar<\/a><\/li>\n<li id=\"menu-item-2180\" class=\"menu-item menu-item-type-post_type menu-item-object-page menu-item-2180\"><a href=\"https:\/\/www.mined.gob.ni\/mapadelaeducacion\/tecnologia-educativa\/\">Tecnolog\u00eda Educativa<\/a><\/li>\n<li id=\"menu-item-2205\" class=\"menu-item menu-item-type-post_type menu-item-object-page menu-item-2205\"><a href=\"https:\/\/www.mined.gob.ni\/mapadelaeducacion\/bono-complementario\/\">Bono Complementario<\/a><\/li>\n<li id=\"menu-item-2704\" class=\"menu-item menu-item-type-post_type menu-item-object-page menu-item-2704\"><a href=\"https:\/\/www.mined.gob.ni\/mapadelaeducacion\/direccion-general-de-educacion-de-jovenes-y-adultos\/\">Educaci\u00f3n de J\u00f3venes y Adultos<\/a><\/li>\n<li id=\"menu-item-2705\" class=\"menu-item menu-item-type-post_type menu-item-object-page menu-item-2705\"><a href=\"https:\/\/www.mined.gob.ni\/mapadelaeducacion\/consejeria-de-las-comunidades-educativas\/\">Consejer\u00eda de las Comunidades Educativas<\/a><\/li>\n<li id=\"menu-item-2834\" class=\"menu-item menu-item-type-post_type menu-item-object-page menu-item-2834\"><a href=\"https:\/\/www.mined.gob.ni\/mapadelaeducacion\/educacion-fisica-y-deportes-escolares\/\">Educaci\u00f3n F\u00edsica y Deportes Escolares<\/a><\/li>\n<li id=\"menu-item-3045\" class=\"menu-item menu-item-type-post_type menu-item-object-page menu-item-3045\"><a href=\"https:\/\/www.mined.gob.ni\/mapadelaeducacion\/escuelas-normales-de-formacion-superior\/\">Escuelas Normales de Formaci\u00f3n Superior<\/a><\/li>\n<\/ul><\/div>\t\t<\/div>\n\t\t\t\t<\/div>\n\t\t\t\t<div class=\"elementor-element elementor-element-41f99350 elementor-widget elementor-widget-image\" data-id=\"41f99350\" data-element_type=\"widget\" data-widget_type=\"image.default\">\n\t\t\t\t<div class=\"elementor-widget-container\">\n\t\t\t\t\t\t\t\t\t\t\t\t\t\t\t\t<a href=\"https:\/\/serviciosenlinea.mined.gob.ni\/mapa-de-la-educacion\/Index.aspx\">\n\t\t\t\t\t\t\t<img loading=\"lazy\" decoding=\"async\" width=\"404\" height=\"384\" src=\"https:\/\/www.mined.gob.ni\/mapadelaeducacion\/wp-content\/uploads\/2021\/08\/mapa.png\" class=\"attachment-large size-large wp-image-1805\" alt=\"\" \/>\t\t\t\t\t\t\t\t<\/a>\n\t\t\t\t\t\t\t\t\t\t\t\t\t\t\t<\/div>\n\t\t\t\t<\/div>\n\t\t\t\t\t<\/div>\n\t\t<\/div>\n\t\t\t\t<div class=\"elementor-column elementor-col-50 elementor-top-column elementor-element elementor-element-39457a83\" data-id=\"39457a83\" data-element_type=\"column\">\n\t\t\t<div class=\"elementor-widget-wrap elementor-element-populated\">\n\t\t\t\t\t\t\t\t<div class=\"elementor-element elementor-element-edf602f elementor-widget elementor-widget-heading\" data-id=\"edf602f\" data-element_type=\"widget\" data-widget_type=\"heading.default\">\n\t\t\t\t<div class=\"elementor-widget-container\">\n\t\t\t<style>\/*! elementor - v3.12.1 - 02-04-2023 *\/\n.elementor-heading-title{padding:0;margin:0;line-height:1}.elementor-widget-heading .elementor-heading-title[class*=elementor-size-]>a{color:inherit;font-size:inherit;line-height:inherit}.elementor-widget-heading .elementor-heading-title.elementor-size-small{font-size:15px}.elementor-widget-heading .elementor-heading-title.elementor-size-medium{font-size:19px}.elementor-widget-heading .elementor-heading-title.elementor-size-large{font-size:29px}.elementor-widget-heading .elementor-heading-title.elementor-size-xl{font-size:39px}.elementor-widget-heading .elementor-heading-title.elementor-size-xxl{font-size:59px}<\/style><h2 class=\"elementor-heading-title elementor-size-default\">Escuelas Normales de Formaci\u00f3n Superior<\/h2>\t\t<\/div>\n\t\t\t\t<\/div>\n\t\t\t\t<div class=\"elementor-element elementor-element-799bb elementor-widget elementor-widget-spacer\" data-id=\"799bb\" data-element_type=\"widget\" data-widget_type=\"spacer.default\">\n\t\t\t\t<div class=\"elementor-widget-container\">\n\t\t\t<style>\/*! elementor - v3.12.1 - 02-04-2023 *\/\n.elementor-column .elementor-spacer-inner{height:var(--spacer-size)}.e-con{--container-widget-width:100%}.e-con-inner>.elementor-widget-spacer,.e-con>.elementor-widget-spacer{width:var(--container-widget-width,var(--spacer-size));--align-self:var(--container-widget-align-self,initial);--flex-shrink:0}.e-con-inner>.elementor-widget-spacer>.elementor-widget-container,.e-con-inner>.elementor-widget-spacer>.elementor-widget-container>.elementor-spacer,.e-con>.elementor-widget-spacer>.elementor-widget-container,.e-con>.elementor-widget-spacer>.elementor-widget-container>.elementor-spacer{height:100%}.e-con-inner>.elementor-widget-spacer>.elementor-widget-container>.elementor-spacer>.elementor-spacer-inner,.e-con>.elementor-widget-spacer>.elementor-widget-container>.elementor-spacer>.elementor-spacer-inner{height:var(--container-widget-height,var(--spacer-size))}<\/style>\t\t<div class=\"elementor-spacer\">\n\t\t\t<div class=\"elementor-spacer-inner\"><\/div>\n\t\t<\/div>\n\t\t\t\t<\/div>\n\t\t\t\t<\/div>\n\t\t\t\t<div class=\"elementor-element elementor-element-edfaade elementor-widget elementor-widget-gva-gallery\" data-id=\"edfaade\" data-element_type=\"widget\" data-widget_type=\"gva-gallery.default\">\n\t\t\t\t<div class=\"elementor-widget-container\">\n\t\t\t<div class=\"gva-element-gva-gallery gva-element\">\r\n<div class=\"gva-gallery-carousel swiper-slider-wrapper style-1 \">\r\n\t<div class=\"swiper-content-inner\">\r\n   \t<div class=\"init-carousel-swiper swiper\" data-carousel=\"{&quot;items&quot;:1,&quot;items_lg&quot;:1,&quot;items_md&quot;:1,&quot;items_sm&quot;:1,&quot;items_xs&quot;:1,&quot;items_xx&quot;:1,&quot;effect&quot;:&quot;slide&quot;,&quot;space_between&quot;:30,&quot;loop&quot;:1,&quot;speed&quot;:600,&quot;autoplay&quot;:1,&quot;autoplay_delay&quot;:4500,&quot;autoplay_hover&quot;:1,&quot;navigation&quot;:1,&quot;pagination&quot;:0,&quot;dynamic_bullets&quot;:0,&quot;pagination_type&quot;:&quot;bullets&quot;}\">\r\n      \t<div class=\"swiper-wrapper\">\r\n\t\t\t\t<div class=\"swiper-slide item\">\r\n<div class=\"gallery-item\">\r\n\r\n               <div class=\"image\">\r\n            <img decoding=\"async\" src=\"https:\/\/www.mined.gob.ni\/mapadelaeducacion\/wp-content\/uploads\/2023\/05\/formacion-docente-01.png\" alt=\"\" \/>  \r\n         <\/div>\r\n         <a class=\"photo-gallery\" href=\"https:\/\/www.mined.gob.ni\/mapadelaeducacion\/wp-content\/uploads\/2023\/05\/formacion-docente-01.png\" data-elementor-lightbox-slideshow=\"gallery-31h4\"><\/a>\r\n      \r\n      <div class=\"image-content\">\r\n         <div class=\"content-inner\">\r\n                                 <\/div>   \r\n      <\/div>\r\n\r\n   <\/div>\r\n<\/div><div class=\"swiper-slide item\">\r\n<div class=\"gallery-item\">\r\n\r\n               <div class=\"image\">\r\n            <img decoding=\"async\" src=\"https:\/\/www.mined.gob.ni\/mapadelaeducacion\/wp-content\/uploads\/2023\/05\/formacion-docente-02.png\" alt=\"\" \/>  \r\n         <\/div>\r\n         <a class=\"photo-gallery\" href=\"https:\/\/www.mined.gob.ni\/mapadelaeducacion\/wp-content\/uploads\/2023\/05\/formacion-docente-02.png\" data-elementor-lightbox-slideshow=\"gallery-31h4\"><\/a>\r\n      \r\n      <div class=\"image-content\">\r\n         <div class=\"content-inner\">\r\n                                 <\/div>   \r\n      <\/div>\r\n\r\n   <\/div>\r\n<\/div><div class=\"swiper-slide item\">\r\n<div class=\"gallery-item\">\r\n\r\n               <div class=\"image\">\r\n            <img decoding=\"async\" src=\"https:\/\/www.mined.gob.ni\/mapadelaeducacion\/wp-content\/uploads\/2023\/05\/formacion-docente-03.png\" alt=\"\" \/>  \r\n         <\/div>\r\n         <a class=\"photo-gallery\" href=\"https:\/\/www.mined.gob.ni\/mapadelaeducacion\/wp-content\/uploads\/2023\/05\/formacion-docente-03.png\" data-elementor-lightbox-slideshow=\"gallery-31h4\"><\/a>\r\n      \r\n      <div class=\"image-content\">\r\n         <div class=\"content-inner\">\r\n                                 <\/div>   \r\n      <\/div>\r\n\r\n   <\/div>\r\n<\/div><div class=\"swiper-slide item\">\r\n<div class=\"gallery-item\">\r\n\r\n               <div class=\"image\">\r\n            <img decoding=\"async\" src=\"https:\/\/www.mined.gob.ni\/mapadelaeducacion\/wp-content\/uploads\/2023\/05\/formacion-docente-04.png\" alt=\"\" \/>  \r\n         <\/div>\r\n         <a class=\"photo-gallery\" href=\"https:\/\/www.mined.gob.ni\/mapadelaeducacion\/wp-content\/uploads\/2023\/05\/formacion-docente-04.png\" data-elementor-lightbox-slideshow=\"gallery-31h4\"><\/a>\r\n      \r\n      <div class=\"image-content\">\r\n         <div class=\"content-inner\">\r\n                                 <\/div>   \r\n      <\/div>\r\n\r\n   <\/div>\r\n<\/div><div class=\"swiper-slide item\">\r\n<div class=\"gallery-item\">\r\n\r\n               <div class=\"image\">\r\n            <img decoding=\"async\" src=\"https:\/\/www.mined.gob.ni\/mapadelaeducacion\/wp-content\/uploads\/2023\/05\/formacion-docente-05.png\" alt=\"\" \/>  \r\n         <\/div>\r\n         <a class=\"photo-gallery\" href=\"https:\/\/www.mined.gob.ni\/mapadelaeducacion\/wp-content\/uploads\/2023\/05\/formacion-docente-05.png\" data-elementor-lightbox-slideshow=\"gallery-31h4\"><\/a>\r\n      \r\n      <div class=\"image-content\">\r\n         <div class=\"content-inner\">\r\n                                 <\/div>   \r\n      <\/div>\r\n\r\n   <\/div>\r\n<\/div><div class=\"swiper-slide item\">\r\n<div class=\"gallery-item\">\r\n\r\n               <div class=\"image\">\r\n            <img decoding=\"async\" src=\"https:\/\/www.mined.gob.ni\/mapadelaeducacion\/wp-content\/uploads\/2023\/05\/formacion-docente-06.png\" alt=\"\" \/>  \r\n         <\/div>\r\n         <a class=\"photo-gallery\" href=\"https:\/\/www.mined.gob.ni\/mapadelaeducacion\/wp-content\/uploads\/2023\/05\/formacion-docente-06.png\" data-elementor-lightbox-slideshow=\"gallery-31h4\"><\/a>\r\n      \r\n      <div class=\"image-content\">\r\n         <div class=\"content-inner\">\r\n                                 <\/div>   \r\n      <\/div>\r\n\r\n   <\/div>\r\n<\/div><div class=\"swiper-slide item\">\r\n<div class=\"gallery-item\">\r\n\r\n               <div class=\"image\">\r\n            <img decoding=\"async\" src=\"https:\/\/www.mined.gob.ni\/mapadelaeducacion\/wp-content\/uploads\/2023\/05\/formacion-docente-07.png\" alt=\"\" \/>  \r\n         <\/div>\r\n         <a class=\"photo-gallery\" href=\"https:\/\/www.mined.gob.ni\/mapadelaeducacion\/wp-content\/uploads\/2023\/05\/formacion-docente-07.png\" data-elementor-lightbox-slideshow=\"gallery-31h4\"><\/a>\r\n      \r\n      <div class=\"image-content\">\r\n         <div class=\"content-inner\">\r\n                                 <\/div>   \r\n      <\/div>\r\n\r\n   <\/div>\r\n<\/div><div class=\"swiper-slide item\">\r\n<div class=\"gallery-item\">\r\n\r\n               <div class=\"image\">\r\n            <img decoding=\"async\" src=\"https:\/\/www.mined.gob.ni\/mapadelaeducacion\/wp-content\/uploads\/2023\/05\/formacion-docente-08.png\" alt=\"\" \/>  \r\n         <\/div>\r\n         <a class=\"photo-gallery\" href=\"https:\/\/www.mined.gob.ni\/mapadelaeducacion\/wp-content\/uploads\/2023\/05\/formacion-docente-08.png\" data-elementor-lightbox-slideshow=\"gallery-31h4\"><\/a>\r\n      \r\n      <div class=\"image-content\">\r\n         <div class=\"content-inner\">\r\n                                 <\/div>   \r\n      <\/div>\r\n\r\n   <\/div>\r\n<\/div><div class=\"swiper-slide item\">\r\n<div class=\"gallery-item\">\r\n\r\n               <div class=\"image\">\r\n            <img decoding=\"async\" src=\"https:\/\/www.mined.gob.ni\/mapadelaeducacion\/wp-content\/uploads\/2023\/05\/formacion-docente-10.png\" alt=\"\" \/>  \r\n         <\/div>\r\n         <a class=\"photo-gallery\" href=\"https:\/\/www.mined.gob.ni\/mapadelaeducacion\/wp-content\/uploads\/2023\/05\/formacion-docente-10.png\" data-elementor-lightbox-slideshow=\"gallery-31h4\"><\/a>\r\n      \r\n      <div class=\"image-content\">\r\n         <div class=\"content-inner\">\r\n                                 <\/div>   \r\n      <\/div>\r\n\r\n   <\/div>\r\n<\/div><div class=\"swiper-slide item\">\r\n<div class=\"gallery-item\">\r\n\r\n               <div class=\"image\">\r\n            <img decoding=\"async\" src=\"https:\/\/www.mined.gob.ni\/mapadelaeducacion\/wp-content\/uploads\/2023\/05\/formacion-docente-09.png\" alt=\"\" \/>  \r\n         <\/div>\r\n         <a class=\"photo-gallery\" href=\"https:\/\/www.mined.gob.ni\/mapadelaeducacion\/wp-content\/uploads\/2023\/05\/formacion-docente-09.png\" data-elementor-lightbox-slideshow=\"gallery-31h4\"><\/a>\r\n      \r\n      <div class=\"image-content\">\r\n         <div class=\"content-inner\">\r\n                                 <\/div>   \r\n      <\/div>\r\n\r\n   <\/div>\r\n<\/div><div class=\"swiper-slide item\">\r\n<div class=\"gallery-item\">\r\n\r\n               <div class=\"image\">\r\n            <img decoding=\"async\" src=\"https:\/\/www.mined.gob.ni\/mapadelaeducacion\/wp-content\/uploads\/2023\/05\/formacion-docente-11.png\" alt=\"\" \/>  \r\n         <\/div>\r\n         <a class=\"photo-gallery\" href=\"https:\/\/www.mined.gob.ni\/mapadelaeducacion\/wp-content\/uploads\/2023\/05\/formacion-docente-11.png\" data-elementor-lightbox-slideshow=\"gallery-31h4\"><\/a>\r\n      \r\n      <div class=\"image-content\">\r\n         <div class=\"content-inner\">\r\n                                 <\/div>   \r\n      <\/div>\r\n\r\n   <\/div>\r\n<\/div>\t\t\t<\/div>\r\n\t\t<\/div>\r\n\t<\/div>\r\n\t<div class=\"swiper-pagination\"><\/div>   <div class=\"swiper-nav-next\"><\/div><div class=\"swiper-nav-prev\"><\/div><\/div>\r\n<\/div>\t\t<\/div>\n\t\t\t\t<\/div>\n\t\t\t\t<div class=\"elementor-element elementor-element-1267adbd elementor-widget elementor-widget-text-editor\" data-id=\"1267adbd\" data-element_type=\"widget\" data-widget_type=\"text-editor.default\">\n\t\t\t\t<div class=\"elementor-widget-container\">\n\t\t\t<style>\/*! elementor - v3.12.1 - 02-04-2023 *\/\n.elementor-widget-text-editor.elementor-drop-cap-view-stacked .elementor-drop-cap{background-color:#69727d;color:#fff}.elementor-widget-text-editor.elementor-drop-cap-view-framed .elementor-drop-cap{color:#69727d;border:3px solid;background-color:transparent}.elementor-widget-text-editor:not(.elementor-drop-cap-view-default) .elementor-drop-cap{margin-top:8px}.elementor-widget-text-editor:not(.elementor-drop-cap-view-default) .elementor-drop-cap-letter{width:1em;height:1em}.elementor-widget-text-editor .elementor-drop-cap{float:left;text-align:center;line-height:1;font-size:50px}.elementor-widget-text-editor .elementor-drop-cap-letter{display:inline-block}<\/style>\t\t\t\t<p style=\"text-align: justify;\">La Direcci\u00f3n General de Formaci\u00f3n Docente es la instancia responsable de la formaci\u00f3n inicial y actualizaci\u00f3n permanente del magisterio nacional, encargada de formar y fortalecer los conocimientos cient\u00edficos, pedag\u00f3gicos, did\u00e1cticos y actitudinales de los docentes con sentido humanista, identidad, l\u00edderes, que aportan a la calidad educativa para el Desarrollo Humano Pleno de las y los nicarag\u00fcenses.<\/p>\n<p style=\"text-align: justify;\">Las 8 Escuelas Normales de Formaci\u00f3n Superior cuentan con 933 estudiantes matriculados en 5 Licenciatura en Educaci\u00f3n Primaria con menci\u00f3n en: Desarrollo Infantil, Educaci\u00f3n Especial e Inclusiva, Mediaci\u00f3n Pedag\u00f3gica, Multigrado Comunitario y Educaci\u00f3n Intercultural Biling\u00fce; estas fueron acreditadas por el Consejo Nacional de Universidades CNU el 2 de febrero 2023.<\/p>\n<p style=\"text-align: justify;\">Los Licenciados en Educaci\u00f3n Primaria, egresar\u00e1n como profesionales integrales con competencias en did\u00e1cticas espec\u00edficas para atender los distintos curr\u00edculos y procesos de aprendizaje de las modalidades educativas, desde un enfoque inclusivo, incluyente, habilidades art\u00edsticas, comunicativas en lengua materna y en el idioma ingl\u00e9s de acuerdo al Marco Com\u00fan Europeo, investigativas y dominio en el uso de la tecnolog\u00eda.<\/p>\n<p style=\"text-align: justify;\">Desde las Escuelas Normales de Formaci\u00f3n Superior se continuar\u00e1 aportando a la especializaci\u00f3n de los docentes en did\u00e1cticas espec\u00edficas, ampliando la oferta acad\u00e9mica a trav\u00e9s de la adici\u00f3n de la oferta de carreras, as\u00ed como de la apertura de la modalidad de postgrado para quienes est\u00e9n interesado en continuar con una especializaci\u00f3n.\t\t\t\t\t\t<\/div>\n\t\t\t\t<\/div>\n\t\t\t\t\t<\/div>\n\t\t<\/div>\n\t\t\t\t\t\t\t<\/div>\n\t\t<\/section>\n\t\t\t\t\t\t\t<\/div>\n\t\t","protected":false},"excerpt":{"rendered":"<p>Escuelas Normales de Formaci\u00f3n Superior La Direcci\u00f3n General de Formaci\u00f3n Docente es la instancia responsable de la formaci\u00f3n inicial y actualizaci\u00f3n permanente del magisterio nacional, encargada de formar y fortalecer los conocimientos cient\u00edficos, pedag\u00f3gicos, did\u00e1cticos y actitudinales de los docentes con sentido humanista, identidad, l\u00edderes, que aportan a la calidad educativa para el Desarrollo Humano [&hellip;]<\/p>\n","protected":false},"author":1,"featured_media":0,"parent":0,"menu_order":0,"comment_status":"closed","ping_status":"closed","template":"","meta":{"footnotes":""},"class_list":["post-3009","page","type-page","status-publish","hentry"],"_links":{"self":[{"href":"https:\/\/www.mined.gob.ni\/mapadelaeducacion\/wp-json\/wp\/v2\/pages\/3009","targetHints":{"allow":["GET"]}}],"collection":[{"href":"https:\/\/www.mined.gob.ni\/mapadelaeducacion\/wp-json\/wp\/v2\/pages"}],"about":[{"href":"https:\/\/www.mined.gob.ni\/mapadelaeducacion\/wp-json\/wp\/v2\/types\/page"}],"author":[{"embeddable":true,"href":"https:\/\/www.mined.gob.ni\/mapadelaeducacion\/wp-json\/wp\/v2\/users\/1"}],"replies":[{"embeddable":true,"href":"https:\/\/www.mined.gob.ni\/mapadelaeducacion\/wp-json\/wp\/v2\/comments?post=3009"}],"version-history":[{"count":57,"href":"https:\/\/www.mined.gob.ni\/mapadelaeducacion\/wp-json\/wp\/v2\/pages\/3009\/revisions"}],"predecessor-version":[{"id":3698,"href":"https:\/\/www.mined.gob.ni\/mapadelaeducacion\/wp-json\/wp\/v2\/pages\/3009\/revisions\/3698"}],"wp:attachment":[{"href":"https:\/\/www.mined.gob.ni\/mapadelaeducacion\/wp-json\/wp\/v2\/media?parent=3009"}],"curies":[{"name":"wp","href":"https:\/\/api.w.org\/{rel}","templated":true}]}}