{"id":870,"date":"2021-08-31T01:51:55","date_gmt":"2021-08-31T01:51:55","guid":{"rendered":"https:\/\/gaviaspreview.com\/wp\/conult\/add_services\/"},"modified":"2023-05-11T21:01:45","modified_gmt":"2023-05-11T21:01:45","slug":"merienda-escolar-mined","status":"publish","type":"page","link":"https:\/\/www.mined.gob.ni\/mapadelaeducacion\/merienda-escolar-mined\/","title":{"rendered":"Merienda Escolar MINED"},"content":{"rendered":"\t\t<div data-elementor-type=\"wp-page\" data-elementor-id=\"870\" class=\"elementor elementor-870\">\n\t\t\t\t\t\t\t\t\t<section class=\"elementor-section elementor-top-section elementor-element elementor-element-4ee0d5fc elementor-section-boxed elementor-section-height-default elementor-section-height-default\" data-id=\"4ee0d5fc\" data-element_type=\"section\" data-settings=\"{&quot;background_background&quot;:&quot;slideshow&quot;,&quot;background_slideshow_gallery&quot;:[{&quot;id&quot;:2300,&quot;url&quot;:&quot;https:\\\/\\\/www.mined.gob.ni\\\/mapadelaeducacion\\\/wp-content\\\/uploads\\\/2023\\\/05\\\/pine-01.jpg&quot;},{&quot;id&quot;:3421,&quot;url&quot;:&quot;https:\\\/\\\/www.mined.gob.ni\\\/mapadelaeducacion\\\/wp-content\\\/uploads\\\/2023\\\/05\\\/pine-01-1.jpg&quot;}],&quot;background_slideshow_ken_burns&quot;:&quot;yes&quot;,&quot;background_slideshow_loop&quot;:&quot;yes&quot;,&quot;background_slideshow_slide_duration&quot;:5000,&quot;background_slideshow_slide_transition&quot;:&quot;fade&quot;,&quot;background_slideshow_transition_duration&quot;:500,&quot;background_slideshow_ken_burns_zoom_direction&quot;:&quot;in&quot;}\">\n\t\t\t\t\t\t<div class=\"elementor-container elementor-column-gap-default\">\n\t\t\t\t\t<div class=\"elementor-column elementor-col-100 elementor-top-column elementor-element elementor-element-589d849\" data-id=\"589d849\" data-element_type=\"column\">\n\t\t\t<div class=\"elementor-widget-wrap\">\n\t\t\t\t\t\t\t\t\t<\/div>\n\t\t<\/div>\n\t\t\t\t\t\t\t<\/div>\n\t\t<\/section>\n\t\t\t\t<section class=\"elementor-section elementor-top-section elementor-element elementor-element-2e9a5e8b elementor-section-boxed elementor-section-height-default elementor-section-height-default\" data-id=\"2e9a5e8b\" data-element_type=\"section\">\n\t\t\t\t\t\t<div class=\"elementor-container elementor-column-gap-default\">\n\t\t\t\t\t<div class=\"elementor-column elementor-col-50 elementor-top-column elementor-element elementor-element-2142ee1f\" data-id=\"2142ee1f\" data-element_type=\"column\">\n\t\t\t<div class=\"elementor-widget-wrap elementor-element-populated\">\n\t\t\t\t\t\t\t\t<div class=\"elementor-element elementor-element-6d160e3 elementor-widget elementor-widget-image\" data-id=\"6d160e3\" data-element_type=\"widget\" data-widget_type=\"image.default\">\n\t\t\t\t<div class=\"elementor-widget-container\">\n\t\t\t<style>\/*! elementor - v3.12.1 - 02-04-2023 *\/\n.elementor-widget-image{text-align:center}.elementor-widget-image a{display:inline-block}.elementor-widget-image a img[src$=\".svg\"]{width:48px}.elementor-widget-image img{vertical-align:middle;display:inline-block}<\/style>\t\t\t\t\t\t\t\t\t\t\t\t<img loading=\"lazy\" decoding=\"async\" width=\"404\" height=\"253\" src=\"https:\/\/www.mined.gob.ni\/mapadelaeducacion\/wp-content\/uploads\/2023\/04\/vamos-ADELANTE.png\" class=\"attachment-large size-large wp-image-1813\" alt=\"\" \/>\t\t\t\t\t\t\t\t\t\t\t\t\t\t\t<\/div>\n\t\t\t\t<\/div>\n\t\t\t\t<div class=\"elementor-element elementor-element-2aa8b018 elementor-widget elementor-widget-wp-widget-nav_menu\" data-id=\"2aa8b018\" data-element_type=\"widget\" data-widget_type=\"wp-widget-nav_menu.default\">\n\t\t\t\t<div class=\"elementor-widget-container\">\n\t\t\t<div class=\"menu-services-container\"><ul id=\"menu-services\" class=\"menu\"><li id=\"menu-item-1307\" class=\"menu-item menu-item-type-post_type menu-item-object-page menu-item-1307\"><a href=\"https:\/\/www.mined.gob.ni\/mapadelaeducacion\/direccion-de-educacion-artistica-y-cultural-mined\/\">Educaci\u00f3n Art\u00edstica y Cultural MINED<\/a><\/li>\n<li id=\"menu-item-1308\" class=\"menu-item menu-item-type-post_type menu-item-object-page menu-item-1308\"><a href=\"https:\/\/www.mined.gob.ni\/mapadelaeducacion\/programa-de-vocacion-productiva-para-el-trabajo-y-la-vida\/\">Vocaci\u00f3n Productiva para el Trabajo y la Vida<\/a><\/li>\n<li id=\"menu-item-1312\" class=\"menu-item menu-item-type-post_type menu-item-object-page menu-item-1312\"><a href=\"https:\/\/www.mined.gob.ni\/mapadelaeducacion\/merienda-escolar-mined\/\">Merienda Escolar PINE<\/a><\/li>\n<li id=\"menu-item-1309\" class=\"menu-item menu-item-type-post_type menu-item-object-page menu-item-1309\"><a href=\"https:\/\/www.mined.gob.ni\/mapadelaeducacion\/inversion-social\/\">Inversi\u00f3n Social<\/a><\/li>\n<li id=\"menu-item-1311\" class=\"menu-item menu-item-type-post_type menu-item-object-page menu-item-1311\"><a href=\"https:\/\/www.mined.gob.ni\/mapadelaeducacion\/infraestructura-escolar\/\">Infraestructura Escolar<\/a><\/li>\n<li id=\"menu-item-2180\" class=\"menu-item menu-item-type-post_type menu-item-object-page menu-item-2180\"><a href=\"https:\/\/www.mined.gob.ni\/mapadelaeducacion\/tecnologia-educativa\/\">Tecnolog\u00eda Educativa<\/a><\/li>\n<li id=\"menu-item-2205\" class=\"menu-item menu-item-type-post_type menu-item-object-page menu-item-2205\"><a href=\"https:\/\/www.mined.gob.ni\/mapadelaeducacion\/bono-complementario\/\">Bono Complementario<\/a><\/li>\n<li id=\"menu-item-2704\" class=\"menu-item menu-item-type-post_type menu-item-object-page menu-item-2704\"><a href=\"https:\/\/www.mined.gob.ni\/mapadelaeducacion\/direccion-general-de-educacion-de-jovenes-y-adultos\/\">Educaci\u00f3n de J\u00f3venes y Adultos<\/a><\/li>\n<li id=\"menu-item-2705\" class=\"menu-item menu-item-type-post_type menu-item-object-page menu-item-2705\"><a href=\"https:\/\/www.mined.gob.ni\/mapadelaeducacion\/consejeria-de-las-comunidades-educativas\/\">Consejer\u00eda de las Comunidades Educativas<\/a><\/li>\n<li id=\"menu-item-2834\" class=\"menu-item menu-item-type-post_type menu-item-object-page menu-item-2834\"><a href=\"https:\/\/www.mined.gob.ni\/mapadelaeducacion\/educacion-fisica-y-deportes-escolares\/\">Educaci\u00f3n F\u00edsica y Deportes Escolares<\/a><\/li>\n<li id=\"menu-item-3045\" class=\"menu-item menu-item-type-post_type menu-item-object-page menu-item-3045\"><a href=\"https:\/\/www.mined.gob.ni\/mapadelaeducacion\/escuelas-normales-de-formacion-superior\/\">Escuelas Normales de Formaci\u00f3n Superior<\/a><\/li>\n<\/ul><\/div>\t\t<\/div>\n\t\t\t\t<\/div>\n\t\t\t\t<div class=\"elementor-element elementor-element-8081918 elementor-widget elementor-widget-image\" data-id=\"8081918\" data-element_type=\"widget\" data-widget_type=\"image.default\">\n\t\t\t\t<div class=\"elementor-widget-container\">\n\t\t\t\t\t\t\t\t\t\t\t\t\t\t\t\t<a href=\"https:\/\/serviciosenlinea.mined.gob.ni\/mapa-de-la-educacion\/index.aspx\">\n\t\t\t\t\t\t\t<img loading=\"lazy\" decoding=\"async\" width=\"404\" height=\"384\" src=\"https:\/\/www.mined.gob.ni\/mapadelaeducacion\/wp-content\/uploads\/2021\/08\/mapa.png\" class=\"attachment-large size-large wp-image-1805\" alt=\"\" \/>\t\t\t\t\t\t\t\t<\/a>\n\t\t\t\t\t\t\t\t\t\t\t\t\t\t\t<\/div>\n\t\t\t\t<\/div>\n\t\t\t\t\t<\/div>\n\t\t<\/div>\n\t\t\t\t<div class=\"elementor-column elementor-col-50 elementor-top-column elementor-element elementor-element-6db7c535\" data-id=\"6db7c535\" data-element_type=\"column\">\n\t\t\t<div class=\"elementor-widget-wrap elementor-element-populated\">\n\t\t\t\t\t\t\t\t<div class=\"elementor-element elementor-element-757afaa elementor-widget elementor-widget-gva-gallery\" data-id=\"757afaa\" data-element_type=\"widget\" data-widget_type=\"gva-gallery.default\">\n\t\t\t\t<div class=\"elementor-widget-container\">\n\t\t\t<div class=\"gva-element-gva-gallery gva-element\">\r\n<div class=\"gva-gallery-carousel swiper-slider-wrapper style-1 \">\r\n\t<div class=\"swiper-content-inner\">\r\n   \t<div class=\"init-carousel-swiper swiper\" data-carousel=\"{&quot;items&quot;:1,&quot;items_lg&quot;:1,&quot;items_md&quot;:1,&quot;items_sm&quot;:1,&quot;items_xs&quot;:1,&quot;items_xx&quot;:1,&quot;effect&quot;:&quot;slide&quot;,&quot;space_between&quot;:30,&quot;loop&quot;:1,&quot;speed&quot;:500,&quot;autoplay&quot;:1,&quot;autoplay_delay&quot;:4000,&quot;autoplay_hover&quot;:1,&quot;navigation&quot;:1,&quot;pagination&quot;:0,&quot;dynamic_bullets&quot;:0,&quot;pagination_type&quot;:&quot;bullets&quot;}\">\r\n      \t<div class=\"swiper-wrapper\">\r\n\t\t\t\t<div class=\"swiper-slide item\">\r\n<div class=\"gallery-item\">\r\n\r\n               <div class=\"image\">\r\n            <img decoding=\"async\" src=\"https:\/\/www.mined.gob.ni\/mapadelaeducacion\/wp-content\/uploads\/2023\/05\/Merienda-Escolar-01.png\" alt=\"\" \/>  \r\n         <\/div>\r\n         <a class=\"photo-gallery\" href=\"https:\/\/www.mined.gob.ni\/mapadelaeducacion\/wp-content\/uploads\/2023\/05\/Merienda-Escolar-01.png\" data-elementor-lightbox-slideshow=\"gallery-4raz\"><\/a>\r\n      \r\n      <div class=\"image-content\">\r\n         <div class=\"content-inner\">\r\n                                 <\/div>   \r\n      <\/div>\r\n\r\n   <\/div>\r\n<\/div><div class=\"swiper-slide item\">\r\n<div class=\"gallery-item\">\r\n\r\n               <div class=\"image\">\r\n            <img decoding=\"async\" src=\"https:\/\/www.mined.gob.ni\/mapadelaeducacion\/wp-content\/uploads\/2023\/05\/Merienda-Escolar-02.png\" alt=\"\" \/>  \r\n         <\/div>\r\n         <a class=\"photo-gallery\" href=\"https:\/\/www.mined.gob.ni\/mapadelaeducacion\/wp-content\/uploads\/2023\/05\/Merienda-Escolar-02.png\" data-elementor-lightbox-slideshow=\"gallery-4raz\"><\/a>\r\n      \r\n      <div class=\"image-content\">\r\n         <div class=\"content-inner\">\r\n                                 <\/div>   \r\n      <\/div>\r\n\r\n   <\/div>\r\n<\/div><div class=\"swiper-slide item\">\r\n<div class=\"gallery-item\">\r\n\r\n               <div class=\"image\">\r\n            <img decoding=\"async\" src=\"https:\/\/www.mined.gob.ni\/mapadelaeducacion\/wp-content\/uploads\/2023\/05\/Merienda-Escolar-03.png\" alt=\"\" \/>  \r\n         <\/div>\r\n         <a class=\"photo-gallery\" href=\"https:\/\/www.mined.gob.ni\/mapadelaeducacion\/wp-content\/uploads\/2023\/05\/Merienda-Escolar-03.png\" data-elementor-lightbox-slideshow=\"gallery-4raz\"><\/a>\r\n      \r\n      <div class=\"image-content\">\r\n         <div class=\"content-inner\">\r\n                                 <\/div>   \r\n      <\/div>\r\n\r\n   <\/div>\r\n<\/div><div class=\"swiper-slide item\">\r\n<div class=\"gallery-item\">\r\n\r\n               <div class=\"image\">\r\n            <img decoding=\"async\" src=\"https:\/\/www.mined.gob.ni\/mapadelaeducacion\/wp-content\/uploads\/2023\/05\/Merienda-Escolar-04.png\" alt=\"\" \/>  \r\n         <\/div>\r\n         <a class=\"photo-gallery\" href=\"https:\/\/www.mined.gob.ni\/mapadelaeducacion\/wp-content\/uploads\/2023\/05\/Merienda-Escolar-04.png\" data-elementor-lightbox-slideshow=\"gallery-4raz\"><\/a>\r\n      \r\n      <div class=\"image-content\">\r\n         <div class=\"content-inner\">\r\n                                 <\/div>   \r\n      <\/div>\r\n\r\n   <\/div>\r\n<\/div><div class=\"swiper-slide item\">\r\n<div class=\"gallery-item\">\r\n\r\n               <div class=\"image\">\r\n            <img decoding=\"async\" src=\"https:\/\/www.mined.gob.ni\/mapadelaeducacion\/wp-content\/uploads\/2023\/05\/Merienda-Escolar-05.png\" alt=\"\" \/>  \r\n         <\/div>\r\n         <a class=\"photo-gallery\" href=\"https:\/\/www.mined.gob.ni\/mapadelaeducacion\/wp-content\/uploads\/2023\/05\/Merienda-Escolar-05.png\" data-elementor-lightbox-slideshow=\"gallery-4raz\"><\/a>\r\n      \r\n      <div class=\"image-content\">\r\n         <div class=\"content-inner\">\r\n                                 <\/div>   \r\n      <\/div>\r\n\r\n   <\/div>\r\n<\/div><div class=\"swiper-slide item\">\r\n<div class=\"gallery-item\">\r\n\r\n               <div class=\"image\">\r\n            <img decoding=\"async\" src=\"https:\/\/www.mined.gob.ni\/mapadelaeducacion\/wp-content\/uploads\/2023\/05\/Merienda-Escolar-06.png\" alt=\"\" \/>  \r\n         <\/div>\r\n         <a class=\"photo-gallery\" href=\"https:\/\/www.mined.gob.ni\/mapadelaeducacion\/wp-content\/uploads\/2023\/05\/Merienda-Escolar-06.png\" data-elementor-lightbox-slideshow=\"gallery-4raz\"><\/a>\r\n      \r\n      <div class=\"image-content\">\r\n         <div class=\"content-inner\">\r\n                                 <\/div>   \r\n      <\/div>\r\n\r\n   <\/div>\r\n<\/div><div class=\"swiper-slide item\">\r\n<div class=\"gallery-item\">\r\n\r\n               <div class=\"image\">\r\n            <img decoding=\"async\" src=\"https:\/\/www.mined.gob.ni\/mapadelaeducacion\/wp-content\/uploads\/2023\/05\/Merienda-Escolar-07.png\" alt=\"\" \/>  \r\n         <\/div>\r\n         <a class=\"photo-gallery\" href=\"https:\/\/www.mined.gob.ni\/mapadelaeducacion\/wp-content\/uploads\/2023\/05\/Merienda-Escolar-07.png\" data-elementor-lightbox-slideshow=\"gallery-4raz\"><\/a>\r\n      \r\n      <div class=\"image-content\">\r\n         <div class=\"content-inner\">\r\n                                 <\/div>   \r\n      <\/div>\r\n\r\n   <\/div>\r\n<\/div><div class=\"swiper-slide item\">\r\n<div class=\"gallery-item\">\r\n\r\n               <div class=\"image\">\r\n            <img decoding=\"async\" src=\"https:\/\/www.mined.gob.ni\/mapadelaeducacion\/wp-content\/uploads\/2023\/05\/Merienda-Escolar-09.png\" alt=\"\" \/>  \r\n         <\/div>\r\n         <a class=\"photo-gallery\" href=\"https:\/\/www.mined.gob.ni\/mapadelaeducacion\/wp-content\/uploads\/2023\/05\/Merienda-Escolar-09.png\" data-elementor-lightbox-slideshow=\"gallery-4raz\"><\/a>\r\n      \r\n      <div class=\"image-content\">\r\n         <div class=\"content-inner\">\r\n                                 <\/div>   \r\n      <\/div>\r\n\r\n   <\/div>\r\n<\/div><div class=\"swiper-slide item\">\r\n<div class=\"gallery-item\">\r\n\r\n               <div class=\"image\">\r\n            <img decoding=\"async\" src=\"https:\/\/www.mined.gob.ni\/mapadelaeducacion\/wp-content\/uploads\/2023\/05\/Merienda-Escolar-10.png\" alt=\"\" \/>  \r\n         <\/div>\r\n         <a class=\"photo-gallery\" href=\"https:\/\/www.mined.gob.ni\/mapadelaeducacion\/wp-content\/uploads\/2023\/05\/Merienda-Escolar-10.png\" data-elementor-lightbox-slideshow=\"gallery-4raz\"><\/a>\r\n      \r\n      <div class=\"image-content\">\r\n         <div class=\"content-inner\">\r\n                                 <\/div>   \r\n      <\/div>\r\n\r\n   <\/div>\r\n<\/div><div class=\"swiper-slide item\">\r\n<div class=\"gallery-item\">\r\n\r\n               <div class=\"image\">\r\n            <img decoding=\"async\" src=\"https:\/\/www.mined.gob.ni\/mapadelaeducacion\/wp-content\/uploads\/2023\/05\/Merienda-Escolar-11.png\" alt=\"\" \/>  \r\n         <\/div>\r\n         <a class=\"photo-gallery\" href=\"https:\/\/www.mined.gob.ni\/mapadelaeducacion\/wp-content\/uploads\/2023\/05\/Merienda-Escolar-11.png\" data-elementor-lightbox-slideshow=\"gallery-4raz\"><\/a>\r\n      \r\n      <div class=\"image-content\">\r\n         <div class=\"content-inner\">\r\n                                 <\/div>   \r\n      <\/div>\r\n\r\n   <\/div>\r\n<\/div>\t\t\t<\/div>\r\n\t\t<\/div>\r\n\t<\/div>\r\n\t<div class=\"swiper-pagination\"><\/div>   <div class=\"swiper-nav-next\"><\/div><div class=\"swiper-nav-prev\"><\/div><\/div>\r\n<\/div>\t\t<\/div>\n\t\t\t\t<\/div>\n\t\t\t\t<div class=\"elementor-element elementor-element-2788c12 elementor-widget elementor-widget-heading\" data-id=\"2788c12\" data-element_type=\"widget\" data-widget_type=\"heading.default\">\n\t\t\t\t<div class=\"elementor-widget-container\">\n\t\t\t<style>\/*! elementor - v3.12.1 - 02-04-2023 *\/\n.elementor-heading-title{padding:0;margin:0;line-height:1}.elementor-widget-heading .elementor-heading-title[class*=elementor-size-]>a{color:inherit;font-size:inherit;line-height:inherit}.elementor-widget-heading .elementor-heading-title.elementor-size-small{font-size:15px}.elementor-widget-heading .elementor-heading-title.elementor-size-medium{font-size:19px}.elementor-widget-heading .elementor-heading-title.elementor-size-large{font-size:29px}.elementor-widget-heading .elementor-heading-title.elementor-size-xl{font-size:39px}.elementor-widget-heading .elementor-heading-title.elementor-size-xxl{font-size:59px}<\/style><h2 class=\"elementor-heading-title elementor-size-default\">Programa Integral de Nutrici\u00f3n Escolar (PINE)<\/h2>\t\t<\/div>\n\t\t\t\t<\/div>\n\t\t\t\t<div class=\"elementor-element elementor-element-25693c98 elementor-widget elementor-widget-text-editor\" data-id=\"25693c98\" data-element_type=\"widget\" data-widget_type=\"text-editor.default\">\n\t\t\t\t<div class=\"elementor-widget-container\">\n\t\t\t<style>\/*! elementor - v3.12.1 - 02-04-2023 *\/\n.elementor-widget-text-editor.elementor-drop-cap-view-stacked .elementor-drop-cap{background-color:#69727d;color:#fff}.elementor-widget-text-editor.elementor-drop-cap-view-framed .elementor-drop-cap{color:#69727d;border:3px solid;background-color:transparent}.elementor-widget-text-editor:not(.elementor-drop-cap-view-default) .elementor-drop-cap{margin-top:8px}.elementor-widget-text-editor:not(.elementor-drop-cap-view-default) .elementor-drop-cap-letter{width:1em;height:1em}.elementor-widget-text-editor .elementor-drop-cap{float:left;text-align:center;line-height:1;font-size:50px}.elementor-widget-text-editor .elementor-drop-cap-letter{display:inline-block}<\/style>\t\t\t\t<p style=\"text-align: justify;\">Programa estrat\u00e9gico de Gobierno, en el marco de las pol\u00edticas nacionales, que contribuye al mejoramiento de las condiciones de educaci\u00f3n, nutrici\u00f3n y cultura alimentaria de los ni\u00f1os, ni\u00f1as, j\u00f3venes y adolescentes, mediante la implementaci\u00f3n de la estrategia de seguridad alimentaria y nutricional del MINED que contiene 4 componentes (Merienda Escolar, Huerto Escolar, Kiosco Escolar y Educaci\u00f3n en Seguridad Alimentaria Nutricional) con la participaci\u00f3n activa de las familias y las comunidades en los centros educativos del pa\u00eds.<\/p><p style=\"text-align: justify;\">A partir del a\u00f1o 2007 la merienda escolar (Aceite, Arroz, Cereal fortificado, Frijoles, Ma\u00edz o Harina de Trigo), se extiende a los 153 municipios del pa\u00eds con el protagonismo de \u00a0un mill\u00f3n de estudiantes de centros p\u00fablicos y subvencionados a nivel nacional.<\/p><p style=\"text-align: justify;\">A partir del 2014, inclusi\u00f3n de la Merienda Escolar en las modalidades educativas de Primaria y Secundaria a Distancia en el Campo y escuelas normales.<\/p><p style=\"text-align: justify;\">En el 2016 entrega de reforzamiento escolar a estudiantes de municipios caracterizados como del corredor seco.<\/p><p style=\"text-align: justify;\">2018 Iniciativa de Escuelas Creativas e Innovadoras para la Alimentaci\u00f3n Saludable y campa\u00f1as para la promoci\u00f3n de valores para una alimentaci\u00f3n saludable.<\/p><p style=\"text-align: justify;\">Para el 2020 se elaboran protocolos de bioseguridad (a nivel de Centros Educativos, Puntos de entrega y de Bodegas).<\/p><p style=\"text-align: justify;\"><strong>2021<\/strong> tres entregas adicionales Reforzamiento escolar en los municipios afectados por los huracanes ETA y IOTA y apoyo log\u00edstico de documentos soportes y acompa\u00f1amiento a la entrega paquetes alimenticios para las familias de estudiantes protagonistas de la Merienda Escolar en municipios afectados por los huracanes ETA y IOTA.<\/p><p style=\"text-align: justify;\"><strong>2022<\/strong> Estrategia: puesta en pr\u00e1ctica e implementaci\u00f3n de la ruta educativa Cultivo de tilapias en estanques artesanales en 159 centros educativos a nivel nacional, potenciando los aprendizajes para la vida, el emprendurismo, la econom\u00eda familiar y la disponibilidad de peces para el consumo de los estudiantes y comunidad educativa como complemento a la Merienda Escolar.<\/p><p><strong>Componentes del PINE-MINED <\/strong><\/p><p><strong>1-Merienda Escolar<\/strong><\/p><p style=\"text-align: justify;\">Merienda Escolar es la entrega diaria de una raci\u00f3n de alimentos b\u00e1sicos, garantizando el 30% de las energ\u00edas diarias a ni\u00f1as, ni\u00f1os, adolescentes y j\u00f3venes.<\/p><p><strong>2-Huertos Escolares<\/strong><\/p><p style=\"text-align: justify;\">Espacios donde se promueven acciones educativas relacionadas a la naturaleza, plantaci\u00f3n, cuido de\u00a0hortalizas, plantas\u00a0frutales, ornamentales y medicinales, cultivo de tilapias mediante pr\u00e1cticas amigables con el medio ambiente, alimentaci\u00f3n y nutrici\u00f3n, principalmente.<\/p><p style=\"text-align: justify;\">Componente que desarrolla capacidades cognoscitivas m\u00e1s all\u00e1 de lo agropecuario, mejora la diversidad de la dieta e incide en los cambios de comportamiento alimentario y nutricional de los escolares y la familia.<\/p><p style=\"text-align: justify;\"><strong> 3-Kioscos Escolares: Alimentaci\u00f3n Sana y Pr\u00e1cticas de Higiene en la Promoci\u00f3n de Valores.<\/strong><\/p><p style=\"text-align: justify;\">Los kioscos y\/o cafetines escolares son espacios autorizados y regulados por las autoridades de los centros educativos, donde se ofertan alimentos sanos y nutritivos a los ni\u00f1os y ni\u00f1as y la comunidad educativa en general.<\/p><p><strong>4-Educaci\u00f3n en Seguridad Alimentaria y Nutricional<\/strong><\/p><p style=\"text-align: justify;\">Consiste en la educaci\u00f3n en Seguridad Alimentaria Nutricional como eje transversal y tem\u00e1tico para el curr\u00edculo de educaci\u00f3n b\u00e1sica y media del pa\u00eds.<\/p><p><strong><u>Comit\u00e9 de Alimentaci\u00f3n Escolar\u00a0 (CAE)<\/u><\/strong><\/p><p style=\"text-align: justify;\">Desarrolla las actividades relacionadas a la alimentaci\u00f3n de los escolares en cada centro educativo, donde se unen los esfuerzos de las autoridades educativas, los padres de familia y dirigentes comunales en beneficio de la alimentaci\u00f3n y nutrici\u00f3n de las ni\u00f1as y ni\u00f1os escolares.<\/p><p style=\"text-align: justify;\">Se conforman 11,000 Comit\u00e9s de Alimentaci\u00f3n Escolar anualmente.<\/p>\t\t\t\t\t\t<\/div>\n\t\t\t\t<\/div>\n\t\t\t\t\t<\/div>\n\t\t<\/div>\n\t\t\t\t\t\t\t<\/div>\n\t\t<\/section>\n\t\t\t\t\t\t\t<\/div>\n\t\t","protected":false},"excerpt":{"rendered":"<p>Programa Integral de Nutrici\u00f3n Escolar (PINE) Programa estrat\u00e9gico de Gobierno, en el marco de las pol\u00edticas nacionales, que contribuye al mejoramiento de las condiciones de educaci\u00f3n, nutrici\u00f3n y cultura alimentaria de los ni\u00f1os, ni\u00f1as, j\u00f3venes y adolescentes, mediante la implementaci\u00f3n de la estrategia de seguridad alimentaria y nutricional del MINED que contiene 4 componentes (Merienda [&hellip;]<\/p>\n","protected":false},"author":1,"featured_media":0,"parent":0,"menu_order":0,"comment_status":"closed","ping_status":"closed","template":"","meta":{"footnotes":""},"class_list":["post-870","page","type-page","status-publish","hentry"],"_links":{"self":[{"href":"https:\/\/www.mined.gob.ni\/mapadelaeducacion\/wp-json\/wp\/v2\/pages\/870","targetHints":{"allow":["GET"]}}],"collection":[{"href":"https:\/\/www.mined.gob.ni\/mapadelaeducacion\/wp-json\/wp\/v2\/pages"}],"about":[{"href":"https:\/\/www.mined.gob.ni\/mapadelaeducacion\/wp-json\/wp\/v2\/types\/page"}],"author":[{"embeddable":true,"href":"https:\/\/www.mined.gob.ni\/mapadelaeducacion\/wp-json\/wp\/v2\/users\/1"}],"replies":[{"embeddable":true,"href":"https:\/\/www.mined.gob.ni\/mapadelaeducacion\/wp-json\/wp\/v2\/comments?post=870"}],"version-history":[{"count":69,"href":"https:\/\/www.mined.gob.ni\/mapadelaeducacion\/wp-json\/wp\/v2\/pages\/870\/revisions"}],"predecessor-version":[{"id":3426,"href":"https:\/\/www.mined.gob.ni\/mapadelaeducacion\/wp-json\/wp\/v2\/pages\/870\/revisions\/3426"}],"wp:attachment":[{"href":"https:\/\/www.mined.gob.ni\/mapadelaeducacion\/wp-json\/wp\/v2\/media?parent=870"}],"curies":[{"name":"wp","href":"https:\/\/api.w.org\/{rel}","templated":true}]}}