{"id":13305,"date":"2022-04-02T21:47:10","date_gmt":"2022-04-02T21:47:10","guid":{"rendered":"https:\/\/www.mined.gob.ni\/mapatradicionesculturapopular\/?page_id=13305"},"modified":"2024-06-26T23:19:30","modified_gmt":"2024-06-26T21:19:30","slug":"boaco-2","status":"publish","type":"page","link":"https:\/\/www.mined.gob.ni\/mapatradicionesculturapopular\/boaco-2\/","title":{"rendered":"Boaco"},"content":{"rendered":"\t\t<div data-elementor-type=\"wp-page\" data-elementor-id=\"13305\" class=\"elementor elementor-13305\">\n\t\t\t\t\t\t<section class=\"elementor-section elementor-top-section elementor-element elementor-element-06dd970 elementor-section-boxed elementor-section-height-default elementor-section-height-default\" data-id=\"06dd970\" data-element_type=\"section\">\n\t\t\t\t\t\t<div class=\"elementor-container elementor-column-gap-default\">\n\t\t\t\t\t<div class=\"elementor-column elementor-col-100 elementor-top-column elementor-element elementor-element-ac9283a\" data-id=\"ac9283a\" data-element_type=\"column\">\n\t\t\t<div class=\"elementor-widget-wrap elementor-element-populated\">\n\t\t\t\t\t\t<div class=\"elementor-element elementor-element-d3a684b elementor-arrows-position-inside elementor-pagination-position-outside elementor-widget elementor-widget-image-carousel\" data-id=\"d3a684b\" data-element_type=\"widget\" data-settings=\"{&quot;slides_to_show&quot;:&quot;1&quot;,&quot;navigation&quot;:&quot;both&quot;,&quot;autoplay&quot;:&quot;yes&quot;,&quot;pause_on_hover&quot;:&quot;yes&quot;,&quot;pause_on_interaction&quot;:&quot;yes&quot;,&quot;autoplay_speed&quot;:5000,&quot;infinite&quot;:&quot;yes&quot;,&quot;effect&quot;:&quot;slide&quot;,&quot;speed&quot;:500}\" data-widget_type=\"image-carousel.default\">\n\t\t\t\t<div class=\"elementor-widget-container\">\n\t\t\t<style>\/*! elementor - v3.20.0 - 26-03-2024 *\/\n.elementor-widget-image-carousel .swiper,.elementor-widget-image-carousel .swiper-container{position:static}.elementor-widget-image-carousel .swiper-container .swiper-slide figure,.elementor-widget-image-carousel .swiper .swiper-slide figure{line-height:inherit}.elementor-widget-image-carousel .swiper-slide{text-align:center}.elementor-image-carousel-wrapper:not(.swiper-container-initialized):not(.swiper-initialized) .swiper-slide{max-width:calc(100% \/ var(--e-image-carousel-slides-to-show, 3))}<\/style>\t\t<div class=\"elementor-image-carousel-wrapper swiper\" dir=\"ltr\">\n\t\t\t<div class=\"elementor-image-carousel swiper-wrapper\" aria-live=\"off\">\n\t\t\t\t\t\t\t\t<div class=\"swiper-slide\" role=\"group\" aria-roledescription=\"slide\" aria-label=\"1 de 4\"><figure class=\"swiper-slide-inner\"><img decoding=\"async\" class=\"swiper-slide-image\" src=\"https:\/\/www.mined.gob.ni\/mapatradicionesculturapopular\/wp-content\/uploads\/2022\/02\/boaco-mode-01-1-768x517.jpg\" alt=\"boaco-mode-01\" \/><\/figure><\/div><div class=\"swiper-slide\" role=\"group\" aria-roledescription=\"slide\" aria-label=\"2 de 4\"><figure class=\"swiper-slide-inner\"><img decoding=\"async\" class=\"swiper-slide-image\" src=\"https:\/\/www.mined.gob.ni\/mapatradicionesculturapopular\/wp-content\/uploads\/2024\/06\/Boaco-01-768x517-1.png\" alt=\"Boaco-01-768x517\" \/><\/figure><\/div><div class=\"swiper-slide\" role=\"group\" aria-roledescription=\"slide\" aria-label=\"3 de 4\"><figure class=\"swiper-slide-inner\"><img decoding=\"async\" class=\"swiper-slide-image\" src=\"https:\/\/www.mined.gob.ni\/mapatradicionesculturapopular\/wp-content\/uploads\/2024\/06\/Boaco-Artesania-2-768x517-1.png\" alt=\"Boaco-Artesania-2-768x517\" \/><\/figure><\/div><div class=\"swiper-slide\" role=\"group\" aria-roledescription=\"slide\" aria-label=\"4 de 4\"><figure class=\"swiper-slide-inner\"><img decoding=\"async\" class=\"swiper-slide-image\" src=\"https:\/\/www.mined.gob.ni\/mapatradicionesculturapopular\/wp-content\/uploads\/2024\/06\/san-lorenzo04-768x517-2.png\" alt=\"san-lorenzo04-768x517\" \/><\/figure><\/div>\t\t\t<\/div>\n\t\t\t\t\t\t\t\t\t\t\t\t<div class=\"elementor-swiper-button elementor-swiper-button-prev\" role=\"button\" tabindex=\"0\">\n\t\t\t\t\t\t<svg aria-hidden=\"true\" class=\"e-font-icon-svg e-eicon-chevron-left\" viewBox=\"0 0 1000 1000\" xmlns=\"http:\/\/www.w3.org\/2000\/svg\"><path d=\"M646 125C629 125 613 133 604 142L308 442C296 454 292 471 292 487 292 504 296 521 308 533L604 854C617 867 629 875 646 875 663 875 679 871 692 858 704 846 713 829 713 812 713 796 708 779 692 767L438 487 692 225C700 217 708 204 708 187 708 171 704 154 692 142 675 129 663 125 646 125Z\"><\/path><\/svg>\t\t\t\t\t<\/div>\n\t\t\t\t\t<div class=\"elementor-swiper-button elementor-swiper-button-next\" role=\"button\" tabindex=\"0\">\n\t\t\t\t\t\t<svg aria-hidden=\"true\" class=\"e-font-icon-svg e-eicon-chevron-right\" viewBox=\"0 0 1000 1000\" xmlns=\"http:\/\/www.w3.org\/2000\/svg\"><path d=\"M696 533C708 521 713 504 713 487 713 471 708 454 696 446L400 146C388 133 375 125 354 125 338 125 325 129 313 142 300 154 292 171 292 187 292 204 296 221 308 233L563 492 304 771C292 783 288 800 288 817 288 833 296 850 308 863 321 871 338 875 354 875 371 875 388 867 400 854L696 533Z\"><\/path><\/svg>\t\t\t\t\t<\/div>\n\t\t\t\t\n\t\t\t\t\t\t\t\t\t<div class=\"swiper-pagination\"><\/div>\n\t\t\t\t\t\t\t\t\t<\/div>\n\t\t\t\t<\/div>\n\t\t\t\t<\/div>\n\t\t\t\t\t<\/div>\n\t\t<\/div>\n\t\t\t\t\t<\/div>\n\t\t<\/section>\n\t\t\t\t<section class=\"elementor-section elementor-top-section elementor-element elementor-element-6e7e649 elementor-section-boxed elementor-section-height-default elementor-section-height-default\" data-id=\"6e7e649\" data-element_type=\"section\">\n\t\t\t\t\t\t<div class=\"elementor-container elementor-column-gap-default\">\n\t\t\t\t\t<div class=\"elementor-column elementor-col-100 elementor-top-column elementor-element elementor-element-ce7664e\" data-id=\"ce7664e\" data-element_type=\"column\">\n\t\t\t<div class=\"elementor-widget-wrap elementor-element-populated\">\n\t\t\t\t\t\t<div class=\"elementor-element elementor-element-3ee72dd elementor-widget elementor-widget-image\" data-id=\"3ee72dd\" data-element_type=\"widget\" data-widget_type=\"image.default\">\n\t\t\t\t<div class=\"elementor-widget-container\">\n\t\t\t<style>\/*! elementor - v3.20.0 - 26-03-2024 *\/\n.elementor-widget-image{text-align:center}.elementor-widget-image a{display:inline-block}.elementor-widget-image a img[src$=\".svg\"]{width:48px}.elementor-widget-image img{vertical-align:middle;display:inline-block}<\/style>\t\t\t\t\t\t\t\t\t\t<img decoding=\"async\" width=\"706\" height=\"70\" src=\"https:\/\/www.mined.gob.ni\/mapatradicionesculturapopular\/wp-content\/uploads\/2024\/06\/artesania.png\" class=\"attachment-large size-large wp-image-15885\" alt=\"\" \/>\t\t\t\t\t\t\t\t\t\t\t\t\t<\/div>\n\t\t\t\t<\/div>\n\t\t\t\t<div class=\"elementor-element elementor-element-437b3ef elementor-widget elementor-widget-heading\" data-id=\"437b3ef\" data-element_type=\"widget\" data-widget_type=\"heading.default\">\n\t\t\t\t<div class=\"elementor-widget-container\">\n\t\t\t<style>\/*! elementor - v3.20.0 - 26-03-2024 *\/\n.elementor-heading-title{padding:0;margin:0;line-height:1}.elementor-widget-heading .elementor-heading-title[class*=elementor-size-]>a{color:inherit;font-size:inherit;line-height:inherit}.elementor-widget-heading .elementor-heading-title.elementor-size-small{font-size:15px}.elementor-widget-heading .elementor-heading-title.elementor-size-medium{font-size:19px}.elementor-widget-heading .elementor-heading-title.elementor-size-large{font-size:29px}.elementor-widget-heading .elementor-heading-title.elementor-size-xl{font-size:39px}.elementor-widget-heading .elementor-heading-title.elementor-size-xxl{font-size:59px}<\/style><h2 class=\"elementor-heading-title elementor-size-default\">Artesan\u00edas<\/h2>\t\t<\/div>\n\t\t\t\t<\/div>\n\t\t\t\t<div class=\"elementor-element elementor-element-6c0289c elementor-widget elementor-widget-text-editor\" data-id=\"6c0289c\" data-element_type=\"widget\" data-widget_type=\"text-editor.default\">\n\t\t\t\t<div class=\"elementor-widget-container\">\n\t\t\t<style>\/*! elementor - v3.20.0 - 26-03-2024 *\/\n.elementor-widget-text-editor.elementor-drop-cap-view-stacked .elementor-drop-cap{background-color:#69727d;color:#fff}.elementor-widget-text-editor.elementor-drop-cap-view-framed .elementor-drop-cap{color:#69727d;border:3px solid;background-color:transparent}.elementor-widget-text-editor:not(.elementor-drop-cap-view-default) .elementor-drop-cap{margin-top:8px}.elementor-widget-text-editor:not(.elementor-drop-cap-view-default) .elementor-drop-cap-letter{width:1em;height:1em}.elementor-widget-text-editor .elementor-drop-cap{float:left;text-align:center;line-height:1;font-size:50px}.elementor-widget-text-editor .elementor-drop-cap-letter{display:inline-block}<\/style>\t\t\t\t<span style=\"color: #f90d78;\"><strong>Teustepe<\/strong><\/span>\n<p align=\"justify\">La artesan\u00eda de Teustepe se divide en; trabajos en barro (ollas, tinajas, c\u00e1ntaros, comales), artesan\u00edas en j\u00edcaros (Cucharas Soperas, maracas, guacales, j\u00edcaras), madera (muebles como: camas, sillas, roperos, chineros y mesas) y la florister\u00eda (con diferentes materiales: pl\u00e1sticos, papel crepe, papel de china, telas planchadas).<\/p>\n<strong><span style=\"color: #f90d78;\">Santa Luc\u00eda<\/span> <\/strong>\n<p align=\"justify\">Su principal producto artesanal es el henequ\u00e9n (penca) donde sobresalen tapices de cabuya, alfombras, alforjas, bolsos, mecates. En Santa Luc\u00eda se trabaja la alfarer\u00eda en la comunidad La Concepci\u00f3n, sus principales productos son: Comales, jarrones y alcanc\u00edas, en esta misma comunidad elaboran canastos de carrizo.<\/p>\n<strong><span style=\"color: #f90d78;\">San Lorenzo<\/span> <\/strong>\n<p align=\"justify\">Es caracter\u00edstico de todo el municipio trabajar artesan\u00eda utilitaria a base de barro donde elaboran una variedad de art\u00edculos como: adornos de mesa, maceteras, ollas, comales, tinajas, vasos, tazas. Tambi\u00e9n se trabajan art\u00edculos elaborados de pita como; sombreros, carteras, abanicos, bolsos y un sin n\u00famero de adornos.<\/p>\n<span style=\"color: #f90d78;\"><strong>San Jos\u00e9 de los Remates<\/strong><\/span>\n<p align=\"justify\">Los principales trabajos artesanales que existen en San Jos\u00e9 de los Remates son: talabarter\u00eda, carpinter\u00eda, ebanister\u00eda, artesan\u00eda utilitaria en barro y madera.<\/p>\n<span style=\"color: #f90d78;\"><strong>Camoapa<\/strong><\/span>\n<p align=\"justify\">Camoapa es uno de los municipios con m\u00e1s talleres de artesanos de Nicaragua, quiz\u00e1s solo superado por la ciudad de Masaya, existen en este municipio m\u00e1s de 600 talleres artesanales, que trabajan artesan\u00edas en Pita, Cuero y Barro.<\/p>\n<p align=\"justify\">La artesan\u00eda en Pita o Jipijapa cient\u00edficamente Carludovica palmata, se trabaja en este municipio, elaboran sombreros para damas y caballeros. Los principales talleres son: Taller El Pollo Guevara, Sombreros Quintana, Taller y Tienda Medalla Milagrosa, Taller Artesan\u00edas Pitas Camoapa y\u00a0 Artesan\u00edas el Pueblerino.<\/p>\n<p align=\"justify\">As\u00ed mismo existen talleres dedicados al trabajo en cuero elaborando; calzado, sombreros, carteras, billeteras, Monturas, albardas, tajonas, Cubiertas para navajas y machetes, polainas, jaquimas, bozales, todo en cuero de primera calidad, se destacan los talleres: San Antonio, el Taller Ren\u00e9 Garc\u00eda, Calzados Lanzas, Taller Hern\u00e1ndez y el Taller Gonz\u00e1lez.<\/p>\n<p align=\"justify\">Las loceras son mujeres que trabajan la cer\u00e1mica, herencia de nuestros antepasados ind\u00edgenas, las artesanas de Camoapa elaboran: Jarros, comales, tinajas, ollas, c\u00e1ntaros, alcanc\u00edas, entre otros.<\/p>\n<p align=\"justify\">Los talleres dedicados al barro son: Artesan\u00edas Salinas, Artesan\u00edas la Esquina y artesan\u00edas Carmen Hern\u00e1ndez.<\/p>\n<span style=\"color: #f90d78;\"><strong>Boaco<\/strong><\/span>\n<p align=\"justify\">El municipio de Boaco sobresale por sus trabajos artesanales en cuero (Calzado y talabarter\u00eda), pita (Sombreros) y en mu\u00f1equer\u00eda y flores de tuza (Hojas secas de la mazorca de ma\u00edz.<\/p>\t\t\t\t\t\t<\/div>\n\t\t\t\t<\/div>\n\t\t\t\t\t<\/div>\n\t\t<\/div>\n\t\t\t\t\t<\/div>\n\t\t<\/section>\n\t\t\t\t<\/div>\n\t\t","protected":false},"excerpt":{"rendered":"<p>Artesan\u00edas Teustepe La artesan\u00eda de Teustepe se divide en; trabajos en barro (ollas, tinajas, c\u00e1ntaros, comales), artesan\u00edas en j\u00edcaros (Cucharas Soperas, maracas, guacales, j\u00edcaras), madera (muebles como: camas, sillas, roperos, chineros y mesas) y la florister\u00eda (con diferentes materiales: pl\u00e1sticos, papel crepe, papel de china, telas planchadas). Santa Luc\u00eda Su principal producto artesanal es el &hellip; <\/p>\n","protected":false},"author":1,"featured_media":0,"parent":0,"menu_order":0,"comment_status":"closed","ping_status":"closed","template":"","meta":{"footnotes":""},"class_list":["post-13305","page","type-page","status-publish","hentry"],"_links":{"self":[{"href":"https:\/\/www.mined.gob.ni\/mapatradicionesculturapopular\/wp-json\/wp\/v2\/pages\/13305","targetHints":{"allow":["GET"]}}],"collection":[{"href":"https:\/\/www.mined.gob.ni\/mapatradicionesculturapopular\/wp-json\/wp\/v2\/pages"}],"about":[{"href":"https:\/\/www.mined.gob.ni\/mapatradicionesculturapopular\/wp-json\/wp\/v2\/types\/page"}],"author":[{"embeddable":true,"href":"https:\/\/www.mined.gob.ni\/mapatradicionesculturapopular\/wp-json\/wp\/v2\/users\/1"}],"replies":[{"embeddable":true,"href":"https:\/\/www.mined.gob.ni\/mapatradicionesculturapopular\/wp-json\/wp\/v2\/comments?post=13305"}],"version-history":[{"count":3,"href":"https:\/\/www.mined.gob.ni\/mapatradicionesculturapopular\/wp-json\/wp\/v2\/pages\/13305\/revisions"}],"predecessor-version":[{"id":15888,"href":"https:\/\/www.mined.gob.ni\/mapatradicionesculturapopular\/wp-json\/wp\/v2\/pages\/13305\/revisions\/15888"}],"wp:attachment":[{"href":"https:\/\/www.mined.gob.ni\/mapatradicionesculturapopular\/wp-json\/wp\/v2\/media?parent=13305"}],"curies":[{"name":"wp","href":"https:\/\/api.w.org\/{rel}","templated":true}]}}