{"id":13311,"date":"2022-04-02T21:49:08","date_gmt":"2022-04-02T21:49:08","guid":{"rendered":"https:\/\/www.mined.gob.ni\/mapatradicionesculturapopular\/?page_id=13311"},"modified":"2024-06-28T16:34:00","modified_gmt":"2024-06-28T14:34:00","slug":"carazo-2","status":"publish","type":"page","link":"https:\/\/www.mined.gob.ni\/mapatradicionesculturapopular\/carazo-2\/","title":{"rendered":"Carazo"},"content":{"rendered":"\t\t<div data-elementor-type=\"wp-page\" data-elementor-id=\"13311\" class=\"elementor elementor-13311\">\n\t\t\t\t\t\t<section class=\"elementor-section elementor-top-section elementor-element elementor-element-db5564a elementor-section-boxed elementor-section-height-default elementor-section-height-default\" data-id=\"db5564a\" data-element_type=\"section\">\n\t\t\t\t\t\t<div class=\"elementor-container elementor-column-gap-default\">\n\t\t\t\t\t<div class=\"elementor-column elementor-col-100 elementor-top-column elementor-element elementor-element-4fd2d8f\" data-id=\"4fd2d8f\" data-element_type=\"column\">\n\t\t\t<div class=\"elementor-widget-wrap elementor-element-populated\">\n\t\t\t\t\t\t<div class=\"elementor-element elementor-element-ea64391 elementor-arrows-position-inside elementor-pagination-position-outside elementor-widget elementor-widget-image-carousel\" data-id=\"ea64391\" data-element_type=\"widget\" data-settings=\"{&quot;slides_to_show&quot;:&quot;1&quot;,&quot;navigation&quot;:&quot;both&quot;,&quot;autoplay&quot;:&quot;yes&quot;,&quot;pause_on_hover&quot;:&quot;yes&quot;,&quot;pause_on_interaction&quot;:&quot;yes&quot;,&quot;autoplay_speed&quot;:5000,&quot;infinite&quot;:&quot;yes&quot;,&quot;effect&quot;:&quot;slide&quot;,&quot;speed&quot;:500}\" data-widget_type=\"image-carousel.default\">\n\t\t\t\t<div class=\"elementor-widget-container\">\n\t\t\t<style>\/*! elementor - v3.20.0 - 26-03-2024 *\/\n.elementor-widget-image-carousel .swiper,.elementor-widget-image-carousel .swiper-container{position:static}.elementor-widget-image-carousel .swiper-container .swiper-slide figure,.elementor-widget-image-carousel .swiper .swiper-slide figure{line-height:inherit}.elementor-widget-image-carousel .swiper-slide{text-align:center}.elementor-image-carousel-wrapper:not(.swiper-container-initialized):not(.swiper-initialized) .swiper-slide{max-width:calc(100% \/ var(--e-image-carousel-slides-to-show, 3))}<\/style>\t\t<div class=\"elementor-image-carousel-wrapper swiper\" dir=\"ltr\">\n\t\t\t<div class=\"elementor-image-carousel swiper-wrapper\" aria-live=\"off\">\n\t\t\t\t\t\t\t\t<div class=\"swiper-slide\" role=\"group\" aria-roledescription=\"slide\" aria-label=\"1 de 12\"><figure class=\"swiper-slide-inner\"><img decoding=\"async\" class=\"swiper-slide-image\" src=\"https:\/\/www.mined.gob.ni\/mapatradicionesculturapopular\/wp-content\/uploads\/2024\/06\/Diriamba-03.jpg\" alt=\"Diriamba-03\" \/><\/figure><\/div><div class=\"swiper-slide\" role=\"group\" aria-roledescription=\"slide\" aria-label=\"2 de 12\"><figure class=\"swiper-slide-inner\"><img decoding=\"async\" class=\"swiper-slide-image\" src=\"https:\/\/www.mined.gob.ni\/mapatradicionesculturapopular\/wp-content\/uploads\/2024\/06\/Diriamba-04.jpg\" alt=\"Diriamba-04\" \/><\/figure><\/div><div class=\"swiper-slide\" role=\"group\" aria-roledescription=\"slide\" aria-label=\"3 de 12\"><figure class=\"swiper-slide-inner\"><img decoding=\"async\" class=\"swiper-slide-image\" src=\"https:\/\/www.mined.gob.ni\/mapatradicionesculturapopular\/wp-content\/uploads\/2024\/06\/diriamba05.jpg\" alt=\"diriamba05\" \/><\/figure><\/div><div class=\"swiper-slide\" role=\"group\" aria-roledescription=\"slide\" aria-label=\"4 de 12\"><figure class=\"swiper-slide-inner\"><img decoding=\"async\" class=\"swiper-slide-image\" src=\"https:\/\/www.mined.gob.ni\/mapatradicionesculturapopular\/wp-content\/uploads\/2024\/06\/Diriamba-05.jpg\" alt=\"Diriamba-05\" \/><\/figure><\/div><div class=\"swiper-slide\" role=\"group\" aria-roledescription=\"slide\" aria-label=\"5 de 12\"><figure class=\"swiper-slide-inner\"><img decoding=\"async\" class=\"swiper-slide-image\" src=\"https:\/\/www.mined.gob.ni\/mapatradicionesculturapopular\/wp-content\/uploads\/2024\/06\/diriamba-10.jpg\" alt=\"diriamba-10\" \/><\/figure><\/div><div class=\"swiper-slide\" role=\"group\" aria-roledescription=\"slide\" aria-label=\"6 de 12\"><figure class=\"swiper-slide-inner\"><img decoding=\"async\" class=\"swiper-slide-image\" src=\"https:\/\/www.mined.gob.ni\/mapatradicionesculturapopular\/wp-content\/uploads\/2024\/06\/dolores05.jpg\" alt=\"dolores05\" \/><\/figure><\/div><div class=\"swiper-slide\" role=\"group\" aria-roledescription=\"slide\" aria-label=\"7 de 12\"><figure class=\"swiper-slide-inner\"><img decoding=\"async\" class=\"swiper-slide-image\" src=\"https:\/\/www.mined.gob.ni\/mapatradicionesculturapopular\/wp-content\/uploads\/2024\/06\/dolores07.jpg\" alt=\"dolores07\" \/><\/figure><\/div><div class=\"swiper-slide\" role=\"group\" aria-roledescription=\"slide\" aria-label=\"8 de 12\"><figure class=\"swiper-slide-inner\"><img decoding=\"async\" class=\"swiper-slide-image\" src=\"https:\/\/www.mined.gob.ni\/mapatradicionesculturapopular\/wp-content\/uploads\/2024\/06\/dolores09.jpg\" alt=\"dolores09\" \/><\/figure><\/div><div class=\"swiper-slide\" role=\"group\" aria-roledescription=\"slide\" aria-label=\"9 de 12\"><figure class=\"swiper-slide-inner\"><img decoding=\"async\" class=\"swiper-slide-image\" src=\"https:\/\/www.mined.gob.ni\/mapatradicionesculturapopular\/wp-content\/uploads\/2024\/06\/dolores10.jpg\" alt=\"dolores10\" \/><\/figure><\/div><div class=\"swiper-slide\" role=\"group\" aria-roledescription=\"slide\" aria-label=\"10 de 12\"><figure class=\"swiper-slide-inner\"><img decoding=\"async\" class=\"swiper-slide-image\" src=\"https:\/\/www.mined.gob.ni\/mapatradicionesculturapopular\/wp-content\/uploads\/2024\/06\/jinotepe-1.jpg\" alt=\"jinotepe-1\" \/><\/figure><\/div><div class=\"swiper-slide\" role=\"group\" aria-roledescription=\"slide\" aria-label=\"11 de 12\"><figure class=\"swiper-slide-inner\"><img decoding=\"async\" class=\"swiper-slide-image\" src=\"https:\/\/www.mined.gob.ni\/mapatradicionesculturapopular\/wp-content\/uploads\/2024\/06\/La-paz-centro-artesania-1.jpg\" alt=\"La-paz-centro-artesania-1\" \/><\/figure><\/div><div class=\"swiper-slide\" role=\"group\" aria-roledescription=\"slide\" aria-label=\"12 de 12\"><figure class=\"swiper-slide-inner\"><img decoding=\"async\" class=\"swiper-slide-image\" src=\"https:\/\/www.mined.gob.ni\/mapatradicionesculturapopular\/wp-content\/uploads\/2024\/06\/La-paz-centro-artesania-2.jpg\" alt=\"La-paz-centro-artesania-2\" \/><\/figure><\/div>\t\t\t<\/div>\n\t\t\t\t\t\t\t\t\t\t\t\t<div class=\"elementor-swiper-button elementor-swiper-button-prev\" role=\"button\" tabindex=\"0\">\n\t\t\t\t\t\t<svg aria-hidden=\"true\" class=\"e-font-icon-svg e-eicon-chevron-left\" viewBox=\"0 0 1000 1000\" xmlns=\"http:\/\/www.w3.org\/2000\/svg\"><path d=\"M646 125C629 125 613 133 604 142L308 442C296 454 292 471 292 487 292 504 296 521 308 533L604 854C617 867 629 875 646 875 663 875 679 871 692 858 704 846 713 829 713 812 713 796 708 779 692 767L438 487 692 225C700 217 708 204 708 187 708 171 704 154 692 142 675 129 663 125 646 125Z\"><\/path><\/svg>\t\t\t\t\t<\/div>\n\t\t\t\t\t<div class=\"elementor-swiper-button elementor-swiper-button-next\" role=\"button\" tabindex=\"0\">\n\t\t\t\t\t\t<svg aria-hidden=\"true\" class=\"e-font-icon-svg e-eicon-chevron-right\" viewBox=\"0 0 1000 1000\" xmlns=\"http:\/\/www.w3.org\/2000\/svg\"><path d=\"M696 533C708 521 713 504 713 487 713 471 708 454 696 446L400 146C388 133 375 125 354 125 338 125 325 129 313 142 300 154 292 171 292 187 292 204 296 221 308 233L563 492 304 771C292 783 288 800 288 817 288 833 296 850 308 863 321 871 338 875 354 875 371 875 388 867 400 854L696 533Z\"><\/path><\/svg>\t\t\t\t\t<\/div>\n\t\t\t\t\n\t\t\t\t\t\t\t\t\t<div class=\"swiper-pagination\"><\/div>\n\t\t\t\t\t\t\t\t\t<\/div>\n\t\t\t\t<\/div>\n\t\t\t\t<\/div>\n\t\t\t\t\t<\/div>\n\t\t<\/div>\n\t\t\t\t\t<\/div>\n\t\t<\/section>\n\t\t\t\t<section class=\"elementor-section elementor-top-section elementor-element elementor-element-cbeed66 elementor-section-boxed elementor-section-height-default elementor-section-height-default\" data-id=\"cbeed66\" data-element_type=\"section\">\n\t\t\t\t\t\t<div class=\"elementor-container elementor-column-gap-default\">\n\t\t\t\t\t<div class=\"elementor-column elementor-col-100 elementor-top-column elementor-element elementor-element-9b46152\" data-id=\"9b46152\" data-element_type=\"column\">\n\t\t\t<div class=\"elementor-widget-wrap elementor-element-populated\">\n\t\t\t\t\t\t<div class=\"elementor-element elementor-element-c5dc701 elementor-widget elementor-widget-image\" data-id=\"c5dc701\" data-element_type=\"widget\" data-widget_type=\"image.default\">\n\t\t\t\t<div class=\"elementor-widget-container\">\n\t\t\t<style>\/*! elementor - v3.20.0 - 26-03-2024 *\/\n.elementor-widget-image{text-align:center}.elementor-widget-image a{display:inline-block}.elementor-widget-image a img[src$=\".svg\"]{width:48px}.elementor-widget-image img{vertical-align:middle;display:inline-block}<\/style>\t\t\t\t\t\t\t\t\t\t<img decoding=\"async\" width=\"706\" height=\"70\" src=\"https:\/\/www.mined.gob.ni\/mapatradicionesculturapopular\/wp-content\/uploads\/2024\/06\/artesania-1.png\" class=\"attachment-large size-large wp-image-16323\" alt=\"\" \/>\t\t\t\t\t\t\t\t\t\t\t\t\t<\/div>\n\t\t\t\t<\/div>\n\t\t\t\t<div class=\"elementor-element elementor-element-175920e elementor-widget elementor-widget-heading\" data-id=\"175920e\" data-element_type=\"widget\" data-widget_type=\"heading.default\">\n\t\t\t\t<div class=\"elementor-widget-container\">\n\t\t\t<style>\/*! elementor - v3.20.0 - 26-03-2024 *\/\n.elementor-heading-title{padding:0;margin:0;line-height:1}.elementor-widget-heading .elementor-heading-title[class*=elementor-size-]>a{color:inherit;font-size:inherit;line-height:inherit}.elementor-widget-heading .elementor-heading-title.elementor-size-small{font-size:15px}.elementor-widget-heading .elementor-heading-title.elementor-size-medium{font-size:19px}.elementor-widget-heading .elementor-heading-title.elementor-size-large{font-size:29px}.elementor-widget-heading .elementor-heading-title.elementor-size-xl{font-size:39px}.elementor-widget-heading .elementor-heading-title.elementor-size-xxl{font-size:59px}<\/style><h2 class=\"elementor-heading-title elementor-size-default\">Artesan\u00edas<\/h2>\t\t<\/div>\n\t\t\t\t<\/div>\n\t\t\t\t<div class=\"elementor-element elementor-element-5087c39 elementor-widget elementor-widget-text-editor\" data-id=\"5087c39\" data-element_type=\"widget\" data-widget_type=\"text-editor.default\">\n\t\t\t\t<div class=\"elementor-widget-container\">\n\t\t\t<style>\/*! elementor - v3.20.0 - 26-03-2024 *\/\n.elementor-widget-text-editor.elementor-drop-cap-view-stacked .elementor-drop-cap{background-color:#69727d;color:#fff}.elementor-widget-text-editor.elementor-drop-cap-view-framed .elementor-drop-cap{color:#69727d;border:3px solid;background-color:transparent}.elementor-widget-text-editor:not(.elementor-drop-cap-view-default) .elementor-drop-cap{margin-top:8px}.elementor-widget-text-editor:not(.elementor-drop-cap-view-default) .elementor-drop-cap-letter{width:1em;height:1em}.elementor-widget-text-editor .elementor-drop-cap{float:left;text-align:center;line-height:1;font-size:50px}.elementor-widget-text-editor .elementor-drop-cap-letter{display:inline-block}<\/style>\t\t\t\t<p><span style=\"color: #f90d78;\"><strong>Santa Teresa<\/strong><\/span><\/p><p align=\"justify\">En los oficios cotidianos est\u00e1n los trapicheros, peque\u00f1as f\u00e1bricas donde producen el atado de dulce y el alfe\u00f1ique, ellos emplean el ingenio artesanal para elaborar moldes de madera para el dulce de rapadura, tambi\u00e9n los talabarteros que hacen las albardas para los caballos de los hacendados y due\u00f1os de caballos que ocupan en las h\u00edpicas.<\/p><p><strong><span style=\"color: #f90d78;\">San Marcos<\/span> <\/strong><\/p><p align=\"justify\">El emprendimiento est\u00e1 centrado en negocios populares, no existe una artesan\u00eda definida. Existen tiendas de bisuter\u00edas y souvenirs<\/p><p><span style=\"color: #f90d78;\"><strong>La Paz de Oriente<\/strong><\/span><\/p><p align=\"justify\">No se conoce una artesan\u00eda particular, lo que abundan son los hornos artesanales de pan, en La Paz son famosas sus panader\u00edas y sobre todo el vendedor se siente orgulloso cuando anuncia que \u201ceste es el verdadero pan carace\u00f1o\u201d varios artesanos de pan han ganado premios a nivel nacional por la calidad de su producto.<\/p><p><span style=\"color: #f90d78;\"><strong>La Conquista<\/strong><\/span><\/p><p align=\"justify\">Existen dos comarcas en La Conquista: Santa Gertrudis y Buena Vista que por tradici\u00f3n elaboran Comales, cer\u00e1mica utilitaria, los comales son de distintos tama\u00f1os.<\/p><p><span style=\"color: #f90d78;\"><strong>Jinotepe<\/strong><\/span><\/p><p align=\"justify\">La artesan\u00eda que sobresale en el municipio de Jinotepe es la de dibujos en tejas de barro, estas tienen un tama\u00f1o de 40 cm de largo por 20 cm de ancho, entre los dibujos sobresalen las im\u00e1genes religiosas.<\/p><p><span style=\"color: #f90d78;\"><strong>El Rosario<\/strong><\/span><\/p><p align=\"justify\">Las m\u00e1scaras de maderas de los bailes folcl\u00f3ricos son las que predominan en el municipio, existen varios talleres dedicados a esta artesan\u00eda.<\/p><p><span style=\"color: #f90d78;\"><strong>Dolores<\/strong><\/span><\/p><p align=\"justify\">La artesan\u00eda a base de madera es variada y colorida en Dolores, artesanos crean con un estilo personal: flores, frutas, carritos, llaveros, servilleteros, artesan\u00eda decorativa y utilitaria.<\/p><p><span style=\"color: #f90d78;\"><strong>Diriamba<\/strong><\/span><\/p><p align=\"justify\">M\u00e1scaras de madera con motivos de los bailes folcl\u00f3ricos del municipio son los que se elaboran en talleres familiares, sobresaliendo las m\u00e1scaras de bailes c\u00f3mo: Toro Huaco, El Gigante y El Viejo y La Vieja, El G\u00fceg\u00fcense, entre otros. Elaborados totalmente a mano, utilizan pintura acr\u00edlica de variados colores.<\/p>\t\t\t\t\t\t<\/div>\n\t\t\t\t<\/div>\n\t\t\t\t\t<\/div>\n\t\t<\/div>\n\t\t\t\t\t<\/div>\n\t\t<\/section>\n\t\t\t\t<\/div>\n\t\t","protected":false},"excerpt":{"rendered":"<p>Artesan\u00edas Santa Teresa En los oficios cotidianos est\u00e1n los trapicheros, peque\u00f1as f\u00e1bricas donde producen el atado de dulce y el alfe\u00f1ique, ellos emplean el ingenio artesanal para elaborar moldes de madera para el dulce de rapadura, tambi\u00e9n los talabarteros que hacen las albardas para los caballos de los hacendados y due\u00f1os de caballos que ocupan &hellip; <\/p>\n","protected":false},"author":1,"featured_media":0,"parent":0,"menu_order":0,"comment_status":"closed","ping_status":"closed","template":"","meta":{"footnotes":""},"class_list":["post-13311","page","type-page","status-publish","hentry"],"_links":{"self":[{"href":"https:\/\/www.mined.gob.ni\/mapatradicionesculturapopular\/wp-json\/wp\/v2\/pages\/13311","targetHints":{"allow":["GET"]}}],"collection":[{"href":"https:\/\/www.mined.gob.ni\/mapatradicionesculturapopular\/wp-json\/wp\/v2\/pages"}],"about":[{"href":"https:\/\/www.mined.gob.ni\/mapatradicionesculturapopular\/wp-json\/wp\/v2\/types\/page"}],"author":[{"embeddable":true,"href":"https:\/\/www.mined.gob.ni\/mapatradicionesculturapopular\/wp-json\/wp\/v2\/users\/1"}],"replies":[{"embeddable":true,"href":"https:\/\/www.mined.gob.ni\/mapatradicionesculturapopular\/wp-json\/wp\/v2\/comments?post=13311"}],"version-history":[{"count":3,"href":"https:\/\/www.mined.gob.ni\/mapatradicionesculturapopular\/wp-json\/wp\/v2\/pages\/13311\/revisions"}],"predecessor-version":[{"id":16326,"href":"https:\/\/www.mined.gob.ni\/mapatradicionesculturapopular\/wp-json\/wp\/v2\/pages\/13311\/revisions\/16326"}],"wp:attachment":[{"href":"https:\/\/www.mined.gob.ni\/mapatradicionesculturapopular\/wp-json\/wp\/v2\/media?parent=13311"}],"curies":[{"name":"wp","href":"https:\/\/api.w.org\/{rel}","templated":true}]}}