{"id":13399,"date":"2022-04-02T22:17:29","date_gmt":"2022-04-02T22:17:29","guid":{"rendered":"https:\/\/www.mined.gob.ni\/mapatradicionesculturapopular\/?page_id=13399"},"modified":"2024-08-02T16:54:27","modified_gmt":"2024-08-02T14:54:27","slug":"rivas-2","status":"publish","type":"page","link":"https:\/\/www.mined.gob.ni\/mapatradicionesculturapopular\/rivas-2\/","title":{"rendered":"Rivas"},"content":{"rendered":"\t\t<div data-elementor-type=\"wp-page\" data-elementor-id=\"13399\" class=\"elementor elementor-13399\">\n\t\t\t\t\t\t<section class=\"elementor-section elementor-top-section elementor-element elementor-element-7404afe elementor-section-boxed elementor-section-height-default elementor-section-height-default\" data-id=\"7404afe\" data-element_type=\"section\">\n\t\t\t\t\t\t<div class=\"elementor-container elementor-column-gap-default\">\n\t\t\t\t\t<div class=\"elementor-column elementor-col-100 elementor-top-column elementor-element elementor-element-d2650eb\" data-id=\"d2650eb\" data-element_type=\"column\">\n\t\t\t<div class=\"elementor-widget-wrap elementor-element-populated\">\n\t\t\t\t\t\t<div class=\"elementor-element elementor-element-4c5f668 elementor-arrows-position-inside elementor-pagination-position-outside elementor-widget elementor-widget-image-carousel\" data-id=\"4c5f668\" data-element_type=\"widget\" data-settings=\"{&quot;slides_to_show&quot;:&quot;1&quot;,&quot;navigation&quot;:&quot;both&quot;,&quot;autoplay&quot;:&quot;yes&quot;,&quot;pause_on_hover&quot;:&quot;yes&quot;,&quot;pause_on_interaction&quot;:&quot;yes&quot;,&quot;autoplay_speed&quot;:5000,&quot;infinite&quot;:&quot;yes&quot;,&quot;effect&quot;:&quot;slide&quot;,&quot;speed&quot;:500}\" data-widget_type=\"image-carousel.default\">\n\t\t\t\t<div class=\"elementor-widget-container\">\n\t\t\t<style>\/*! elementor - v3.20.0 - 26-03-2024 *\/\n.elementor-widget-image-carousel .swiper,.elementor-widget-image-carousel .swiper-container{position:static}.elementor-widget-image-carousel .swiper-container .swiper-slide figure,.elementor-widget-image-carousel .swiper .swiper-slide figure{line-height:inherit}.elementor-widget-image-carousel .swiper-slide{text-align:center}.elementor-image-carousel-wrapper:not(.swiper-container-initialized):not(.swiper-initialized) .swiper-slide{max-width:calc(100% \/ var(--e-image-carousel-slides-to-show, 3))}<\/style>\t\t<div class=\"elementor-image-carousel-wrapper swiper\" dir=\"ltr\">\n\t\t\t<div class=\"elementor-image-carousel swiper-wrapper\" aria-live=\"off\">\n\t\t\t\t\t\t\t\t<div class=\"swiper-slide\" role=\"group\" aria-roledescription=\"slide\" aria-label=\"1 de 17\"><figure class=\"swiper-slide-inner\"><img decoding=\"async\" class=\"swiper-slide-image\" src=\"https:\/\/www.mined.gob.ni\/mapatradicionesculturapopular\/wp-content\/uploads\/2024\/08\/potosis06_1_11zon.webp\" alt=\"potosis06_1_11zon\" \/><\/figure><\/div><div class=\"swiper-slide\" role=\"group\" aria-roledescription=\"slide\" aria-label=\"2 de 17\"><figure class=\"swiper-slide-inner\"><img decoding=\"async\" class=\"swiper-slide-image\" src=\"https:\/\/www.mined.gob.ni\/mapatradicionesculturapopular\/wp-content\/uploads\/2024\/08\/potosis07_2_11zon.webp\" alt=\"potosis07_2_11zon\" \/><\/figure><\/div><div class=\"swiper-slide\" role=\"group\" aria-roledescription=\"slide\" aria-label=\"3 de 17\"><figure class=\"swiper-slide-inner\"><img decoding=\"async\" class=\"swiper-slide-image\" src=\"https:\/\/www.mined.gob.ni\/mapatradicionesculturapopular\/wp-content\/uploads\/2024\/08\/Rivas_3_11zon.webp\" alt=\"Rivas_3_11zon\" \/><\/figure><\/div><div class=\"swiper-slide\" role=\"group\" aria-roledescription=\"slide\" aria-label=\"4 de 17\"><figure class=\"swiper-slide-inner\"><img decoding=\"async\" class=\"swiper-slide-image\" src=\"https:\/\/www.mined.gob.ni\/mapatradicionesculturapopular\/wp-content\/uploads\/2024\/08\/RIVAS-1_4_11zon.webp\" alt=\"RIVAS-1_4_11zon\" \/><\/figure><\/div><div class=\"swiper-slide\" role=\"group\" aria-roledescription=\"slide\" aria-label=\"5 de 17\"><figure class=\"swiper-slide-inner\"><img decoding=\"async\" class=\"swiper-slide-image\" src=\"https:\/\/www.mined.gob.ni\/mapatradicionesculturapopular\/wp-content\/uploads\/2024\/08\/Rivas-final-ultimas_6_11zon.webp\" alt=\"Rivas-final-ultimas_6_11zon\" \/><\/figure><\/div><div class=\"swiper-slide\" role=\"group\" aria-roledescription=\"slide\" aria-label=\"6 de 17\"><figure class=\"swiper-slide-inner\"><img decoding=\"async\" class=\"swiper-slide-image\" src=\"https:\/\/www.mined.gob.ni\/mapatradicionesculturapopular\/wp-content\/uploads\/2024\/08\/Altagracia01-1.webp\" alt=\"Altagracia01-1\" \/><\/figure><\/div><div class=\"swiper-slide\" role=\"group\" aria-roledescription=\"slide\" aria-label=\"7 de 17\"><figure class=\"swiper-slide-inner\"><img decoding=\"async\" class=\"swiper-slide-image\" src=\"https:\/\/www.mined.gob.ni\/mapatradicionesculturapopular\/wp-content\/uploads\/2024\/08\/potosis04.webp\" alt=\"potosis04\" \/><\/figure><\/div><div class=\"swiper-slide\" role=\"group\" aria-roledescription=\"slide\" aria-label=\"8 de 17\"><figure class=\"swiper-slide-inner\"><img decoding=\"async\" class=\"swiper-slide-image\" src=\"https:\/\/www.mined.gob.ni\/mapatradicionesculturapopular\/wp-content\/uploads\/2024\/08\/potosis03.webp\" alt=\"potosis03\" \/><\/figure><\/div><div class=\"swiper-slide\" role=\"group\" aria-roledescription=\"slide\" aria-label=\"9 de 17\"><figure class=\"swiper-slide-inner\"><img decoding=\"async\" class=\"swiper-slide-image\" src=\"https:\/\/www.mined.gob.ni\/mapatradicionesculturapopular\/wp-content\/uploads\/2024\/08\/potosis02.webp\" alt=\"potosis02\" \/><\/figure><\/div><div class=\"swiper-slide\" role=\"group\" aria-roledescription=\"slide\" aria-label=\"10 de 17\"><figure class=\"swiper-slide-inner\"><img decoding=\"async\" class=\"swiper-slide-image\" src=\"https:\/\/www.mined.gob.ni\/mapatradicionesculturapopular\/wp-content\/uploads\/2024\/08\/potosis01.webp\" alt=\"potosis01\" \/><\/figure><\/div><div class=\"swiper-slide\" role=\"group\" aria-roledescription=\"slide\" aria-label=\"11 de 17\"><figure class=\"swiper-slide-inner\"><img decoding=\"async\" class=\"swiper-slide-image\" src=\"https:\/\/www.mined.gob.ni\/mapatradicionesculturapopular\/wp-content\/uploads\/2024\/08\/moyogalpa04-1.webp\" alt=\"moyogalpa04-1\" \/><\/figure><\/div><div class=\"swiper-slide\" role=\"group\" aria-roledescription=\"slide\" aria-label=\"12 de 17\"><figure class=\"swiper-slide-inner\"><img decoding=\"async\" class=\"swiper-slide-image\" src=\"https:\/\/www.mined.gob.ni\/mapatradicionesculturapopular\/wp-content\/uploads\/2024\/08\/moyogalpa03-1.webp\" alt=\"moyogalpa03-1\" \/><\/figure><\/div><div class=\"swiper-slide\" role=\"group\" aria-roledescription=\"slide\" aria-label=\"13 de 17\"><figure class=\"swiper-slide-inner\"><img decoding=\"async\" class=\"swiper-slide-image\" src=\"https:\/\/www.mined.gob.ni\/mapatradicionesculturapopular\/wp-content\/uploads\/2024\/08\/buenos-aires-05.webp\" alt=\"buenos-aires-05\" \/><\/figure><\/div><div class=\"swiper-slide\" role=\"group\" aria-roledescription=\"slide\" aria-label=\"14 de 17\"><figure class=\"swiper-slide-inner\"><img decoding=\"async\" class=\"swiper-slide-image\" src=\"https:\/\/www.mined.gob.ni\/mapatradicionesculturapopular\/wp-content\/uploads\/2024\/08\/belen-02.webp\" alt=\"belen-02\" \/><\/figure><\/div><div class=\"swiper-slide\" role=\"group\" aria-roledescription=\"slide\" aria-label=\"15 de 17\"><figure class=\"swiper-slide-inner\"><img decoding=\"async\" class=\"swiper-slide-image\" src=\"https:\/\/www.mined.gob.ni\/mapatradicionesculturapopular\/wp-content\/uploads\/2024\/08\/altagracia-06.webp\" alt=\"altagracia-06\" \/><\/figure><\/div><div class=\"swiper-slide\" role=\"group\" aria-roledescription=\"slide\" aria-label=\"16 de 17\"><figure class=\"swiper-slide-inner\"><img decoding=\"async\" class=\"swiper-slide-image\" src=\"https:\/\/www.mined.gob.ni\/mapatradicionesculturapopular\/wp-content\/uploads\/2024\/08\/Altagracia03.webp\" alt=\"Altagracia03\" \/><\/figure><\/div><div class=\"swiper-slide\" role=\"group\" aria-roledescription=\"slide\" aria-label=\"17 de 17\"><figure class=\"swiper-slide-inner\"><img decoding=\"async\" class=\"swiper-slide-image\" src=\"https:\/\/www.mined.gob.ni\/mapatradicionesculturapopular\/wp-content\/uploads\/2024\/08\/Altagracia01.webp\" alt=\"Altagracia01\" \/><\/figure><\/div>\t\t\t<\/div>\n\t\t\t\t\t\t\t\t\t\t\t\t<div class=\"elementor-swiper-button elementor-swiper-button-prev\" role=\"button\" tabindex=\"0\">\n\t\t\t\t\t\t<svg aria-hidden=\"true\" class=\"e-font-icon-svg e-eicon-chevron-left\" viewBox=\"0 0 1000 1000\" xmlns=\"http:\/\/www.w3.org\/2000\/svg\"><path d=\"M646 125C629 125 613 133 604 142L308 442C296 454 292 471 292 487 292 504 296 521 308 533L604 854C617 867 629 875 646 875 663 875 679 871 692 858 704 846 713 829 713 812 713 796 708 779 692 767L438 487 692 225C700 217 708 204 708 187 708 171 704 154 692 142 675 129 663 125 646 125Z\"><\/path><\/svg>\t\t\t\t\t<\/div>\n\t\t\t\t\t<div class=\"elementor-swiper-button elementor-swiper-button-next\" role=\"button\" tabindex=\"0\">\n\t\t\t\t\t\t<svg aria-hidden=\"true\" class=\"e-font-icon-svg e-eicon-chevron-right\" viewBox=\"0 0 1000 1000\" xmlns=\"http:\/\/www.w3.org\/2000\/svg\"><path d=\"M696 533C708 521 713 504 713 487 713 471 708 454 696 446L400 146C388 133 375 125 354 125 338 125 325 129 313 142 300 154 292 171 292 187 292 204 296 221 308 233L563 492 304 771C292 783 288 800 288 817 288 833 296 850 308 863 321 871 338 875 354 875 371 875 388 867 400 854L696 533Z\"><\/path><\/svg>\t\t\t\t\t<\/div>\n\t\t\t\t\n\t\t\t\t\t\t\t\t\t<div class=\"swiper-pagination\"><\/div>\n\t\t\t\t\t\t\t\t\t<\/div>\n\t\t\t\t<\/div>\n\t\t\t\t<\/div>\n\t\t\t\t<div class=\"elementor-element elementor-element-301c92c elementor-widget elementor-widget-image\" data-id=\"301c92c\" data-element_type=\"widget\" data-widget_type=\"image.default\">\n\t\t\t\t<div class=\"elementor-widget-container\">\n\t\t\t<style>\/*! elementor - v3.20.0 - 26-03-2024 *\/\n.elementor-widget-image{text-align:center}.elementor-widget-image a{display:inline-block}.elementor-widget-image a img[src$=\".svg\"]{width:48px}.elementor-widget-image img{vertical-align:middle;display:inline-block}<\/style>\t\t\t\t\t\t\t\t\t\t<img decoding=\"async\" src=\"https:\/\/www.mined.gob.ni\/mapatradicionesculturapopular\/wp-content\/uploads\/2022\/02\/artesania.png\" title=\"\" alt=\"\" loading=\"lazy\" \/>\t\t\t\t\t\t\t\t\t\t\t\t\t<\/div>\n\t\t\t\t<\/div>\n\t\t\t\t<div class=\"elementor-element elementor-element-8c66e2d elementor-widget elementor-widget-heading\" data-id=\"8c66e2d\" data-element_type=\"widget\" data-widget_type=\"heading.default\">\n\t\t\t\t<div class=\"elementor-widget-container\">\n\t\t\t<style>\/*! elementor - v3.20.0 - 26-03-2024 *\/\n.elementor-heading-title{padding:0;margin:0;line-height:1}.elementor-widget-heading .elementor-heading-title[class*=elementor-size-]>a{color:inherit;font-size:inherit;line-height:inherit}.elementor-widget-heading .elementor-heading-title.elementor-size-small{font-size:15px}.elementor-widget-heading .elementor-heading-title.elementor-size-medium{font-size:19px}.elementor-widget-heading .elementor-heading-title.elementor-size-large{font-size:29px}.elementor-widget-heading .elementor-heading-title.elementor-size-xl{font-size:39px}.elementor-widget-heading .elementor-heading-title.elementor-size-xxl{font-size:59px}<\/style><h2 class=\"elementor-heading-title elementor-size-default\">Artesan\u00edas<\/h2>\t\t<\/div>\n\t\t\t\t<\/div>\n\t\t\t\t<div class=\"elementor-element elementor-element-ad008b3 elementor-widget elementor-widget-text-editor\" data-id=\"ad008b3\" data-element_type=\"widget\" data-widget_type=\"text-editor.default\">\n\t\t\t\t<div class=\"elementor-widget-container\">\n\t\t\t<style>\/*! elementor - v3.20.0 - 26-03-2024 *\/\n.elementor-widget-text-editor.elementor-drop-cap-view-stacked .elementor-drop-cap{background-color:#69727d;color:#fff}.elementor-widget-text-editor.elementor-drop-cap-view-framed .elementor-drop-cap{color:#69727d;border:3px solid;background-color:transparent}.elementor-widget-text-editor:not(.elementor-drop-cap-view-default) .elementor-drop-cap{margin-top:8px}.elementor-widget-text-editor:not(.elementor-drop-cap-view-default) .elementor-drop-cap-letter{width:1em;height:1em}.elementor-widget-text-editor .elementor-drop-cap{float:left;text-align:center;line-height:1;font-size:50px}.elementor-widget-text-editor .elementor-drop-cap-letter{display:inline-block}<\/style>\t\t\t\t<p><span style=\"color: #00ffff;\"><strong><span style=\"color: #f90d78;\">Altagracia<\/span> <\/strong><\/span><\/p><p align=\"justify\">En Altagracia las artesan\u00edas son variadas se ofertan la cer\u00e1mica utilitaria y art\u00edstica, guacales labrados, cocos secos con figuras de monos, hay talleres familiares.<\/p><p><span style=\"color: #f90d78;\"><strong>Bel\u00e9n <\/strong><\/span><\/p><p align=\"justify\">La artesan\u00eda popular es la de las j\u00edcaras de filigrana. Por los menos existen dos talleres familiares que elaboran finas piezas de filigrana, los j\u00edcaros pueden ser de distintos tama\u00f1os, esta piezas de artesan\u00edas son conocidas a nivel nacional e internacional.<\/p><p><span style=\"color: #f90d78;\"><strong>Tola<\/strong><\/span><\/p><p align=\"justify\">Las artesan\u00edas representativas del municipio se encuentran en las comunidades El Astillero y El Remate- El Lajal, delante de las Salinas, trabajan el barro, tienen varios art\u00edculos utilitarios en exposici\u00f3n y venta a turistas y nacionales: comales de diferentes tama\u00f1os, ollas, maceteras, panitas, tinajas entre otros. La familia Gazo Alcocer son los artistas artesanos del barro en Tola.<\/p><p align=\"justify\">En el Astillero el proyecto se llama Tejiendo con la Naturaleza, un emprendimiento donde usan materiales de reciclaje entre ellos el pl\u00e1stico para elaborar\u00a0 bolsos, carteras y sacos. De esta forma se cuidan las playas y el medio ambiente y se le da utilidad al material convirti\u00e9ndolo en una pieza utilitaria.<\/p><p><strong><span style=\"color: #f90d78;\">San Juan del Sur<\/span> <\/strong><\/p><p align=\"justify\">Fabricaci\u00f3n de botes para la pesca, Aperos para los Pescadores. Utilizan Conchas marinas grandes y peque\u00f1as para elaborar artesan\u00edas, los caracoles de mar sirven para fabricar l\u00e1mparas, convirti\u00e9ndolos en obras de arte, otros oficios comunes son la herrer\u00eda y carpinter\u00eda.<\/p><p><strong><span style=\"color: #f90d78;\">San Jorge<\/span> <\/strong><\/p><p align=\"justify\">San Jorge es un pueblo lacustre y de artesanos, los pescadores tradicionales dan a elaborar en talleres los remos, chinchorros y atarrayas para desempe\u00f1ar mejor sus oficios, estos talleres tambi\u00e9n pueden hacer botes.<\/p><p>Otros artesanos son los fabricantes de ladrillo de barro.<\/p><p><span style=\"color: #f90d78;\"><strong>Rivas<\/strong><\/span><\/p><p align=\"justify\">La Artesan\u00eda en el municipio de Rivas est\u00e1 representada por la J\u00edcara de filigrana, aunque existe un emprendimiento creativo con material reciclado de las anillas de aluminio de lata y elaboran\u00a0 carteras y bolsos de damas con este material.<\/p><p><strong><span style=\"color: #f90d78;\">Potos\u00ed<\/span> <\/strong><\/p><p align=\"justify\">La \u00fanica artesan\u00eda de Potos\u00ed es la elaboraci\u00f3n de im\u00e1genes entre tubos pvc, es una artesan\u00eda nacida de un emprendimiento emergente de la Comunidad El Limonal.<\/p><p><span style=\"color: #f90d78;\"><strong>Moyogalpa<\/strong><\/span><\/p><p>Los pescadores elaboran atarrayas, es una peque\u00f1a red para pescar,<\/p><p align=\"justify\">Proliferan los talleres de carpinter\u00eda y ebanister\u00eda. Una artesan\u00eda popular es la bisuter\u00eda de coco, elaboran collares, pulseras y aretes, trabajan tambi\u00e9n la corteza de coco y crean figuras humanas y de animales, es com\u00fan encontrar de venta j\u00edcaras labradas y jicareros.<\/p><p><span style=\"color: #f90d78;\">\u00a0<\/span><strong><span style=\"color: #f90d78;\">C\u00e1rdenas<\/span> <\/strong><\/p><p align=\"justify\">En el municipio elaboran los aperos artesanales para la pesca, tambi\u00e9n los botes peque\u00f1os que son utilizados para trabajar como pescador<\/p><p><strong><span style=\"color: #f90d78;\">Buenos Aires<\/span> <\/strong><\/p><p align=\"justify\">Es famosa la artesan\u00eda de J\u00edcaras de filigrana, el j\u00edcaro ha servido como recipiente en los hogares campesinos, hoy las artesanas del municipio lo han convertido en una obra de arte orfebrer\u00eda de calidad, sus figuras lo demuestran. En la actualidad existe un taller de J\u00edcaras de filigrana.<\/p><p align=\"justify\">Otros oficios artesanales son: ladrillos de barro, trabajan artesan\u00edas de madera, fabrican botes para pescar y hacen tambi\u00e9n los art\u00edculos para pesca: chinchorros y atarrayas.<\/p>\t\t\t\t\t\t<\/div>\n\t\t\t\t<\/div>\n\t\t\t\t\t<\/div>\n\t\t<\/div>\n\t\t\t\t\t<\/div>\n\t\t<\/section>\n\t\t\t\t<\/div>\n\t\t","protected":false},"excerpt":{"rendered":"<p>Artesan\u00edas Altagracia En Altagracia las artesan\u00edas son variadas se ofertan la cer\u00e1mica utilitaria y art\u00edstica, guacales labrados, cocos secos con figuras de monos, hay talleres familiares. Bel\u00e9n La artesan\u00eda popular es la de las j\u00edcaras de filigrana. Por los menos existen dos talleres familiares que elaboran finas piezas de filigrana, los j\u00edcaros pueden ser de &hellip; <\/p>\n","protected":false},"author":1,"featured_media":0,"parent":0,"menu_order":0,"comment_status":"closed","ping_status":"closed","template":"","meta":{"footnotes":""},"class_list":["post-13399","page","type-page","status-publish","hentry"],"_links":{"self":[{"href":"https:\/\/www.mined.gob.ni\/mapatradicionesculturapopular\/wp-json\/wp\/v2\/pages\/13399","targetHints":{"allow":["GET"]}}],"collection":[{"href":"https:\/\/www.mined.gob.ni\/mapatradicionesculturapopular\/wp-json\/wp\/v2\/pages"}],"about":[{"href":"https:\/\/www.mined.gob.ni\/mapatradicionesculturapopular\/wp-json\/wp\/v2\/types\/page"}],"author":[{"embeddable":true,"href":"https:\/\/www.mined.gob.ni\/mapatradicionesculturapopular\/wp-json\/wp\/v2\/users\/1"}],"replies":[{"embeddable":true,"href":"https:\/\/www.mined.gob.ni\/mapatradicionesculturapopular\/wp-json\/wp\/v2\/comments?post=13399"}],"version-history":[{"count":4,"href":"https:\/\/www.mined.gob.ni\/mapatradicionesculturapopular\/wp-json\/wp\/v2\/pages\/13399\/revisions"}],"predecessor-version":[{"id":16466,"href":"https:\/\/www.mined.gob.ni\/mapatradicionesculturapopular\/wp-json\/wp\/v2\/pages\/13399\/revisions\/16466"}],"wp:attachment":[{"href":"https:\/\/www.mined.gob.ni\/mapatradicionesculturapopular\/wp-json\/wp\/v2\/media?parent=13399"}],"curies":[{"name":"wp","href":"https:\/\/api.w.org\/{rel}","templated":true}]}}