{"id":13412,"date":"2022-04-02T22:23:53","date_gmt":"2022-04-02T22:23:53","guid":{"rendered":"https:\/\/www.mined.gob.ni\/mapatradicionesculturapopular\/?page_id=13412"},"modified":"2024-08-02T17:25:57","modified_gmt":"2024-08-02T15:25:57","slug":"raccs","status":"publish","type":"page","link":"https:\/\/www.mined.gob.ni\/mapatradicionesculturapopular\/raccs\/","title":{"rendered":"RACCS"},"content":{"rendered":"\t\t<div data-elementor-type=\"wp-page\" data-elementor-id=\"13412\" class=\"elementor elementor-13412\">\n\t\t\t\t\t\t<section class=\"elementor-section elementor-top-section elementor-element elementor-element-218c1a9 elementor-section-boxed elementor-section-height-default elementor-section-height-default\" data-id=\"218c1a9\" data-element_type=\"section\">\n\t\t\t\t\t\t<div class=\"elementor-container elementor-column-gap-default\">\n\t\t\t\t\t<div class=\"elementor-column elementor-col-100 elementor-top-column elementor-element elementor-element-64bbd78\" data-id=\"64bbd78\" data-element_type=\"column\">\n\t\t\t<div class=\"elementor-widget-wrap elementor-element-populated\">\n\t\t\t\t\t\t<div class=\"elementor-element elementor-element-892eaa7 elementor-arrows-position-inside elementor-pagination-position-outside elementor-widget elementor-widget-image-carousel\" data-id=\"892eaa7\" data-element_type=\"widget\" data-settings=\"{&quot;slides_to_show&quot;:&quot;1&quot;,&quot;navigation&quot;:&quot;both&quot;,&quot;autoplay&quot;:&quot;yes&quot;,&quot;pause_on_hover&quot;:&quot;yes&quot;,&quot;pause_on_interaction&quot;:&quot;yes&quot;,&quot;autoplay_speed&quot;:5000,&quot;infinite&quot;:&quot;yes&quot;,&quot;effect&quot;:&quot;slide&quot;,&quot;speed&quot;:500}\" data-widget_type=\"image-carousel.default\">\n\t\t\t\t<div class=\"elementor-widget-container\">\n\t\t\t<style>\/*! elementor - v3.20.0 - 26-03-2024 *\/\n.elementor-widget-image-carousel .swiper,.elementor-widget-image-carousel .swiper-container{position:static}.elementor-widget-image-carousel .swiper-container .swiper-slide figure,.elementor-widget-image-carousel .swiper .swiper-slide figure{line-height:inherit}.elementor-widget-image-carousel .swiper-slide{text-align:center}.elementor-image-carousel-wrapper:not(.swiper-container-initialized):not(.swiper-initialized) .swiper-slide{max-width:calc(100% \/ var(--e-image-carousel-slides-to-show, 3))}<\/style>\t\t<div class=\"elementor-image-carousel-wrapper swiper\" dir=\"ltr\">\n\t\t\t<div class=\"elementor-image-carousel swiper-wrapper\" aria-live=\"off\">\n\t\t\t\t\t\t\t\t<div class=\"swiper-slide\" role=\"group\" aria-roledescription=\"slide\" aria-label=\"1 de 12\"><figure class=\"swiper-slide-inner\"><img decoding=\"async\" class=\"swiper-slide-image\" src=\"https:\/\/www.mined.gob.ni\/mapatradicionesculturapopular\/wp-content\/uploads\/2024\/08\/bluefields03-1_1_11zon.webp\" alt=\"bluefields03-1_1_11zon\" \/><\/figure><\/div><div class=\"swiper-slide\" role=\"group\" aria-roledescription=\"slide\" aria-label=\"2 de 12\"><figure class=\"swiper-slide-inner\"><img decoding=\"async\" class=\"swiper-slide-image\" src=\"https:\/\/www.mined.gob.ni\/mapatradicionesculturapopular\/wp-content\/uploads\/2024\/08\/bluefields0502_2_11zon.webp\" alt=\"bluefields0502_2_11zon\" \/><\/figure><\/div><div class=\"swiper-slide\" role=\"group\" aria-roledescription=\"slide\" aria-label=\"3 de 12\"><figure class=\"swiper-slide-inner\"><img decoding=\"async\" class=\"swiper-slide-image\" src=\"https:\/\/www.mined.gob.ni\/mapatradicionesculturapopular\/wp-content\/uploads\/2024\/08\/bluefields050225_3_11zon.webp\" alt=\"bluefields050225_3_11zon\" \/><\/figure><\/div><div class=\"swiper-slide\" role=\"group\" aria-roledescription=\"slide\" aria-label=\"4 de 12\"><figure class=\"swiper-slide-inner\"><img decoding=\"async\" class=\"swiper-slide-image\" src=\"https:\/\/www.mined.gob.ni\/mapatradicionesculturapopular\/wp-content\/uploads\/2024\/08\/cornisland09_4_11zon.webp\" alt=\"cornisland09_4_11zon\" \/><\/figure><\/div><div class=\"swiper-slide\" role=\"group\" aria-roledescription=\"slide\" aria-label=\"5 de 12\"><figure class=\"swiper-slide-inner\"><img decoding=\"async\" class=\"swiper-slide-image\" src=\"https:\/\/www.mined.gob.ni\/mapatradicionesculturapopular\/wp-content\/uploads\/2024\/08\/cornisland10_5_11zon.webp\" alt=\"cornisland10_5_11zon\" \/><\/figure><\/div><div class=\"swiper-slide\" role=\"group\" aria-roledescription=\"slide\" aria-label=\"6 de 12\"><figure class=\"swiper-slide-inner\"><img decoding=\"async\" class=\"swiper-slide-image\" src=\"https:\/\/www.mined.gob.ni\/mapatradicionesculturapopular\/wp-content\/uploads\/2024\/08\/cornisland11_6_11zon.webp\" alt=\"cornisland11_6_11zon\" \/><\/figure><\/div><div class=\"swiper-slide\" role=\"group\" aria-roledescription=\"slide\" aria-label=\"7 de 12\"><figure class=\"swiper-slide-inner\"><img decoding=\"async\" class=\"swiper-slide-image\" src=\"https:\/\/www.mined.gob.ni\/mapatradicionesculturapopular\/wp-content\/uploads\/2024\/08\/Costa-caribe-norte_7_11zon.webp\" alt=\"Costa-caribe-norte_7_11zon\" \/><\/figure><\/div><div class=\"swiper-slide\" role=\"group\" aria-roledescription=\"slide\" aria-label=\"8 de 12\"><figure class=\"swiper-slide-inner\"><img decoding=\"async\" class=\"swiper-slide-image\" src=\"https:\/\/www.mined.gob.ni\/mapatradicionesculturapopular\/wp-content\/uploads\/2024\/08\/Costa-caribe-norte-03_8_11zon.webp\" alt=\"Costa-caribe-norte-03_8_11zon\" \/><\/figure><\/div><div class=\"swiper-slide\" role=\"group\" aria-roledescription=\"slide\" aria-label=\"9 de 12\"><figure class=\"swiper-slide-inner\"><img decoding=\"async\" class=\"swiper-slide-image\" src=\"https:\/\/www.mined.gob.ni\/mapatradicionesculturapopular\/wp-content\/uploads\/2024\/08\/Costa-caribe-norte-04_9_11zon.webp\" alt=\"Costa-caribe-norte-04_9_11zon\" \/><\/figure><\/div><div class=\"swiper-slide\" role=\"group\" aria-roledescription=\"slide\" aria-label=\"10 de 12\"><figure class=\"swiper-slide-inner\"><img decoding=\"async\" class=\"swiper-slide-image\" src=\"https:\/\/www.mined.gob.ni\/mapatradicionesculturapopular\/wp-content\/uploads\/2024\/08\/Costa-Caribe-Sur_10_11zon.webp\" alt=\"Costa-Caribe-Sur_10_11zon\" \/><\/figure><\/div><div class=\"swiper-slide\" role=\"group\" aria-roledescription=\"slide\" aria-label=\"11 de 12\"><figure class=\"swiper-slide-inner\"><img decoding=\"async\" class=\"swiper-slide-image\" src=\"https:\/\/www.mined.gob.ni\/mapatradicionesculturapopular\/wp-content\/uploads\/2024\/08\/Costa-caribe-sur-mode-02_11_11zon.webp\" alt=\"Costa-caribe-sur-mode-02_11_11zon\" \/><\/figure><\/div><div class=\"swiper-slide\" role=\"group\" aria-roledescription=\"slide\" aria-label=\"12 de 12\"><figure class=\"swiper-slide-inner\"><img decoding=\"async\" class=\"swiper-slide-image\" src=\"https:\/\/www.mined.gob.ni\/mapatradicionesculturapopular\/wp-content\/uploads\/2024\/08\/Costa-caribe-sur-mode-03_12_11zon.webp\" alt=\"Costa-caribe-sur-mode-03_12_11zon\" \/><\/figure><\/div>\t\t\t<\/div>\n\t\t\t\t\t\t\t\t\t\t\t\t<div class=\"elementor-swiper-button elementor-swiper-button-prev\" role=\"button\" tabindex=\"0\">\n\t\t\t\t\t\t<svg aria-hidden=\"true\" class=\"e-font-icon-svg e-eicon-chevron-left\" viewBox=\"0 0 1000 1000\" xmlns=\"http:\/\/www.w3.org\/2000\/svg\"><path d=\"M646 125C629 125 613 133 604 142L308 442C296 454 292 471 292 487 292 504 296 521 308 533L604 854C617 867 629 875 646 875 663 875 679 871 692 858 704 846 713 829 713 812 713 796 708 779 692 767L438 487 692 225C700 217 708 204 708 187 708 171 704 154 692 142 675 129 663 125 646 125Z\"><\/path><\/svg>\t\t\t\t\t<\/div>\n\t\t\t\t\t<div class=\"elementor-swiper-button elementor-swiper-button-next\" role=\"button\" tabindex=\"0\">\n\t\t\t\t\t\t<svg aria-hidden=\"true\" class=\"e-font-icon-svg e-eicon-chevron-right\" viewBox=\"0 0 1000 1000\" xmlns=\"http:\/\/www.w3.org\/2000\/svg\"><path d=\"M696 533C708 521 713 504 713 487 713 471 708 454 696 446L400 146C388 133 375 125 354 125 338 125 325 129 313 142 300 154 292 171 292 187 292 204 296 221 308 233L563 492 304 771C292 783 288 800 288 817 288 833 296 850 308 863 321 871 338 875 354 875 371 875 388 867 400 854L696 533Z\"><\/path><\/svg>\t\t\t\t\t<\/div>\n\t\t\t\t\n\t\t\t\t\t\t\t\t\t<div class=\"swiper-pagination\"><\/div>\n\t\t\t\t\t\t\t\t\t<\/div>\n\t\t\t\t<\/div>\n\t\t\t\t<\/div>\n\t\t\t\t<div class=\"elementor-element elementor-element-b33a3d7 elementor-widget elementor-widget-image\" data-id=\"b33a3d7\" data-element_type=\"widget\" data-widget_type=\"image.default\">\n\t\t\t\t<div class=\"elementor-widget-container\">\n\t\t\t<style>\/*! elementor - v3.20.0 - 26-03-2024 *\/\n.elementor-widget-image{text-align:center}.elementor-widget-image a{display:inline-block}.elementor-widget-image a img[src$=\".svg\"]{width:48px}.elementor-widget-image img{vertical-align:middle;display:inline-block}<\/style>\t\t\t\t\t\t\t\t\t\t<img decoding=\"async\" src=\"https:\/\/www.mined.gob.ni\/mapatradicionesculturapopular\/wp-content\/uploads\/2022\/02\/artesania.png\" title=\"\" alt=\"\" loading=\"lazy\" \/>\t\t\t\t\t\t\t\t\t\t\t\t\t<\/div>\n\t\t\t\t<\/div>\n\t\t\t\t<div class=\"elementor-element elementor-element-f97a2b0 elementor-widget elementor-widget-heading\" data-id=\"f97a2b0\" data-element_type=\"widget\" data-widget_type=\"heading.default\">\n\t\t\t\t<div class=\"elementor-widget-container\">\n\t\t\t<style>\/*! elementor - v3.20.0 - 26-03-2024 *\/\n.elementor-heading-title{padding:0;margin:0;line-height:1}.elementor-widget-heading .elementor-heading-title[class*=elementor-size-]>a{color:inherit;font-size:inherit;line-height:inherit}.elementor-widget-heading .elementor-heading-title.elementor-size-small{font-size:15px}.elementor-widget-heading .elementor-heading-title.elementor-size-medium{font-size:19px}.elementor-widget-heading .elementor-heading-title.elementor-size-large{font-size:29px}.elementor-widget-heading .elementor-heading-title.elementor-size-xl{font-size:39px}.elementor-widget-heading .elementor-heading-title.elementor-size-xxl{font-size:59px}<\/style><h2 class=\"elementor-heading-title elementor-size-default\">Artesan\u00eda<\/h2>\t\t<\/div>\n\t\t\t\t<\/div>\n\t\t\t\t<div class=\"elementor-element elementor-element-8c22e5c elementor-widget elementor-widget-text-editor\" data-id=\"8c22e5c\" data-element_type=\"widget\" data-widget_type=\"text-editor.default\">\n\t\t\t\t<div class=\"elementor-widget-container\">\n\t\t\t<style>\/*! elementor - v3.20.0 - 26-03-2024 *\/\n.elementor-widget-text-editor.elementor-drop-cap-view-stacked .elementor-drop-cap{background-color:#69727d;color:#fff}.elementor-widget-text-editor.elementor-drop-cap-view-framed .elementor-drop-cap{color:#69727d;border:3px solid;background-color:transparent}.elementor-widget-text-editor:not(.elementor-drop-cap-view-default) .elementor-drop-cap{margin-top:8px}.elementor-widget-text-editor:not(.elementor-drop-cap-view-default) .elementor-drop-cap-letter{width:1em;height:1em}.elementor-widget-text-editor .elementor-drop-cap{float:left;text-align:center;line-height:1;font-size:50px}.elementor-widget-text-editor .elementor-drop-cap-letter{display:inline-block}<\/style>\t\t\t\t<p><span style=\"color: #f90d78;\"><strong>Bluefields y sus artesan\u00edas<\/strong><\/span><\/p><p align=\"justify\">Las artesan\u00edas en la ciudad\u00a0 de Bluefields, la ciudad de los campos azules,\u00a0 es variada, algunas piezas est\u00e1n relacionadas con los oficios y vida cotidiana de la ciudad puerto y sus comunidades, por ejemplo en la comunidad de Orinoco, cuna gar\u00edfuna se elaboran tambores de diversos tama\u00f1os, maracas largas de j\u00edcaros, ralladores, pero hay que hacer \u00e9nfasis en una artesan\u00eda maravillosa que solo se conoce en este departamento : Estrellas navide\u00f1as moravas, las elaboran con cartulina de distintos colores y es el pueblo creole quien las fabrica.<\/p><p align=\"justify\">Hay otras piezas de car\u00e1cter utilitario del pueblo caribe\u00f1o como son los pilones, el colador, el rayador, en orfebrer\u00eda de filigrana el coral rojo y negro son los mas populares, hacen collares, aretes, anillos y pulseras.<\/p><p align=\"justify\">Otra artesan\u00eda destacada y famosa son las esculturas de madera de palo de rosa, varios talleres se han dedicado a trabajar esta madera dise\u00f1ando y esculpiendo piezas preciosas que rivalizan con una escultura de un artista pl\u00e1stico consagrado. Son obras admirables que vemos en ferias populares, el escultor Julio Lopez de origen gar\u00edfuna es el precursor de esta artesan\u00eda de madera de palo de rosa.<\/p>\t\t\t\t\t\t<\/div>\n\t\t\t\t<\/div>\n\t\t\t\t\t<\/div>\n\t\t<\/div>\n\t\t\t\t\t<\/div>\n\t\t<\/section>\n\t\t\t\t<\/div>\n\t\t","protected":false},"excerpt":{"rendered":"<p>Artesan\u00eda Bluefields y sus artesan\u00edas Las artesan\u00edas en la ciudad\u00a0 de Bluefields, la ciudad de los campos azules,\u00a0 es variada, algunas piezas est\u00e1n relacionadas con los oficios y vida cotidiana de la ciudad puerto y sus comunidades, por ejemplo en la comunidad de Orinoco, cuna gar\u00edfuna se elaboran tambores de diversos tama\u00f1os, maracas largas de &hellip; <\/p>\n","protected":false},"author":1,"featured_media":0,"parent":0,"menu_order":0,"comment_status":"closed","ping_status":"closed","template":"","meta":{"footnotes":""},"class_list":["post-13412","page","type-page","status-publish","hentry"],"_links":{"self":[{"href":"https:\/\/www.mined.gob.ni\/mapatradicionesculturapopular\/wp-json\/wp\/v2\/pages\/13412","targetHints":{"allow":["GET"]}}],"collection":[{"href":"https:\/\/www.mined.gob.ni\/mapatradicionesculturapopular\/wp-json\/wp\/v2\/pages"}],"about":[{"href":"https:\/\/www.mined.gob.ni\/mapatradicionesculturapopular\/wp-json\/wp\/v2\/types\/page"}],"author":[{"embeddable":true,"href":"https:\/\/www.mined.gob.ni\/mapatradicionesculturapopular\/wp-json\/wp\/v2\/users\/1"}],"replies":[{"embeddable":true,"href":"https:\/\/www.mined.gob.ni\/mapatradicionesculturapopular\/wp-json\/wp\/v2\/comments?post=13412"}],"version-history":[{"count":3,"href":"https:\/\/www.mined.gob.ni\/mapatradicionesculturapopular\/wp-json\/wp\/v2\/pages\/13412\/revisions"}],"predecessor-version":[{"id":16504,"href":"https:\/\/www.mined.gob.ni\/mapatradicionesculturapopular\/wp-json\/wp\/v2\/pages\/13412\/revisions\/16504"}],"wp:attachment":[{"href":"https:\/\/www.mined.gob.ni\/mapatradicionesculturapopular\/wp-json\/wp\/v2\/media?parent=13412"}],"curies":[{"name":"wp","href":"https:\/\/api.w.org\/{rel}","templated":true}]}}